{"id":5130,"date":"2022-06-15T18:05:30","date_gmt":"2022-06-15T18:05:30","guid":{"rendered":"https:\/\/www.cinemasoul.es\/?post_type=product&#038;p=5130"},"modified":"2022-06-15T18:05:31","modified_gmt":"2022-06-15T18:05:31","slug":"el-gran-combate-dvd","status":"publish","type":"product","link":"https:\/\/cinemasoul.es\/?product=el-gran-combate-dvd","title":{"rendered":"El gran combate [DVD]"},"content":{"rendered":"","protected":false},"excerpt":{"rendered":"<p>Warner Bros. Pictures <strong>presenta<\/strong> \u201cEl Gran Combate\u201d de John Ford <strong>Protagonizada por\u00a0<\/strong>RICHARD WIDMARK, CARROL BAKER, KARL MALDEN, SAL MINEO, DOLORES DEL RIO, RICARDO MONTALB\u00c1N, GILBERT ROLAND, ARTHUR KENNEDY <strong>Coprotagonizada por\u00a0<\/strong>PATRICK WAYNE, ELIZABETH ALLEN, JOHN CARRADINE, VICTOR JORY <strong>y<\/strong> JAMES STEWART <strong>como<\/strong> WYATT EARP. EDWARD G. ROBINSON <strong>como<\/strong> el secretario de interior <strong>Technicolor\u00ae Superpanavision\u00ae70 M\u00fasica de<\/strong> ALEX NORTH <strong>Gui\u00f3n de\u00a0<\/strong>JAMES R. WEBB <strong>Producida por\u00a0<\/strong>BERNARD SMITH <strong>Dirigida por\u00a0<\/strong>JOHN FORD <strong>ARGUMENTO<\/strong>: BASADA EN LA NOVELA \u201cCHEYENNE AUTUMN\u201d DE MARI SANDOZ\u00a0 <strong>FOTOGRAF\u00cdA<\/strong>:WILLIAM H. CLOTHIER<\/p>\n<p><strong>T\u00cdTULO ORIGINAL<\/strong>: CHEYENNE AUTUMN. <strong>A\u00d1O:<\/strong> 1964 <strong>NACIONALIDAD:<\/strong> ESTADOS UNIDOS <strong>GENERO<\/strong>: WESTERN \/ HIST\u00d3RICO <strong>COLOR<\/strong>: COLOR <strong>Duraci\u00f3n<\/strong>: 141 Minutos aprox. <strong>Formato de Pantalla<\/strong>: 4\/3 (2.35:1). Compatible con todos los formatos de pantalla de televisi\u00f3n <strong>Idiomas<\/strong>: Castellano e Ingl\u00e9s con subt\u00edtulos en Castellano<\/p>\n<p><strong>Caracter\u00edsticas Especiales Disponibles<\/strong>: <strong>Extras<\/strong>: Ficha T\u00e9cnica, Art\u00edstica y Galer\u00eda Fotogr\u00e1fica. Para \u00e1mbito dom\u00e9stico. Certificado de Calificaci\u00f3n N\u00ba 49.904. Apta para todos los p\u00fablicos. <strong>Dep\u00f3sito Legal<\/strong>: TF: 62-2008.<\/p>\n<p><strong>\u201cBELLA Y PODEROSA\u201d \u201cUNA DE LAS M\u00c1S EN\u00c9RGICAS Y MAGNIFICAS AVENTURAS DE INDIOS Y YANKEES JAM\u00c1S LLEVADA A LA PANTALLA\u201d<\/strong><\/p>\n<p>Este \u00faltimo western de John Ford se considera uno de sus trabajos m\u00e1s ambiciosos y conmovedores. Ford completa su saga de aventuras emocionantes con un fuerte reparto, sobrecogedora fotograf\u00eda firmada por su\u00a0 colaborador durante largo tiempo William Clothier y una conmovedora banda sonora\u00a0 compuesta por Alex North. Para interpretar a la naci\u00f3n Cheyenne en su desesperada lucha para volver a sus tierras de Yellowstone a trav\u00e9s de 1500 peligrosas millas, Ford reclut\u00f3 a cientos de indios Navajo, muchos de ellos veteranos de las pel\u00edculas de Ford desde el film de 1939 <em>Stagecoach<\/em>. Las localizaciones (que Ford us\u00f3 por novena vez) se conocen por la <em>Jonh Ford Country<\/em>&#8211; El Pa\u00eds de John Ford-con los ca\u00f1ones, valles y mesetas del Parque Nacional de Monumental Valley. Cheyenne Autumn es una obra art\u00edstica \u00e9pica y compasiva de uno de los creadores m\u00e1s reverenciados de Hollywood.<\/p>\n","protected":false},"featured_media":5132,"comment_status":"open","ping_status":"closed","template":"","meta":{"site-sidebar-layout":"default","site-content-layout":"default","ast-site-content-layout":"default","site-content-style":"default","site-sidebar-style":"default","ast-global-header-display":"","ast-banner-title-visibility":"","ast-main-header-display":"","ast-hfb-above-header-display":"","ast-hfb-below-header-display":"","ast-hfb-mobile-header-display":"","site-post-title":"","ast-breadcrumbs-content":"","ast-featured-img":"","footer-sml-layout":"","ast-disable-related-posts":"","theme-transparent-header-meta":"","adv-header-id-meta":"","stick-header-meta":"","header-above-stick-meta":"","header-main-stick-meta":"","header-below-stick-meta":"","astra-migrate-meta-layouts":"default","ast-page-background-enabled":"default","ast-page-background-meta":{"desktop":{"background-color":"","background-image":"","background-repeat":"repeat","background-position":"center center","background-size":"auto","background-attachment":"scroll","background-type":"","background-media":"","overlay-type":"","overlay-color":"","overlay-opacity":"","overlay-gradient":""},"tablet":{"background-color":"","background-image":"","background-repeat":"repeat","background-position":"center center","background-size":"auto","background-attachment":"scroll","background-type":"","background-media":"","overlay-type":"","overlay-color":"","overlay-opacity":"","overlay-gradient":""},"mobile":{"background-color":"","background-image":"","background-repeat":"repeat","background-position":"center center","background-size":"auto","background-attachment":"scroll","background-type":"","background-media":"","overlay-type":"","overlay-color":"","overlay-opacity":"","overlay-gradient":""}},"ast-content-background-meta":{"desktop":{"background-color":"var(--ast-global-color-5)","background-image":"","background-repeat":"repeat","background-position":"center center","background-size":"auto","background-attachment":"scroll","background-type":"","background-media":"","overlay-type":"","overlay-color":"","overlay-opacity":"","overlay-gradient":""},"tablet":{"background-color":"var(--ast-global-color-5)","background-image":"","background-repeat":"repeat","background-position":"center center","background-size":"auto","background-attachment":"scroll","background-type":"","background-media":"","overlay-type":"","overlay-color":"","overlay-opacity":"","overlay-gradient":""},"mobile":{"background-color":"var(--ast-global-color-5)","background-image":"","background-repeat":"repeat","background-position":"center center","background-size":"auto","background-attachment":"scroll","background-type":"","background-media":"","overlay-type":"","overlay-color":"","overlay-opacity":"","overlay-gradient":""}},"_joinchat":[]},"product_brand":[],"product_cat":[42],"product_tag":[],"class_list":{"0":"post-5130","1":"product","2":"type-product","3":"status-publish","4":"has-post-thumbnail","6":"product_cat-dvd","7":"desktop-align-left","8":"tablet-align-left","9":"mobile-align-left","11":"first","12":"instock","13":"sale","14":"shipping-taxable","15":"purchasable","16":"product-type-simple"},"_links":{"self":[{"href":"https:\/\/cinemasoul.es\/index.php?rest_route=\/wp\/v2\/product\/5130","targetHints":{"allow":["GET"]}}],"collection":[{"href":"https:\/\/cinemasoul.es\/index.php?rest_route=\/wp\/v2\/product"}],"about":[{"href":"https:\/\/cinemasoul.es\/index.php?rest_route=\/wp\/v2\/types\/product"}],"replies":[{"embeddable":true,"href":"https:\/\/cinemasoul.es\/index.php?rest_route=%2Fwp%2Fv2%2Fcomments&post=5130"}],"version-history":[{"count":1,"href":"https:\/\/cinemasoul.es\/index.php?rest_route=\/wp\/v2\/product\/5130\/revisions"}],"predecessor-version":[{"id":5134,"href":"https:\/\/cinemasoul.es\/index.php?rest_route=\/wp\/v2\/product\/5130\/revisions\/5134"}],"wp:featuredmedia":[{"embeddable":true,"href":"https:\/\/cinemasoul.es\/index.php?rest_route=\/wp\/v2\/media\/5132"}],"wp:attachment":[{"href":"https:\/\/cinemasoul.es\/index.php?rest_route=%2Fwp%2Fv2%2Fmedia&parent=5130"}],"wp:term":[{"taxonomy":"product_brand","embeddable":true,"href":"https:\/\/cinemasoul.es\/index.php?rest_route=%2Fwp%2Fv2%2Fproduct_brand&post=5130"},{"taxonomy":"product_cat","embeddable":true,"href":"https:\/\/cinemasoul.es\/index.php?rest_route=%2Fwp%2Fv2%2Fproduct_cat&post=5130"},{"taxonomy":"product_tag","embeddable":true,"href":"https:\/\/cinemasoul.es\/index.php?rest_route=%2Fwp%2Fv2%2Fproduct_tag&post=5130"}],"curies":[{"name":"wp","href":"https:\/\/api.w.org\/{rel}","templated":true}]}}