{"id":5123,"date":"2022-06-15T17:52:27","date_gmt":"2022-06-15T17:52:27","guid":{"rendered":"https:\/\/www.cinemasoul.es\/?post_type=product&#038;p=5123"},"modified":"2022-06-15T17:52:27","modified_gmt":"2022-06-15T17:52:27","slug":"el-forastero-iba-armado-dvd","status":"publish","type":"product","link":"https:\/\/cinemasoul.es\/?product=el-forastero-iba-armado-dvd","title":{"rendered":"El forastero iba armado [DVD]"},"content":{"rendered":"","protected":false},"excerpt":{"rendered":"<div id=\"tab-description\" class=\"tab-content\">\n<p>COLUMBIA PICTURES PRESENTA UNA PRODUCCI\u00d3N DE SCOTTY BROWN. RANDOLPH SCOTT EN \u201cEL FORASTERO IBA ARMADO\u201d (THE STRANGER WORE A GUN)\u00a0<strong>COPROTAGONIZADA<\/strong> POR CLAIRE TREVOR CON JOAN WELDON GEORGE MACREADY ALFONSO BEDOYA\u00a0<strong>GUI\u00d3N<\/strong> DE KENNETH GAMET\u00a0<strong>PRODUCIDA<\/strong> POR HARRY JOE BROWN\u00a0<strong>DIRIGIDA<\/strong> POR ANDR\u00c9 DE TOTH<\/p>\n<p><strong>A\u00d1O<\/strong>: 1953\u00a0<strong>G\u00c9NERO<\/strong>: WESTERN\u00a0<strong>NACIONALIDAD<\/strong>: ESTADOS UNIDOS\u00a0<strong>COLOR<\/strong>: COLOR CERTIFICADO DE CLASIFICACI\u00d3N <strong>ICAA N\u00ba<\/strong>: 123.555\u00a0<strong>CLASIFICACI\u00d3N<\/strong>: APTA PARA TODOS LOS P\u00daBLICOS <strong>DEP\u00d3SITO LEGAL<\/strong>:TF: 38-2012\u00a0<strong>DURACI\u00d3N<\/strong>: 78 MIN. APROX \u00a0<strong>IDIOMAS<\/strong>: CASTELLANO E INGL\u00c9S CON SUBT\u00cdTULOS EN CASTELLANO\u00a0<strong>FORMATO DE PANTALLA<\/strong>: 4X3 1.33\u00a0<strong>EAN<\/strong>: 8414533081856<\/p>\n<p>Tras una vida de esp\u00eda en la Guerra Civil, un tipo llamado Travis (Randolph Scott) se dirige al estado de Arizona, en donde tiene previsto cometer un robo con un viejo conocido. Sin embargo, las circunstancias cambian cuando decide abandonar su proyecto y cambiar de vida. Magn\u00edfico y novedoso western, debido a su argumento, al servicio del hier\u00e1tico Randolph Scott dirigido por el veterano Andr\u00e9 De Toth (Los cr\u00edmenes del museo de cera, Carson City, El cazador de recompensas) y rodado en su momento para ser proyectado en 3-D.<\/p>\n<\/div>\n","protected":false},"featured_media":5124,"comment_status":"open","ping_status":"closed","template":"","meta":{"site-sidebar-layout":"default","site-content-layout":"default","ast-site-content-layout":"default","site-content-style":"default","site-sidebar-style":"default","ast-global-header-display":"","ast-banner-title-visibility":"","ast-main-header-display":"","ast-hfb-above-header-display":"","ast-hfb-below-header-display":"","ast-hfb-mobile-header-display":"","site-post-title":"","ast-breadcrumbs-content":"","ast-featured-img":"","footer-sml-layout":"","ast-disable-related-posts":"","theme-transparent-header-meta":"","adv-header-id-meta":"","stick-header-meta":"","header-above-stick-meta":"","header-main-stick-meta":"","header-below-stick-meta":"","astra-migrate-meta-layouts":"default","ast-page-background-enabled":"default","ast-page-background-meta":{"desktop":{"background-color":"","background-image":"","background-repeat":"repeat","background-position":"center center","background-size":"auto","background-attachment":"scroll","background-type":"","background-media":"","overlay-type":"","overlay-color":"","overlay-opacity":"","overlay-gradient":""},"tablet":{"background-color":"","background-image":"","background-repeat":"repeat","background-position":"center center","background-size":"auto","background-attachment":"scroll","background-type":"","background-media":"","overlay-type":"","overlay-color":"","overlay-opacity":"","overlay-gradient":""},"mobile":{"background-color":"","background-image":"","background-repeat":"repeat","background-position":"center center","background-size":"auto","background-attachment":"scroll","background-type":"","background-media":"","overlay-type":"","overlay-color":"","overlay-opacity":"","overlay-gradient":""}},"ast-content-background-meta":{"desktop":{"background-color":"var(--ast-global-color-5)","background-image":"","background-repeat":"repeat","background-position":"center center","background-size":"auto","background-attachment":"scroll","background-type":"","background-media":"","overlay-type":"","overlay-color":"","overlay-opacity":"","overlay-gradient":""},"tablet":{"background-color":"var(--ast-global-color-5)","background-image":"","background-repeat":"repeat","background-position":"center center","background-size":"auto","background-attachment":"scroll","background-type":"","background-media":"","overlay-type":"","overlay-color":"","overlay-opacity":"","overlay-gradient":""},"mobile":{"background-color":"var(--ast-global-color-5)","background-image":"","background-repeat":"repeat","background-position":"center center","background-size":"auto","background-attachment":"scroll","background-type":"","background-media":"","overlay-type":"","overlay-color":"","overlay-opacity":"","overlay-gradient":""}},"_joinchat":[]},"product_brand":[],"product_cat":[42],"product_tag":[],"class_list":{"0":"post-5123","1":"product","2":"type-product","3":"status-publish","4":"has-post-thumbnail","6":"product_cat-dvd","7":"desktop-align-left","8":"tablet-align-left","9":"mobile-align-left","11":"first","12":"instock","13":"sale","14":"shipping-taxable","15":"purchasable","16":"product-type-simple"},"_links":{"self":[{"href":"https:\/\/cinemasoul.es\/index.php?rest_route=\/wp\/v2\/product\/5123","targetHints":{"allow":["GET"]}}],"collection":[{"href":"https:\/\/cinemasoul.es\/index.php?rest_route=\/wp\/v2\/product"}],"about":[{"href":"https:\/\/cinemasoul.es\/index.php?rest_route=\/wp\/v2\/types\/product"}],"replies":[{"embeddable":true,"href":"https:\/\/cinemasoul.es\/index.php?rest_route=%2Fwp%2Fv2%2Fcomments&post=5123"}],"version-history":[{"count":1,"href":"https:\/\/cinemasoul.es\/index.php?rest_route=\/wp\/v2\/product\/5123\/revisions"}],"predecessor-version":[{"id":5126,"href":"https:\/\/cinemasoul.es\/index.php?rest_route=\/wp\/v2\/product\/5123\/revisions\/5126"}],"wp:featuredmedia":[{"embeddable":true,"href":"https:\/\/cinemasoul.es\/index.php?rest_route=\/wp\/v2\/media\/5124"}],"wp:attachment":[{"href":"https:\/\/cinemasoul.es\/index.php?rest_route=%2Fwp%2Fv2%2Fmedia&parent=5123"}],"wp:term":[{"taxonomy":"product_brand","embeddable":true,"href":"https:\/\/cinemasoul.es\/index.php?rest_route=%2Fwp%2Fv2%2Fproduct_brand&post=5123"},{"taxonomy":"product_cat","embeddable":true,"href":"https:\/\/cinemasoul.es\/index.php?rest_route=%2Fwp%2Fv2%2Fproduct_cat&post=5123"},{"taxonomy":"product_tag","embeddable":true,"href":"https:\/\/cinemasoul.es\/index.php?rest_route=%2Fwp%2Fv2%2Fproduct_tag&post=5123"}],"curies":[{"name":"wp","href":"https:\/\/api.w.org\/{rel}","templated":true}]}}