{"id":5120,"date":"2022-06-15T17:45:57","date_gmt":"2022-06-15T17:45:57","guid":{"rendered":"https:\/\/www.cinemasoul.es\/?post_type=product&#038;p=5120"},"modified":"2022-06-15T17:45:57","modified_gmt":"2022-06-15T17:45:57","slug":"el-dia-de-los-tramposos-dvd","status":"publish","type":"product","link":"https:\/\/cinemasoul.es\/?product=el-dia-de-los-tramposos-dvd","title":{"rendered":"El d\u00eda de los tramposos [DVD]"},"content":{"rendered":"","protected":false},"excerpt":{"rendered":"<p>Warner Bros presenta Kirk Douglas, Henry Fonda, Hume Cronyn, Warren Dates, Burgess Meredith\u00a0<strong>En una producci\u00f3n de<\/strong> Joseph L. Mankiewicz \u201cEl d\u00eda de los tramposos\u201d\u00a0<strong>Coprotagonistas<\/strong> Arthur O\u2019Connell, Martin Gabel, John Randolph, Michael Blodgett, Claudia McNeil, Alan Hale, Victor French y Lee Grant Technicolor\u00ae Panavision\u00ae\u00a0<strong>Escrita<\/strong> por David Newman y Robert Benton <strong>Ejecutivo de producci\u00f3n<\/strong> C.O. Erickson\u00a0<strong>Producida y Dirigida<\/strong> por Joseph L. Mankiewicz<\/p>\n<p><strong>Idiomas<\/strong>: Castellano e Ingl\u00e9s con subt\u00edtulos en Castellano\u00a0<strong>A\u00f1o<\/strong>: 1970 \u00a0<strong>G\u00e9nero<\/strong>: Western (Comedia)\u00a0<strong>Nacionalidad<\/strong>: Estados Unidos\u00a0<strong>Color\u00a0<\/strong>Para \u00e1mbito dom\u00e9stico\u00a0<strong>Certificado de Calificaci\u00f3n<\/strong> N\u00ba 109.315 No recomendada para menores de 13 a\u00f1os\u00a0<strong>Dep\u00f3sito Legal<\/strong>: TF: 1577-2008\u00a0<strong>Duraci\u00f3n<\/strong>: 118 Minutos aprox.\u00a0<strong>Formato de pantalla<\/strong>: 4\/3 (2.35:1).<\/p>\n<p><em>\u201c<\/em><strong>Con unas interpretaciones excelentes y desbordando inteligencia, humor, acci\u00f3n y problemas que tratan sobre la corrupci\u00f3n.<\/strong><em>\u201d<\/em> \u2013 William Wolf, CUE<\/p>\n<p>El preso de la C\u00e1rcel territorial de Arizona Paris Pittman es intrigante, encantador y bastante popular entre sus compa\u00f1eros convictos, especialmente por poseer 500.000 d\u00f3lares de un mot\u00edn robado y escondido y haber urdido un plan para escapar y recuperarlo. El nuevo guardia Woodward Lopeman tiene otras ideas acerca de Pittman. Los dos lograr\u00e1n volver las tornas a su adversario. El ganador del premio de la Academia\u00ae Joseph L. Mankiewicz enlaza de forma inteligente una enrevesada y cambiante historia del viejo oeste con peleas, persecuciones, tiroteos e ingenio ir\u00f3nico, cortes\u00eda de un gui\u00f3n de David Newman y Robert Benton (Bonnie y Clyde). Kirk Douglas en el papel de Pittman y Henri Fonda en el de Lopeman encabezan un inestimable reparto, con Hume Cronyn, Burgess Meredith, Warren Oates y Lee Grant entre los s\u00f3lidos papeles secundarios. Escandalosa y vertiginosa, desenfadada y a la vez hiriente, El d\u00eda de los tramposos es, en todas sus facetas, endemoniadamente entretenida.<\/p>\n","protected":false},"featured_media":5121,"comment_status":"open","ping_status":"closed","template":"","meta":{"site-sidebar-layout":"default","site-content-layout":"default","ast-site-content-layout":"default","site-content-style":"default","site-sidebar-style":"default","ast-global-header-display":"","ast-banner-title-visibility":"","ast-main-header-display":"","ast-hfb-above-header-display":"","ast-hfb-below-header-display":"","ast-hfb-mobile-header-display":"","site-post-title":"","ast-breadcrumbs-content":"","ast-featured-img":"","footer-sml-layout":"","ast-disable-related-posts":"","theme-transparent-header-meta":"","adv-header-id-meta":"","stick-header-meta":"","header-above-stick-meta":"","header-main-stick-meta":"","header-below-stick-meta":"","astra-migrate-meta-layouts":"default","ast-page-background-enabled":"default","ast-page-background-meta":{"desktop":{"background-color":"","background-image":"","background-repeat":"repeat","background-position":"center center","background-size":"auto","background-attachment":"scroll","background-type":"","background-media":"","overlay-type":"","overlay-color":"","overlay-opacity":"","overlay-gradient":""},"tablet":{"background-color":"","background-image":"","background-repeat":"repeat","background-position":"center center","background-size":"auto","background-attachment":"scroll","background-type":"","background-media":"","overlay-type":"","overlay-color":"","overlay-opacity":"","overlay-gradient":""},"mobile":{"background-color":"","background-image":"","background-repeat":"repeat","background-position":"center center","background-size":"auto","background-attachment":"scroll","background-type":"","background-media":"","overlay-type":"","overlay-color":"","overlay-opacity":"","overlay-gradient":""}},"ast-content-background-meta":{"desktop":{"background-color":"var(--ast-global-color-5)","background-image":"","background-repeat":"repeat","background-position":"center center","background-size":"auto","background-attachment":"scroll","background-type":"","background-media":"","overlay-type":"","overlay-color":"","overlay-opacity":"","overlay-gradient":""},"tablet":{"background-color":"var(--ast-global-color-5)","background-image":"","background-repeat":"repeat","background-position":"center center","background-size":"auto","background-attachment":"scroll","background-type":"","background-media":"","overlay-type":"","overlay-color":"","overlay-opacity":"","overlay-gradient":""},"mobile":{"background-color":"var(--ast-global-color-5)","background-image":"","background-repeat":"repeat","background-position":"center center","background-size":"auto","background-attachment":"scroll","background-type":"","background-media":"","overlay-type":"","overlay-color":"","overlay-opacity":"","overlay-gradient":""}},"_joinchat":[]},"product_brand":[],"product_cat":[42],"product_tag":[],"class_list":{"0":"post-5120","1":"product","2":"type-product","3":"status-publish","4":"has-post-thumbnail","6":"product_cat-dvd","7":"desktop-align-left","8":"tablet-align-left","9":"mobile-align-left","11":"first","12":"instock","13":"sale","14":"shipping-taxable","15":"purchasable","16":"product-type-simple"},"_links":{"self":[{"href":"https:\/\/cinemasoul.es\/index.php?rest_route=\/wp\/v2\/product\/5120","targetHints":{"allow":["GET"]}}],"collection":[{"href":"https:\/\/cinemasoul.es\/index.php?rest_route=\/wp\/v2\/product"}],"about":[{"href":"https:\/\/cinemasoul.es\/index.php?rest_route=\/wp\/v2\/types\/product"}],"replies":[{"embeddable":true,"href":"https:\/\/cinemasoul.es\/index.php?rest_route=%2Fwp%2Fv2%2Fcomments&post=5120"}],"version-history":[{"count":1,"href":"https:\/\/cinemasoul.es\/index.php?rest_route=\/wp\/v2\/product\/5120\/revisions"}],"predecessor-version":[{"id":5122,"href":"https:\/\/cinemasoul.es\/index.php?rest_route=\/wp\/v2\/product\/5120\/revisions\/5122"}],"wp:featuredmedia":[{"embeddable":true,"href":"https:\/\/cinemasoul.es\/index.php?rest_route=\/wp\/v2\/media\/5121"}],"wp:attachment":[{"href":"https:\/\/cinemasoul.es\/index.php?rest_route=%2Fwp%2Fv2%2Fmedia&parent=5120"}],"wp:term":[{"taxonomy":"product_brand","embeddable":true,"href":"https:\/\/cinemasoul.es\/index.php?rest_route=%2Fwp%2Fv2%2Fproduct_brand&post=5120"},{"taxonomy":"product_cat","embeddable":true,"href":"https:\/\/cinemasoul.es\/index.php?rest_route=%2Fwp%2Fv2%2Fproduct_cat&post=5120"},{"taxonomy":"product_tag","embeddable":true,"href":"https:\/\/cinemasoul.es\/index.php?rest_route=%2Fwp%2Fv2%2Fproduct_tag&post=5120"}],"curies":[{"name":"wp","href":"https:\/\/api.w.org\/{rel}","templated":true}]}}