{"id":5116,"date":"2022-06-15T17:41:53","date_gmt":"2022-06-15T17:41:53","guid":{"rendered":"https:\/\/www.cinemasoul.es\/?post_type=product&#038;p=5116"},"modified":"2022-06-15T17:41:54","modified_gmt":"2022-06-15T17:41:54","slug":"el-destino-tambien-juega-dvd","status":"publish","type":"product","link":"https:\/\/cinemasoul.es\/?product=el-destino-tambien-juega-dvd","title":{"rendered":"El destino tambi\u00e9n juega [DVD]"},"content":{"rendered":"","protected":false},"excerpt":{"rendered":"<p><strong>WARNER BROS<\/strong>. PRESENTA<strong>\u00a0<\/strong>HENRY FONDA, JOANNE WOODWARD, JASON ROBARDS.\u00a0EN UNA <strong>PRODUCCI\u00d3N<\/strong> DE FIELDER COOK \u201cEL DESTINO TAMBI\u00c9N JUEGA\u201d\u00a0CON CHARLES BICKFORD, BURGESS MEREDITH, KEVIN MCCARTHY, ROBERT MIDDLETON Y PAUL FORD.\u00a0TECHNICOLOR\u00a9\u00a0<strong>ESCRITA<\/strong> POR SIDNEY CARROLL.\u00a0<strong>PRODUCIDA<\/strong> Y <strong>DIRIGIDA<\/strong> POR FIELDER COOK.<\/p>\n<p><strong>IDIOMAS:<\/strong> CASTELLANO E INGL\u00c9S CON SUBT\u00cdTULOS EN CASTELLANO. <strong>NACIONALIDAD<\/strong>:\u00a0ESTADOS UNIDOS. <strong>A\u00d1O<\/strong>: 1966. <strong>COLOR.\u00a0<\/strong><strong>G\u00c9NERO<\/strong>:WESTERN.\u00a0<strong>DURACI\u00d3N<\/strong>:\u00a091 Minutos.\u00a0<strong>FORMATO<\/strong>: 4&#215;3\u00a0 1:33.\u00a0<strong>REFERENCIA<\/strong>: DVDF4920.\u00a0<strong>EAN<\/strong>: 5051893006124.\u00a0<strong>DEP\u00d3SITO LEGAL<\/strong>: TF: 301-2009.\u00a0<strong>CLASIFICACI\u00d3N<\/strong>: NO RECOMENDADA A MENORES DE 13 A\u00d1OS.<\/p>\n<p><strong>\u00a1La partida de p\u00f3quer m\u00e1s DESMADRADA del Oeste!\u00a0\u201cSer\u00eda dif\u00edcil encontrar un grupo de jugadores de p\u00f3quer m\u00e1s taimados y marrulleros. Con un final delicioso y sorprendente. <\/strong>Robert Alden, THE NEW YORK TIMES<\/p>\n<p>\u00bfQu\u00e9 habr\u00e1 ligado la chica? \u00bf<em>Full<\/em> de reyes y reinas? \u00bfP\u00f3quer de ases? \u00bfEscalera de color? Sean cuales sean la cartas que la bella rubia lleva en la mano, \u00a1cuidado! Henry Fonda, Joanne Woodward y Jason Robards encabezan esta traviesa humorada del Salvaje Oeste sobre una tremebunda partida de p\u00f3quer disputada en un pueblo de Texas. Un colono y jugador \u201creformado\u201d (Fonda) se sienta en la mesa, pierde 4.000 d\u00f3lares \u2013todos los ahorros de su familia\u2013 y despu\u00e9s le reparten una mano fabulosa. Lo que sucede a continuaci\u00f3n constituye un lote completo de suspense, humor y sorpresas, con la participaci\u00f3n de un verdadero elenco de ases de la interpretaci\u00f3n (Charles Bickford, Burgess Meredith, Kevin McCarthy, Paul Ford) y sobre todo de la esposa del reci\u00e9n llegado (Woodward), quien dice no tener ni idea de c\u00f3mo se juega. \u00a1Esta inteligente comedia cuajada de estrellas de la pantalla se merece una ovaci\u00f3n con el p\u00fablico puesto en pie!<\/p>\n","protected":false},"featured_media":5117,"comment_status":"open","ping_status":"closed","template":"","meta":{"site-sidebar-layout":"default","site-content-layout":"default","ast-site-content-layout":"default","site-content-style":"default","site-sidebar-style":"default","ast-global-header-display":"","ast-banner-title-visibility":"","ast-main-header-display":"","ast-hfb-above-header-display":"","ast-hfb-below-header-display":"","ast-hfb-mobile-header-display":"","site-post-title":"","ast-breadcrumbs-content":"","ast-featured-img":"","footer-sml-layout":"","ast-disable-related-posts":"","theme-transparent-header-meta":"","adv-header-id-meta":"","stick-header-meta":"","header-above-stick-meta":"","header-main-stick-meta":"","header-below-stick-meta":"","astra-migrate-meta-layouts":"default","ast-page-background-enabled":"default","ast-page-background-meta":{"desktop":{"background-color":"","background-image":"","background-repeat":"repeat","background-position":"center center","background-size":"auto","background-attachment":"scroll","background-type":"","background-media":"","overlay-type":"","overlay-color":"","overlay-opacity":"","overlay-gradient":""},"tablet":{"background-color":"","background-image":"","background-repeat":"repeat","background-position":"center center","background-size":"auto","background-attachment":"scroll","background-type":"","background-media":"","overlay-type":"","overlay-color":"","overlay-opacity":"","overlay-gradient":""},"mobile":{"background-color":"","background-image":"","background-repeat":"repeat","background-position":"center center","background-size":"auto","background-attachment":"scroll","background-type":"","background-media":"","overlay-type":"","overlay-color":"","overlay-opacity":"","overlay-gradient":""}},"ast-content-background-meta":{"desktop":{"background-color":"var(--ast-global-color-5)","background-image":"","background-repeat":"repeat","background-position":"center center","background-size":"auto","background-attachment":"scroll","background-type":"","background-media":"","overlay-type":"","overlay-color":"","overlay-opacity":"","overlay-gradient":""},"tablet":{"background-color":"var(--ast-global-color-5)","background-image":"","background-repeat":"repeat","background-position":"center center","background-size":"auto","background-attachment":"scroll","background-type":"","background-media":"","overlay-type":"","overlay-color":"","overlay-opacity":"","overlay-gradient":""},"mobile":{"background-color":"var(--ast-global-color-5)","background-image":"","background-repeat":"repeat","background-position":"center center","background-size":"auto","background-attachment":"scroll","background-type":"","background-media":"","overlay-type":"","overlay-color":"","overlay-opacity":"","overlay-gradient":""}},"_joinchat":[]},"product_brand":[],"product_cat":[42],"product_tag":[],"class_list":{"0":"post-5116","1":"product","2":"type-product","3":"status-publish","4":"has-post-thumbnail","6":"product_cat-dvd","7":"desktop-align-left","8":"tablet-align-left","9":"mobile-align-left","11":"first","12":"instock","13":"sale","14":"shipping-taxable","15":"purchasable","16":"product-type-simple"},"_links":{"self":[{"href":"https:\/\/cinemasoul.es\/index.php?rest_route=\/wp\/v2\/product\/5116","targetHints":{"allow":["GET"]}}],"collection":[{"href":"https:\/\/cinemasoul.es\/index.php?rest_route=\/wp\/v2\/product"}],"about":[{"href":"https:\/\/cinemasoul.es\/index.php?rest_route=\/wp\/v2\/types\/product"}],"replies":[{"embeddable":true,"href":"https:\/\/cinemasoul.es\/index.php?rest_route=%2Fwp%2Fv2%2Fcomments&post=5116"}],"version-history":[{"count":1,"href":"https:\/\/cinemasoul.es\/index.php?rest_route=\/wp\/v2\/product\/5116\/revisions"}],"predecessor-version":[{"id":5119,"href":"https:\/\/cinemasoul.es\/index.php?rest_route=\/wp\/v2\/product\/5116\/revisions\/5119"}],"wp:featuredmedia":[{"embeddable":true,"href":"https:\/\/cinemasoul.es\/index.php?rest_route=\/wp\/v2\/media\/5117"}],"wp:attachment":[{"href":"https:\/\/cinemasoul.es\/index.php?rest_route=%2Fwp%2Fv2%2Fmedia&parent=5116"}],"wp:term":[{"taxonomy":"product_brand","embeddable":true,"href":"https:\/\/cinemasoul.es\/index.php?rest_route=%2Fwp%2Fv2%2Fproduct_brand&post=5116"},{"taxonomy":"product_cat","embeddable":true,"href":"https:\/\/cinemasoul.es\/index.php?rest_route=%2Fwp%2Fv2%2Fproduct_cat&post=5116"},{"taxonomy":"product_tag","embeddable":true,"href":"https:\/\/cinemasoul.es\/index.php?rest_route=%2Fwp%2Fv2%2Fproduct_tag&post=5116"}],"curies":[{"name":"wp","href":"https:\/\/api.w.org\/{rel}","templated":true}]}}