{"id":5107,"date":"2022-06-15T17:24:40","date_gmt":"2022-06-15T17:24:40","guid":{"rendered":"https:\/\/www.cinemasoul.es\/?post_type=product&#038;p=5107"},"modified":"2022-06-15T17:24:41","modified_gmt":"2022-06-15T17:24:41","slug":"el-condor-dvd","status":"publish","type":"product","link":"https:\/\/cinemasoul.es\/?product=el-condor-dvd","title":{"rendered":"El Condor [DVD]"},"content":{"rendered":"","protected":false},"excerpt":{"rendered":"<p>NATIONAL GENERAL PICTURES\u00a0<em>PRESENTA\u00a0<\/em>JIM BROWN, \u00a0LEE VAN CLEEF\u00a0EN\u00a0\u201cEL C\u00d3NDOR\u201d (<em>THE CONDOR<\/em>)\u00a0CON\u00a0MARIANA HILL\u00a0Y\u00a0PATRICK O\u2019NEAL.\u00a0<strong>GUI\u00d3N<\/strong> DE\u00a0LARRY COHEN\u00a0<strong>Y<\/strong>\u00a0STEVEN CARABATSOS.\u00a0<strong>ARGUMENTO<\/strong> DE\u00a0STEVEN CARABATSOS.\u00a0<strong>PRODUCIDA POR<\/strong>\u00a0ANDR\u00c9 DE TOTH.\u00a0<strong>DIRIGIDA POR<\/strong>\u00a0JOHN GUILLERMIN.\u00a0<strong>M\u00daSICA COMPUESTA Y DIRIGIDA POR<\/strong>\u00a0MAURICE JARRE TECHNICOLOR\u00ae\u00a0<strong>A\u00d1O<\/strong>: 1970.\u00a0<strong>G\u00c9NERO<\/strong>: ACCI\u00d3N.\u00a0<strong>NACIONALIDAD<\/strong>: ESTADOS UNIDOS.\u00a0<strong>DURACI\u00d3N<\/strong>: 97 MINUTOS.\u00a0<strong>FORMATO<\/strong>: 4X3 1:85.\u00a0<strong>COLOR<\/strong>.<strong>\u00a0<\/strong><strong>IDIOMAS<\/strong>: CASTELLANO E INGL\u00c9S CON SUBT\u00cdTULOS EN CASTELLANO.\u00a0<strong>REFERENCIA<\/strong>: DVDY27555.\u00a0<strong>EAN<\/strong>:5051893029123.\u00a0<strong>DEP\u00d3SITO<\/strong><strong>LEGAL<\/strong>:TF: 692 -2010.\u00a0<strong>N\u00ba<\/strong><strong>DE<\/strong>\u00a0<strong>EXPEDIENTE<\/strong>: 116.275.\u00a0<strong>CLASIFICACION<\/strong>:NO RECOMENDADA PARA MENORES DE 16 A\u00d1OS.<\/p>\n<p>Primero tomar\u00e1n la fortaleza. Despu\u00e9s se ver\u00e1n las caras.<strong>\u00a0<\/strong>Nos encontramos en el M\u00e9xico de la d\u00e9cada de 1860. Tras los muros de la fortaleza <em>El C\u00f3ndor<\/em> se guardan las reservas de oro del pa\u00eds, custodiadas por una milicia instruida para disparar primero y preguntar despu\u00e9s. Por fuera, un ej\u00e9rcito de mercenarios desharrapados espera la orden de ataque que han de lanzar dos ins\u00f3litos cabecillas: los ex presidiarios y aventureros Luke (Jim Brown) y Jaroo (Lee Van Cleef). Ambos tienen en com\u00fan una ambici\u00f3n desmedida que los lleva a hacer cuanto sea preciso para asegurarse el bot\u00edn \u2013 incluso colaborar entre ellos \u2013 mientras cada uno aguarda secretamente la ocasi\u00f3n propicia para arramblar con todo el oro. A lo largo de la cinta, esta pareja de bribones ser\u00e1n breados y emplumados; abandonados en el ardiente desierto para convertirse en pasto de los buitres; tiroteados, ametrallados y ca\u00f1oneados. Pero nada los desviar\u00e1 de su plan: un arriesgado asalto para el que contar\u00e1n con la ayuda del <em>striptease<\/em> protagonizado por una curvil\u00ednea mujer fatal (Mariana Hill). Dirige la pel\u00edcula John Guillermin <em>(El coloso en llamas, Muerte en el Nilo)<\/em>.<\/p>\n","protected":false},"featured_media":5109,"comment_status":"open","ping_status":"closed","template":"","meta":{"site-sidebar-layout":"default","site-content-layout":"default","ast-site-content-layout":"default","site-content-style":"default","site-sidebar-style":"default","ast-global-header-display":"","ast-banner-title-visibility":"","ast-main-header-display":"","ast-hfb-above-header-display":"","ast-hfb-below-header-display":"","ast-hfb-mobile-header-display":"","site-post-title":"","ast-breadcrumbs-content":"","ast-featured-img":"","footer-sml-layout":"","ast-disable-related-posts":"","theme-transparent-header-meta":"","adv-header-id-meta":"","stick-header-meta":"","header-above-stick-meta":"","header-main-stick-meta":"","header-below-stick-meta":"","astra-migrate-meta-layouts":"default","ast-page-background-enabled":"default","ast-page-background-meta":{"desktop":{"background-color":"","background-image":"","background-repeat":"repeat","background-position":"center center","background-size":"auto","background-attachment":"scroll","background-type":"","background-media":"","overlay-type":"","overlay-color":"","overlay-opacity":"","overlay-gradient":""},"tablet":{"background-color":"","background-image":"","background-repeat":"repeat","background-position":"center center","background-size":"auto","background-attachment":"scroll","background-type":"","background-media":"","overlay-type":"","overlay-color":"","overlay-opacity":"","overlay-gradient":""},"mobile":{"background-color":"","background-image":"","background-repeat":"repeat","background-position":"center center","background-size":"auto","background-attachment":"scroll","background-type":"","background-media":"","overlay-type":"","overlay-color":"","overlay-opacity":"","overlay-gradient":""}},"ast-content-background-meta":{"desktop":{"background-color":"var(--ast-global-color-5)","background-image":"","background-repeat":"repeat","background-position":"center center","background-size":"auto","background-attachment":"scroll","background-type":"","background-media":"","overlay-type":"","overlay-color":"","overlay-opacity":"","overlay-gradient":""},"tablet":{"background-color":"var(--ast-global-color-5)","background-image":"","background-repeat":"repeat","background-position":"center center","background-size":"auto","background-attachment":"scroll","background-type":"","background-media":"","overlay-type":"","overlay-color":"","overlay-opacity":"","overlay-gradient":""},"mobile":{"background-color":"var(--ast-global-color-5)","background-image":"","background-repeat":"repeat","background-position":"center center","background-size":"auto","background-attachment":"scroll","background-type":"","background-media":"","overlay-type":"","overlay-color":"","overlay-opacity":"","overlay-gradient":""}},"_joinchat":[]},"product_brand":[],"product_cat":[42],"product_tag":[],"class_list":{"0":"post-5107","1":"product","2":"type-product","3":"status-publish","4":"has-post-thumbnail","6":"product_cat-dvd","7":"desktop-align-left","8":"tablet-align-left","9":"mobile-align-left","11":"first","12":"instock","13":"sale","14":"shipping-taxable","15":"purchasable","16":"product-type-simple"},"_links":{"self":[{"href":"https:\/\/cinemasoul.es\/index.php?rest_route=\/wp\/v2\/product\/5107","targetHints":{"allow":["GET"]}}],"collection":[{"href":"https:\/\/cinemasoul.es\/index.php?rest_route=\/wp\/v2\/product"}],"about":[{"href":"https:\/\/cinemasoul.es\/index.php?rest_route=\/wp\/v2\/types\/product"}],"replies":[{"embeddable":true,"href":"https:\/\/cinemasoul.es\/index.php?rest_route=%2Fwp%2Fv2%2Fcomments&post=5107"}],"version-history":[{"count":1,"href":"https:\/\/cinemasoul.es\/index.php?rest_route=\/wp\/v2\/product\/5107\/revisions"}],"predecessor-version":[{"id":5111,"href":"https:\/\/cinemasoul.es\/index.php?rest_route=\/wp\/v2\/product\/5107\/revisions\/5111"}],"wp:featuredmedia":[{"embeddable":true,"href":"https:\/\/cinemasoul.es\/index.php?rest_route=\/wp\/v2\/media\/5109"}],"wp:attachment":[{"href":"https:\/\/cinemasoul.es\/index.php?rest_route=%2Fwp%2Fv2%2Fmedia&parent=5107"}],"wp:term":[{"taxonomy":"product_brand","embeddable":true,"href":"https:\/\/cinemasoul.es\/index.php?rest_route=%2Fwp%2Fv2%2Fproduct_brand&post=5107"},{"taxonomy":"product_cat","embeddable":true,"href":"https:\/\/cinemasoul.es\/index.php?rest_route=%2Fwp%2Fv2%2Fproduct_cat&post=5107"},{"taxonomy":"product_tag","embeddable":true,"href":"https:\/\/cinemasoul.es\/index.php?rest_route=%2Fwp%2Fv2%2Fproduct_tag&post=5107"}],"curies":[{"name":"wp","href":"https:\/\/api.w.org\/{rel}","templated":true}]}}