{"id":5102,"date":"2022-06-15T17:20:53","date_gmt":"2022-06-15T17:20:53","guid":{"rendered":"https:\/\/www.cinemasoul.es\/?post_type=product&#038;p=5102"},"modified":"2022-06-15T17:20:53","modified_gmt":"2022-06-15T17:20:53","slug":"el-club-social-de-cheyenne-dvd","status":"publish","type":"product","link":"https:\/\/cinemasoul.es\/?product=el-club-social-de-cheyenne-dvd","title":{"rendered":"El club social de Cheyenne [DVD]"},"content":{"rendered":"","protected":false},"excerpt":{"rendered":"<p>NATIONAL GENERAL PICTURES PRESENTA\u00a0JAMES STEWART, HENRY FONDA EN \u201c<em>EL CLUB SOCIAL DE CHEYENNE<\/em>\u201d SHIRLEY JONES, SUE ANE LANGDON.\u00a0<strong>ESCRITA<\/strong> POR JAMES LEE BARNETT.\u00a0<strong>PRODUCIDA<\/strong> Y <strong>DIRIGIDA<\/strong> POR GENE KELLY.\u00a0<strong>PRODUCTOR EJECUTIVO<\/strong> JAMES LEE BARNETT.\u00a0<strong>M\u00daSICA<\/strong> DE WALTER SCHARF TECHNICOLOR\u00ae PANAVISION\u00ae.<\/p>\n<p><strong>IDIOMAS<\/strong>: CASTELLANO E INGL\u00c9S CON SUBT\u00cdTULOS EN CASTELLANO.\u00a0<strong>NACIONALIDAD<\/strong>: ESTADOS UNIDOS.\u00a0<strong>A\u00d1O<\/strong>: 1970. <strong>G\u00c9NERO<\/strong>: WESTERN \u2013 COMEDIA.\u00a0<strong>DURACI\u00d3N<\/strong>: 98 Minutos.\u00a0<strong>FORMATO<\/strong>: 2.35: 1.\u00a0<strong>COLOR<\/strong>: COLOR. <strong>REFERENCIA<\/strong>: DVDY27201.\u00a0<strong>EAN<\/strong>: 5051893024722.\u00a0<strong>DEP\u00d3SITO LEGAL<\/strong>: TF: 2.336 \u2013 2009.\u00a0<strong>N\u00ba DE EXPEDIENTE<\/strong>: 115.397.\u00a0<strong>CLASIFICACI\u00d3N<\/strong>: NO RECOMENDADA A MENORES DE 7 A\u00d1OS.<\/p>\n<p><strong>\u201cUn western verdaderamente original [&#8230;] excepcional interpretaci\u00f3n de James Stewart y Henry Fonda.\u201d<\/strong>&#8211; <em>La Vanguardia<\/em><em>,<\/em> 20-XI-1975.<\/p>\n<p>Texas, a\u00f1o 1870. John O&#8217; Hanlan (James Stewart), un <em>cowboy<\/em> errante, recibe una carta en la que se le notifica que ha heredado de su hermano un negocio llamado <em>El Club Social de Cheyenne<\/em> en Wyoming. Pensando que por fin podr\u00e1 dejar atr\u00e1s su dura vida itinerante, establecerse y sentar cabeza, John emprende viaje hasta Cheyenne para reclamar la propiedad junto con su amigo Harley Sullivan (Henry Fonda), su compa\u00f1ero de andanzas durante diez a\u00f1os. Una vez all\u00ed, se entera de que el Club Social de Cheyenne es en realidad un burdel regentado por la atractiva Madame Jenny (Shirley Jones). John se queda consternado y toma la decisi\u00f3n de cerrar el local para convertirlo en una pensi\u00f3n. Cuando los ciudadanos de Cheyenne tienen conocimiento de los planes de John, intentan convencerlo de que conserve el prost\u00edbulo tal y como est\u00e1. Pero las negociaciones se ven interrumpidas cuando John averigua que Jenny ha sido golpeada por Corey Bannister (Robert J. Wilke), un sujeto de mala fama. John lo desaf\u00eda a un duelo y lo mata. De pronto, John y Harley descubren que todo el clan de los Bannister viene a por ellos, as\u00ed que tendr\u00e1n que defenderse y proteger a las chicas del \u201cclub social\u201d.<\/p>\n<p>\u00daltima de las pel\u00edculas producidas y dirigidas por Gene Kelly, este simp\u00e1tico <em>western<\/em> crepuscular en tono de comedia y con abundantes dosis de humor, fue tambi\u00e9n la \u00faltima ocasi\u00f3n en que James Stewart y Henry Fonda, grandes amigos en la vida real, aparecieron juntos en la pantalla.<\/p>\n","protected":false},"featured_media":5103,"comment_status":"open","ping_status":"closed","template":"","meta":{"site-sidebar-layout":"default","site-content-layout":"default","ast-site-content-layout":"default","site-content-style":"default","site-sidebar-style":"default","ast-global-header-display":"","ast-banner-title-visibility":"","ast-main-header-display":"","ast-hfb-above-header-display":"","ast-hfb-below-header-display":"","ast-hfb-mobile-header-display":"","site-post-title":"","ast-breadcrumbs-content":"","ast-featured-img":"","footer-sml-layout":"","ast-disable-related-posts":"","theme-transparent-header-meta":"","adv-header-id-meta":"","stick-header-meta":"","header-above-stick-meta":"","header-main-stick-meta":"","header-below-stick-meta":"","astra-migrate-meta-layouts":"default","ast-page-background-enabled":"default","ast-page-background-meta":{"desktop":{"background-color":"","background-image":"","background-repeat":"repeat","background-position":"center center","background-size":"auto","background-attachment":"scroll","background-type":"","background-media":"","overlay-type":"","overlay-color":"","overlay-opacity":"","overlay-gradient":""},"tablet":{"background-color":"","background-image":"","background-repeat":"repeat","background-position":"center center","background-size":"auto","background-attachment":"scroll","background-type":"","background-media":"","overlay-type":"","overlay-color":"","overlay-opacity":"","overlay-gradient":""},"mobile":{"background-color":"","background-image":"","background-repeat":"repeat","background-position":"center center","background-size":"auto","background-attachment":"scroll","background-type":"","background-media":"","overlay-type":"","overlay-color":"","overlay-opacity":"","overlay-gradient":""}},"ast-content-background-meta":{"desktop":{"background-color":"var(--ast-global-color-5)","background-image":"","background-repeat":"repeat","background-position":"center center","background-size":"auto","background-attachment":"scroll","background-type":"","background-media":"","overlay-type":"","overlay-color":"","overlay-opacity":"","overlay-gradient":""},"tablet":{"background-color":"var(--ast-global-color-5)","background-image":"","background-repeat":"repeat","background-position":"center center","background-size":"auto","background-attachment":"scroll","background-type":"","background-media":"","overlay-type":"","overlay-color":"","overlay-opacity":"","overlay-gradient":""},"mobile":{"background-color":"var(--ast-global-color-5)","background-image":"","background-repeat":"repeat","background-position":"center center","background-size":"auto","background-attachment":"scroll","background-type":"","background-media":"","overlay-type":"","overlay-color":"","overlay-opacity":"","overlay-gradient":""}},"_joinchat":[]},"product_brand":[],"product_cat":[42],"product_tag":[],"class_list":{"0":"post-5102","1":"product","2":"type-product","3":"status-publish","4":"has-post-thumbnail","6":"product_cat-dvd","7":"desktop-align-left","8":"tablet-align-left","9":"mobile-align-left","11":"first","12":"instock","13":"sale","14":"shipping-taxable","15":"purchasable","16":"product-type-simple"},"_links":{"self":[{"href":"https:\/\/cinemasoul.es\/index.php?rest_route=\/wp\/v2\/product\/5102","targetHints":{"allow":["GET"]}}],"collection":[{"href":"https:\/\/cinemasoul.es\/index.php?rest_route=\/wp\/v2\/product"}],"about":[{"href":"https:\/\/cinemasoul.es\/index.php?rest_route=\/wp\/v2\/types\/product"}],"replies":[{"embeddable":true,"href":"https:\/\/cinemasoul.es\/index.php?rest_route=%2Fwp%2Fv2%2Fcomments&post=5102"}],"version-history":[{"count":2,"href":"https:\/\/cinemasoul.es\/index.php?rest_route=\/wp\/v2\/product\/5102\/revisions"}],"predecessor-version":[{"id":5108,"href":"https:\/\/cinemasoul.es\/index.php?rest_route=\/wp\/v2\/product\/5102\/revisions\/5108"}],"wp:featuredmedia":[{"embeddable":true,"href":"https:\/\/cinemasoul.es\/index.php?rest_route=\/wp\/v2\/media\/5103"}],"wp:attachment":[{"href":"https:\/\/cinemasoul.es\/index.php?rest_route=%2Fwp%2Fv2%2Fmedia&parent=5102"}],"wp:term":[{"taxonomy":"product_brand","embeddable":true,"href":"https:\/\/cinemasoul.es\/index.php?rest_route=%2Fwp%2Fv2%2Fproduct_brand&post=5102"},{"taxonomy":"product_cat","embeddable":true,"href":"https:\/\/cinemasoul.es\/index.php?rest_route=%2Fwp%2Fv2%2Fproduct_cat&post=5102"},{"taxonomy":"product_tag","embeddable":true,"href":"https:\/\/cinemasoul.es\/index.php?rest_route=%2Fwp%2Fv2%2Fproduct_tag&post=5102"}],"curies":[{"name":"wp","href":"https:\/\/api.w.org\/{rel}","templated":true}]}}