{"id":5098,"date":"2022-06-15T17:17:36","date_gmt":"2022-06-15T17:17:36","guid":{"rendered":"https:\/\/www.cinemasoul.es\/?post_type=product&#038;p=5098"},"modified":"2022-06-15T17:17:36","modified_gmt":"2022-06-15T17:17:36","slug":"el-cazador-de-recompensas-dvd","status":"publish","type":"product","link":"https:\/\/cinemasoul.es\/?product=el-cazador-de-recompensas-dvd","title":{"rendered":"El cazador de recompensas [DVD]"},"content":{"rendered":"","protected":false},"excerpt":{"rendered":"<p><strong>WARNER BROS. PICTURES<\/strong> <strong>PRESENTA A<\/strong> RANDOLPH SCOTT EN \u201cEL CAZADOR DE RECOMPENSAS\u201d.\u00a0<strong>COLOR <\/strong>DE\u00a0WARNER COLOR.\u00a0CON DOLORES DORN, MARIE WINDSOR, HOWARD PETRIE, HARRY ANTRIM, ROBERT KEYS, ERNEST BORGNINE, DUBB TAYLOR, TYLER MACDUFF, ARCHIE TWITCHELL, PAUL PICERNI.\u00a0<strong>GUI\u00d3N <\/strong>DE WINSTON MILLER.\u00a0<strong>PRODUCIDA <\/strong>POR SAM BISCHOFF.\u00a0<strong>DIRIGIDA <\/strong>POR ANDR\u00c9 DE TOTH.\u00a0UNA <strong>PRODUCCI\u00d3N <\/strong>DE TRANSCONA ENTERPRISES.<\/p>\n<p><strong>IDIOMAS<\/strong>: CASTELLANO E INGL\u00c9S CON SUBT\u00cdTULOS EN CASTELLANO.\u00a0<strong>NACIONALIDAD<\/strong>: ESTADOS UNIDOS. <strong>A\u00d1O<\/strong>:1954.\u00a0<strong>G\u00c9NERO<\/strong>: WESTERN.\u00a0<strong>DURACI\u00d3N<\/strong>: 76 Minutos.\u00a0<strong>FORMATO<\/strong>: 4X3 1:33.\u00a0<strong>COLOR<\/strong>: COLOR <strong>REFERENCIA<\/strong>: DVDY27195.\u00a0<strong>EAN<\/strong>: 5051893023473.\u00a0<strong>DEP\u00d3SITO LEGAL<\/strong>: TF-2177-2009.\u00a0<strong>N\u00ba DE EXPEDIENTE<\/strong>: 115.393.\u00a0<strong>CLASIFICACI\u00d3N<\/strong>: NO RECOMENDADA PARA MENORES DE 13 A\u00d1OS.<\/p>\n<p><strong>\u00a1Si la ley pone el dinero, el \u201ccazador de recompensas\u201d pone el rev\u00f3lver!\u00a0Ella le dio al \u201ccazador de recompensas\u201d otra clase de pago. \u00a0\u201cS\u00f3lido western [\u2026] resuelto con admirable profesionalidad por el siempre competente Andr\u00e9 de Toth.\u201d <\/strong>&#8211; <em>ABC,<\/em> 6 de abril de 1997<\/p>\n<p>Randolph Scott da vida a Jim Kipp, un cazador de recompensas a quien la agencia de detectives Pinkerton contrata por 10.000 d\u00f3lares para apresar a unos ladrones de trenes que robaron un cuantioso bot\u00edn dejando tres muertos y varios heridos. Cuando, sigui\u00e9ndoles el rastro por el desierto, Kipp llega al pueblo de Twin Forks, todos los vecinos adoptan un comportamiento sospechoso y nadie \u2013el m\u00e9dico (Harry Antrim), el tabernero, el <em>sheriff<\/em>&#8230;\u2013 parece saber nada de los bandidos. Para tener una oportunidad de descubrir a los asesinos, Kipp hace correr la voz de que espera por correo un retrato del jefe de la banda y todo el mundo empieza a ponerse nervioso. Dolores Dorn encarna a la hija del m\u00e9dico, y Marie Windsor a una encargada de estafeta con algo que ocultar.<\/p>\n<p>La figura del cazador de recompensas ha sido casi siempre tratada con desprecio por el cine de Hollywood. Esta pel\u00edcula dirigida por Andr\u00e9 de Toth <em>(Carson City),<\/em> en cambio, lo presenta como un personaje duro y h\u00e1bil con el gatillo, pero no carente de principios morales ni de sentido de la justicia. Si a esto se a\u00f1ade unas ciertas dosis de intriga en el desarrollo de la historia, puede decirse que <em>El cazador de recompensas<\/em> es un <em>western<\/em> singular que no defraudar\u00e1 a los amantes del g\u00e9nero.<\/p>\n","protected":false},"featured_media":5099,"comment_status":"open","ping_status":"closed","template":"","meta":{"site-sidebar-layout":"default","site-content-layout":"default","ast-site-content-layout":"default","site-content-style":"default","site-sidebar-style":"default","ast-global-header-display":"","ast-banner-title-visibility":"","ast-main-header-display":"","ast-hfb-above-header-display":"","ast-hfb-below-header-display":"","ast-hfb-mobile-header-display":"","site-post-title":"","ast-breadcrumbs-content":"","ast-featured-img":"","footer-sml-layout":"","ast-disable-related-posts":"","theme-transparent-header-meta":"","adv-header-id-meta":"","stick-header-meta":"","header-above-stick-meta":"","header-main-stick-meta":"","header-below-stick-meta":"","astra-migrate-meta-layouts":"default","ast-page-background-enabled":"default","ast-page-background-meta":{"desktop":{"background-color":"","background-image":"","background-repeat":"repeat","background-position":"center center","background-size":"auto","background-attachment":"scroll","background-type":"","background-media":"","overlay-type":"","overlay-color":"","overlay-opacity":"","overlay-gradient":""},"tablet":{"background-color":"","background-image":"","background-repeat":"repeat","background-position":"center center","background-size":"auto","background-attachment":"scroll","background-type":"","background-media":"","overlay-type":"","overlay-color":"","overlay-opacity":"","overlay-gradient":""},"mobile":{"background-color":"","background-image":"","background-repeat":"repeat","background-position":"center center","background-size":"auto","background-attachment":"scroll","background-type":"","background-media":"","overlay-type":"","overlay-color":"","overlay-opacity":"","overlay-gradient":""}},"ast-content-background-meta":{"desktop":{"background-color":"var(--ast-global-color-5)","background-image":"","background-repeat":"repeat","background-position":"center center","background-size":"auto","background-attachment":"scroll","background-type":"","background-media":"","overlay-type":"","overlay-color":"","overlay-opacity":"","overlay-gradient":""},"tablet":{"background-color":"var(--ast-global-color-5)","background-image":"","background-repeat":"repeat","background-position":"center center","background-size":"auto","background-attachment":"scroll","background-type":"","background-media":"","overlay-type":"","overlay-color":"","overlay-opacity":"","overlay-gradient":""},"mobile":{"background-color":"var(--ast-global-color-5)","background-image":"","background-repeat":"repeat","background-position":"center center","background-size":"auto","background-attachment":"scroll","background-type":"","background-media":"","overlay-type":"","overlay-color":"","overlay-opacity":"","overlay-gradient":""}},"_joinchat":[]},"product_brand":[],"product_cat":[42],"product_tag":[],"class_list":{"0":"post-5098","1":"product","2":"type-product","3":"status-publish","4":"has-post-thumbnail","6":"product_cat-dvd","7":"desktop-align-left","8":"tablet-align-left","9":"mobile-align-left","11":"first","12":"instock","13":"sale","14":"shipping-taxable","15":"purchasable","16":"product-type-simple"},"_links":{"self":[{"href":"https:\/\/cinemasoul.es\/index.php?rest_route=\/wp\/v2\/product\/5098","targetHints":{"allow":["GET"]}}],"collection":[{"href":"https:\/\/cinemasoul.es\/index.php?rest_route=\/wp\/v2\/product"}],"about":[{"href":"https:\/\/cinemasoul.es\/index.php?rest_route=\/wp\/v2\/types\/product"}],"replies":[{"embeddable":true,"href":"https:\/\/cinemasoul.es\/index.php?rest_route=%2Fwp%2Fv2%2Fcomments&post=5098"}],"version-history":[{"count":1,"href":"https:\/\/cinemasoul.es\/index.php?rest_route=\/wp\/v2\/product\/5098\/revisions"}],"predecessor-version":[{"id":5101,"href":"https:\/\/cinemasoul.es\/index.php?rest_route=\/wp\/v2\/product\/5098\/revisions\/5101"}],"wp:featuredmedia":[{"embeddable":true,"href":"https:\/\/cinemasoul.es\/index.php?rest_route=\/wp\/v2\/media\/5099"}],"wp:attachment":[{"href":"https:\/\/cinemasoul.es\/index.php?rest_route=%2Fwp%2Fv2%2Fmedia&parent=5098"}],"wp:term":[{"taxonomy":"product_brand","embeddable":true,"href":"https:\/\/cinemasoul.es\/index.php?rest_route=%2Fwp%2Fv2%2Fproduct_brand&post=5098"},{"taxonomy":"product_cat","embeddable":true,"href":"https:\/\/cinemasoul.es\/index.php?rest_route=%2Fwp%2Fv2%2Fproduct_cat&post=5098"},{"taxonomy":"product_tag","embeddable":true,"href":"https:\/\/cinemasoul.es\/index.php?rest_route=%2Fwp%2Fv2%2Fproduct_tag&post=5098"}],"curies":[{"name":"wp","href":"https:\/\/api.w.org\/{rel}","templated":true}]}}