{"id":5090,"date":"2022-06-15T17:05:33","date_gmt":"2022-06-15T17:05:33","guid":{"rendered":"https:\/\/www.cinemasoul.es\/?post_type=product&#038;p=5090"},"modified":"2022-06-15T17:05:33","modified_gmt":"2022-06-15T17:05:33","slug":"duelo-en-la-alta-sierra-dvd","status":"publish","type":"product","link":"https:\/\/cinemasoul.es\/?product=duelo-en-la-alta-sierra-dvd","title":{"rendered":"Duelo en la alta sierra [DVD]"},"content":{"rendered":"","protected":false},"excerpt":{"rendered":"<p>METRO-GOLDWYN-MAYER <strong>presenta<\/strong> RANDOLPH SCOTT, JOEL McCREA <strong>en<\/strong> \u201cRIDE THE HIGH COUNTRY\u201d <strong>con<\/strong> MARIETTE HARTLEY <strong>Escrita por<\/strong> N.B. STONE, JR. <strong>Dirigida por<\/strong> SAM PECKINPAH, <strong>Producida por<\/strong> RICHARD E. LYONS <strong>en<\/strong> CINEMASCOPE <strong>y<\/strong> METROCOLOR<\/p>\n<p><strong>Idiomas:\u00a0<\/strong>(1.0 Mono) Castellano, Ingl\u00e9s, Alem\u00e1n.<strong>Subt\u00edtulos:\u00a0<\/strong>Ingl\u00e9s, Castellano, Alem\u00e1n, Dan\u00e9s, Griego, Polaco, Finland\u00e9s, Noruego, H\u00fangaro, Checo, Croata, Hebreo, Sueco.<strong>Codificado para sordos:\u00a0<\/strong>Ingl\u00e9s, Alem\u00e1n.<strong>Formato de pantalla:<\/strong> 16:9 (2.35:1) <strong>Duraci\u00f3n:<\/strong> 90\u2019 aprox.<strong>Certificado de calificaci\u00f3n:\u00a0<\/strong>n\u00ba 92.339<strong>Dep\u00f3sito Legal:\u00a0<\/strong>TF: 699-2009<\/p>\n<p><strong>Caracter\u00edsticas Especiales: <\/strong><\/p>\n<ol>\n<li>Comentario del productor Nick Redman y del autor Paul Seydor<\/li>\n<li>Galer\u00eda de tr\u00e1ilers cinematogr\u00e1ficos.<\/li>\n<\/ol>\n<p><strong><em>\u201cUn Western sofisticado y magn\u00edfico. Algunos la consideran la mejor pel\u00edcula de Peckinpah. Actuaciones impecables\u201d<\/em><\/strong>\u2013 LEONAR MALTIN\u2019S MOVIE GUIDE<\/p>\n<p>En esta brillante y conmovedora pel\u00edcula, dirigida por Sam Peckinpah (Grupo Salvaje), los vaqueros iconos Randolph Scott y Joel McCrea dan con estos papeles para ajustarse a sus curtidos personajes del oeste, interpretando a unos agentes envejecidos que son contratados para vigilar un cargamento de oro. No tienen mucho: un caballo cada uno y un par de d\u00f3lares. Y lo tienen todo: su independencia. Pero la frontera est\u00e1 desapareciendo \u2013 al igual que los anchos espacios abiertos a los que aspiran los colonos. Con suerte, ambos encontrar\u00e1n el espacio suficiente para esta tarea y un \u00faltimo d\u00eda de paga. Tambi\u00e9n encontrar\u00e1n la aventura, enfrent\u00e1ndose al dram\u00e1tico rescate de una novia maltratada (Mariette Hartley), a numerosos tiroteos y a una traici\u00f3n que les cambiar\u00e1 la vida. Un western emocionante, un homenaje al g\u00e9nero que les cautivar\u00e1. <em>Duelo en la alta sierra<\/em> es un viaje a la grandeza cinematogr\u00e1fica.<\/p>\n","protected":false},"featured_media":5091,"comment_status":"open","ping_status":"closed","template":"","meta":{"site-sidebar-layout":"default","site-content-layout":"default","ast-site-content-layout":"default","site-content-style":"default","site-sidebar-style":"default","ast-global-header-display":"","ast-banner-title-visibility":"","ast-main-header-display":"","ast-hfb-above-header-display":"","ast-hfb-below-header-display":"","ast-hfb-mobile-header-display":"","site-post-title":"","ast-breadcrumbs-content":"","ast-featured-img":"","footer-sml-layout":"","ast-disable-related-posts":"","theme-transparent-header-meta":"","adv-header-id-meta":"","stick-header-meta":"","header-above-stick-meta":"","header-main-stick-meta":"","header-below-stick-meta":"","astra-migrate-meta-layouts":"default","ast-page-background-enabled":"default","ast-page-background-meta":{"desktop":{"background-color":"","background-image":"","background-repeat":"repeat","background-position":"center center","background-size":"auto","background-attachment":"scroll","background-type":"","background-media":"","overlay-type":"","overlay-color":"","overlay-opacity":"","overlay-gradient":""},"tablet":{"background-color":"","background-image":"","background-repeat":"repeat","background-position":"center center","background-size":"auto","background-attachment":"scroll","background-type":"","background-media":"","overlay-type":"","overlay-color":"","overlay-opacity":"","overlay-gradient":""},"mobile":{"background-color":"","background-image":"","background-repeat":"repeat","background-position":"center center","background-size":"auto","background-attachment":"scroll","background-type":"","background-media":"","overlay-type":"","overlay-color":"","overlay-opacity":"","overlay-gradient":""}},"ast-content-background-meta":{"desktop":{"background-color":"var(--ast-global-color-5)","background-image":"","background-repeat":"repeat","background-position":"center center","background-size":"auto","background-attachment":"scroll","background-type":"","background-media":"","overlay-type":"","overlay-color":"","overlay-opacity":"","overlay-gradient":""},"tablet":{"background-color":"var(--ast-global-color-5)","background-image":"","background-repeat":"repeat","background-position":"center center","background-size":"auto","background-attachment":"scroll","background-type":"","background-media":"","overlay-type":"","overlay-color":"","overlay-opacity":"","overlay-gradient":""},"mobile":{"background-color":"var(--ast-global-color-5)","background-image":"","background-repeat":"repeat","background-position":"center center","background-size":"auto","background-attachment":"scroll","background-type":"","background-media":"","overlay-type":"","overlay-color":"","overlay-opacity":"","overlay-gradient":""}},"_joinchat":[]},"product_brand":[],"product_cat":[42],"product_tag":[],"class_list":{"0":"post-5090","1":"product","2":"type-product","3":"status-publish","4":"has-post-thumbnail","6":"product_cat-dvd","7":"desktop-align-left","8":"tablet-align-left","9":"mobile-align-left","11":"first","12":"instock","13":"shipping-taxable","14":"purchasable","15":"product-type-simple"},"_links":{"self":[{"href":"https:\/\/cinemasoul.es\/index.php?rest_route=\/wp\/v2\/product\/5090","targetHints":{"allow":["GET"]}}],"collection":[{"href":"https:\/\/cinemasoul.es\/index.php?rest_route=\/wp\/v2\/product"}],"about":[{"href":"https:\/\/cinemasoul.es\/index.php?rest_route=\/wp\/v2\/types\/product"}],"replies":[{"embeddable":true,"href":"https:\/\/cinemasoul.es\/index.php?rest_route=%2Fwp%2Fv2%2Fcomments&post=5090"}],"version-history":[{"count":1,"href":"https:\/\/cinemasoul.es\/index.php?rest_route=\/wp\/v2\/product\/5090\/revisions"}],"predecessor-version":[{"id":5093,"href":"https:\/\/cinemasoul.es\/index.php?rest_route=\/wp\/v2\/product\/5090\/revisions\/5093"}],"wp:featuredmedia":[{"embeddable":true,"href":"https:\/\/cinemasoul.es\/index.php?rest_route=\/wp\/v2\/media\/5091"}],"wp:attachment":[{"href":"https:\/\/cinemasoul.es\/index.php?rest_route=%2Fwp%2Fv2%2Fmedia&parent=5090"}],"wp:term":[{"taxonomy":"product_brand","embeddable":true,"href":"https:\/\/cinemasoul.es\/index.php?rest_route=%2Fwp%2Fv2%2Fproduct_brand&post=5090"},{"taxonomy":"product_cat","embeddable":true,"href":"https:\/\/cinemasoul.es\/index.php?rest_route=%2Fwp%2Fv2%2Fproduct_cat&post=5090"},{"taxonomy":"product_tag","embeddable":true,"href":"https:\/\/cinemasoul.es\/index.php?rest_route=%2Fwp%2Fv2%2Fproduct_tag&post=5090"}],"curies":[{"name":"wp","href":"https:\/\/api.w.org\/{rel}","templated":true}]}}