{"id":5077,"date":"2022-06-11T12:28:10","date_gmt":"2022-06-11T12:28:10","guid":{"rendered":"https:\/\/www.cinemasoul.es\/?post_type=product&#038;p=5077"},"modified":"2022-06-11T12:28:48","modified_gmt":"2022-06-11T12:28:48","slug":"dodge-ciudad-sin-ley-dvd","status":"publish","type":"product","link":"https:\/\/cinemasoul.es\/?product=dodge-ciudad-sin-ley-dvd","title":{"rendered":"Dodge, ciudad sin ley [DVD]"},"content":{"rendered":"","protected":false},"excerpt":{"rendered":"<p><strong>\u201cUN GRAN PLACER. HECHA CON MUCHA FRESCURA Y TALENTO\u201d<\/strong>\u2013Tom Milne, TIME OUR FILM GUIDE<\/p>\n<p>WARNER BROS. PICTURES, INC. <strong>PRESENTA<\/strong> ERROL FLYNN <strong>en<\/strong> \u201cDODGE CITY\u201d <strong>CON<\/strong> OLIVIA DE HAVILLAND, ANN SHERIDAN, BRUCE CABOT, FRANK McHUGH, ALLAN HALE, JOHN LITEL, HENRY TRAVERS, VICTOR JORY, WILLIAM LUNDIGAN <strong>DIRIJIDA POR\u00a0<\/strong>MICHAEL CUTIZ <strong>GUI\u00d3N ORIGINAL DE\u00a0<\/strong>ROBERT\u00a0 BUCKNER <strong>M\u00daSICA DE\u00a0<\/strong>MAX STEINER <strong>EN\u00a0<\/strong>TECHNICOLOR <strong>UNA PEL\u00cdCULA DE\u00a0<\/strong>A FIRST NATIONAL<\/p>\n<p><strong>CARACTER\u00cdSTICAS ESPECIALES<\/strong><\/p>\n<ul>\n<li>Noche de c\u00edne Warner Bros. Noticiario. Cortometraje de WB (1939): \u201cSons of liberty\u201d. Dibujos animados (1939): Dangerous Dan McFoo\u201d. Documental: \u201cDodge, ciudad sin ley\u201d. Trailer cinematogr\u00e1fico. Idiomas (1.0 Mono) Castellano, Ingl\u00e9s, Alem\u00e1n. Subt\u00edtulos: Castellano, Ingl\u00e9s, Alem\u00e1n, Portugu\u00e9s, Sueco, Dan\u00e9s, Finland\u00e9s, Polaco.Codificado para sordos: Ingl\u00e9s, Alem\u00e1n<\/li>\n<\/ul>\n<p>AUTORIZADA PARA TODOS LOS P\u00daBLICOS. PARA \u00c1MBITO DOM\u00c9STICO <strong>Duraci\u00f3n<\/strong>: 99 minutos aprox. <strong>Certificado de calificaci\u00f3n:\u00a0<\/strong>n\u00ba 86.713 <strong>Dep\u00f3sito legal<\/strong>: TF: 1020-2009\u00a0 <strong>Formato de pantalla<\/strong>: 4\/3 (1.33:1)<\/p>\n<p>Dodge City es el punto de encuentro donde convergen toda clase de viajeros y comerciantes, ganaderos y pistoleros sin escr\u00fapulos. En la ciudad reina el caos hasta que llega Wade Hatton (Errol Flynn), que decide que es hora de que la ley se imponga. Flynn hace frente a linchamientos, encarcela a matones y logra escapar (junto con la co-protagonista de la pel\u00edcula, Olivia de Havilland) de una situaci\u00f3n extremadamente peligrosa.\u00a0 En esta pel\u00edcula del oeste, la primera de las ocho en la filmograf\u00eda de Flynn, \u00e9ste nos demuestra que se maneja tan magistralmente con un rev\u00f3lver como con la espada. Un gran debut en este g\u00e9nero cinematogr\u00e1fico con una pel\u00edcula en la que encontramos escenas de peleas espectaculares en las que probablemente se emple\u00f3 a cada especialista disponible en Hollywood. Posteriormente \u201cDodge, ciudad sin ley\u201d se hace valeedor de otro logro cuando sirve de inspiraci\u00f3n para la pel\u00edcula de Mel Brooks \u201cSillas de montar calientes\u201d.<\/p>\n","protected":false},"featured_media":5078,"comment_status":"open","ping_status":"closed","template":"","meta":{"site-sidebar-layout":"default","site-content-layout":"default","ast-site-content-layout":"default","site-content-style":"default","site-sidebar-style":"default","ast-global-header-display":"","ast-banner-title-visibility":"","ast-main-header-display":"","ast-hfb-above-header-display":"","ast-hfb-below-header-display":"","ast-hfb-mobile-header-display":"","site-post-title":"","ast-breadcrumbs-content":"","ast-featured-img":"","footer-sml-layout":"","ast-disable-related-posts":"","theme-transparent-header-meta":"","adv-header-id-meta":"","stick-header-meta":"","header-above-stick-meta":"","header-main-stick-meta":"","header-below-stick-meta":"","astra-migrate-meta-layouts":"default","ast-page-background-enabled":"default","ast-page-background-meta":{"desktop":{"background-color":"","background-image":"","background-repeat":"repeat","background-position":"center center","background-size":"auto","background-attachment":"scroll","background-type":"","background-media":"","overlay-type":"","overlay-color":"","overlay-opacity":"","overlay-gradient":""},"tablet":{"background-color":"","background-image":"","background-repeat":"repeat","background-position":"center center","background-size":"auto","background-attachment":"scroll","background-type":"","background-media":"","overlay-type":"","overlay-color":"","overlay-opacity":"","overlay-gradient":""},"mobile":{"background-color":"","background-image":"","background-repeat":"repeat","background-position":"center center","background-size":"auto","background-attachment":"scroll","background-type":"","background-media":"","overlay-type":"","overlay-color":"","overlay-opacity":"","overlay-gradient":""}},"ast-content-background-meta":{"desktop":{"background-color":"var(--ast-global-color-5)","background-image":"","background-repeat":"repeat","background-position":"center center","background-size":"auto","background-attachment":"scroll","background-type":"","background-media":"","overlay-type":"","overlay-color":"","overlay-opacity":"","overlay-gradient":""},"tablet":{"background-color":"var(--ast-global-color-5)","background-image":"","background-repeat":"repeat","background-position":"center center","background-size":"auto","background-attachment":"scroll","background-type":"","background-media":"","overlay-type":"","overlay-color":"","overlay-opacity":"","overlay-gradient":""},"mobile":{"background-color":"var(--ast-global-color-5)","background-image":"","background-repeat":"repeat","background-position":"center center","background-size":"auto","background-attachment":"scroll","background-type":"","background-media":"","overlay-type":"","overlay-color":"","overlay-opacity":"","overlay-gradient":""}},"_joinchat":[]},"product_brand":[],"product_cat":[42],"product_tag":[],"class_list":{"0":"post-5077","1":"product","2":"type-product","3":"status-publish","4":"has-post-thumbnail","6":"product_cat-dvd","7":"desktop-align-left","8":"tablet-align-left","9":"mobile-align-left","11":"first","12":"instock","13":"sale","14":"shipping-taxable","15":"purchasable","16":"product-type-simple"},"_links":{"self":[{"href":"https:\/\/cinemasoul.es\/index.php?rest_route=\/wp\/v2\/product\/5077","targetHints":{"allow":["GET"]}}],"collection":[{"href":"https:\/\/cinemasoul.es\/index.php?rest_route=\/wp\/v2\/product"}],"about":[{"href":"https:\/\/cinemasoul.es\/index.php?rest_route=\/wp\/v2\/types\/product"}],"replies":[{"embeddable":true,"href":"https:\/\/cinemasoul.es\/index.php?rest_route=%2Fwp%2Fv2%2Fcomments&post=5077"}],"version-history":[{"count":2,"href":"https:\/\/cinemasoul.es\/index.php?rest_route=\/wp\/v2\/product\/5077\/revisions"}],"predecessor-version":[{"id":5081,"href":"https:\/\/cinemasoul.es\/index.php?rest_route=\/wp\/v2\/product\/5077\/revisions\/5081"}],"wp:featuredmedia":[{"embeddable":true,"href":"https:\/\/cinemasoul.es\/index.php?rest_route=\/wp\/v2\/media\/5078"}],"wp:attachment":[{"href":"https:\/\/cinemasoul.es\/index.php?rest_route=%2Fwp%2Fv2%2Fmedia&parent=5077"}],"wp:term":[{"taxonomy":"product_brand","embeddable":true,"href":"https:\/\/cinemasoul.es\/index.php?rest_route=%2Fwp%2Fv2%2Fproduct_brand&post=5077"},{"taxonomy":"product_cat","embeddable":true,"href":"https:\/\/cinemasoul.es\/index.php?rest_route=%2Fwp%2Fv2%2Fproduct_cat&post=5077"},{"taxonomy":"product_tag","embeddable":true,"href":"https:\/\/cinemasoul.es\/index.php?rest_route=%2Fwp%2Fv2%2Fproduct_tag&post=5077"}],"curies":[{"name":"wp","href":"https:\/\/api.w.org\/{rel}","templated":true}]}}