{"id":5073,"date":"2022-06-11T12:01:06","date_gmt":"2022-06-11T12:01:06","guid":{"rendered":"https:\/\/www.cinemasoul.es\/?post_type=product&#038;p=5073"},"modified":"2022-06-11T12:01:06","modified_gmt":"2022-06-11T12:01:06","slug":"duelo-a-muerte-en-rio-rojo-dvd","status":"publish","type":"product","link":"https:\/\/cinemasoul.es\/?product=duelo-a-muerte-en-rio-rojo-dvd","title":{"rendered":"Duelo a muerte en R\u00edo Rojo [DVD]"},"content":{"rendered":"","protected":false},"excerpt":{"rendered":"<div id=\"tab-description\" class=\"tab-content\">\n<p><em>\u00a1DOS PISTOLEROS FRENTE A FRENTE!\u00a0\u00a1LAS MUJERES&#8230; EL DINERO&#8230; LA FAMA&#8230; NO SIGNIFICAN NADA&#8230; ESTOS HOMBRES S\u00d3LO VIVEN PARA ESA FRACCI\u00d3N DE SEGUNDO QUE SE TARDA EN MATAR!\u00a0\u201cUno de los \u00faltimos films del prol\u00edfico y veterano Thorpe, y, probablemente, su mejor pel\u00edcula.\u201d<\/em>&#8211; <em>El Pa\u00eds,<\/em> 21-7-1990.<\/p>\n<p>METRO-GOLDWYN-MAYER Presenta a GLENN FORD, ANGIE DICKINSON, CHAD EVERETT en \u201cDUELO A MUERTE EN R\u00cdO ROJO\u201d (<em>THE LAST CHALLENGE<\/em>).\u00a0<strong>Coprotagonizada<\/strong> por GARY MERRILL JACK ELAM.\u00a0<strong>M\u00fasica<\/strong> de RICHARD SHORES.\u00a0<strong>Director de fotograf\u00eda<\/strong> ELLSWORTH FREDRICKS, A.S.C.\u00a0<strong>Gui\u00f3n<\/strong> de JOHN SHERRY y ROBERT EMMETT GINNA.\u00a0Basado en la <strong>novela<\/strong> \u201cPistolero\u2019s Progress\u201d de JOHN SHERRY.\u00a0<strong>Producida<\/strong> y <strong>dirigida<\/strong> por RICHARD THORPE.\u00a0En Panavision\u00ae y Metrocolor.<\/p>\n<p><strong>IDIOMAS<\/strong>: CASTELLANO E INGL\u00c9S CON SUBT\u00cdTULOS EN CASTELLANO.\u00a0<strong>NACIONALIDAD<\/strong>: ESTADOS UNIDOS.\u00a0<strong>A\u00d1O<\/strong>: 1967.\u00a0<strong>G\u00c9NERO<\/strong>: WESTERN.\u00a0<strong>DURACI\u00d3N<\/strong>: 91 Minutos.\u00a0<strong>FORMATO<\/strong>: 4X3 2:35.\u00a0<strong>COLOR<\/strong>: COLOR. <strong>REFERENCIA<\/strong>: 5051893029116.\u00a0<strong>EAN<\/strong>: DVDY27552.\u00a0<strong>DEP\u00d3SITO LEGAL<\/strong>: TF: 689- 2010.\u00a0<strong>N\u00ba DE EXPEDIENTE<\/strong>: 116.277.\u00a0<strong>CLASIFICACI\u00d3N<\/strong>: NO RECOMENDADA PARA MENORES DE 12 A\u00d1OS.<\/p>\n<p>En 1877, el joven pistolero Lot McGuire (Chad Everett) se dirige al pueblo de Suwora, en el suroeste de Estados Unidos, con el prop\u00f3sito de matar al <em>marshal<\/em> Dan Blaine (Glenn Ford) y demostrarse a s\u00ed mismo que es el rev\u00f3lver m\u00e1s r\u00e1pido del territorio. Por casualidad, cuando se encuentra a las afueras del pueblo conoce a Blaine y traba cierta amistad con \u00e9l, pero al tiempo le deja claras cu\u00e1les son sus intenciones. Blaine, un antiguo pistolero reformado tras pasar 10 a\u00f1os en la c\u00e1rcel, ve en McGuire el tipo de joven que fue \u00e9l en otro tiempo e intenta sin \u00e9xito convencerlo de que olvide su \u201cmisi\u00f3n\u201d. Cuando McGuire demuestra su habilidad con las armas frente al ventajista Squint Calloway (Gary Merrill), la novia de Blaine, Lisa Denton (Angie Dickinson), contrata al pistolero Ernest Scarnes (Jack Elam) para que lo mate.<\/p>\n<\/div>\n","protected":false},"featured_media":5074,"comment_status":"open","ping_status":"closed","template":"","meta":{"site-sidebar-layout":"default","site-content-layout":"default","ast-site-content-layout":"default","site-content-style":"default","site-sidebar-style":"default","ast-global-header-display":"","ast-banner-title-visibility":"","ast-main-header-display":"","ast-hfb-above-header-display":"","ast-hfb-below-header-display":"","ast-hfb-mobile-header-display":"","site-post-title":"","ast-breadcrumbs-content":"","ast-featured-img":"","footer-sml-layout":"","ast-disable-related-posts":"","theme-transparent-header-meta":"","adv-header-id-meta":"","stick-header-meta":"","header-above-stick-meta":"","header-main-stick-meta":"","header-below-stick-meta":"","astra-migrate-meta-layouts":"default","ast-page-background-enabled":"default","ast-page-background-meta":{"desktop":{"background-color":"","background-image":"","background-repeat":"repeat","background-position":"center center","background-size":"auto","background-attachment":"scroll","background-type":"","background-media":"","overlay-type":"","overlay-color":"","overlay-opacity":"","overlay-gradient":""},"tablet":{"background-color":"","background-image":"","background-repeat":"repeat","background-position":"center center","background-size":"auto","background-attachment":"scroll","background-type":"","background-media":"","overlay-type":"","overlay-color":"","overlay-opacity":"","overlay-gradient":""},"mobile":{"background-color":"","background-image":"","background-repeat":"repeat","background-position":"center center","background-size":"auto","background-attachment":"scroll","background-type":"","background-media":"","overlay-type":"","overlay-color":"","overlay-opacity":"","overlay-gradient":""}},"ast-content-background-meta":{"desktop":{"background-color":"var(--ast-global-color-5)","background-image":"","background-repeat":"repeat","background-position":"center center","background-size":"auto","background-attachment":"scroll","background-type":"","background-media":"","overlay-type":"","overlay-color":"","overlay-opacity":"","overlay-gradient":""},"tablet":{"background-color":"var(--ast-global-color-5)","background-image":"","background-repeat":"repeat","background-position":"center center","background-size":"auto","background-attachment":"scroll","background-type":"","background-media":"","overlay-type":"","overlay-color":"","overlay-opacity":"","overlay-gradient":""},"mobile":{"background-color":"var(--ast-global-color-5)","background-image":"","background-repeat":"repeat","background-position":"center center","background-size":"auto","background-attachment":"scroll","background-type":"","background-media":"","overlay-type":"","overlay-color":"","overlay-opacity":"","overlay-gradient":""}},"_joinchat":[]},"product_brand":[],"product_cat":[42],"product_tag":[],"class_list":{"0":"post-5073","1":"product","2":"type-product","3":"status-publish","4":"has-post-thumbnail","6":"product_cat-dvd","7":"desktop-align-left","8":"tablet-align-left","9":"mobile-align-left","11":"first","12":"instock","13":"shipping-taxable","14":"purchasable","15":"product-type-simple"},"_links":{"self":[{"href":"https:\/\/cinemasoul.es\/index.php?rest_route=\/wp\/v2\/product\/5073","targetHints":{"allow":["GET"]}}],"collection":[{"href":"https:\/\/cinemasoul.es\/index.php?rest_route=\/wp\/v2\/product"}],"about":[{"href":"https:\/\/cinemasoul.es\/index.php?rest_route=\/wp\/v2\/types\/product"}],"replies":[{"embeddable":true,"href":"https:\/\/cinemasoul.es\/index.php?rest_route=%2Fwp%2Fv2%2Fcomments&post=5073"}],"version-history":[{"count":1,"href":"https:\/\/cinemasoul.es\/index.php?rest_route=\/wp\/v2\/product\/5073\/revisions"}],"predecessor-version":[{"id":5076,"href":"https:\/\/cinemasoul.es\/index.php?rest_route=\/wp\/v2\/product\/5073\/revisions\/5076"}],"wp:featuredmedia":[{"embeddable":true,"href":"https:\/\/cinemasoul.es\/index.php?rest_route=\/wp\/v2\/media\/5074"}],"wp:attachment":[{"href":"https:\/\/cinemasoul.es\/index.php?rest_route=%2Fwp%2Fv2%2Fmedia&parent=5073"}],"wp:term":[{"taxonomy":"product_brand","embeddable":true,"href":"https:\/\/cinemasoul.es\/index.php?rest_route=%2Fwp%2Fv2%2Fproduct_brand&post=5073"},{"taxonomy":"product_cat","embeddable":true,"href":"https:\/\/cinemasoul.es\/index.php?rest_route=%2Fwp%2Fv2%2Fproduct_cat&post=5073"},{"taxonomy":"product_tag","embeddable":true,"href":"https:\/\/cinemasoul.es\/index.php?rest_route=%2Fwp%2Fv2%2Fproduct_tag&post=5073"}],"curies":[{"name":"wp","href":"https:\/\/api.w.org\/{rel}","templated":true}]}}