{"id":5070,"date":"2022-06-11T11:24:16","date_gmt":"2022-06-11T11:24:16","guid":{"rendered":"https:\/\/www.cinemasoul.es\/?post_type=product&#038;p=5070"},"modified":"2022-06-11T11:24:16","modified_gmt":"2022-06-11T11:24:16","slug":"desafio-en-la-ciudad-muerta-dvd","status":"publish","type":"product","link":"https:\/\/cinemasoul.es\/?product=desafio-en-la-ciudad-muerta-dvd","title":{"rendered":"Desaf\u00edo en la ciudad muerta [DVD]"},"content":{"rendered":"","protected":false},"excerpt":{"rendered":"<p>M-G-M <strong>presenta<\/strong> Robert Taylor, Richard Widmark \u201cThe law and Jake Wade\u201d <strong>Co-protagonizada por<\/strong>\u00a0 Patricia Owens with Robert Middleton, Henry Silva, <strong>Gui\u00f3n de\u00a0<\/strong>William Bowers <strong>Basada en la novella de<\/strong>\u00a0 Marvin H. Albert <strong>en<\/strong> cinemascope\u00ae <strong>y<\/strong> Metrocolor\u00ae. <strong>Dirigida por\u00a0<\/strong>Johs Sturges <strong>Producida por\u00a0<\/strong>William Hawns <strong>Una pel\u00edcula de\u00a0<\/strong>Metro-Goldwyn-Mayer<\/p>\n<p><strong>Incluye<\/strong>: Tr\u00e1iler cinematogr\u00e1fico <strong>Audio<\/strong>: (1.0 Mono) Castellano, Ingl\u00e9s, Alem\u00e1n, Franc\u00e9s, Italiano <strong>Subt\u00edtulos<\/strong>: Castallano, Ingl\u00e9s, Italiano <strong>Codificado para sordos<\/strong>: Ingl\u00e9s, Alem\u00e1n, Italiano. Compatible con todos los formatos de pantalla de TV. No recomendada para menores de 13 a\u00f1os. Para \u00e1mbito dom\u00e9stico. Formato dos capas de lectura.<\/p>\n<p><strong>Duraci\u00f3n<\/strong>: 83\u00b4 aprox. <strong>Certificado de calificaci\u00f3n<\/strong>: N\u00ba 108.240 <strong>Dep\u00f3sito legal<\/strong>: TF: 1025-2009 <strong>Formato<\/strong>: 16:9\u00a0\u00a0\u00a0\u00a0 2.35:1<\/p>\n<p>Jur\u00f3 hacer cumplir las leyes. Destinado a confrontar su pasado de criminal. Robar bancos, cumplir diligencias: \u00e9sa es la vida de Jake Wade antes de ser polic\u00eda y tener una placa de identidad, conoci\u00f3 a su bella prometida y cambi\u00f3 el rumbo de su vida hacia un camino recto. Pero todav\u00eda no. Su ex compa\u00f1ero delincuente reaparece y pone en cautiverio al polic\u00eda y a su prometida, forz\u00e1ndolos a un dif\u00edcil viaje para recuperar un lote que Jack enterr\u00f3 hace mucho tiempo, el secuestrador y los secuestrados se adentran en el violento coraz\u00f3n del territorio Comanche.<\/p>\n<p>John Sturges (La<em>Gran\u00a0 Evasi\u00f3n<\/em>) dirige, y contin\u00faa su fuerte secuencia de disparos, dirigiendo a sus personajes a historias de acci\u00f3n. Robert Taylor y Richard Widmark nos traen vivos contrastes como el determinado h\u00e9roe y el delincuente depravado. Las sierras nevadas nos proporcionan una perspectiva de dos puntos de vista diferentes para ver qui\u00e9n ganar\u00e1 la batalla.<\/p>\n","protected":false},"featured_media":5071,"comment_status":"open","ping_status":"closed","template":"","meta":{"site-sidebar-layout":"default","site-content-layout":"default","ast-site-content-layout":"default","site-content-style":"default","site-sidebar-style":"default","ast-global-header-display":"","ast-banner-title-visibility":"","ast-main-header-display":"","ast-hfb-above-header-display":"","ast-hfb-below-header-display":"","ast-hfb-mobile-header-display":"","site-post-title":"","ast-breadcrumbs-content":"","ast-featured-img":"","footer-sml-layout":"","ast-disable-related-posts":"","theme-transparent-header-meta":"","adv-header-id-meta":"","stick-header-meta":"","header-above-stick-meta":"","header-main-stick-meta":"","header-below-stick-meta":"","astra-migrate-meta-layouts":"default","ast-page-background-enabled":"default","ast-page-background-meta":{"desktop":{"background-color":"","background-image":"","background-repeat":"repeat","background-position":"center center","background-size":"auto","background-attachment":"scroll","background-type":"","background-media":"","overlay-type":"","overlay-color":"","overlay-opacity":"","overlay-gradient":""},"tablet":{"background-color":"","background-image":"","background-repeat":"repeat","background-position":"center center","background-size":"auto","background-attachment":"scroll","background-type":"","background-media":"","overlay-type":"","overlay-color":"","overlay-opacity":"","overlay-gradient":""},"mobile":{"background-color":"","background-image":"","background-repeat":"repeat","background-position":"center center","background-size":"auto","background-attachment":"scroll","background-type":"","background-media":"","overlay-type":"","overlay-color":"","overlay-opacity":"","overlay-gradient":""}},"ast-content-background-meta":{"desktop":{"background-color":"var(--ast-global-color-5)","background-image":"","background-repeat":"repeat","background-position":"center center","background-size":"auto","background-attachment":"scroll","background-type":"","background-media":"","overlay-type":"","overlay-color":"","overlay-opacity":"","overlay-gradient":""},"tablet":{"background-color":"var(--ast-global-color-5)","background-image":"","background-repeat":"repeat","background-position":"center center","background-size":"auto","background-attachment":"scroll","background-type":"","background-media":"","overlay-type":"","overlay-color":"","overlay-opacity":"","overlay-gradient":""},"mobile":{"background-color":"var(--ast-global-color-5)","background-image":"","background-repeat":"repeat","background-position":"center center","background-size":"auto","background-attachment":"scroll","background-type":"","background-media":"","overlay-type":"","overlay-color":"","overlay-opacity":"","overlay-gradient":""}},"_joinchat":[]},"product_brand":[],"product_cat":[42],"product_tag":[],"class_list":{"0":"post-5070","1":"product","2":"type-product","3":"status-publish","4":"has-post-thumbnail","6":"product_cat-dvd","7":"desktop-align-left","8":"tablet-align-left","9":"mobile-align-left","11":"first","12":"instock","13":"sale","14":"shipping-taxable","15":"purchasable","16":"product-type-simple"},"_links":{"self":[{"href":"https:\/\/cinemasoul.es\/index.php?rest_route=\/wp\/v2\/product\/5070","targetHints":{"allow":["GET"]}}],"collection":[{"href":"https:\/\/cinemasoul.es\/index.php?rest_route=\/wp\/v2\/product"}],"about":[{"href":"https:\/\/cinemasoul.es\/index.php?rest_route=\/wp\/v2\/types\/product"}],"replies":[{"embeddable":true,"href":"https:\/\/cinemasoul.es\/index.php?rest_route=%2Fwp%2Fv2%2Fcomments&post=5070"}],"version-history":[{"count":1,"href":"https:\/\/cinemasoul.es\/index.php?rest_route=\/wp\/v2\/product\/5070\/revisions"}],"predecessor-version":[{"id":5072,"href":"https:\/\/cinemasoul.es\/index.php?rest_route=\/wp\/v2\/product\/5070\/revisions\/5072"}],"wp:featuredmedia":[{"embeddable":true,"href":"https:\/\/cinemasoul.es\/index.php?rest_route=\/wp\/v2\/media\/5071"}],"wp:attachment":[{"href":"https:\/\/cinemasoul.es\/index.php?rest_route=%2Fwp%2Fv2%2Fmedia&parent=5070"}],"wp:term":[{"taxonomy":"product_brand","embeddable":true,"href":"https:\/\/cinemasoul.es\/index.php?rest_route=%2Fwp%2Fv2%2Fproduct_brand&post=5070"},{"taxonomy":"product_cat","embeddable":true,"href":"https:\/\/cinemasoul.es\/index.php?rest_route=%2Fwp%2Fv2%2Fproduct_cat&post=5070"},{"taxonomy":"product_tag","embeddable":true,"href":"https:\/\/cinemasoul.es\/index.php?rest_route=%2Fwp%2Fv2%2Fproduct_tag&post=5070"}],"curies":[{"name":"wp","href":"https:\/\/api.w.org\/{rel}","templated":true}]}}