{"id":5058,"date":"2022-06-11T10:41:39","date_gmt":"2022-06-11T10:41:39","guid":{"rendered":"https:\/\/www.cinemasoul.es\/?post_type=product&#038;p=5058"},"modified":"2022-06-11T10:41:39","modified_gmt":"2022-06-11T10:41:39","slug":"40-pistolas-dvd","status":"publish","type":"product","link":"https:\/\/cinemasoul.es\/?product=40-pistolas-dvd","title":{"rendered":"40 Pistolas [DVD]"},"content":{"rendered":"","protected":false},"excerpt":{"rendered":"<div id=\"tab-description\" class=\"tab-content\">\n<p><strong>T\u00cdTULO ORIGINAL<\/strong>: <em>FORTY GUNS\u00a0<\/em><strong>PRODUCIDA<\/strong> Y <strong>DIRIGIDA<\/strong> POR SAMUEL FULLER <strong>GUI\u00d3N<\/strong> DE SAMUEL FULLER\u00a0<strong>M\u00daSICA<\/strong> DE HARRY SUKMAN\u00a0<strong>FOTOGRAFIA<\/strong> DE JOSEPH F. BIROC\u00a0<strong>REPARTO<\/strong>: BARBARA STANWYCK, BARRY SULLIVAN, DEAN JAGGER, JOHN ERICSON, GENE BARRY, ROBERT DIX, EVE BRENT, HANK WORDEN,\u00a0CHUCK ROBERSON, PAUL DUBOV, GEORGE SOWARDS, EVE BRENT<\/p>\n<p><strong>NACIONALIDAD<\/strong>: ESTADOS UNIDOS\u00a0<strong>A\u00d1O<\/strong>: 1957\u00a0<strong>G\u00c9NERO<\/strong>: WESTERN\u00a0<strong>DURACI\u00d3N<\/strong>: 76 MIN. APROX. <strong>FORMATO<\/strong>: 16\/9 2.35:1\u00a0<strong>COLOR<\/strong>: BLANCO Y NEGRO\u00a0<strong>IDIOMAS<\/strong>: CATELLANO E INGL\u00c9S\u00a0<strong>SUBT\u00cdTULOS<\/strong>: CASTELLANO Y PORTUGUES\u00a0CERTIFICADO DE CALIFICACI\u00d3N N\u00ba\u00a0 134.468\u00a0<strong>CLASIFICACI\u00d3N<\/strong>: NO RECOMENDADA PARA MENORES DE 12 A\u00d1OS<\/p>\n<p>Jessica Drummond (Barbara Scanwyck) es una desp\u00f3tica terrateniente que gobierna el condado de Cochise, en Arizona, con un grupo de hombres armados a sus \u00f3rdenes. Un d\u00eda aparece por sus tierras Griff Bonnell un antiguo pistolero al que han nombrado sheriff.<\/p>\n<\/div>\n","protected":false},"featured_media":5059,"comment_status":"open","ping_status":"closed","template":"","meta":{"site-sidebar-layout":"default","site-content-layout":"default","ast-site-content-layout":"default","site-content-style":"default","site-sidebar-style":"default","ast-global-header-display":"","ast-banner-title-visibility":"","ast-main-header-display":"","ast-hfb-above-header-display":"","ast-hfb-below-header-display":"","ast-hfb-mobile-header-display":"","site-post-title":"","ast-breadcrumbs-content":"","ast-featured-img":"","footer-sml-layout":"","ast-disable-related-posts":"","theme-transparent-header-meta":"","adv-header-id-meta":"","stick-header-meta":"","header-above-stick-meta":"","header-main-stick-meta":"","header-below-stick-meta":"","astra-migrate-meta-layouts":"default","ast-page-background-enabled":"default","ast-page-background-meta":{"desktop":{"background-color":"","background-image":"","background-repeat":"repeat","background-position":"center center","background-size":"auto","background-attachment":"scroll","background-type":"","background-media":"","overlay-type":"","overlay-color":"","overlay-opacity":"","overlay-gradient":""},"tablet":{"background-color":"","background-image":"","background-repeat":"repeat","background-position":"center center","background-size":"auto","background-attachment":"scroll","background-type":"","background-media":"","overlay-type":"","overlay-color":"","overlay-opacity":"","overlay-gradient":""},"mobile":{"background-color":"","background-image":"","background-repeat":"repeat","background-position":"center center","background-size":"auto","background-attachment":"scroll","background-type":"","background-media":"","overlay-type":"","overlay-color":"","overlay-opacity":"","overlay-gradient":""}},"ast-content-background-meta":{"desktop":{"background-color":"var(--ast-global-color-5)","background-image":"","background-repeat":"repeat","background-position":"center center","background-size":"auto","background-attachment":"scroll","background-type":"","background-media":"","overlay-type":"","overlay-color":"","overlay-opacity":"","overlay-gradient":""},"tablet":{"background-color":"var(--ast-global-color-5)","background-image":"","background-repeat":"repeat","background-position":"center center","background-size":"auto","background-attachment":"scroll","background-type":"","background-media":"","overlay-type":"","overlay-color":"","overlay-opacity":"","overlay-gradient":""},"mobile":{"background-color":"var(--ast-global-color-5)","background-image":"","background-repeat":"repeat","background-position":"center center","background-size":"auto","background-attachment":"scroll","background-type":"","background-media":"","overlay-type":"","overlay-color":"","overlay-opacity":"","overlay-gradient":""}},"_joinchat":[]},"product_brand":[],"product_cat":[42],"product_tag":[],"class_list":{"0":"post-5058","1":"product","2":"type-product","3":"status-publish","4":"has-post-thumbnail","6":"product_cat-dvd","7":"desktop-align-left","8":"tablet-align-left","9":"mobile-align-left","11":"first","12":"instock","13":"sale","14":"shipping-taxable","15":"purchasable","16":"product-type-simple"},"_links":{"self":[{"href":"https:\/\/cinemasoul.es\/index.php?rest_route=\/wp\/v2\/product\/5058","targetHints":{"allow":["GET"]}}],"collection":[{"href":"https:\/\/cinemasoul.es\/index.php?rest_route=\/wp\/v2\/product"}],"about":[{"href":"https:\/\/cinemasoul.es\/index.php?rest_route=\/wp\/v2\/types\/product"}],"replies":[{"embeddable":true,"href":"https:\/\/cinemasoul.es\/index.php?rest_route=%2Fwp%2Fv2%2Fcomments&post=5058"}],"version-history":[{"count":1,"href":"https:\/\/cinemasoul.es\/index.php?rest_route=\/wp\/v2\/product\/5058\/revisions"}],"predecessor-version":[{"id":5060,"href":"https:\/\/cinemasoul.es\/index.php?rest_route=\/wp\/v2\/product\/5058\/revisions\/5060"}],"wp:featuredmedia":[{"embeddable":true,"href":"https:\/\/cinemasoul.es\/index.php?rest_route=\/wp\/v2\/media\/5059"}],"wp:attachment":[{"href":"https:\/\/cinemasoul.es\/index.php?rest_route=%2Fwp%2Fv2%2Fmedia&parent=5058"}],"wp:term":[{"taxonomy":"product_brand","embeddable":true,"href":"https:\/\/cinemasoul.es\/index.php?rest_route=%2Fwp%2Fv2%2Fproduct_brand&post=5058"},{"taxonomy":"product_cat","embeddable":true,"href":"https:\/\/cinemasoul.es\/index.php?rest_route=%2Fwp%2Fv2%2Fproduct_cat&post=5058"},{"taxonomy":"product_tag","embeddable":true,"href":"https:\/\/cinemasoul.es\/index.php?rest_route=%2Fwp%2Fv2%2Fproduct_tag&post=5058"}],"curies":[{"name":"wp","href":"https:\/\/api.w.org\/{rel}","templated":true}]}}