{"id":5037,"date":"2022-06-10T12:04:25","date_gmt":"2022-06-10T12:04:25","guid":{"rendered":"https:\/\/www.cinemasoul.es\/?post_type=product&#038;p=5037"},"modified":"2022-06-10T12:04:25","modified_gmt":"2022-06-10T12:04:25","slug":"el-beso-de-la-serpiente-dvd","status":"publish","type":"product","link":"https:\/\/cinemasoul.es\/?product=el-beso-de-la-serpiente-dvd","title":{"rendered":"El beso de la serpiente [DVD]"},"content":{"rendered":"","protected":false},"excerpt":{"rendered":"<div id=\"tab-description\" class=\"tab-content\">\n<p>J &amp; M ENTERTAINMENT PRESENTA A EWAN McGREGOR, PETE POSTLETHWAITE, GRETA SCACCHI EN \u00a0\u201cEL BESO DE LA SERPIENTE\u201d (THE SERPENT&#8217;s KISS)\u00a0<strong>COPROTAGONIZADA<\/strong> POR RICHARD E. GRANT, CARMEN CHAPLIN.\u00a0<strong>GUI\u00d3N<\/strong> DE TIM ROSE PRICE.\u00a0<strong>DIRECTOR DE FOTOGRAF\u00cdA<\/strong> JEAN-FRAN\u00c7OIS ROBIN.\u00a0<strong>M\u00daSICA<\/strong> DE GORAN BREGOVIC.\u00a0<strong>PRODUCIDA<\/strong> POR JOHN BATTSEK.\u00a0<strong>DIRIGIDA<\/strong> POR PHILIPPE ROUSSELOT.<\/p>\n<p><strong>IDIOMAS<\/strong>: CASTELLANO E INGL\u00c9S.\u00a0<strong>NACIONALIDAD<\/strong>: REINO UNIDO.\u00a0<strong>A\u00d1O<\/strong>: 1997.\u00a0<strong>G\u00c9NERO<\/strong>: DRAMA.\u00a0<strong>DURACI\u00d3N<\/strong>: 105 minutos.\u00a0<strong>FORMATO<\/strong>: 4\/3 1.85.\u00a0<strong>COLOR<\/strong>: COLOR. <strong>FEERTS<\/strong>: 1000168834.\u00a0<strong>REFERENCIA<\/strong>: DVD95633.\u00a0<strong>EAN<\/strong>: 5051893034677.\u00a0<strong>DEP\u00d3SITO LEGAL<\/strong>: TF:1580-2010.\u00a0<strong>N\u00ba DE EXPEDIENTE<\/strong>: 118.348.\u00a0<strong>CLASIFICACI\u00d3N<\/strong>: NO RECOMENDADA PARA MENORES DE 7 A\u00d1OS.<\/p>\n<p><em>\u201cLa venganza nunca ha sido tan dulce\u201d<\/em> Ewan McGregor (<em>La amenaza Fantasma<\/em>, <em>Moulin Rouge<\/em>, <em>La isla<\/em>\u2026) interpreta a Meneer Chrome, un joven arquitecto dan\u00e9s que llega a un remoto lugar de Inglaterra donde Thomas Smithers (Pete Postlethwaite) vive con su esposa Juliana (Greta Scacchi). Smithers est\u00e1 obsesionado en dejar como legado un fabuloso jard\u00edn en la parte posterior de su casa. Chrome recibe instrucciones por escrito de un maestro al que no conoce ni ha visto mediante una secretaria. El maestro resulta ser Fitzmaurice (Richard E. Grant), primo de Juliana, con la que mantuvo un romance cuando eran j\u00f3venes y a la que ahora pretende recuperar arruinando a Thomas haciendo que construya un delirante jard\u00edn. \u00danico film como director hasta la fecha del director de fotograf\u00eda Philippe Rousselot (<em>Big Fish<\/em>, <em>Sherlock Holmes<\/em>\u2026), que narra con sobriedad este magn\u00edfico drama donde la belleza de las im\u00e1genes contrasta con el hurac\u00e1n de emociones de sus protagonistas.<\/p>\n<\/div>\n","protected":false},"featured_media":5038,"comment_status":"open","ping_status":"closed","template":"","meta":{"site-sidebar-layout":"default","site-content-layout":"default","ast-site-content-layout":"default","site-content-style":"default","site-sidebar-style":"default","ast-global-header-display":"","ast-banner-title-visibility":"","ast-main-header-display":"","ast-hfb-above-header-display":"","ast-hfb-below-header-display":"","ast-hfb-mobile-header-display":"","site-post-title":"","ast-breadcrumbs-content":"","ast-featured-img":"","footer-sml-layout":"","ast-disable-related-posts":"","theme-transparent-header-meta":"","adv-header-id-meta":"","stick-header-meta":"","header-above-stick-meta":"","header-main-stick-meta":"","header-below-stick-meta":"","astra-migrate-meta-layouts":"default","ast-page-background-enabled":"default","ast-page-background-meta":{"desktop":{"background-color":"","background-image":"","background-repeat":"repeat","background-position":"center center","background-size":"auto","background-attachment":"scroll","background-type":"","background-media":"","overlay-type":"","overlay-color":"","overlay-opacity":"","overlay-gradient":""},"tablet":{"background-color":"","background-image":"","background-repeat":"repeat","background-position":"center center","background-size":"auto","background-attachment":"scroll","background-type":"","background-media":"","overlay-type":"","overlay-color":"","overlay-opacity":"","overlay-gradient":""},"mobile":{"background-color":"","background-image":"","background-repeat":"repeat","background-position":"center center","background-size":"auto","background-attachment":"scroll","background-type":"","background-media":"","overlay-type":"","overlay-color":"","overlay-opacity":"","overlay-gradient":""}},"ast-content-background-meta":{"desktop":{"background-color":"var(--ast-global-color-5)","background-image":"","background-repeat":"repeat","background-position":"center center","background-size":"auto","background-attachment":"scroll","background-type":"","background-media":"","overlay-type":"","overlay-color":"","overlay-opacity":"","overlay-gradient":""},"tablet":{"background-color":"var(--ast-global-color-5)","background-image":"","background-repeat":"repeat","background-position":"center center","background-size":"auto","background-attachment":"scroll","background-type":"","background-media":"","overlay-type":"","overlay-color":"","overlay-opacity":"","overlay-gradient":""},"mobile":{"background-color":"var(--ast-global-color-5)","background-image":"","background-repeat":"repeat","background-position":"center center","background-size":"auto","background-attachment":"scroll","background-type":"","background-media":"","overlay-type":"","overlay-color":"","overlay-opacity":"","overlay-gradient":""}},"_joinchat":[]},"product_brand":[],"product_cat":[42],"product_tag":[],"class_list":{"0":"post-5037","1":"product","2":"type-product","3":"status-publish","4":"has-post-thumbnail","6":"product_cat-dvd","7":"desktop-align-left","8":"tablet-align-left","9":"mobile-align-left","11":"first","12":"instock","13":"sale","14":"shipping-taxable","15":"purchasable","16":"product-type-simple"},"_links":{"self":[{"href":"https:\/\/cinemasoul.es\/index.php?rest_route=\/wp\/v2\/product\/5037","targetHints":{"allow":["GET"]}}],"collection":[{"href":"https:\/\/cinemasoul.es\/index.php?rest_route=\/wp\/v2\/product"}],"about":[{"href":"https:\/\/cinemasoul.es\/index.php?rest_route=\/wp\/v2\/types\/product"}],"replies":[{"embeddable":true,"href":"https:\/\/cinemasoul.es\/index.php?rest_route=%2Fwp%2Fv2%2Fcomments&post=5037"}],"version-history":[{"count":1,"href":"https:\/\/cinemasoul.es\/index.php?rest_route=\/wp\/v2\/product\/5037\/revisions"}],"predecessor-version":[{"id":5040,"href":"https:\/\/cinemasoul.es\/index.php?rest_route=\/wp\/v2\/product\/5037\/revisions\/5040"}],"wp:featuredmedia":[{"embeddable":true,"href":"https:\/\/cinemasoul.es\/index.php?rest_route=\/wp\/v2\/media\/5038"}],"wp:attachment":[{"href":"https:\/\/cinemasoul.es\/index.php?rest_route=%2Fwp%2Fv2%2Fmedia&parent=5037"}],"wp:term":[{"taxonomy":"product_brand","embeddable":true,"href":"https:\/\/cinemasoul.es\/index.php?rest_route=%2Fwp%2Fv2%2Fproduct_brand&post=5037"},{"taxonomy":"product_cat","embeddable":true,"href":"https:\/\/cinemasoul.es\/index.php?rest_route=%2Fwp%2Fv2%2Fproduct_cat&post=5037"},{"taxonomy":"product_tag","embeddable":true,"href":"https:\/\/cinemasoul.es\/index.php?rest_route=%2Fwp%2Fv2%2Fproduct_tag&post=5037"}],"curies":[{"name":"wp","href":"https:\/\/api.w.org\/{rel}","templated":true}]}}