{"id":5033,"date":"2022-06-10T12:00:11","date_gmt":"2022-06-10T12:00:11","guid":{"rendered":"https:\/\/www.cinemasoul.es\/?post_type=product&#038;p=5033"},"modified":"2022-06-10T12:00:11","modified_gmt":"2022-06-10T12:00:11","slug":"dime-que-me-amas-junie-moon-dvd","status":"publish","type":"product","link":"https:\/\/cinemasoul.es\/?product=dime-que-me-amas-junie-moon-dvd","title":{"rendered":"Dime que me amas, Junie Moon [DVD]"},"content":{"rendered":"","protected":false},"excerpt":{"rendered":"<div id=\"tab-description\" class=\"tab-content\">\n<p><strong>T\u00cdTULO ORIGINAL<\/strong>: TELL ME THAT YOU LOVE ME, JUNIE MOON\u00a0<strong>A\u00d1O<\/strong>: 1970 <strong>G\u00c9NERO<\/strong>: DRAMA-COMEDIA <strong>NACIONALIDAD<\/strong>: ESTADOS UNIDOS, REINO UNIDO <strong>COLOR<\/strong>: COLOR <strong>IDIOMAS<\/strong>: ESPA\u00d1OL e ITALIANO <strong>FORMATO DE PANTALLA<\/strong>: 16\/9 (1.85:1) <strong>AUDIO<\/strong>: DOLBY DIGITAL <strong>ICAA N\u00ba<\/strong>: 557.850 NO RECOMENDADA PARA MENORES DE 18 A\u00d1OS\u00a0 <strong>DURACI\u00d3N<\/strong>: 108 MIN. APROX.<\/p>\n<p><strong>DIRIGIDA<\/strong> y <strong>PRODUCIDA<\/strong>: OTTO PREMINGER\u00a0BASADO EN LA <strong>NOVELA<\/strong> DE MARJORIE KELLOGG<strong>\u00a0<\/strong><strong>GUI\u00d3N<\/strong>: MARJORIE KELLOGG\u00a0<strong>FOTOGRAF\u00cdA<\/strong>: BORIS KAUFFMAN\u00a0<strong>M\u00daSICA<\/strong>: PHILIP SPRINGER\u00a0<strong>REPARTO<\/strong>: LIZA MINNELLI, KEN HOWARD, ROBERT MOORE, JAMES COCO, FRED WILLIAMSON, BEN PIAZZA, EMILY YANCY,<\/p>\n<p>Atacada por un pretendiente, Junie Moon (Liza Minnelli) ha quedado con el rostro y un brazo marcados para siempre. Al ser dada de alta del hospital, ella alquila una casa en la que decide convivir con otros dos pacientes muy especiales: Warren Palmer (Robert Moore), un discapacitado con inclinaciones homosexuales, y un epil\u00e9ptico de nombre Arthur (Ken Howard), quien ve en ella algo m\u00e1s que una simple compa\u00f1era. Compartiendo sus vidas, quiz\u00e1s descubran que la existencia tiene un gran sentido que, hasta ahora, no hab\u00edan imaginado.<\/p>\n<\/div>\n","protected":false},"featured_media":5034,"comment_status":"open","ping_status":"closed","template":"","meta":{"site-sidebar-layout":"default","site-content-layout":"default","ast-site-content-layout":"default","site-content-style":"default","site-sidebar-style":"default","ast-global-header-display":"","ast-banner-title-visibility":"","ast-main-header-display":"","ast-hfb-above-header-display":"","ast-hfb-below-header-display":"","ast-hfb-mobile-header-display":"","site-post-title":"","ast-breadcrumbs-content":"","ast-featured-img":"","footer-sml-layout":"","ast-disable-related-posts":"","theme-transparent-header-meta":"","adv-header-id-meta":"","stick-header-meta":"","header-above-stick-meta":"","header-main-stick-meta":"","header-below-stick-meta":"","astra-migrate-meta-layouts":"default","ast-page-background-enabled":"default","ast-page-background-meta":{"desktop":{"background-color":"","background-image":"","background-repeat":"repeat","background-position":"center center","background-size":"auto","background-attachment":"scroll","background-type":"","background-media":"","overlay-type":"","overlay-color":"","overlay-opacity":"","overlay-gradient":""},"tablet":{"background-color":"","background-image":"","background-repeat":"repeat","background-position":"center center","background-size":"auto","background-attachment":"scroll","background-type":"","background-media":"","overlay-type":"","overlay-color":"","overlay-opacity":"","overlay-gradient":""},"mobile":{"background-color":"","background-image":"","background-repeat":"repeat","background-position":"center center","background-size":"auto","background-attachment":"scroll","background-type":"","background-media":"","overlay-type":"","overlay-color":"","overlay-opacity":"","overlay-gradient":""}},"ast-content-background-meta":{"desktop":{"background-color":"var(--ast-global-color-5)","background-image":"","background-repeat":"repeat","background-position":"center center","background-size":"auto","background-attachment":"scroll","background-type":"","background-media":"","overlay-type":"","overlay-color":"","overlay-opacity":"","overlay-gradient":""},"tablet":{"background-color":"var(--ast-global-color-5)","background-image":"","background-repeat":"repeat","background-position":"center center","background-size":"auto","background-attachment":"scroll","background-type":"","background-media":"","overlay-type":"","overlay-color":"","overlay-opacity":"","overlay-gradient":""},"mobile":{"background-color":"var(--ast-global-color-5)","background-image":"","background-repeat":"repeat","background-position":"center center","background-size":"auto","background-attachment":"scroll","background-type":"","background-media":"","overlay-type":"","overlay-color":"","overlay-opacity":"","overlay-gradient":""}},"_joinchat":[]},"product_brand":[],"product_cat":[42],"product_tag":[],"class_list":{"0":"post-5033","1":"product","2":"type-product","3":"status-publish","4":"has-post-thumbnail","6":"product_cat-dvd","7":"desktop-align-left","8":"tablet-align-left","9":"mobile-align-left","11":"first","12":"instock","13":"sale","14":"shipping-taxable","15":"purchasable","16":"product-type-simple"},"_links":{"self":[{"href":"https:\/\/cinemasoul.es\/index.php?rest_route=\/wp\/v2\/product\/5033","targetHints":{"allow":["GET"]}}],"collection":[{"href":"https:\/\/cinemasoul.es\/index.php?rest_route=\/wp\/v2\/product"}],"about":[{"href":"https:\/\/cinemasoul.es\/index.php?rest_route=\/wp\/v2\/types\/product"}],"replies":[{"embeddable":true,"href":"https:\/\/cinemasoul.es\/index.php?rest_route=%2Fwp%2Fv2%2Fcomments&post=5033"}],"version-history":[{"count":1,"href":"https:\/\/cinemasoul.es\/index.php?rest_route=\/wp\/v2\/product\/5033\/revisions"}],"predecessor-version":[{"id":5036,"href":"https:\/\/cinemasoul.es\/index.php?rest_route=\/wp\/v2\/product\/5033\/revisions\/5036"}],"wp:featuredmedia":[{"embeddable":true,"href":"https:\/\/cinemasoul.es\/index.php?rest_route=\/wp\/v2\/media\/5034"}],"wp:attachment":[{"href":"https:\/\/cinemasoul.es\/index.php?rest_route=%2Fwp%2Fv2%2Fmedia&parent=5033"}],"wp:term":[{"taxonomy":"product_brand","embeddable":true,"href":"https:\/\/cinemasoul.es\/index.php?rest_route=%2Fwp%2Fv2%2Fproduct_brand&post=5033"},{"taxonomy":"product_cat","embeddable":true,"href":"https:\/\/cinemasoul.es\/index.php?rest_route=%2Fwp%2Fv2%2Fproduct_cat&post=5033"},{"taxonomy":"product_tag","embeddable":true,"href":"https:\/\/cinemasoul.es\/index.php?rest_route=%2Fwp%2Fv2%2Fproduct_tag&post=5033"}],"curies":[{"name":"wp","href":"https:\/\/api.w.org\/{rel}","templated":true}]}}