{"id":5023,"date":"2022-06-10T11:30:30","date_gmt":"2022-06-10T11:30:30","guid":{"rendered":"https:\/\/www.cinemasoul.es\/?post_type=product&#038;p=5023"},"modified":"2022-06-10T11:30:30","modified_gmt":"2022-06-10T11:30:30","slug":"de-hombre-a-hombre-dvd","status":"publish","type":"product","link":"https:\/\/cinemasoul.es\/?product=de-hombre-a-hombre-dvd","title":{"rendered":"De hombre a hombre [DVD]"},"content":{"rendered":"","protected":false},"excerpt":{"rendered":"<p>WARNER BROS. PICTURES presenta\u00a0UNA <strong>PEL\u00cdCULA<\/strong> DE\u00a0LAMONT JOHNSON \u201cDE HOMBRE A HOMBRE\u201d (ONE ON ONE)\u00a0<strong>COPROTAGONIZADA<\/strong> POR\u00a0ROBBY BENSON, ANNETTE O\u2019TOOLE, G. D. SPRADLIN\u00a0<strong>GUI\u00d3N<\/strong> DE\u00a0ROBBY BENSON\u00a0Y\u00a0JERRY SEGAL\u00a0<strong>PRODUCIDA<\/strong> POR\u00a0MARTIN HORNSTEIN\u00a0<strong>DIRIGIDA<\/strong> POR\u00a0LAMONT JOHNSON\u00a0<strong>M\u00daSICA<\/strong> DE\u00a0CHARLES FOX.\u00a0<strong>LETRAS<\/strong> DE PAUL WILLIAMS TECHNICOLOR\u00ae<\/p>\n<p><strong>IDIOMAS<\/strong>: CASTELLANO E INGL\u00c9S <strong>SUBT\u00cdTULOS<\/strong>: CASTELLANO\u00a0<strong>NACIONALIDAD<\/strong>: ESTADOS UNIDOS\u00a0<strong>A\u00d1O<\/strong>: 1976\u00a0<strong>G\u00c9NERO<\/strong>: DRAMA\u00a0<strong>DURACI\u00d3N<\/strong>: 98 MIN. APRX.\u00a0<strong>FORMATO<\/strong>: 4X3 1.85.1.\u00a0<strong>COLOR<\/strong>: COLOR <strong>CLASIFICACI\u00d3N<\/strong>: APTA PARA TODOS LOS PUBLICOS.<\/p>\n<p><em>\u201c\u00a1No eres suficientemente alto! \u00a1No eres suficientemente duro! \u00a1Nunca lo conseguir\u00e1s!\u201d \u00bfAlguna vez has querido hacerles tragar sus palabras? He aqu\u00ed la pel\u00edcula que lo hace por ti.\u00a0\u201cDE HOMBRE A HOMBRE\u201des la historia de un chico en el que nadie, salvo \u00e9l mismo, cre\u00eda.<\/em><strong><em>\u00a0<\/em><\/strong>Henry Steele (Robby Benson) es un genio del baloncesto que estudia en el instituto de un peque\u00f1o pueblo de Estados Unidos. Contratado por el equipo de una gran universidad, le dan una beca de cuatro a\u00f1os y lo ponen bajo la tutela de una guapa profesora (Annette O\u2019Toole). Pero a\u00fan no est\u00e1 preparado para las amargas y a veces brutales experiencias que tendr\u00e1 que afrontar en su vida universitaria.\u00a0<em>De hombre a hombre<\/em> es un entretenimiento que sin duda gustar\u00e1 a toda la familia. Tras su debut en el cine con <em>Ode to Billy Joe<\/em>, Benson transform\u00f3 su amor al baloncesto en un gui\u00f3n (escrito junto a su padre) lleno de veracidad que recuerda a pel\u00edculas como <em>Rocky<\/em> o <em>Hoosiers<\/em>. Bajo la direcci\u00f3n del veterano Lamont Johnson, Benson, O\u2019Toole y G. D. Spradlin, en el papel del rudo entrenador de Henry realizan unas magn\u00edficas interpretaciones que dan en el blanco. Su esp\u00edritu se elevar\u00e1 con esta historia de un ganador.<\/p>\n","protected":false},"featured_media":5024,"comment_status":"open","ping_status":"closed","template":"","meta":{"site-sidebar-layout":"default","site-content-layout":"default","ast-site-content-layout":"default","site-content-style":"default","site-sidebar-style":"default","ast-global-header-display":"","ast-banner-title-visibility":"","ast-main-header-display":"","ast-hfb-above-header-display":"","ast-hfb-below-header-display":"","ast-hfb-mobile-header-display":"","site-post-title":"","ast-breadcrumbs-content":"","ast-featured-img":"","footer-sml-layout":"","ast-disable-related-posts":"","theme-transparent-header-meta":"","adv-header-id-meta":"","stick-header-meta":"","header-above-stick-meta":"","header-main-stick-meta":"","header-below-stick-meta":"","astra-migrate-meta-layouts":"default","ast-page-background-enabled":"default","ast-page-background-meta":{"desktop":{"background-color":"","background-image":"","background-repeat":"repeat","background-position":"center center","background-size":"auto","background-attachment":"scroll","background-type":"","background-media":"","overlay-type":"","overlay-color":"","overlay-opacity":"","overlay-gradient":""},"tablet":{"background-color":"","background-image":"","background-repeat":"repeat","background-position":"center center","background-size":"auto","background-attachment":"scroll","background-type":"","background-media":"","overlay-type":"","overlay-color":"","overlay-opacity":"","overlay-gradient":""},"mobile":{"background-color":"","background-image":"","background-repeat":"repeat","background-position":"center center","background-size":"auto","background-attachment":"scroll","background-type":"","background-media":"","overlay-type":"","overlay-color":"","overlay-opacity":"","overlay-gradient":""}},"ast-content-background-meta":{"desktop":{"background-color":"var(--ast-global-color-5)","background-image":"","background-repeat":"repeat","background-position":"center center","background-size":"auto","background-attachment":"scroll","background-type":"","background-media":"","overlay-type":"","overlay-color":"","overlay-opacity":"","overlay-gradient":""},"tablet":{"background-color":"var(--ast-global-color-5)","background-image":"","background-repeat":"repeat","background-position":"center center","background-size":"auto","background-attachment":"scroll","background-type":"","background-media":"","overlay-type":"","overlay-color":"","overlay-opacity":"","overlay-gradient":""},"mobile":{"background-color":"var(--ast-global-color-5)","background-image":"","background-repeat":"repeat","background-position":"center center","background-size":"auto","background-attachment":"scroll","background-type":"","background-media":"","overlay-type":"","overlay-color":"","overlay-opacity":"","overlay-gradient":""}},"_joinchat":[]},"product_brand":[],"product_cat":[42],"product_tag":[],"class_list":{"0":"post-5023","1":"product","2":"type-product","3":"status-publish","4":"has-post-thumbnail","6":"product_cat-dvd","7":"desktop-align-left","8":"tablet-align-left","9":"mobile-align-left","11":"first","12":"instock","13":"sale","14":"shipping-taxable","15":"purchasable","16":"product-type-simple"},"_links":{"self":[{"href":"https:\/\/cinemasoul.es\/index.php?rest_route=\/wp\/v2\/product\/5023","targetHints":{"allow":["GET"]}}],"collection":[{"href":"https:\/\/cinemasoul.es\/index.php?rest_route=\/wp\/v2\/product"}],"about":[{"href":"https:\/\/cinemasoul.es\/index.php?rest_route=\/wp\/v2\/types\/product"}],"replies":[{"embeddable":true,"href":"https:\/\/cinemasoul.es\/index.php?rest_route=%2Fwp%2Fv2%2Fcomments&post=5023"}],"version-history":[{"count":1,"href":"https:\/\/cinemasoul.es\/index.php?rest_route=\/wp\/v2\/product\/5023\/revisions"}],"predecessor-version":[{"id":5026,"href":"https:\/\/cinemasoul.es\/index.php?rest_route=\/wp\/v2\/product\/5023\/revisions\/5026"}],"wp:featuredmedia":[{"embeddable":true,"href":"https:\/\/cinemasoul.es\/index.php?rest_route=\/wp\/v2\/media\/5024"}],"wp:attachment":[{"href":"https:\/\/cinemasoul.es\/index.php?rest_route=%2Fwp%2Fv2%2Fmedia&parent=5023"}],"wp:term":[{"taxonomy":"product_brand","embeddable":true,"href":"https:\/\/cinemasoul.es\/index.php?rest_route=%2Fwp%2Fv2%2Fproduct_brand&post=5023"},{"taxonomy":"product_cat","embeddable":true,"href":"https:\/\/cinemasoul.es\/index.php?rest_route=%2Fwp%2Fv2%2Fproduct_cat&post=5023"},{"taxonomy":"product_tag","embeddable":true,"href":"https:\/\/cinemasoul.es\/index.php?rest_route=%2Fwp%2Fv2%2Fproduct_tag&post=5023"}],"curies":[{"name":"wp","href":"https:\/\/api.w.org\/{rel}","templated":true}]}}