{"id":5010,"date":"2022-06-10T10:57:34","date_gmt":"2022-06-10T10:57:34","guid":{"rendered":"https:\/\/www.cinemasoul.es\/?post_type=product&#038;p=5010"},"modified":"2022-06-10T10:57:34","modified_gmt":"2022-06-10T10:57:34","slug":"chicas-en-pie-de-guerra-dvd","status":"publish","type":"product","link":"https:\/\/cinemasoul.es\/?product=chicas-en-pie-de-guerra-dvd","title":{"rendered":"Chicas en Pie de Guerra [DVD]"},"content":{"rendered":"","protected":false},"excerpt":{"rendered":"<div id=\"tab-description\" class=\"tab-content\">\n<p>WARNER BROS. PICTURES presenta a<strong>\u00a0<\/strong>GOLDIE HAWN, KURT RUSSELL\u00a0EN\u00a0\u201cCHICAS EN PIE DE GUERRA\u201d\u00a0<em>(SWING SHIFT)\u00a0<\/em>UNA <strong>PRODUCCI\u00d3N<\/strong> DE\u00a0LANTANA\u00a0UNA <strong>PEL\u00cdCULA<\/strong> DE\u00a0JONATHAN DEMME\u00a0<strong>COPROTAGONIZADA<\/strong> POR\u00a0CHRISTINE LAHTI, FRED WARD, ED HARRIS\u00a0<strong>M\u00daSICA ORIGINAL<\/strong> DE\u00a0PATRICK WILLIAMS\u00a0<strong>PRODUCTORES EJECUTIVOS<\/strong>\u00a0ALEX WINITSKY\u00a0<strong>Y<\/strong>\u00a0ARLENE SELLERS\u00a0<strong>ESCRITA<\/strong> POR\u00a0ROB MORTON\u00a0<strong>PRODUCIDA<\/strong> POR\u00a0 JERRY BICK\u00a0<strong>DIRIGIDA<\/strong> POR\u00a0JONATHAN DEMME \u201cSomeone Waits For You\u201d\u00a0<strong>CANTADA<\/strong> POR\u00a0CARLY SIMON.<\/p>\n<p><strong>IDIOMAS<\/strong>: CASTELLANO E INGL\u00c9S CON SUBT\u00cdTULOS EN CASTELLANO\u00a0<strong>NACIONALIDAD:<\/strong>\u00a0ESTADOS UNIDOS\u00a0<strong>A\u00d1O<\/strong>: 1984\u00a0<strong>G\u00c9NERO<\/strong>: DRAMA\u00a0<strong>DURACI\u00d3N<\/strong>: 124\u2019\u00a0<strong>FORMATO<\/strong>: 4\/3 1.85\u00a0<strong>CLASIFICACI\u00d3N<\/strong>: NO RECOMENDADA PARA MENORES DE 18 A\u00d1OS.<\/p>\n<p><em>\u201cEl mejor papel de Goldie Hawn desde La recluta Benjam\u00edn.\u201d<\/em> <strong><em>&#8211;<\/em><\/strong> Vincent Canby, <em>THE NEW YORK TIMES \u00a0<\/em><em>\u201cHawn en su mejor momento. Chicas en pie de guerra\u00a0 alegra la vista y el esp\u00edritu.\u201d\u00a0<\/em>\u00a0&#8211; Joseph Gelmis, <em>NEWSDAY.\u00a0<\/em>Cuando quince millones de estadounidenses partieron a combatir en la Segunda Guerra Mundial, las mujeres que hasta entonces jam\u00e1s hab\u00edan trabajado en una f\u00e1brica atendieron la llamada de la naci\u00f3n y dieron lo mejor de s\u00ed mismas como contribuci\u00f3n al empe\u00f1o b\u00e9lico. Goldie Hawn, Kurt Russell, Christine Lahti (ganadora del Premio de la Cr\u00edtica de Nueva York y nominada al Oscar\u00ae a la Mejor Actriz de Reparto en 1984), Ed Harris, Fred Ward y Holly Hunter protagonizan esta historia sobre el amor y la decisiva aportaci\u00f3n de los civiles a la guerra. Dirigida por Jonathan Demme, ganador* de un Oscar\u00ae, <em>Chicas en pie de guerra<\/em> lanza una mirada nost\u00e1lgica a una \u00e9poca en que los ciudadanos normales y corrientes se vieron obligados a realizar actos extraordinarios. Aqu\u00e9l fue un momento irrepetible que cambi\u00f3 para siempre el modo de vida de los estadounidenses. Fiche usted tambi\u00e9n si quiere ser compa\u00f1ero de turno de las <em>Chicas en pie de guerra<\/em>.<\/p>\n<\/div>\n","protected":false},"featured_media":5011,"comment_status":"open","ping_status":"closed","template":"","meta":{"site-sidebar-layout":"default","site-content-layout":"default","ast-site-content-layout":"default","site-content-style":"default","site-sidebar-style":"default","ast-global-header-display":"","ast-banner-title-visibility":"","ast-main-header-display":"","ast-hfb-above-header-display":"","ast-hfb-below-header-display":"","ast-hfb-mobile-header-display":"","site-post-title":"","ast-breadcrumbs-content":"","ast-featured-img":"","footer-sml-layout":"","ast-disable-related-posts":"","theme-transparent-header-meta":"","adv-header-id-meta":"","stick-header-meta":"","header-above-stick-meta":"","header-main-stick-meta":"","header-below-stick-meta":"","astra-migrate-meta-layouts":"default","ast-page-background-enabled":"default","ast-page-background-meta":{"desktop":{"background-color":"","background-image":"","background-repeat":"repeat","background-position":"center center","background-size":"auto","background-attachment":"scroll","background-type":"","background-media":"","overlay-type":"","overlay-color":"","overlay-opacity":"","overlay-gradient":""},"tablet":{"background-color":"","background-image":"","background-repeat":"repeat","background-position":"center center","background-size":"auto","background-attachment":"scroll","background-type":"","background-media":"","overlay-type":"","overlay-color":"","overlay-opacity":"","overlay-gradient":""},"mobile":{"background-color":"","background-image":"","background-repeat":"repeat","background-position":"center center","background-size":"auto","background-attachment":"scroll","background-type":"","background-media":"","overlay-type":"","overlay-color":"","overlay-opacity":"","overlay-gradient":""}},"ast-content-background-meta":{"desktop":{"background-color":"var(--ast-global-color-5)","background-image":"","background-repeat":"repeat","background-position":"center center","background-size":"auto","background-attachment":"scroll","background-type":"","background-media":"","overlay-type":"","overlay-color":"","overlay-opacity":"","overlay-gradient":""},"tablet":{"background-color":"var(--ast-global-color-5)","background-image":"","background-repeat":"repeat","background-position":"center center","background-size":"auto","background-attachment":"scroll","background-type":"","background-media":"","overlay-type":"","overlay-color":"","overlay-opacity":"","overlay-gradient":""},"mobile":{"background-color":"var(--ast-global-color-5)","background-image":"","background-repeat":"repeat","background-position":"center center","background-size":"auto","background-attachment":"scroll","background-type":"","background-media":"","overlay-type":"","overlay-color":"","overlay-opacity":"","overlay-gradient":""}},"_joinchat":[]},"product_brand":[],"product_cat":[42],"product_tag":[],"class_list":{"0":"post-5010","1":"product","2":"type-product","3":"status-publish","4":"has-post-thumbnail","6":"product_cat-dvd","7":"desktop-align-left","8":"tablet-align-left","9":"mobile-align-left","11":"first","12":"instock","13":"sale","14":"shipping-taxable","15":"purchasable","16":"product-type-simple"},"_links":{"self":[{"href":"https:\/\/cinemasoul.es\/index.php?rest_route=\/wp\/v2\/product\/5010","targetHints":{"allow":["GET"]}}],"collection":[{"href":"https:\/\/cinemasoul.es\/index.php?rest_route=\/wp\/v2\/product"}],"about":[{"href":"https:\/\/cinemasoul.es\/index.php?rest_route=\/wp\/v2\/types\/product"}],"replies":[{"embeddable":true,"href":"https:\/\/cinemasoul.es\/index.php?rest_route=%2Fwp%2Fv2%2Fcomments&post=5010"}],"version-history":[{"count":2,"href":"https:\/\/cinemasoul.es\/index.php?rest_route=\/wp\/v2\/product\/5010\/revisions"}],"predecessor-version":[{"id":5015,"href":"https:\/\/cinemasoul.es\/index.php?rest_route=\/wp\/v2\/product\/5010\/revisions\/5015"}],"wp:featuredmedia":[{"embeddable":true,"href":"https:\/\/cinemasoul.es\/index.php?rest_route=\/wp\/v2\/media\/5011"}],"wp:attachment":[{"href":"https:\/\/cinemasoul.es\/index.php?rest_route=%2Fwp%2Fv2%2Fmedia&parent=5010"}],"wp:term":[{"taxonomy":"product_brand","embeddable":true,"href":"https:\/\/cinemasoul.es\/index.php?rest_route=%2Fwp%2Fv2%2Fproduct_brand&post=5010"},{"taxonomy":"product_cat","embeddable":true,"href":"https:\/\/cinemasoul.es\/index.php?rest_route=%2Fwp%2Fv2%2Fproduct_cat&post=5010"},{"taxonomy":"product_tag","embeddable":true,"href":"https:\/\/cinemasoul.es\/index.php?rest_route=%2Fwp%2Fv2%2Fproduct_tag&post=5010"}],"curies":[{"name":"wp","href":"https:\/\/api.w.org\/{rel}","templated":true}]}}