{"id":5006,"date":"2022-06-10T10:48:43","date_gmt":"2022-06-10T10:48:43","guid":{"rendered":"https:\/\/www.cinemasoul.es\/?post_type=product&#038;p=5006"},"modified":"2022-06-10T10:48:43","modified_gmt":"2022-06-10T10:48:43","slug":"cautivos-del-mal-dvd","status":"publish","type":"product","link":"https:\/\/cinemasoul.es\/?product=cautivos-del-mal-dvd","title":{"rendered":"Cautivos del mal [DVD]"},"content":{"rendered":"","protected":false},"excerpt":{"rendered":"<div id=\"tab-description\" class=\"tab-content\">\n<p><em>\u2018Una de las cl\u00e1sicas historias de los \u2018entresijos\u2019 de Hollywood\u2019<\/em> \u2013 Michael Barson, The Illustrated Who\u2019s Who of Hollywood Directors<\/p>\n<p>MGM presenta Lana Turner, Kirk Douglas, Walter Pidgeon, Dick Powell en \u201cCautivos del mal\u201d\u00a0<strong>Coprotagonistas<\/strong> Barry Sullivan, Gloria Grahame, Gilbert Roland con Leo G. Carrol, Vanessa Brown\u00a0<strong>Gui\u00f3n<\/strong> de Charles Schnee\u00a0Basado en una <strong>historia<\/strong> de George Bradshaw\u00a0<strong>Dirigido<\/strong> por Vicente Minelli\u00a0<strong>Producido<\/strong> por John Houseman\u00a0Un <strong>filme<\/strong> de Metro Goldwyn Mayer<\/p>\n<p><strong>Formato de pantalla<\/strong>: 4\/3 (1.33:1)\u00a0<strong>Idiomas<\/strong>: Castellano e Ingl\u00e9s con subt\u00edtulos en Castellano\u00a0<strong>A\u00f1o<\/strong>: 1952\u00a0<strong>G\u00e9nero<\/strong>: Drama\u00a0<strong>Nacionalidad<\/strong>: Estados Unidos\u00a0<strong>Blanco y Negro<\/strong> Para \u00e1mbito dom\u00e9stico\u00a0<strong>Certificado de calificaci\u00f3n<\/strong> N\u00ba 53.829 No recomendada para menores de 7 a\u00f1os\u00a0<strong>Dep\u00f3sito legal<\/strong>: TF: 1583-2008\u00a0<strong>Duraci\u00f3n<\/strong>: 113 minutos aprox.<\/p>\n<p>Las apariencias lo son todo en Hollywood. As\u00ed que cuando el maquinador cineasta Jonathan Shields se percata de que asistir\u00e1n pocos dolientes al funeral de su maquiav\u00e9lico padre, sabe qu\u00e9 debe hacer: contratar algunos extras. Kirk Douglas realiza una actuaci\u00f3n magn\u00e9tica, que le vali\u00f3 una nominaci\u00f3n al Oscar\u00ae por el papel de Shields, un personaje que convierte en talento, el carisma y la crueldad en \u00e9xitos de taquilla, destrozando carreras y granje\u00e1ndose enemigos por el camino. Vicente Minnelli dirige esta pel\u00edcula, ganadora de cinco premios de la Academia, que es mucho m\u00e1s que una atractiva mirada interior de Hollywood: es una oportunidad para que los cin\u00e9filos adivinen qu\u00e9 estrellas y magnates de la vida real inspiraron los papeles interpretados por Douglas, Lana Turner, Walter Pidgeon, Dick Powell y la ganadora del Oscar\u00ae Gloria Grahame, entre otros.<\/p>\n<\/div>\n","protected":false},"featured_media":5007,"comment_status":"open","ping_status":"closed","template":"","meta":{"site-sidebar-layout":"default","site-content-layout":"default","ast-site-content-layout":"default","site-content-style":"default","site-sidebar-style":"default","ast-global-header-display":"","ast-banner-title-visibility":"","ast-main-header-display":"","ast-hfb-above-header-display":"","ast-hfb-below-header-display":"","ast-hfb-mobile-header-display":"","site-post-title":"","ast-breadcrumbs-content":"","ast-featured-img":"","footer-sml-layout":"","ast-disable-related-posts":"","theme-transparent-header-meta":"","adv-header-id-meta":"","stick-header-meta":"","header-above-stick-meta":"","header-main-stick-meta":"","header-below-stick-meta":"","astra-migrate-meta-layouts":"default","ast-page-background-enabled":"default","ast-page-background-meta":{"desktop":{"background-color":"","background-image":"","background-repeat":"repeat","background-position":"center center","background-size":"auto","background-attachment":"scroll","background-type":"","background-media":"","overlay-type":"","overlay-color":"","overlay-opacity":"","overlay-gradient":""},"tablet":{"background-color":"","background-image":"","background-repeat":"repeat","background-position":"center center","background-size":"auto","background-attachment":"scroll","background-type":"","background-media":"","overlay-type":"","overlay-color":"","overlay-opacity":"","overlay-gradient":""},"mobile":{"background-color":"","background-image":"","background-repeat":"repeat","background-position":"center center","background-size":"auto","background-attachment":"scroll","background-type":"","background-media":"","overlay-type":"","overlay-color":"","overlay-opacity":"","overlay-gradient":""}},"ast-content-background-meta":{"desktop":{"background-color":"var(--ast-global-color-5)","background-image":"","background-repeat":"repeat","background-position":"center center","background-size":"auto","background-attachment":"scroll","background-type":"","background-media":"","overlay-type":"","overlay-color":"","overlay-opacity":"","overlay-gradient":""},"tablet":{"background-color":"var(--ast-global-color-5)","background-image":"","background-repeat":"repeat","background-position":"center center","background-size":"auto","background-attachment":"scroll","background-type":"","background-media":"","overlay-type":"","overlay-color":"","overlay-opacity":"","overlay-gradient":""},"mobile":{"background-color":"var(--ast-global-color-5)","background-image":"","background-repeat":"repeat","background-position":"center center","background-size":"auto","background-attachment":"scroll","background-type":"","background-media":"","overlay-type":"","overlay-color":"","overlay-opacity":"","overlay-gradient":""}},"_joinchat":[]},"product_brand":[],"product_cat":[42],"product_tag":[],"class_list":{"0":"post-5006","1":"product","2":"type-product","3":"status-publish","4":"has-post-thumbnail","6":"product_cat-dvd","7":"desktop-align-left","8":"tablet-align-left","9":"mobile-align-left","11":"first","12":"instock","13":"shipping-taxable","14":"purchasable","15":"product-type-simple"},"_links":{"self":[{"href":"https:\/\/cinemasoul.es\/index.php?rest_route=\/wp\/v2\/product\/5006","targetHints":{"allow":["GET"]}}],"collection":[{"href":"https:\/\/cinemasoul.es\/index.php?rest_route=\/wp\/v2\/product"}],"about":[{"href":"https:\/\/cinemasoul.es\/index.php?rest_route=\/wp\/v2\/types\/product"}],"replies":[{"embeddable":true,"href":"https:\/\/cinemasoul.es\/index.php?rest_route=%2Fwp%2Fv2%2Fcomments&post=5006"}],"version-history":[{"count":1,"href":"https:\/\/cinemasoul.es\/index.php?rest_route=\/wp\/v2\/product\/5006\/revisions"}],"predecessor-version":[{"id":5009,"href":"https:\/\/cinemasoul.es\/index.php?rest_route=\/wp\/v2\/product\/5006\/revisions\/5009"}],"wp:featuredmedia":[{"embeddable":true,"href":"https:\/\/cinemasoul.es\/index.php?rest_route=\/wp\/v2\/media\/5007"}],"wp:attachment":[{"href":"https:\/\/cinemasoul.es\/index.php?rest_route=%2Fwp%2Fv2%2Fmedia&parent=5006"}],"wp:term":[{"taxonomy":"product_brand","embeddable":true,"href":"https:\/\/cinemasoul.es\/index.php?rest_route=%2Fwp%2Fv2%2Fproduct_brand&post=5006"},{"taxonomy":"product_cat","embeddable":true,"href":"https:\/\/cinemasoul.es\/index.php?rest_route=%2Fwp%2Fv2%2Fproduct_cat&post=5006"},{"taxonomy":"product_tag","embeddable":true,"href":"https:\/\/cinemasoul.es\/index.php?rest_route=%2Fwp%2Fv2%2Fproduct_tag&post=5006"}],"curies":[{"name":"wp","href":"https:\/\/api.w.org\/{rel}","templated":true}]}}