{"id":5002,"date":"2022-06-10T10:37:52","date_gmt":"2022-06-10T10:37:52","guid":{"rendered":"https:\/\/www.cinemasoul.es\/?post_type=product&#038;p=5002"},"modified":"2022-06-10T10:37:52","modified_gmt":"2022-06-10T10:37:52","slug":"venganza-diabolica-dvd","status":"publish","type":"product","link":"https:\/\/cinemasoul.es\/?product=venganza-diabolica-dvd","title":{"rendered":"Venganza diab\u00f3lica [DVD]"},"content":{"rendered":"","protected":false},"excerpt":{"rendered":"<p><strong>COLUMBIA PICTURES<\/strong>\u00a0PRESENTA UNA PRODUCCI\u00d3N\u00a0DE\u00a0HAMMER FILM<strong>\u00a0<\/strong>KERWIN MATHEWS, NADIA GRAY\u00a0EN \u00a0\u201cVENGANZA DIAB\u00d3LICA\u201d (<em>THE MANIAC<\/em>)\u00a0<strong>COPROTAGONIZADA <\/strong>POR\u00a0DONALD HOUSTON, LILIANE BROUSSE.\u00a0<strong>ESCRITA <\/strong>Y <strong>PRODUCIDA <\/strong>POR\u00a0JIMMY SANGSTER.\u00a0<strong>DIRIGIDA <\/strong>POR\u00a0MICHAEL CARRERAS.<\/p>\n<p><strong>A\u00d1O<\/strong>: 1962 <strong>G\u00c9NERO<\/strong>: TERROR <strong>NACIONALIDAD<\/strong>: REINO UNIDO <strong>COLOR<\/strong>:\u00a0BLANCO Y NEGRO\u00a0<strong>DURACI\u00d3N<\/strong>: 83 MIN. APROX. <strong>IDIOMAS<\/strong>: CASTELLANO E INGL\u00c9S <strong>SUBT\u00cdTULOS<\/strong>: CASTELLANO <strong>FORMATO DE PANTALLA<\/strong>:\u00a016\/9 2.35:1\u00a0<strong>CERTIFICADO DE CLASIFICACI\u00d3N\u00a0<\/strong>ICAA N\u00ba:127.324.\u00a0<strong>CLASIFICACI\u00d3N<\/strong>: NO RECOMENDADA PARA MENORES DE 7 A\u00d1OS.\u00a0<strong>DEP\u00d3SITO LEGAL\u00a0<\/strong>TF 113-2013.<\/p>\n<p>A Camarga, regi\u00f3n del sur de Francia, llega el joven pintor norteamericano Pual Farrell (Kerwin Mattews). Huyendo de una extra\u00f1a historia amorosa con una rica heredera, recala en un hostal en el que trabar\u00e1 contacto con Eve Beynat (Nadia Grey) y su hijastra Anette (Liliane Brouse). La primera es la esposa de George, quien cuatro a\u00f1os atr\u00e1s cometi\u00f3 un cruel asesinato en la persona de un hombre que abus\u00f3 de Anette, siendo internado en un manicomio. Paul coquetear\u00e1 con las dos mujeres que regentan el bar del establecimiento, hasta que decida mantener una relaci\u00f3n m\u00e1s estrecha con Eve, quien le har\u00e1 part\u00edcipe de un plan ideado por su esposo para hacerle escapar del manicomio, y con su hu\u00edda propiciar que esta pueda iniciar una nueva vida sin tener presente la sombra de su marido. La cita se celebrar\u00e1 una noche, y en apariencia esta resultar\u00e1 un \u00e9xito. Sin embargo, ello no ser\u00e1 m\u00e1s que el inicio de una pesadilla en la que se sumir\u00e1 tanto el norteamericano como la esposa e hija del huido.<\/p>\n","protected":false},"featured_media":5003,"comment_status":"open","ping_status":"closed","template":"","meta":{"site-sidebar-layout":"default","site-content-layout":"default","ast-site-content-layout":"default","site-content-style":"default","site-sidebar-style":"default","ast-global-header-display":"","ast-banner-title-visibility":"","ast-main-header-display":"","ast-hfb-above-header-display":"","ast-hfb-below-header-display":"","ast-hfb-mobile-header-display":"","site-post-title":"","ast-breadcrumbs-content":"","ast-featured-img":"","footer-sml-layout":"","ast-disable-related-posts":"","theme-transparent-header-meta":"","adv-header-id-meta":"","stick-header-meta":"","header-above-stick-meta":"","header-main-stick-meta":"","header-below-stick-meta":"","astra-migrate-meta-layouts":"default","ast-page-background-enabled":"default","ast-page-background-meta":{"desktop":{"background-color":"","background-image":"","background-repeat":"repeat","background-position":"center center","background-size":"auto","background-attachment":"scroll","background-type":"","background-media":"","overlay-type":"","overlay-color":"","overlay-opacity":"","overlay-gradient":""},"tablet":{"background-color":"","background-image":"","background-repeat":"repeat","background-position":"center center","background-size":"auto","background-attachment":"scroll","background-type":"","background-media":"","overlay-type":"","overlay-color":"","overlay-opacity":"","overlay-gradient":""},"mobile":{"background-color":"","background-image":"","background-repeat":"repeat","background-position":"center center","background-size":"auto","background-attachment":"scroll","background-type":"","background-media":"","overlay-type":"","overlay-color":"","overlay-opacity":"","overlay-gradient":""}},"ast-content-background-meta":{"desktop":{"background-color":"var(--ast-global-color-5)","background-image":"","background-repeat":"repeat","background-position":"center center","background-size":"auto","background-attachment":"scroll","background-type":"","background-media":"","overlay-type":"","overlay-color":"","overlay-opacity":"","overlay-gradient":""},"tablet":{"background-color":"var(--ast-global-color-5)","background-image":"","background-repeat":"repeat","background-position":"center center","background-size":"auto","background-attachment":"scroll","background-type":"","background-media":"","overlay-type":"","overlay-color":"","overlay-opacity":"","overlay-gradient":""},"mobile":{"background-color":"var(--ast-global-color-5)","background-image":"","background-repeat":"repeat","background-position":"center center","background-size":"auto","background-attachment":"scroll","background-type":"","background-media":"","overlay-type":"","overlay-color":"","overlay-opacity":"","overlay-gradient":""}},"_joinchat":[]},"product_brand":[],"product_cat":[42],"product_tag":[],"class_list":{"0":"post-5002","1":"product","2":"type-product","3":"status-publish","4":"has-post-thumbnail","6":"product_cat-dvd","7":"desktop-align-left","8":"tablet-align-left","9":"mobile-align-left","11":"first","12":"instock","13":"sale","14":"shipping-taxable","15":"purchasable","16":"product-type-simple"},"_links":{"self":[{"href":"https:\/\/cinemasoul.es\/index.php?rest_route=\/wp\/v2\/product\/5002","targetHints":{"allow":["GET"]}}],"collection":[{"href":"https:\/\/cinemasoul.es\/index.php?rest_route=\/wp\/v2\/product"}],"about":[{"href":"https:\/\/cinemasoul.es\/index.php?rest_route=\/wp\/v2\/types\/product"}],"replies":[{"embeddable":true,"href":"https:\/\/cinemasoul.es\/index.php?rest_route=%2Fwp%2Fv2%2Fcomments&post=5002"}],"version-history":[{"count":1,"href":"https:\/\/cinemasoul.es\/index.php?rest_route=\/wp\/v2\/product\/5002\/revisions"}],"predecessor-version":[{"id":5005,"href":"https:\/\/cinemasoul.es\/index.php?rest_route=\/wp\/v2\/product\/5002\/revisions\/5005"}],"wp:featuredmedia":[{"embeddable":true,"href":"https:\/\/cinemasoul.es\/index.php?rest_route=\/wp\/v2\/media\/5003"}],"wp:attachment":[{"href":"https:\/\/cinemasoul.es\/index.php?rest_route=%2Fwp%2Fv2%2Fmedia&parent=5002"}],"wp:term":[{"taxonomy":"product_brand","embeddable":true,"href":"https:\/\/cinemasoul.es\/index.php?rest_route=%2Fwp%2Fv2%2Fproduct_brand&post=5002"},{"taxonomy":"product_cat","embeddable":true,"href":"https:\/\/cinemasoul.es\/index.php?rest_route=%2Fwp%2Fv2%2Fproduct_cat&post=5002"},{"taxonomy":"product_tag","embeddable":true,"href":"https:\/\/cinemasoul.es\/index.php?rest_route=%2Fwp%2Fv2%2Fproduct_tag&post=5002"}],"curies":[{"name":"wp","href":"https:\/\/api.w.org\/{rel}","templated":true}]}}