{"id":4998,"date":"2022-06-10T10:29:41","date_gmt":"2022-06-10T10:29:41","guid":{"rendered":"https:\/\/www.cinemasoul.es\/?post_type=product&#038;p=4998"},"modified":"2022-06-10T10:29:41","modified_gmt":"2022-06-10T10:29:41","slug":"una-extrana-pareja-de-polis-dvd","status":"publish","type":"product","link":"https:\/\/cinemasoul.es\/?product=una-extrana-pareja-de-polis-dvd","title":{"rendered":"Una extra\u00f1a pareja de polis [DVD]"},"content":{"rendered":"","protected":false},"excerpt":{"rendered":"<p><strong>WARNER BROS. <\/strong>PICTURES PRESENTA A\u00a0JAMES CAAN, ALAN ARKIN EN \u201cUNA EXTRA\u00d1A PAREJA DE POLIS\u201d (<em>FREEBIE AND THE BEAN<\/em>).\u00a0<strong>COPROTAGONIZADA <\/strong>POR LORETTA SWIT, JACK KRUSCHEN CON ALEX ROCCO Y VALERIE HARPER.\u00a0<strong>GUI\u00d3N <\/strong>DE ROBERT KAUFMAN.\u00a0<strong>PRODUCTOR EJECUTIVO<\/strong> FLOYD MUTRUX.\u00a0<strong>PRODUCIDA Y DIRIGIDA POR<\/strong> RICHARD RUSH.\u00a0<strong>PANAVISION<\/strong>\u00ae \u00a0<strong>TECHNICOLOR<\/strong>\u00ae<\/p>\n<p><strong>IDIOMAS<\/strong>: CASTELLANO E INGL\u00c9S CON SUBT\u00cdTULOS EN CASTELLANO.\u00a0<strong>NACIONALIDAD<\/strong>: ESTADOS UNIDOS.\u00a0<strong>A\u00d1O<\/strong>: 1974.\u00a0<strong>G\u00c9NERO<\/strong>: ACCI\u00d3N &#8211; COMEDIA.\u00a0<strong>DURACI\u00d3N<\/strong>: 108&#8242; Aprx.\u00a0<strong>FORMATO<\/strong>: 4&#215;3 (2.35.1).\u00a0<strong>COLOR<\/strong>.<strong>\u00a0<\/strong><strong>FEERTS<\/strong>: 1000190177.\u00a0<strong>EAN<\/strong>: 5051893047820.\u00a0<strong>DEP\u00d3SITO LEGAL<\/strong>: TF: 161 &#8211; 2011.\u00a0<strong>N\u00ba DE EXPEDIENTE<\/strong>: 119.881.\u00a0<strong>CLASIFICACI\u00d3N<\/strong>: NO RECOMENDADA PARA MENORES DE 18 A\u00d1OS<\/p>\n<p><strong><em>Por encima de todo\u2026 es una historia de amor.<\/em><\/strong><\/p>\n<p>\u00bfA qu\u00e9 polic\u00edas en su sano juicio se le ocurre detener a un conocido mafioso por exhibici\u00f3n indecente al llevar bajada la cremallera del pantal\u00f3n? La respuesta es que a ninguno. Pero la respuesta tambi\u00e9n es Freebie Waters y Benito \u201cBean\u201d (Jud\u00edas) Vasquez, que seguramente no est\u00e1n bien de la cabeza.\u00a0James Caan y el ganador* del Oscar\u00ae Alan Arkin son Freebie y \u201cBean\u201d, dos polic\u00edas muy diferentes de la ciudad San Francisco, que persiguen a un conocido gangster como si se tratara de una carrera de demolici\u00f3n, insult\u00e1ndose, chill\u00e1ndose y bromeando durante todo el tiempo. Dirigida por Richard Rush (<em>El especialista<\/em>), esta aventura englobada en el g\u00e9nero de \u201cpel\u00edculas de colegas\u201d sigue la senda de conocidas cintas como <em>Bullitt<\/em> y <em>French Connection<\/em>, pero se convierte en un referente en los films de persecuciones y de \u201cquemar ruedas\u201d con cuatro escenas de ese tipo y\u00a0 m\u00e1s de 100 coches estrellados. Cargada de humor y potencia de fuego, \u201c<em>Una extra\u00f1a pareja de polis<\/em>\u201d se convirti\u00f3 en uno de los \u00e9xitos favoritos para el p\u00fablico.<\/p>\n","protected":false},"featured_media":4999,"comment_status":"open","ping_status":"closed","template":"","meta":{"site-sidebar-layout":"default","site-content-layout":"default","ast-site-content-layout":"default","site-content-style":"default","site-sidebar-style":"default","ast-global-header-display":"","ast-banner-title-visibility":"","ast-main-header-display":"","ast-hfb-above-header-display":"","ast-hfb-below-header-display":"","ast-hfb-mobile-header-display":"","site-post-title":"","ast-breadcrumbs-content":"","ast-featured-img":"","footer-sml-layout":"","ast-disable-related-posts":"","theme-transparent-header-meta":"","adv-header-id-meta":"","stick-header-meta":"","header-above-stick-meta":"","header-main-stick-meta":"","header-below-stick-meta":"","astra-migrate-meta-layouts":"default","ast-page-background-enabled":"default","ast-page-background-meta":{"desktop":{"background-color":"","background-image":"","background-repeat":"repeat","background-position":"center center","background-size":"auto","background-attachment":"scroll","background-type":"","background-media":"","overlay-type":"","overlay-color":"","overlay-opacity":"","overlay-gradient":""},"tablet":{"background-color":"","background-image":"","background-repeat":"repeat","background-position":"center center","background-size":"auto","background-attachment":"scroll","background-type":"","background-media":"","overlay-type":"","overlay-color":"","overlay-opacity":"","overlay-gradient":""},"mobile":{"background-color":"","background-image":"","background-repeat":"repeat","background-position":"center center","background-size":"auto","background-attachment":"scroll","background-type":"","background-media":"","overlay-type":"","overlay-color":"","overlay-opacity":"","overlay-gradient":""}},"ast-content-background-meta":{"desktop":{"background-color":"var(--ast-global-color-5)","background-image":"","background-repeat":"repeat","background-position":"center center","background-size":"auto","background-attachment":"scroll","background-type":"","background-media":"","overlay-type":"","overlay-color":"","overlay-opacity":"","overlay-gradient":""},"tablet":{"background-color":"var(--ast-global-color-5)","background-image":"","background-repeat":"repeat","background-position":"center center","background-size":"auto","background-attachment":"scroll","background-type":"","background-media":"","overlay-type":"","overlay-color":"","overlay-opacity":"","overlay-gradient":""},"mobile":{"background-color":"var(--ast-global-color-5)","background-image":"","background-repeat":"repeat","background-position":"center center","background-size":"auto","background-attachment":"scroll","background-type":"","background-media":"","overlay-type":"","overlay-color":"","overlay-opacity":"","overlay-gradient":""}},"_joinchat":[]},"product_brand":[],"product_cat":[42],"product_tag":[],"class_list":{"0":"post-4998","1":"product","2":"type-product","3":"status-publish","4":"has-post-thumbnail","6":"product_cat-dvd","7":"desktop-align-left","8":"tablet-align-left","9":"mobile-align-left","11":"first","12":"instock","13":"sale","14":"shipping-taxable","15":"purchasable","16":"product-type-simple"},"_links":{"self":[{"href":"https:\/\/cinemasoul.es\/index.php?rest_route=\/wp\/v2\/product\/4998","targetHints":{"allow":["GET"]}}],"collection":[{"href":"https:\/\/cinemasoul.es\/index.php?rest_route=\/wp\/v2\/product"}],"about":[{"href":"https:\/\/cinemasoul.es\/index.php?rest_route=\/wp\/v2\/types\/product"}],"replies":[{"embeddable":true,"href":"https:\/\/cinemasoul.es\/index.php?rest_route=%2Fwp%2Fv2%2Fcomments&post=4998"}],"version-history":[{"count":1,"href":"https:\/\/cinemasoul.es\/index.php?rest_route=\/wp\/v2\/product\/4998\/revisions"}],"predecessor-version":[{"id":5001,"href":"https:\/\/cinemasoul.es\/index.php?rest_route=\/wp\/v2\/product\/4998\/revisions\/5001"}],"wp:featuredmedia":[{"embeddable":true,"href":"https:\/\/cinemasoul.es\/index.php?rest_route=\/wp\/v2\/media\/4999"}],"wp:attachment":[{"href":"https:\/\/cinemasoul.es\/index.php?rest_route=%2Fwp%2Fv2%2Fmedia&parent=4998"}],"wp:term":[{"taxonomy":"product_brand","embeddable":true,"href":"https:\/\/cinemasoul.es\/index.php?rest_route=%2Fwp%2Fv2%2Fproduct_brand&post=4998"},{"taxonomy":"product_cat","embeddable":true,"href":"https:\/\/cinemasoul.es\/index.php?rest_route=%2Fwp%2Fv2%2Fproduct_cat&post=4998"},{"taxonomy":"product_tag","embeddable":true,"href":"https:\/\/cinemasoul.es\/index.php?rest_route=%2Fwp%2Fv2%2Fproduct_tag&post=4998"}],"curies":[{"name":"wp","href":"https:\/\/api.w.org\/{rel}","templated":true}]}}