{"id":4991,"date":"2022-06-10T10:14:02","date_gmt":"2022-06-10T10:14:02","guid":{"rendered":"https:\/\/www.cinemasoul.es\/?post_type=product&#038;p=4991"},"modified":"2022-06-10T10:16:41","modified_gmt":"2022-06-10T10:16:41","slug":"tragica-informacion-dvd","status":"publish","type":"product","link":"https:\/\/cinemasoul.es\/?product=tragica-informacion-dvd","title":{"rendered":"Tr\u00e1gica Informaci\u00f3n [DVD]"},"content":{"rendered":"","protected":false},"excerpt":{"rendered":"<div id=\"tab-description\" class=\"tab-content\">\n<p>BRODERICK CRAWFORD, DONNA REED, JOHN DEREK\u00a0EN\u00a0\u00abTR\u00c1GICA INFORMACI\u00d3N\u00bb (<em>SCANDAL SHEET<\/em>)\u00a0<strong>COPROTAGONIZADA<\/strong> POR\u00a0ROSEMARY DECAMP, HENRY O&#8217;NEILL, HARRY MORGAN, JAMES MILLICAN\u00a0<strong>GUI\u00d3N<\/strong> DE\u00a0SAMUEL FULLER Y EUGENE LING\u00a0BASADO EN LA <strong>NOVELA<\/strong> DE\u00a0SAMUEL FULLER\u00a0<strong>FOTOGRAF\u00cdA<\/strong> DE\u00a0BURNETT GUFFE <strong>M\u00daSICA<\/strong> DE\u00a0GEORGE DUNING\u00a0<strong>DIRIGIDA<\/strong> POR\u00a0PHIL KARLSON<\/p>\n<p><strong>A\u00d1O<\/strong>: 1952.\u00a0<strong>NACIONALIDAD<\/strong>:<strong>\u00a0<\/strong>ESTADOS UNIDOS.\u00a0<strong>GENERO<\/strong>: CRIMEN. BLANCO Y NEGRO. <strong>IDIOMAS<\/strong>: CASTELLANO E INGL\u00c9S CON SUBT\u00cdTULOS EN CASTELLANO. N\u00ba DE EXPEDIENTE: 129.172. <strong>CLASIFICACI\u00d3N<\/strong>: NO RECOMENDADA A MENORES DE 7 A\u00d1OS. <strong>DURACI\u00d3N<\/strong>:\u00a078 MINUTOS. <strong>FORMATO<\/strong>: 4\/3 1:37.1<\/p>\n<p>El editor de un peri\u00f3dico (Broderick Crawford) orienta su tono editorial hacia el amarillismo, irritando a sus conservadores inversores pero llen\u00e1ndole los bolsillos con sus, cada vez mayores, ventas. Su estilo es el sensacionalismo y la ausencia de l\u00edmites, preceptos compartidos por el periodista estrella (John Derek), pero por la novia de \u00e9ste \u00faltimo (Dona Reed) que es columnista del diario. Pero el editor tiene un pasado para ocultar y durante una discusi\u00f3n con su obsesiva ex mujer se pone un poco violento, provoc\u00e1ndole la muerte.<\/p>\n<\/div>\n","protected":false},"featured_media":4992,"comment_status":"open","ping_status":"closed","template":"","meta":{"site-sidebar-layout":"default","site-content-layout":"default","ast-site-content-layout":"default","site-content-style":"default","site-sidebar-style":"default","ast-global-header-display":"","ast-banner-title-visibility":"","ast-main-header-display":"","ast-hfb-above-header-display":"","ast-hfb-below-header-display":"","ast-hfb-mobile-header-display":"","site-post-title":"","ast-breadcrumbs-content":"","ast-featured-img":"","footer-sml-layout":"","ast-disable-related-posts":"","theme-transparent-header-meta":"","adv-header-id-meta":"","stick-header-meta":"","header-above-stick-meta":"","header-main-stick-meta":"","header-below-stick-meta":"","astra-migrate-meta-layouts":"default","ast-page-background-enabled":"default","ast-page-background-meta":{"desktop":{"background-color":"","background-image":"","background-repeat":"repeat","background-position":"center center","background-size":"auto","background-attachment":"scroll","background-type":"","background-media":"","overlay-type":"","overlay-color":"","overlay-opacity":"","overlay-gradient":""},"tablet":{"background-color":"","background-image":"","background-repeat":"repeat","background-position":"center center","background-size":"auto","background-attachment":"scroll","background-type":"","background-media":"","overlay-type":"","overlay-color":"","overlay-opacity":"","overlay-gradient":""},"mobile":{"background-color":"","background-image":"","background-repeat":"repeat","background-position":"center center","background-size":"auto","background-attachment":"scroll","background-type":"","background-media":"","overlay-type":"","overlay-color":"","overlay-opacity":"","overlay-gradient":""}},"ast-content-background-meta":{"desktop":{"background-color":"var(--ast-global-color-5)","background-image":"","background-repeat":"repeat","background-position":"center center","background-size":"auto","background-attachment":"scroll","background-type":"","background-media":"","overlay-type":"","overlay-color":"","overlay-opacity":"","overlay-gradient":""},"tablet":{"background-color":"var(--ast-global-color-5)","background-image":"","background-repeat":"repeat","background-position":"center center","background-size":"auto","background-attachment":"scroll","background-type":"","background-media":"","overlay-type":"","overlay-color":"","overlay-opacity":"","overlay-gradient":""},"mobile":{"background-color":"var(--ast-global-color-5)","background-image":"","background-repeat":"repeat","background-position":"center center","background-size":"auto","background-attachment":"scroll","background-type":"","background-media":"","overlay-type":"","overlay-color":"","overlay-opacity":"","overlay-gradient":""}},"_joinchat":[]},"product_brand":[],"product_cat":[42],"product_tag":[],"class_list":{"0":"post-4991","1":"product","2":"type-product","3":"status-publish","4":"has-post-thumbnail","6":"product_cat-dvd","7":"desktop-align-left","8":"tablet-align-left","9":"mobile-align-left","11":"first","12":"instock","13":"sale","14":"shipping-taxable","15":"purchasable","16":"product-type-simple"},"_links":{"self":[{"href":"https:\/\/cinemasoul.es\/index.php?rest_route=\/wp\/v2\/product\/4991","targetHints":{"allow":["GET"]}}],"collection":[{"href":"https:\/\/cinemasoul.es\/index.php?rest_route=\/wp\/v2\/product"}],"about":[{"href":"https:\/\/cinemasoul.es\/index.php?rest_route=\/wp\/v2\/types\/product"}],"replies":[{"embeddable":true,"href":"https:\/\/cinemasoul.es\/index.php?rest_route=%2Fwp%2Fv2%2Fcomments&post=4991"}],"version-history":[{"count":1,"href":"https:\/\/cinemasoul.es\/index.php?rest_route=\/wp\/v2\/product\/4991\/revisions"}],"predecessor-version":[{"id":4994,"href":"https:\/\/cinemasoul.es\/index.php?rest_route=\/wp\/v2\/product\/4991\/revisions\/4994"}],"wp:featuredmedia":[{"embeddable":true,"href":"https:\/\/cinemasoul.es\/index.php?rest_route=\/wp\/v2\/media\/4992"}],"wp:attachment":[{"href":"https:\/\/cinemasoul.es\/index.php?rest_route=%2Fwp%2Fv2%2Fmedia&parent=4991"}],"wp:term":[{"taxonomy":"product_brand","embeddable":true,"href":"https:\/\/cinemasoul.es\/index.php?rest_route=%2Fwp%2Fv2%2Fproduct_brand&post=4991"},{"taxonomy":"product_cat","embeddable":true,"href":"https:\/\/cinemasoul.es\/index.php?rest_route=%2Fwp%2Fv2%2Fproduct_cat&post=4991"},{"taxonomy":"product_tag","embeddable":true,"href":"https:\/\/cinemasoul.es\/index.php?rest_route=%2Fwp%2Fv2%2Fproduct_tag&post=4991"}],"curies":[{"name":"wp","href":"https:\/\/api.w.org\/{rel}","templated":true}]}}