{"id":4987,"date":"2022-06-10T10:05:16","date_gmt":"2022-06-10T10:05:16","guid":{"rendered":"https:\/\/www.cinemasoul.es\/?post_type=product&#038;p=4987"},"modified":"2022-06-10T10:05:16","modified_gmt":"2022-06-10T10:05:16","slug":"soy-un-fugitivo-dvd","status":"publish","type":"product","link":"https:\/\/cinemasoul.es\/?product=soy-un-fugitivo-dvd","title":{"rendered":"Soy un fugitivo [DVD]"},"content":{"rendered":"","protected":false},"excerpt":{"rendered":"<p><em>A\u00fan contin\u00faa siendo impactante. Su inquietante final es recordado por sobradas razones\u201d.<\/em> &#8211; Leonard Maltin\u2019s Movie Guide.<\/p>\n<p><strong>T\u00edtulo Original<\/strong>: <em>I AM A FUGITIVE FROM CHAIN GANG<\/em>) DE ROBERT E. BURNS\u00a0CON PAUL MUNI, GLENDA FARRELL, HELEN VINSON, PRESTON FOSTER.\u00a0<strong>DIRIGIDA<\/strong> POR MERVYN LE ROY.\u00a0<strong>A\u00d1O<\/strong>: 1932 <strong>Nacionalidad<\/strong>: ESTADOS UNIDOS <strong>G\u00e9nero<\/strong>: CRIMEN <strong>Color<\/strong>: Blanco y Negro N\u00ba de Expediente <strong>ICAA<\/strong>: 122.350 <strong>Calificaci\u00f3n<\/strong>: NO RECOMENDADA PARA MENORES DE 7 A\u00d1OS <strong>IDIOMAS<\/strong>: CASTELLANO e INGL\u00c9S CON SUBT\u00cdTULOS EN CASTELLANO INGL\u00c9S <strong>Duraci\u00f3n<\/strong>: 89&#8242; <strong>Formato de Pantalla<\/strong>: 4\/3 1.33<\/p>\n<p>La Primera Guerra Mundial ha terminado. Johnny regresa a casa. Pero no hay fanfarrias para recibirle y tampoco trabajo para un veterano de guerra. S\u00f3lo le queda la desesperada vida de un fugitivo que ha sido condenado injustamente. Dos veces ha sido condenado a formar parte de \u201cuna cuadrilla de trabajos forzados\u201d. Dos veces ha escapado. Podr\u00e1n encadenarlo, pero no podr\u00e1n\u00a0 quebrantar su voluntad de ser libre. Paul Muni realiza una portentosa interpretaci\u00f3n en este impactante cl\u00e1sico dirigido por Mervyn LeRoy (<em>Hampa dorada<\/em>), basado en los escritos autobiogr\u00e1ficos de Robert E. Burns, evadido varias veces de las cuadrillas de trabajos forzados. Como en otras muchas historias de criminales rodadas en los a\u00f1os 30, esta pel\u00edcula mantiene la emoci\u00f3n con un ritmo en\u00e9rgico y una aproximaci\u00f3n real a la historia. Pero hay algo que la hizo diferente de las dem\u00e1s. Logr\u00f3 encender las protestas que hicieron posibles cambios en el sistema penitenciario. Incluso Burns recibi\u00f3 el perd\u00f3n y su pena fue conmutada. Ya no ser\u00eda un fugitivo nunca m\u00e1s.<\/p>\n","protected":false},"featured_media":4988,"comment_status":"open","ping_status":"closed","template":"","meta":{"site-sidebar-layout":"default","site-content-layout":"default","ast-site-content-layout":"default","site-content-style":"default","site-sidebar-style":"default","ast-global-header-display":"","ast-banner-title-visibility":"","ast-main-header-display":"","ast-hfb-above-header-display":"","ast-hfb-below-header-display":"","ast-hfb-mobile-header-display":"","site-post-title":"","ast-breadcrumbs-content":"","ast-featured-img":"","footer-sml-layout":"","ast-disable-related-posts":"","theme-transparent-header-meta":"","adv-header-id-meta":"","stick-header-meta":"","header-above-stick-meta":"","header-main-stick-meta":"","header-below-stick-meta":"","astra-migrate-meta-layouts":"default","ast-page-background-enabled":"default","ast-page-background-meta":{"desktop":{"background-color":"","background-image":"","background-repeat":"repeat","background-position":"center center","background-size":"auto","background-attachment":"scroll","background-type":"","background-media":"","overlay-type":"","overlay-color":"","overlay-opacity":"","overlay-gradient":""},"tablet":{"background-color":"","background-image":"","background-repeat":"repeat","background-position":"center center","background-size":"auto","background-attachment":"scroll","background-type":"","background-media":"","overlay-type":"","overlay-color":"","overlay-opacity":"","overlay-gradient":""},"mobile":{"background-color":"","background-image":"","background-repeat":"repeat","background-position":"center center","background-size":"auto","background-attachment":"scroll","background-type":"","background-media":"","overlay-type":"","overlay-color":"","overlay-opacity":"","overlay-gradient":""}},"ast-content-background-meta":{"desktop":{"background-color":"var(--ast-global-color-5)","background-image":"","background-repeat":"repeat","background-position":"center center","background-size":"auto","background-attachment":"scroll","background-type":"","background-media":"","overlay-type":"","overlay-color":"","overlay-opacity":"","overlay-gradient":""},"tablet":{"background-color":"var(--ast-global-color-5)","background-image":"","background-repeat":"repeat","background-position":"center center","background-size":"auto","background-attachment":"scroll","background-type":"","background-media":"","overlay-type":"","overlay-color":"","overlay-opacity":"","overlay-gradient":""},"mobile":{"background-color":"var(--ast-global-color-5)","background-image":"","background-repeat":"repeat","background-position":"center center","background-size":"auto","background-attachment":"scroll","background-type":"","background-media":"","overlay-type":"","overlay-color":"","overlay-opacity":"","overlay-gradient":""}},"_joinchat":[]},"product_brand":[],"product_cat":[42],"product_tag":[],"class_list":{"0":"post-4987","1":"product","2":"type-product","3":"status-publish","4":"has-post-thumbnail","6":"product_cat-dvd","7":"desktop-align-left","8":"tablet-align-left","9":"mobile-align-left","11":"first","12":"instock","13":"sale","14":"shipping-taxable","15":"purchasable","16":"product-type-simple"},"_links":{"self":[{"href":"https:\/\/cinemasoul.es\/index.php?rest_route=\/wp\/v2\/product\/4987","targetHints":{"allow":["GET"]}}],"collection":[{"href":"https:\/\/cinemasoul.es\/index.php?rest_route=\/wp\/v2\/product"}],"about":[{"href":"https:\/\/cinemasoul.es\/index.php?rest_route=\/wp\/v2\/types\/product"}],"replies":[{"embeddable":true,"href":"https:\/\/cinemasoul.es\/index.php?rest_route=%2Fwp%2Fv2%2Fcomments&post=4987"}],"version-history":[{"count":1,"href":"https:\/\/cinemasoul.es\/index.php?rest_route=\/wp\/v2\/product\/4987\/revisions"}],"predecessor-version":[{"id":4990,"href":"https:\/\/cinemasoul.es\/index.php?rest_route=\/wp\/v2\/product\/4987\/revisions\/4990"}],"wp:featuredmedia":[{"embeddable":true,"href":"https:\/\/cinemasoul.es\/index.php?rest_route=\/wp\/v2\/media\/4988"}],"wp:attachment":[{"href":"https:\/\/cinemasoul.es\/index.php?rest_route=%2Fwp%2Fv2%2Fmedia&parent=4987"}],"wp:term":[{"taxonomy":"product_brand","embeddable":true,"href":"https:\/\/cinemasoul.es\/index.php?rest_route=%2Fwp%2Fv2%2Fproduct_brand&post=4987"},{"taxonomy":"product_cat","embeddable":true,"href":"https:\/\/cinemasoul.es\/index.php?rest_route=%2Fwp%2Fv2%2Fproduct_cat&post=4987"},{"taxonomy":"product_tag","embeddable":true,"href":"https:\/\/cinemasoul.es\/index.php?rest_route=%2Fwp%2Fv2%2Fproduct_tag&post=4987"}],"curies":[{"name":"wp","href":"https:\/\/api.w.org\/{rel}","templated":true}]}}