{"id":4968,"date":"2022-06-09T18:12:06","date_gmt":"2022-06-09T18:12:06","guid":{"rendered":"https:\/\/www.cinemasoul.es\/?post_type=product&#038;p=4968"},"modified":"2022-06-09T18:12:06","modified_gmt":"2022-06-09T18:12:06","slug":"doble-sesion-policiaco-2-dvd","status":"publish","type":"product","link":"https:\/\/cinemasoul.es\/?product=doble-sesion-policiaco-2-dvd","title":{"rendered":"Doble Sesi\u00f3n Policiaco [2 DVD]"},"content":{"rendered":"","protected":false},"excerpt":{"rendered":"<div id=\"tab-description\" class=\"tab-content\">\n<p>Cop, con la ley o sin ella <strong>PRODUCIDA Y DIRIGIDA POR<\/strong> JAMES B. HARRIS. <strong>PROTAGONIZADA POR<\/strong> JAMES WOODS, LESLEY ANN WARREN, CHARLES HAID, RAYMOND J. BARRY, RANDI BROOKS. <strong>NACIONALIDAD<\/strong>: ESTADOS UNIDOS. <strong>A\u00d1O<\/strong>: 1988. <strong>G\u00c9NERO<\/strong>: DRAMA. <strong>DURACI\u00d3N<\/strong>: 106 MINUTOS APROX. <strong>FORMATO<\/strong>: 16\/9 1:85:1. <strong>COLOR<\/strong>. NO RECOMENDADA PARA MENORES DE 12 A\u00d1OS.<\/p>\n<p>Hopkins (James Woods) es un detective solitario de Los \u00c1ngeles que sospecha que una \u00faltima ola de cr\u00edmenes se debe a una misma persona, un asesino en serie. Las v\u00edctimas son mujeres en su mayor\u00eda j\u00f3venes o de mediana edad. Durante la investigaci\u00f3n, Hopkins entra en contacto con una enigm\u00e1tica mujer llamada\u00a0 Kathleen McCarthy (Lesley Ann Warren) quien dice haber contactado con el asesino a trav\u00e9s de las p\u00e1ginas de un peri\u00f3dico. Decide darle caza a cualquier precio, y eso que su vida familiar se desmorona y que sus compa\u00f1eros de trabajo comienzan a darle la espalda. Pero Hopkins sabe tirar hacia delante en solitario.<\/p>\n<p>Incidente en la frontera <strong>DIRIGIDA POR<\/strong>\u00a0 ANTHONY MANN. <strong>PROTAGONISTAS<\/strong> RICARDO MONTALBAN, GEORGE MURPHY, HOWARD DA SILVA, JAMES MITCHELL, ARNOLD MOSS, ALFONSO BEDOYA. <strong>FORMATO:<\/strong> 4\/3 1.37.1. <strong>IDIOMAS<\/strong>: CASTELLANO E INGL\u00c9S CON SUBT\u00cdTULOS EN CASTELLANO. <strong>A\u00d1O<\/strong>: 1949. <strong>NACIONALIDAD<\/strong>: ESTADOS UNIDOS. <strong>BLANCO Y NEGRO<\/strong>. <strong>G\u00c9NERO<\/strong>: DRAMA. <strong>DURACI\u00d3N<\/strong>: 87\u2019 Minutos. NO RECOMENDADA PARA MENORES DE 13 A\u00d1OS.<\/p>\n<p>El agente Jack Bearnes yace en un campo abierto, tras sufrir una paliza y con una herida de bala. De repente, una gigante y desgarradora m\u00e1quina se pone en marcha con un ruido infernal, y sus cuchillas destrozan el suelo.\u00a0 Aterrado, Bearnes intenta alejarse gateando, pero la m\u00e1quina avanza m\u00e1s r\u00e1pido. Tan punzante como un trago de tequila a trav\u00e9s de una garganta sedienta, este duro <em>thriller<\/em> tiene como protagonistas a Ricardo Montalban y George Murphy como dos agentes a cada lado de la frontera entre M\u00e9jico y California. Su trabajo: atrapar a los ladrones, asesinos y hombres poderosos que se aprovechan de los extranjeros ilegales desperados por ganar unos pocos d\u00f3lares americanos trabajando duramente en granjas.\u00a0 Anthony Mann (<em>Winchester \u201973<\/em>, <em>The Naked Spur<\/em>) dirige este filme, centrando su objetivo\/atenci\u00f3n hacia la belleza y el terror de los inh\u00f3spitos p\u00e1ramos desiertos. Mezclando el cl\u00e1sico <em>film noir<\/em> con una trama sorprendentemente contempor\u00e1nea, <em>Incidente en la frontera<\/em> es una implacable joya vanguardista del g\u00e9nero.<\/p>\n<\/div>\n","protected":false},"featured_media":4969,"comment_status":"open","ping_status":"closed","template":"","meta":{"site-sidebar-layout":"default","site-content-layout":"default","ast-site-content-layout":"default","site-content-style":"default","site-sidebar-style":"default","ast-global-header-display":"","ast-banner-title-visibility":"","ast-main-header-display":"","ast-hfb-above-header-display":"","ast-hfb-below-header-display":"","ast-hfb-mobile-header-display":"","site-post-title":"","ast-breadcrumbs-content":"","ast-featured-img":"","footer-sml-layout":"","ast-disable-related-posts":"","theme-transparent-header-meta":"","adv-header-id-meta":"","stick-header-meta":"","header-above-stick-meta":"","header-main-stick-meta":"","header-below-stick-meta":"","astra-migrate-meta-layouts":"default","ast-page-background-enabled":"default","ast-page-background-meta":{"desktop":{"background-color":"","background-image":"","background-repeat":"repeat","background-position":"center center","background-size":"auto","background-attachment":"scroll","background-type":"","background-media":"","overlay-type":"","overlay-color":"","overlay-opacity":"","overlay-gradient":""},"tablet":{"background-color":"","background-image":"","background-repeat":"repeat","background-position":"center center","background-size":"auto","background-attachment":"scroll","background-type":"","background-media":"","overlay-type":"","overlay-color":"","overlay-opacity":"","overlay-gradient":""},"mobile":{"background-color":"","background-image":"","background-repeat":"repeat","background-position":"center center","background-size":"auto","background-attachment":"scroll","background-type":"","background-media":"","overlay-type":"","overlay-color":"","overlay-opacity":"","overlay-gradient":""}},"ast-content-background-meta":{"desktop":{"background-color":"var(--ast-global-color-5)","background-image":"","background-repeat":"repeat","background-position":"center center","background-size":"auto","background-attachment":"scroll","background-type":"","background-media":"","overlay-type":"","overlay-color":"","overlay-opacity":"","overlay-gradient":""},"tablet":{"background-color":"var(--ast-global-color-5)","background-image":"","background-repeat":"repeat","background-position":"center center","background-size":"auto","background-attachment":"scroll","background-type":"","background-media":"","overlay-type":"","overlay-color":"","overlay-opacity":"","overlay-gradient":""},"mobile":{"background-color":"var(--ast-global-color-5)","background-image":"","background-repeat":"repeat","background-position":"center center","background-size":"auto","background-attachment":"scroll","background-type":"","background-media":"","overlay-type":"","overlay-color":"","overlay-opacity":"","overlay-gradient":""}},"_joinchat":[]},"product_brand":[],"product_cat":[42],"product_tag":[],"class_list":{"0":"post-4968","1":"product","2":"type-product","3":"status-publish","4":"has-post-thumbnail","6":"product_cat-dvd","7":"desktop-align-left","8":"tablet-align-left","9":"mobile-align-left","11":"first","12":"instock","13":"sale","14":"shipping-taxable","15":"purchasable","16":"product-type-simple"},"_links":{"self":[{"href":"https:\/\/cinemasoul.es\/index.php?rest_route=\/wp\/v2\/product\/4968","targetHints":{"allow":["GET"]}}],"collection":[{"href":"https:\/\/cinemasoul.es\/index.php?rest_route=\/wp\/v2\/product"}],"about":[{"href":"https:\/\/cinemasoul.es\/index.php?rest_route=\/wp\/v2\/types\/product"}],"replies":[{"embeddable":true,"href":"https:\/\/cinemasoul.es\/index.php?rest_route=%2Fwp%2Fv2%2Fcomments&post=4968"}],"version-history":[{"count":1,"href":"https:\/\/cinemasoul.es\/index.php?rest_route=\/wp\/v2\/product\/4968\/revisions"}],"predecessor-version":[{"id":4971,"href":"https:\/\/cinemasoul.es\/index.php?rest_route=\/wp\/v2\/product\/4968\/revisions\/4971"}],"wp:featuredmedia":[{"embeddable":true,"href":"https:\/\/cinemasoul.es\/index.php?rest_route=\/wp\/v2\/media\/4969"}],"wp:attachment":[{"href":"https:\/\/cinemasoul.es\/index.php?rest_route=%2Fwp%2Fv2%2Fmedia&parent=4968"}],"wp:term":[{"taxonomy":"product_brand","embeddable":true,"href":"https:\/\/cinemasoul.es\/index.php?rest_route=%2Fwp%2Fv2%2Fproduct_brand&post=4968"},{"taxonomy":"product_cat","embeddable":true,"href":"https:\/\/cinemasoul.es\/index.php?rest_route=%2Fwp%2Fv2%2Fproduct_cat&post=4968"},{"taxonomy":"product_tag","embeddable":true,"href":"https:\/\/cinemasoul.es\/index.php?rest_route=%2Fwp%2Fv2%2Fproduct_tag&post=4968"}],"curies":[{"name":"wp","href":"https:\/\/api.w.org\/{rel}","templated":true}]}}