{"id":4964,"date":"2022-06-09T17:57:00","date_gmt":"2022-06-09T17:57:00","guid":{"rendered":"https:\/\/www.cinemasoul.es\/?post_type=product&#038;p=4964"},"modified":"2022-06-09T17:57:01","modified_gmt":"2022-06-09T17:57:01","slug":"performance-dvd","status":"publish","type":"product","link":"https:\/\/cinemasoul.es\/?product=performance-dvd","title":{"rendered":"Performance [DVD]"},"content":{"rendered":"","protected":false},"excerpt":{"rendered":"<div id=\"tab-description\" class=\"tab-content\">\n<p>WARNER BROS. PRESENTA \u201cPERFOMANCE\u201d\u00a0UNA <strong>PRODUCCI\u00d3N<\/strong> DE GOODTIMES ENTERPRISES\u00a0<strong>PROTAGONISTAS<\/strong> JAMES FOX, MICK JAGGER, ANITA PALLENBERG, MICHELE BRETON. TECHNICOLOR\u00ae\u00a0<strong>ESCRITA<\/strong> POR DONALD CAMMELL\u00a0<strong>PRODUCIDA<\/strong> POR SANFORD LIEBERSON\u00a0<strong>DIRIGIDA<\/strong> POR DONALD CAMMELL Y NICOLAS ROEG<\/p>\n<p><strong>A\u00d1O<\/strong>: 1970\u00a0<strong>G\u00c9NERO<\/strong>: CRIMEN\u00a0<strong>DURACI\u00d3N<\/strong>: 101 MINUTOS APROX.\u00a0<strong>COLOR<\/strong>: COLOR\u00a0<strong>FORMATO<\/strong>: 4\/3 1.85.1\u00a0<strong>NACIONALIDAD<\/strong>: REINO UNIDO\u00a0<strong>REFERENCIA<\/strong>: DVDY26129\u00a0<strong>DEPOSITO<\/strong> <strong>LEGAL<\/strong>: TF: 1899-2009\u00a0<strong>N\u00ba DE EXPEDIENTE<\/strong>: 114.607\u00a0<strong>CLASIFICACI\u00d3N<\/strong>: NO RECOMENDADA PARA MENORES DE 18 A\u00d1OS<\/p>\n<p><em>\u201cTan devastadora por su t\u00e9cnica y sus contenidos que es preciso verla una y otra vez.\u201d<\/em> <strong><em>&#8211;<\/em><\/strong> NEWSDAY. En la jerga de los bajos fondos, Chas Devlin es un \u201cartista\u201d: un g\u00e1nster con talento para la violencia y la intimidaci\u00f3n. Turner es una huidiza superestrella del rock. Cuando Chas y Turner se encuentran, sus mundos colisionan, y el choque resulta tan ex\u00f3tico como explosivo. James Fox y Mick Jagger interpretan de manera inolvidable a Chas y a Turner en esta fantas\u00eda sobre la ilusi\u00f3n y la realidad, sobre la decadencia y la corrupci\u00f3n. El fugitivo Chas se oculta en la casa de Turner. El vertiginoso desarrollo de los acontecimientos desemboca en una inquietante ruptura de barreras y roles en la cual Chas ve c\u00f3mo se evapora su sentido de la realidad. Y la experiencia de autodescubrimiento de Turner desemboca en un final impactante. Codirigida por Donald Cammell y Nicolas Roeg, <em>Perfomance<\/em> se ha convertido en una leyenda del cine moderno. Todo aquel que la vea entender\u00e1 por qu\u00e9.<\/p>\n<\/div>\n","protected":false},"featured_media":4965,"comment_status":"open","ping_status":"closed","template":"","meta":{"site-sidebar-layout":"default","site-content-layout":"default","ast-site-content-layout":"default","site-content-style":"default","site-sidebar-style":"default","ast-global-header-display":"","ast-banner-title-visibility":"","ast-main-header-display":"","ast-hfb-above-header-display":"","ast-hfb-below-header-display":"","ast-hfb-mobile-header-display":"","site-post-title":"","ast-breadcrumbs-content":"","ast-featured-img":"","footer-sml-layout":"","ast-disable-related-posts":"","theme-transparent-header-meta":"","adv-header-id-meta":"","stick-header-meta":"","header-above-stick-meta":"","header-main-stick-meta":"","header-below-stick-meta":"","astra-migrate-meta-layouts":"default","ast-page-background-enabled":"default","ast-page-background-meta":{"desktop":{"background-color":"","background-image":"","background-repeat":"repeat","background-position":"center center","background-size":"auto","background-attachment":"scroll","background-type":"","background-media":"","overlay-type":"","overlay-color":"","overlay-opacity":"","overlay-gradient":""},"tablet":{"background-color":"","background-image":"","background-repeat":"repeat","background-position":"center center","background-size":"auto","background-attachment":"scroll","background-type":"","background-media":"","overlay-type":"","overlay-color":"","overlay-opacity":"","overlay-gradient":""},"mobile":{"background-color":"","background-image":"","background-repeat":"repeat","background-position":"center center","background-size":"auto","background-attachment":"scroll","background-type":"","background-media":"","overlay-type":"","overlay-color":"","overlay-opacity":"","overlay-gradient":""}},"ast-content-background-meta":{"desktop":{"background-color":"var(--ast-global-color-5)","background-image":"","background-repeat":"repeat","background-position":"center center","background-size":"auto","background-attachment":"scroll","background-type":"","background-media":"","overlay-type":"","overlay-color":"","overlay-opacity":"","overlay-gradient":""},"tablet":{"background-color":"var(--ast-global-color-5)","background-image":"","background-repeat":"repeat","background-position":"center center","background-size":"auto","background-attachment":"scroll","background-type":"","background-media":"","overlay-type":"","overlay-color":"","overlay-opacity":"","overlay-gradient":""},"mobile":{"background-color":"var(--ast-global-color-5)","background-image":"","background-repeat":"repeat","background-position":"center center","background-size":"auto","background-attachment":"scroll","background-type":"","background-media":"","overlay-type":"","overlay-color":"","overlay-opacity":"","overlay-gradient":""}},"_joinchat":[]},"product_brand":[],"product_cat":[42],"product_tag":[],"class_list":{"0":"post-4964","1":"product","2":"type-product","3":"status-publish","4":"has-post-thumbnail","6":"product_cat-dvd","7":"desktop-align-left","8":"tablet-align-left","9":"mobile-align-left","11":"first","12":"instock","13":"shipping-taxable","14":"purchasable","15":"product-type-simple"},"_links":{"self":[{"href":"https:\/\/cinemasoul.es\/index.php?rest_route=\/wp\/v2\/product\/4964","targetHints":{"allow":["GET"]}}],"collection":[{"href":"https:\/\/cinemasoul.es\/index.php?rest_route=\/wp\/v2\/product"}],"about":[{"href":"https:\/\/cinemasoul.es\/index.php?rest_route=\/wp\/v2\/types\/product"}],"replies":[{"embeddable":true,"href":"https:\/\/cinemasoul.es\/index.php?rest_route=%2Fwp%2Fv2%2Fcomments&post=4964"}],"version-history":[{"count":1,"href":"https:\/\/cinemasoul.es\/index.php?rest_route=\/wp\/v2\/product\/4964\/revisions"}],"predecessor-version":[{"id":4967,"href":"https:\/\/cinemasoul.es\/index.php?rest_route=\/wp\/v2\/product\/4964\/revisions\/4967"}],"wp:featuredmedia":[{"embeddable":true,"href":"https:\/\/cinemasoul.es\/index.php?rest_route=\/wp\/v2\/media\/4965"}],"wp:attachment":[{"href":"https:\/\/cinemasoul.es\/index.php?rest_route=%2Fwp%2Fv2%2Fmedia&parent=4964"}],"wp:term":[{"taxonomy":"product_brand","embeddable":true,"href":"https:\/\/cinemasoul.es\/index.php?rest_route=%2Fwp%2Fv2%2Fproduct_brand&post=4964"},{"taxonomy":"product_cat","embeddable":true,"href":"https:\/\/cinemasoul.es\/index.php?rest_route=%2Fwp%2Fv2%2Fproduct_cat&post=4964"},{"taxonomy":"product_tag","embeddable":true,"href":"https:\/\/cinemasoul.es\/index.php?rest_route=%2Fwp%2Fv2%2Fproduct_tag&post=4964"}],"curies":[{"name":"wp","href":"https:\/\/api.w.org\/{rel}","templated":true}]}}