{"id":4955,"date":"2022-06-09T17:41:21","date_gmt":"2022-06-09T17:41:21","guid":{"rendered":"https:\/\/www.cinemasoul.es\/?post_type=product&#038;p=4955"},"modified":"2022-06-09T17:42:55","modified_gmt":"2022-06-09T17:42:55","slug":"pasaporte-a-la-fama-dvd","status":"publish","type":"product","link":"https:\/\/cinemasoul.es\/?product=pasaporte-a-la-fama-dvd","title":{"rendered":"Pasaporte a la fama [DVD]"},"content":{"rendered":"","protected":false},"excerpt":{"rendered":"<div id=\"tab-description-2\" class=\"tab-content\">\n<p>COLUMBIA PICTURES PRESENTA A EDWARD G. ROBINSON EN \u201cPASAPORTE A LA FAMA\u201d (<em>THE WHOLE TOWN\u2019S TALKING<\/em>)\u00a0CON JEAN ARTHUR, ARTHUR HOHL, JAMES DONLAN, ARTHUR BYRON, WALLACE FORD, DONALD MEEK, LUCILLE BALL.\u00a0<strong>GUI\u00d3N<\/strong> DE JO SWERLING Y ROBERT RISKIN.BASADO EN UNA <strong>HISTORIA DE<\/strong> W. R. BURNETT.\u00a0<strong>PRODUCIDA Y DIRIGIDA POR<\/strong> JOHN FORD.<\/p>\n<p><strong>A\u00d1O<\/strong>:1935 <strong>G\u00c9NERO<\/strong>: COMEDIA &#8211; CRIMEN <strong>NACIONALIDAD<\/strong>: ESTADOS UNIDOS <strong>BLANCO Y NEGR<\/strong>O.\u00a0<strong>DURACI\u00d3N<\/strong>: 88 MINUTOS.\u00a0<strong>IDIOMAS<\/strong>: CASTELLANO E INGL\u00c9S CON SUBT\u00cdTULOS EN CASTELLANO.\u00a0<strong>FORMATO DE PANTALLA<\/strong>: 4\/3 1.33.\u00a0CERTIFICADO DE CLASIFICACI\u00d3N <strong>ICAA N\u00ba<\/strong>: 123.951. CLASIFICACI\u00d3N APTA PARA TODOS LOS P\u00daBLICOS.\u00a0<strong>DEP\u00d3SITO LEGAL<\/strong>: TF: 276-2012.<\/p>\n<p>Jones (Edward G. Robinson) es un tipo normal y corriente, simp\u00e1tico y de buen humor, trabajador ejemplar. Su problema es que tiene un enorme parecido con Marion (Edward G. Robinson), el peligroso g\u00e1nster que asola la ciudad con sus fechor\u00edas. Tras ser detenido en varias ocasiones, v\u00edctima de esta confusi\u00f3n, la polic\u00eda decide elaborar un salvoconducto especial para Jones. Con esta identificaci\u00f3n, Jones podr\u00e1 recuperar su vida cotidiana, sin verse sobresaltado por los cr\u00edmenes de Marion. Pero las cosas se complican cuando el malvado Marion descubre la existencia de este salvoconducto, y decide aprovecharse de la situaci\u00f3n en contra del pobre Jones.<\/p>\n<\/div>\n","protected":false},"featured_media":4956,"comment_status":"open","ping_status":"closed","template":"","meta":{"site-sidebar-layout":"default","site-content-layout":"default","ast-site-content-layout":"default","site-content-style":"default","site-sidebar-style":"default","ast-global-header-display":"","ast-banner-title-visibility":"","ast-main-header-display":"","ast-hfb-above-header-display":"","ast-hfb-below-header-display":"","ast-hfb-mobile-header-display":"","site-post-title":"","ast-breadcrumbs-content":"","ast-featured-img":"","footer-sml-layout":"","ast-disable-related-posts":"","theme-transparent-header-meta":"","adv-header-id-meta":"","stick-header-meta":"","header-above-stick-meta":"","header-main-stick-meta":"","header-below-stick-meta":"","astra-migrate-meta-layouts":"default","ast-page-background-enabled":"default","ast-page-background-meta":{"desktop":{"background-color":"","background-image":"","background-repeat":"repeat","background-position":"center center","background-size":"auto","background-attachment":"scroll","background-type":"","background-media":"","overlay-type":"","overlay-color":"","overlay-opacity":"","overlay-gradient":""},"tablet":{"background-color":"","background-image":"","background-repeat":"repeat","background-position":"center center","background-size":"auto","background-attachment":"scroll","background-type":"","background-media":"","overlay-type":"","overlay-color":"","overlay-opacity":"","overlay-gradient":""},"mobile":{"background-color":"","background-image":"","background-repeat":"repeat","background-position":"center center","background-size":"auto","background-attachment":"scroll","background-type":"","background-media":"","overlay-type":"","overlay-color":"","overlay-opacity":"","overlay-gradient":""}},"ast-content-background-meta":{"desktop":{"background-color":"var(--ast-global-color-5)","background-image":"","background-repeat":"repeat","background-position":"center center","background-size":"auto","background-attachment":"scroll","background-type":"","background-media":"","overlay-type":"","overlay-color":"","overlay-opacity":"","overlay-gradient":""},"tablet":{"background-color":"var(--ast-global-color-5)","background-image":"","background-repeat":"repeat","background-position":"center center","background-size":"auto","background-attachment":"scroll","background-type":"","background-media":"","overlay-type":"","overlay-color":"","overlay-opacity":"","overlay-gradient":""},"mobile":{"background-color":"var(--ast-global-color-5)","background-image":"","background-repeat":"repeat","background-position":"center center","background-size":"auto","background-attachment":"scroll","background-type":"","background-media":"","overlay-type":"","overlay-color":"","overlay-opacity":"","overlay-gradient":""}},"_joinchat":[]},"product_brand":[],"product_cat":[42],"product_tag":[],"class_list":{"0":"post-4955","1":"product","2":"type-product","3":"status-publish","4":"has-post-thumbnail","6":"product_cat-dvd","7":"desktop-align-left","8":"tablet-align-left","9":"mobile-align-left","11":"first","12":"instock","13":"shipping-taxable","14":"purchasable","15":"product-type-simple"},"_links":{"self":[{"href":"https:\/\/cinemasoul.es\/index.php?rest_route=\/wp\/v2\/product\/4955","targetHints":{"allow":["GET"]}}],"collection":[{"href":"https:\/\/cinemasoul.es\/index.php?rest_route=\/wp\/v2\/product"}],"about":[{"href":"https:\/\/cinemasoul.es\/index.php?rest_route=\/wp\/v2\/types\/product"}],"replies":[{"embeddable":true,"href":"https:\/\/cinemasoul.es\/index.php?rest_route=%2Fwp%2Fv2%2Fcomments&post=4955"}],"version-history":[{"count":1,"href":"https:\/\/cinemasoul.es\/index.php?rest_route=\/wp\/v2\/product\/4955\/revisions"}],"predecessor-version":[{"id":4958,"href":"https:\/\/cinemasoul.es\/index.php?rest_route=\/wp\/v2\/product\/4955\/revisions\/4958"}],"wp:featuredmedia":[{"embeddable":true,"href":"https:\/\/cinemasoul.es\/index.php?rest_route=\/wp\/v2\/media\/4956"}],"wp:attachment":[{"href":"https:\/\/cinemasoul.es\/index.php?rest_route=%2Fwp%2Fv2%2Fmedia&parent=4955"}],"wp:term":[{"taxonomy":"product_brand","embeddable":true,"href":"https:\/\/cinemasoul.es\/index.php?rest_route=%2Fwp%2Fv2%2Fproduct_brand&post=4955"},{"taxonomy":"product_cat","embeddable":true,"href":"https:\/\/cinemasoul.es\/index.php?rest_route=%2Fwp%2Fv2%2Fproduct_cat&post=4955"},{"taxonomy":"product_tag","embeddable":true,"href":"https:\/\/cinemasoul.es\/index.php?rest_route=%2Fwp%2Fv2%2Fproduct_tag&post=4955"}],"curies":[{"name":"wp","href":"https:\/\/api.w.org\/{rel}","templated":true}]}}