{"id":4951,"date":"2022-06-09T17:35:09","date_gmt":"2022-06-09T17:35:09","guid":{"rendered":"https:\/\/www.cinemasoul.es\/?post_type=product&#038;p=4951"},"modified":"2022-06-09T17:35:09","modified_gmt":"2022-06-09T17:35:09","slug":"nunca-aceptes-dulces-de-un-extrano-vos-dvd","status":"publish","type":"product","link":"https:\/\/cinemasoul.es\/?product=nunca-aceptes-dulces-de-un-extrano-vos-dvd","title":{"rendered":"Nunca aceptes dulces de un extra\u00f1o (VOS) [DVD]"},"content":{"rendered":"","protected":false},"excerpt":{"rendered":"<div id=\"tab-description\" class=\"tab-content\">\n<p><em>LA PEL\u00cdCULA M\u00c1S\u00a0PERTURBADORA\u00a0<\/em><em>DE LA D\u00c9CADA<\/em>\u2026<\/p>\n<p>COLUMBIA PICTURES PRESENTA UNA PRODUCCI\u00d3N\u00a0HAMMER FILM \u201cNUNCA ACEPTES DULCES DE UN EXTRA\u00d1O\u201d (<em>NEVER TAKE CANDY FROM A STRANGER<\/em>) <strong>PROTAGONIZADA<\/strong> POR GWEN WATFORD, PATRICK ALLEN\u00a0\u00a0 FELIX AYLMER\u00a0 \u00a0NIALL MACGINNIS\u00a0BASADA EN UNA <strong>OBRA<\/strong> DE\u00a0ROGER GARIS.\u00a0<strong>GUI\u00d3N<\/strong> DE\u00a0JOHN HUNTER.\u00a0<strong>PRODUCIDA<\/strong> POR\u00a0ANTHONY HINDS.\u00a0<strong>DIRIGIDA<\/strong> POR\u00a0CYRIL FRANKEL.<\/p>\n<p><strong>A\u00d1O<\/strong>: 1960. <strong>G\u00c9NERO<\/strong>: DRAMA. <strong>NACIONALIDAD<\/strong>: REINO UNIDO. <strong>COLOR<\/strong>: BLANCO Y NEGRO <strong>DURACI\u00d3N<\/strong>: 80 MIN. APROX. <strong>IDIOMAS<\/strong>: CASTELLANO E INGL\u00c9S CON SUBT\u00cdTULOS EN CASTELLANO. <strong>FORMATO DE PANTALLA:<\/strong>16\/9 2.35:1\u00a0CERTIFICADO DE CLASIFICACI\u00d3N <strong>ICAA N\u00ba<\/strong>:127.323. <strong>CLASIFICACI\u00d3N<\/strong>: NO RECOMENDADA PARA MENORES DE 7 A\u00d1OS. <strong>DEP\u00d3SITO LEGAL<\/strong>TF 118-2013<\/p>\n<p>Jean Carter (Janina Faye), la hija de 11 a\u00f1os de una familia que se ha mudado recientemente a un peque\u00f1o pueblo de Canad\u00e1, dice haber sido atacada por un hombre que le ofreci\u00f3 caramelos. El viejo del que hablaba la ni\u00f1a resulta ser el Sr. Olderberry (Felix Aylmer), patriarca de la familia m\u00e1s antigua, arraigada y poderosa de la ciudad. Aunque los padres est\u00e1n convencidos en denunciar el caso a la polic\u00eda, el proceso judicial no ser\u00e1 tan sencillo como esperaban.<\/p>\n<\/div>\n","protected":false},"featured_media":4952,"comment_status":"open","ping_status":"closed","template":"","meta":{"site-sidebar-layout":"default","site-content-layout":"default","ast-site-content-layout":"default","site-content-style":"default","site-sidebar-style":"default","ast-global-header-display":"","ast-banner-title-visibility":"","ast-main-header-display":"","ast-hfb-above-header-display":"","ast-hfb-below-header-display":"","ast-hfb-mobile-header-display":"","site-post-title":"","ast-breadcrumbs-content":"","ast-featured-img":"","footer-sml-layout":"","ast-disable-related-posts":"","theme-transparent-header-meta":"","adv-header-id-meta":"","stick-header-meta":"","header-above-stick-meta":"","header-main-stick-meta":"","header-below-stick-meta":"","astra-migrate-meta-layouts":"default","ast-page-background-enabled":"default","ast-page-background-meta":{"desktop":{"background-color":"","background-image":"","background-repeat":"repeat","background-position":"center center","background-size":"auto","background-attachment":"scroll","background-type":"","background-media":"","overlay-type":"","overlay-color":"","overlay-opacity":"","overlay-gradient":""},"tablet":{"background-color":"","background-image":"","background-repeat":"repeat","background-position":"center center","background-size":"auto","background-attachment":"scroll","background-type":"","background-media":"","overlay-type":"","overlay-color":"","overlay-opacity":"","overlay-gradient":""},"mobile":{"background-color":"","background-image":"","background-repeat":"repeat","background-position":"center center","background-size":"auto","background-attachment":"scroll","background-type":"","background-media":"","overlay-type":"","overlay-color":"","overlay-opacity":"","overlay-gradient":""}},"ast-content-background-meta":{"desktop":{"background-color":"var(--ast-global-color-5)","background-image":"","background-repeat":"repeat","background-position":"center center","background-size":"auto","background-attachment":"scroll","background-type":"","background-media":"","overlay-type":"","overlay-color":"","overlay-opacity":"","overlay-gradient":""},"tablet":{"background-color":"var(--ast-global-color-5)","background-image":"","background-repeat":"repeat","background-position":"center center","background-size":"auto","background-attachment":"scroll","background-type":"","background-media":"","overlay-type":"","overlay-color":"","overlay-opacity":"","overlay-gradient":""},"mobile":{"background-color":"var(--ast-global-color-5)","background-image":"","background-repeat":"repeat","background-position":"center center","background-size":"auto","background-attachment":"scroll","background-type":"","background-media":"","overlay-type":"","overlay-color":"","overlay-opacity":"","overlay-gradient":""}},"_joinchat":[]},"product_brand":[],"product_cat":[42],"product_tag":[],"class_list":{"0":"post-4951","1":"product","2":"type-product","3":"status-publish","4":"has-post-thumbnail","6":"product_cat-dvd","7":"desktop-align-left","8":"tablet-align-left","9":"mobile-align-left","11":"first","12":"instock","13":"shipping-taxable","14":"purchasable","15":"product-type-simple"},"_links":{"self":[{"href":"https:\/\/cinemasoul.es\/index.php?rest_route=\/wp\/v2\/product\/4951","targetHints":{"allow":["GET"]}}],"collection":[{"href":"https:\/\/cinemasoul.es\/index.php?rest_route=\/wp\/v2\/product"}],"about":[{"href":"https:\/\/cinemasoul.es\/index.php?rest_route=\/wp\/v2\/types\/product"}],"replies":[{"embeddable":true,"href":"https:\/\/cinemasoul.es\/index.php?rest_route=%2Fwp%2Fv2%2Fcomments&post=4951"}],"version-history":[{"count":1,"href":"https:\/\/cinemasoul.es\/index.php?rest_route=\/wp\/v2\/product\/4951\/revisions"}],"predecessor-version":[{"id":4954,"href":"https:\/\/cinemasoul.es\/index.php?rest_route=\/wp\/v2\/product\/4951\/revisions\/4954"}],"wp:featuredmedia":[{"embeddable":true,"href":"https:\/\/cinemasoul.es\/index.php?rest_route=\/wp\/v2\/media\/4952"}],"wp:attachment":[{"href":"https:\/\/cinemasoul.es\/index.php?rest_route=%2Fwp%2Fv2%2Fmedia&parent=4951"}],"wp:term":[{"taxonomy":"product_brand","embeddable":true,"href":"https:\/\/cinemasoul.es\/index.php?rest_route=%2Fwp%2Fv2%2Fproduct_brand&post=4951"},{"taxonomy":"product_cat","embeddable":true,"href":"https:\/\/cinemasoul.es\/index.php?rest_route=%2Fwp%2Fv2%2Fproduct_cat&post=4951"},{"taxonomy":"product_tag","embeddable":true,"href":"https:\/\/cinemasoul.es\/index.php?rest_route=%2Fwp%2Fv2%2Fproduct_tag&post=4951"}],"curies":[{"name":"wp","href":"https:\/\/api.w.org\/{rel}","templated":true}]}}