{"id":4947,"date":"2022-06-09T17:31:23","date_gmt":"2022-06-09T17:31:23","guid":{"rendered":"https:\/\/www.cinemasoul.es\/?post_type=product&#038;p=4947"},"modified":"2022-06-09T17:32:12","modified_gmt":"2022-06-09T17:32:12","slug":"no-se-compra-el-silencio-dvd","status":"publish","type":"product","link":"https:\/\/cinemasoul.es\/?product=no-se-compra-el-silencio-dvd","title":{"rendered":"No se compra el silencio [DVD]"},"content":{"rendered":"","protected":false},"excerpt":{"rendered":"<p><strong>T\u00edtulo original<\/strong> The Liberation of L.B. Jones\u00a0<strong>A\u00f1o<\/strong> 1970\u00a0<strong>Duraci\u00f3n<\/strong> 102 min.\u00a0<strong>Pa\u00eds<\/strong> Estados Unidos <strong>Direcci\u00f3n<\/strong> William Wyler\u00a0<strong>Guion<\/strong> Stirling Silliphant.\u00a0<strong>Novela<\/strong>: Jesse Hill Ford\u00a0<strong>M\u00fasica<\/strong> Elmer Bernstein\u00a0<strong>Fotograf\u00eda <\/strong>Robert Surtees\u00a0<strong>Reparto<\/strong> Lee J. Cobb, Anthony Zerbe, Roscoe Lee Browne, Lola Falana, Lee Majors, Yaphet Kotto, Barbara Hershey, Arch Johnson, Chill Wills, Zara Cully, Fayard Nicholas, Dub Taylor, Joseph Attles, Brenda Sykes\u00a0<strong>Productora<\/strong> Columbia Pictures, Liberation Company\u00a0<strong>G\u00e9nero<\/strong> Drama<\/p>\n<p><strong>Sinopsis<\/strong> El empresario de pompas f\u00fanebres L.B. Jones, el hombre negro m\u00e1s rico del condado, quiere divorciarse de su mujer porque le ha sido infiel con un polic\u00eda blanco. Jones ha puesto el caso en manos del abogado m\u00e1s prestigioso de la ciudad y todo parece que se solucionar\u00e1 de mutuo acuerdo. Pero, de pronto, la mujer cambia de opini\u00f3n y rechaza el pacto, lo que supone un proceso en el que el polic\u00eda ser\u00eda llamado a declarar y perder\u00eda su empleo.<\/p>\n","protected":false},"featured_media":4948,"comment_status":"open","ping_status":"closed","template":"","meta":{"site-sidebar-layout":"default","site-content-layout":"default","ast-site-content-layout":"default","site-content-style":"default","site-sidebar-style":"default","ast-global-header-display":"","ast-banner-title-visibility":"","ast-main-header-display":"","ast-hfb-above-header-display":"","ast-hfb-below-header-display":"","ast-hfb-mobile-header-display":"","site-post-title":"","ast-breadcrumbs-content":"","ast-featured-img":"","footer-sml-layout":"","ast-disable-related-posts":"","theme-transparent-header-meta":"","adv-header-id-meta":"","stick-header-meta":"","header-above-stick-meta":"","header-main-stick-meta":"","header-below-stick-meta":"","astra-migrate-meta-layouts":"default","ast-page-background-enabled":"default","ast-page-background-meta":{"desktop":{"background-color":"","background-image":"","background-repeat":"repeat","background-position":"center center","background-size":"auto","background-attachment":"scroll","background-type":"","background-media":"","overlay-type":"","overlay-color":"","overlay-opacity":"","overlay-gradient":""},"tablet":{"background-color":"","background-image":"","background-repeat":"repeat","background-position":"center center","background-size":"auto","background-attachment":"scroll","background-type":"","background-media":"","overlay-type":"","overlay-color":"","overlay-opacity":"","overlay-gradient":""},"mobile":{"background-color":"","background-image":"","background-repeat":"repeat","background-position":"center center","background-size":"auto","background-attachment":"scroll","background-type":"","background-media":"","overlay-type":"","overlay-color":"","overlay-opacity":"","overlay-gradient":""}},"ast-content-background-meta":{"desktop":{"background-color":"var(--ast-global-color-5)","background-image":"","background-repeat":"repeat","background-position":"center center","background-size":"auto","background-attachment":"scroll","background-type":"","background-media":"","overlay-type":"","overlay-color":"","overlay-opacity":"","overlay-gradient":""},"tablet":{"background-color":"var(--ast-global-color-5)","background-image":"","background-repeat":"repeat","background-position":"center center","background-size":"auto","background-attachment":"scroll","background-type":"","background-media":"","overlay-type":"","overlay-color":"","overlay-opacity":"","overlay-gradient":""},"mobile":{"background-color":"var(--ast-global-color-5)","background-image":"","background-repeat":"repeat","background-position":"center center","background-size":"auto","background-attachment":"scroll","background-type":"","background-media":"","overlay-type":"","overlay-color":"","overlay-opacity":"","overlay-gradient":""}},"_joinchat":[]},"product_brand":[],"product_cat":[42],"product_tag":[],"class_list":{"0":"post-4947","1":"product","2":"type-product","3":"status-publish","4":"has-post-thumbnail","6":"product_cat-dvd","7":"desktop-align-left","8":"tablet-align-left","9":"mobile-align-left","11":"first","12":"instock","13":"sale","14":"shipping-taxable","15":"purchasable","16":"product-type-simple"},"_links":{"self":[{"href":"https:\/\/cinemasoul.es\/index.php?rest_route=\/wp\/v2\/product\/4947","targetHints":{"allow":["GET"]}}],"collection":[{"href":"https:\/\/cinemasoul.es\/index.php?rest_route=\/wp\/v2\/product"}],"about":[{"href":"https:\/\/cinemasoul.es\/index.php?rest_route=\/wp\/v2\/types\/product"}],"replies":[{"embeddable":true,"href":"https:\/\/cinemasoul.es\/index.php?rest_route=%2Fwp%2Fv2%2Fcomments&post=4947"}],"version-history":[{"count":1,"href":"https:\/\/cinemasoul.es\/index.php?rest_route=\/wp\/v2\/product\/4947\/revisions"}],"predecessor-version":[{"id":4950,"href":"https:\/\/cinemasoul.es\/index.php?rest_route=\/wp\/v2\/product\/4947\/revisions\/4950"}],"wp:featuredmedia":[{"embeddable":true,"href":"https:\/\/cinemasoul.es\/index.php?rest_route=\/wp\/v2\/media\/4948"}],"wp:attachment":[{"href":"https:\/\/cinemasoul.es\/index.php?rest_route=%2Fwp%2Fv2%2Fmedia&parent=4947"}],"wp:term":[{"taxonomy":"product_brand","embeddable":true,"href":"https:\/\/cinemasoul.es\/index.php?rest_route=%2Fwp%2Fv2%2Fproduct_brand&post=4947"},{"taxonomy":"product_cat","embeddable":true,"href":"https:\/\/cinemasoul.es\/index.php?rest_route=%2Fwp%2Fv2%2Fproduct_cat&post=4947"},{"taxonomy":"product_tag","embeddable":true,"href":"https:\/\/cinemasoul.es\/index.php?rest_route=%2Fwp%2Fv2%2Fproduct_tag&post=4947"}],"curies":[{"name":"wp","href":"https:\/\/api.w.org\/{rel}","templated":true}]}}