{"id":4931,"date":"2022-06-09T16:52:21","date_gmt":"2022-06-09T16:52:21","guid":{"rendered":"https:\/\/www.cinemasoul.es\/?post_type=product&#038;p=4931"},"modified":"2022-06-09T16:52:22","modified_gmt":"2022-06-09T16:52:22","slug":"mas-peligrosas-que-los-hombres-dvd","status":"publish","type":"product","link":"https:\/\/cinemasoul.es\/?product=mas-peligrosas-que-los-hombres-dvd","title":{"rendered":"M\u00e1s Peligrosas que los Hombres [DVD]"},"content":{"rendered":"","protected":false},"excerpt":{"rendered":"<div id=\"tab-description\" class=\"tab-content\">\n<p><strong>T\u00cdTULO ORIGINAL<\/strong>: DEADLIER THAN THE MALE\u00a0\u00a0<strong>DIRIGIDA<\/strong> POR RALPH THOMAS <strong>PRODUCIDA<\/strong> POR BETTY E. BOX\u00a0<strong>GUI\u00d3N<\/strong> DE LIZ CHARLES-WILLIAMS DAVID D. OSBORN JIMMY SANGSTER\u00a0<strong>M\u00daSICA<\/strong> DE MALCOLM LOCKYER\u00a0<strong>FOTOGRAFIA<\/strong> DE ERNEST STEWARD\u00a0<strong>REPARTO<\/strong>: RICHARD JOHNSON ELKE SOMMER SYLVA KOSCINA NIGEL GREEN, SUZANNA LEIGH, STEVE CARLSON, ROBERT DRUMMOND, VIRGINIA NORTH, JUSTINE LORD<\/p>\n<p><strong>NACIONALIDAD<\/strong>: REINO UNIDO <strong>A\u00d1O<\/strong>: 1967\u00a0<strong>G\u00c9NERO<\/strong>: CRIMEN, DRAMA <strong>DURACI\u00d3N<\/strong>: 93 MINUTOS APROX.\u00a0<strong>FORMATO DE PANTALLA<\/strong>: 16\/9 2:35:1 <strong>COLOR<\/strong>: COLOR\u00a0<strong>IDIOMAS<\/strong>: CATELLANO E INGL\u00c9S\u00a0<strong>SUBT\u00cdTULOS<\/strong>: CASTELLANO\u00a0<strong>CERTIFICADO<\/strong> DE CALIFICACI\u00d3N N\u00ba 134.653\u00a0<strong>CLASIFICACI\u00d3N<\/strong>: NO RECOMENDADA PARA MENORES DE 16 A\u00d1OS<\/p>\n<p>Varios ejecutivos de empresas petroleras han sido asesinados. El investigador de seguros Hugh \u00abBulldog\u00bb Drummond es enviado a examinar los casos. Todas las v\u00edctimas han sido liquidadas por unas implacables asesinas, las cuales desaparecen sin dejar rastro. Pero Drummond descubre que estas mujeres operan bajo las \u00f3rdenes de un sinestro genio criminal, decidido a apoderarse de concesiones petroleras en territorios \u00e1rabes que han quedado vacantes ya que sus titulares han sido eliminados. Ahora deber\u00e1 correr contra el tiempo para salvar la vida del Rey Fedra, quien se encuentra en la mira de los asesinos.<\/p>\n<\/div>\n","protected":false},"featured_media":4932,"comment_status":"open","ping_status":"closed","template":"","meta":{"site-sidebar-layout":"default","site-content-layout":"default","ast-site-content-layout":"default","site-content-style":"default","site-sidebar-style":"default","ast-global-header-display":"","ast-banner-title-visibility":"","ast-main-header-display":"","ast-hfb-above-header-display":"","ast-hfb-below-header-display":"","ast-hfb-mobile-header-display":"","site-post-title":"","ast-breadcrumbs-content":"","ast-featured-img":"","footer-sml-layout":"","ast-disable-related-posts":"","theme-transparent-header-meta":"","adv-header-id-meta":"","stick-header-meta":"","header-above-stick-meta":"","header-main-stick-meta":"","header-below-stick-meta":"","astra-migrate-meta-layouts":"default","ast-page-background-enabled":"default","ast-page-background-meta":{"desktop":{"background-color":"","background-image":"","background-repeat":"repeat","background-position":"center center","background-size":"auto","background-attachment":"scroll","background-type":"","background-media":"","overlay-type":"","overlay-color":"","overlay-opacity":"","overlay-gradient":""},"tablet":{"background-color":"","background-image":"","background-repeat":"repeat","background-position":"center center","background-size":"auto","background-attachment":"scroll","background-type":"","background-media":"","overlay-type":"","overlay-color":"","overlay-opacity":"","overlay-gradient":""},"mobile":{"background-color":"","background-image":"","background-repeat":"repeat","background-position":"center center","background-size":"auto","background-attachment":"scroll","background-type":"","background-media":"","overlay-type":"","overlay-color":"","overlay-opacity":"","overlay-gradient":""}},"ast-content-background-meta":{"desktop":{"background-color":"var(--ast-global-color-5)","background-image":"","background-repeat":"repeat","background-position":"center center","background-size":"auto","background-attachment":"scroll","background-type":"","background-media":"","overlay-type":"","overlay-color":"","overlay-opacity":"","overlay-gradient":""},"tablet":{"background-color":"var(--ast-global-color-5)","background-image":"","background-repeat":"repeat","background-position":"center center","background-size":"auto","background-attachment":"scroll","background-type":"","background-media":"","overlay-type":"","overlay-color":"","overlay-opacity":"","overlay-gradient":""},"mobile":{"background-color":"var(--ast-global-color-5)","background-image":"","background-repeat":"repeat","background-position":"center center","background-size":"auto","background-attachment":"scroll","background-type":"","background-media":"","overlay-type":"","overlay-color":"","overlay-opacity":"","overlay-gradient":""}},"_joinchat":[]},"product_brand":[],"product_cat":[42],"product_tag":[],"class_list":{"0":"post-4931","1":"product","2":"type-product","3":"status-publish","4":"has-post-thumbnail","6":"product_cat-dvd","7":"desktop-align-left","8":"tablet-align-left","9":"mobile-align-left","11":"first","12":"instock","13":"sale","14":"shipping-taxable","15":"purchasable","16":"product-type-simple"},"_links":{"self":[{"href":"https:\/\/cinemasoul.es\/index.php?rest_route=\/wp\/v2\/product\/4931","targetHints":{"allow":["GET"]}}],"collection":[{"href":"https:\/\/cinemasoul.es\/index.php?rest_route=\/wp\/v2\/product"}],"about":[{"href":"https:\/\/cinemasoul.es\/index.php?rest_route=\/wp\/v2\/types\/product"}],"replies":[{"embeddable":true,"href":"https:\/\/cinemasoul.es\/index.php?rest_route=%2Fwp%2Fv2%2Fcomments&post=4931"}],"version-history":[{"count":1,"href":"https:\/\/cinemasoul.es\/index.php?rest_route=\/wp\/v2\/product\/4931\/revisions"}],"predecessor-version":[{"id":4933,"href":"https:\/\/cinemasoul.es\/index.php?rest_route=\/wp\/v2\/product\/4931\/revisions\/4933"}],"wp:featuredmedia":[{"embeddable":true,"href":"https:\/\/cinemasoul.es\/index.php?rest_route=\/wp\/v2\/media\/4932"}],"wp:attachment":[{"href":"https:\/\/cinemasoul.es\/index.php?rest_route=%2Fwp%2Fv2%2Fmedia&parent=4931"}],"wp:term":[{"taxonomy":"product_brand","embeddable":true,"href":"https:\/\/cinemasoul.es\/index.php?rest_route=%2Fwp%2Fv2%2Fproduct_brand&post=4931"},{"taxonomy":"product_cat","embeddable":true,"href":"https:\/\/cinemasoul.es\/index.php?rest_route=%2Fwp%2Fv2%2Fproduct_cat&post=4931"},{"taxonomy":"product_tag","embeddable":true,"href":"https:\/\/cinemasoul.es\/index.php?rest_route=%2Fwp%2Fv2%2Fproduct_tag&post=4931"}],"curies":[{"name":"wp","href":"https:\/\/api.w.org\/{rel}","templated":true}]}}