{"id":4923,"date":"2022-06-09T12:51:55","date_gmt":"2022-06-09T12:51:55","guid":{"rendered":"https:\/\/www.cinemasoul.es\/?post_type=product&#038;p=4923"},"modified":"2022-06-09T12:51:55","modified_gmt":"2022-06-09T12:51:55","slug":"los-felinos-dvd","status":"publish","type":"product","link":"https:\/\/cinemasoul.es\/?product=los-felinos-dvd","title":{"rendered":"Los Felinos [DVD]"},"content":{"rendered":"","protected":false},"excerpt":{"rendered":"<p><strong>T\u00cdTULO ORIGINAL<\/strong>: LES F\u00c9LINS <strong>DIRECTOR<\/strong>: REN\u00c9 CLEMENT <strong>GUI\u00d3N<\/strong>: PASCAL JARDIN, CHARLES WILLIAMS <strong>ARGUMENTO<\/strong>: BASADO EN LA NOVELA \u201cJOY HOUSE\u201d DE DAY KEENE <strong>PRODUCTOR<\/strong>: JACQUES BAR <strong>M\u00daSICA:<\/strong> LALO SCHIFRIN <strong>FOTOGRAF\u00cdA<\/strong>: HENRI DECA\u00cb <strong>ACTORES<\/strong>: ALAIN DELON, JANE FONDA, LOLA ALBRIGHT, SORRELL BOOKE, CARL STUDER, ANDR\u00c9 OUMANSKY, ARTHUR HOWARD, GEORGE GAYNES, ANNETTE POIVRE, BERETT ARCAYA, MARC MAZZA, JACQUES B\u00c9ZARD, JEAN PIERRE HONOR\u00c9, GEORGES DOUKING, DEL NEGRO<\/p>\n<p><strong>A\u00d1O<\/strong>: 1964 <strong>NACIONALIDAD<\/strong>: FRANCIA <strong>GENERO<\/strong>: DRAMA\/THRILLER <strong>COLOR<\/strong>: Blanco y Negro <strong>Caracter\u00edsticas Especiales disponibles<\/strong>: Men\u00fas Interactivos, Acceso directo a Extras: Sinopsis, Ficha t\u00e9cnica, Art\u00edstica y Galer\u00eda Fotogr\u00e1fica. Para \u00e1mbito dom\u00e9stico <strong>Certificado de calificaci\u00f3n<\/strong> N\u00ba 96.446.\u00a0 No recomendada para menores de 18 a\u00f1os. <strong>Dep\u00f3sito legal<\/strong>: TF: 418-2008. <strong>Duraci\u00f3n<\/strong>: 93 min. Aprox. <strong>Idiomas<\/strong>: Castellano y Franc\u00e9s <strong>Formato de pantalla<\/strong>: 16\/9 (2.35:1)<\/p>\n<p><strong>\u201cAm\u00f3 como si su vida dependiera de ello&#8230;y lo hizo\u201d<\/strong><\/p>\n<p>Un jugador profesional intenta escapar de un grupo de g\u00e1nster que pretende terminar con su vida. Para esconderse, el hombre se oculta en la mansi\u00f3n de una millonaria que tiempo atr\u00e1s asesin\u00f3 a su marido. Cuando la viuda se enamora de \u00e9l, el jugador se ve poco a poco involucrado en el pasado de la mujer. El director franc\u00e9s Rene Clement presenta a Alain Delon como un criminal mezquino huido de los bajos fondos. En la Rivera encuentra refugio en un albergue regentado por Jane Fonda y Lola Alrbight. Las dos mujeres le hacen trasladarse a una mansi\u00f3n g\u00f3tica de la que es propietaria Albright, una millonaria con complejo de cooperante. Fonda, su sobrina, est\u00e1 loca por \u00e9l e intenta seducirle una y otra vez mientras alguien trata de envenenarle y sus anteriores socios, ahora con toda la intenci\u00f3n de acabar con su vida, han sabido de su paradero.<\/p>\n","protected":false},"featured_media":4924,"comment_status":"open","ping_status":"closed","template":"","meta":{"site-sidebar-layout":"default","site-content-layout":"default","ast-site-content-layout":"default","site-content-style":"default","site-sidebar-style":"default","ast-global-header-display":"","ast-banner-title-visibility":"","ast-main-header-display":"","ast-hfb-above-header-display":"","ast-hfb-below-header-display":"","ast-hfb-mobile-header-display":"","site-post-title":"","ast-breadcrumbs-content":"","ast-featured-img":"","footer-sml-layout":"","ast-disable-related-posts":"","theme-transparent-header-meta":"","adv-header-id-meta":"","stick-header-meta":"","header-above-stick-meta":"","header-main-stick-meta":"","header-below-stick-meta":"","astra-migrate-meta-layouts":"default","ast-page-background-enabled":"default","ast-page-background-meta":{"desktop":{"background-color":"","background-image":"","background-repeat":"repeat","background-position":"center center","background-size":"auto","background-attachment":"scroll","background-type":"","background-media":"","overlay-type":"","overlay-color":"","overlay-opacity":"","overlay-gradient":""},"tablet":{"background-color":"","background-image":"","background-repeat":"repeat","background-position":"center center","background-size":"auto","background-attachment":"scroll","background-type":"","background-media":"","overlay-type":"","overlay-color":"","overlay-opacity":"","overlay-gradient":""},"mobile":{"background-color":"","background-image":"","background-repeat":"repeat","background-position":"center center","background-size":"auto","background-attachment":"scroll","background-type":"","background-media":"","overlay-type":"","overlay-color":"","overlay-opacity":"","overlay-gradient":""}},"ast-content-background-meta":{"desktop":{"background-color":"var(--ast-global-color-5)","background-image":"","background-repeat":"repeat","background-position":"center center","background-size":"auto","background-attachment":"scroll","background-type":"","background-media":"","overlay-type":"","overlay-color":"","overlay-opacity":"","overlay-gradient":""},"tablet":{"background-color":"var(--ast-global-color-5)","background-image":"","background-repeat":"repeat","background-position":"center center","background-size":"auto","background-attachment":"scroll","background-type":"","background-media":"","overlay-type":"","overlay-color":"","overlay-opacity":"","overlay-gradient":""},"mobile":{"background-color":"var(--ast-global-color-5)","background-image":"","background-repeat":"repeat","background-position":"center center","background-size":"auto","background-attachment":"scroll","background-type":"","background-media":"","overlay-type":"","overlay-color":"","overlay-opacity":"","overlay-gradient":""}},"_joinchat":[]},"product_brand":[],"product_cat":[42],"product_tag":[],"class_list":{"0":"post-4923","1":"product","2":"type-product","3":"status-publish","4":"has-post-thumbnail","6":"product_cat-dvd","7":"desktop-align-left","8":"tablet-align-left","9":"mobile-align-left","11":"first","12":"instock","13":"shipping-taxable","14":"purchasable","15":"product-type-simple"},"_links":{"self":[{"href":"https:\/\/cinemasoul.es\/index.php?rest_route=\/wp\/v2\/product\/4923","targetHints":{"allow":["GET"]}}],"collection":[{"href":"https:\/\/cinemasoul.es\/index.php?rest_route=\/wp\/v2\/product"}],"about":[{"href":"https:\/\/cinemasoul.es\/index.php?rest_route=\/wp\/v2\/types\/product"}],"replies":[{"embeddable":true,"href":"https:\/\/cinemasoul.es\/index.php?rest_route=%2Fwp%2Fv2%2Fcomments&post=4923"}],"version-history":[{"count":1,"href":"https:\/\/cinemasoul.es\/index.php?rest_route=\/wp\/v2\/product\/4923\/revisions"}],"predecessor-version":[{"id":4926,"href":"https:\/\/cinemasoul.es\/index.php?rest_route=\/wp\/v2\/product\/4923\/revisions\/4926"}],"wp:featuredmedia":[{"embeddable":true,"href":"https:\/\/cinemasoul.es\/index.php?rest_route=\/wp\/v2\/media\/4924"}],"wp:attachment":[{"href":"https:\/\/cinemasoul.es\/index.php?rest_route=%2Fwp%2Fv2%2Fmedia&parent=4923"}],"wp:term":[{"taxonomy":"product_brand","embeddable":true,"href":"https:\/\/cinemasoul.es\/index.php?rest_route=%2Fwp%2Fv2%2Fproduct_brand&post=4923"},{"taxonomy":"product_cat","embeddable":true,"href":"https:\/\/cinemasoul.es\/index.php?rest_route=%2Fwp%2Fv2%2Fproduct_cat&post=4923"},{"taxonomy":"product_tag","embeddable":true,"href":"https:\/\/cinemasoul.es\/index.php?rest_route=%2Fwp%2Fv2%2Fproduct_tag&post=4923"}],"curies":[{"name":"wp","href":"https:\/\/api.w.org\/{rel}","templated":true}]}}