{"id":4915,"date":"2022-06-09T12:38:55","date_gmt":"2022-06-09T12:38:55","guid":{"rendered":"https:\/\/www.cinemasoul.es\/?post_type=product&#038;p=4915"},"modified":"2022-06-09T12:39:18","modified_gmt":"2022-06-09T12:39:18","slug":"la-mano-negra-dvd","status":"publish","type":"product","link":"https:\/\/cinemasoul.es\/?product=la-mano-negra-dvd","title":{"rendered":"La Mano Negra [DVD]"},"content":{"rendered":"","protected":false},"excerpt":{"rendered":"<div id=\"tab-description\" class=\"tab-content\">\n<p>GENE KELLY , J. CARROL NAISH,\u00a0<a href=\"http:\/\/www.filmaffinity.com\/es\/search.php?stype=cast&amp;stext=Teresa+Celli\">TERESA CELLI<\/a>,\u00a0<a href=\"http:\/\/www.filmaffinity.com\/es\/search.php?stype=cast&amp;stext=Marc+Lawrence\">MARC LAWRENCE<\/a>,\u00a0<a href=\"http:\/\/www.filmaffinity.com\/es\/search.php?stype=cast&amp;stext=Frank+Puglia\">FRANK PUGLIA<\/a>,\u00a0<a href=\"http:\/\/www.filmaffinity.com\/es\/search.php?stype=cast&amp;stext=Barry+Kelley\">BARRY KELLEY<\/a>.\u00a0<strong>PRODUCIDA<\/strong> POR\u00a0WILLIAM H. WRIGHT.\u00a0<strong>DIRIGIDA<\/strong> POR\u00a0RICHARD THORPE.\u00a0<strong>GUI\u00d3N<\/strong> DE\u00a0Luther Davis.\u00a0<strong>M\u00daSICA<\/strong> DE\u00a0ALBERTO COLOMBO.\u00a0<strong>FOTOGRAF\u00cdA<\/strong> DE\u00a0\u00a0Paul C.\u00a0 Vogel.<\/p>\n<p><strong>T\u00cdTULO ORIGINAL<\/strong>: Black Hand.\u00a0<strong>A\u00d1O<\/strong>: 1950.\u00a0<strong>PA\u00cdS<\/strong>: ESTADOS UNIDOS.\u00a0<strong>DURACI\u00d3N<\/strong>: 88 MINUTOS.\u00a0<strong>G\u00c9NERO<\/strong>: CRIMEN.\u00a0<strong>BLANCO Y NEGRO.\u00a0<\/strong><strong>N\u00ba de Expediente ICAA<\/strong>:\u00a0 122.937.\u00a0<strong>IDIOMAS<\/strong>: CASTELLANO INGL\u00c9S CON SUBT\u00cdTULOS EN CASTELLANO Y FRANC\u00c9S. NO RECOMENDADA PARA MENORES DE 12 A\u00d1OS.\u00a0<strong>FORMATO DE PANTALLA<\/strong>: 4\/3<\/p>\n<p>Cuando ya ha crecido, Johnny Columbo regresa a Nueva York procedente de Italia. Su intenci\u00f3n es vengarse de la muerte de su padre cuando \u00e9l era un ni\u00f1o, obra de una siniestra organizaci\u00f3n mafiosa conocida como \u201cLa mano negra\u201d. En su misi\u00f3n conocer\u00e1 a una guapa muchacha y a un honrado policia, pero Johnny comienza a preguntarse si podr\u00e1 acabar con los mafiosos por medios legales\u2026<\/p>\n<\/div>\n","protected":false},"featured_media":4916,"comment_status":"open","ping_status":"closed","template":"","meta":{"site-sidebar-layout":"default","site-content-layout":"default","ast-site-content-layout":"default","site-content-style":"default","site-sidebar-style":"default","ast-global-header-display":"","ast-banner-title-visibility":"","ast-main-header-display":"","ast-hfb-above-header-display":"","ast-hfb-below-header-display":"","ast-hfb-mobile-header-display":"","site-post-title":"","ast-breadcrumbs-content":"","ast-featured-img":"","footer-sml-layout":"","ast-disable-related-posts":"","theme-transparent-header-meta":"","adv-header-id-meta":"","stick-header-meta":"","header-above-stick-meta":"","header-main-stick-meta":"","header-below-stick-meta":"","astra-migrate-meta-layouts":"default","ast-page-background-enabled":"default","ast-page-background-meta":{"desktop":{"background-color":"","background-image":"","background-repeat":"repeat","background-position":"center center","background-size":"auto","background-attachment":"scroll","background-type":"","background-media":"","overlay-type":"","overlay-color":"","overlay-opacity":"","overlay-gradient":""},"tablet":{"background-color":"","background-image":"","background-repeat":"repeat","background-position":"center center","background-size":"auto","background-attachment":"scroll","background-type":"","background-media":"","overlay-type":"","overlay-color":"","overlay-opacity":"","overlay-gradient":""},"mobile":{"background-color":"","background-image":"","background-repeat":"repeat","background-position":"center center","background-size":"auto","background-attachment":"scroll","background-type":"","background-media":"","overlay-type":"","overlay-color":"","overlay-opacity":"","overlay-gradient":""}},"ast-content-background-meta":{"desktop":{"background-color":"var(--ast-global-color-5)","background-image":"","background-repeat":"repeat","background-position":"center center","background-size":"auto","background-attachment":"scroll","background-type":"","background-media":"","overlay-type":"","overlay-color":"","overlay-opacity":"","overlay-gradient":""},"tablet":{"background-color":"var(--ast-global-color-5)","background-image":"","background-repeat":"repeat","background-position":"center center","background-size":"auto","background-attachment":"scroll","background-type":"","background-media":"","overlay-type":"","overlay-color":"","overlay-opacity":"","overlay-gradient":""},"mobile":{"background-color":"var(--ast-global-color-5)","background-image":"","background-repeat":"repeat","background-position":"center center","background-size":"auto","background-attachment":"scroll","background-type":"","background-media":"","overlay-type":"","overlay-color":"","overlay-opacity":"","overlay-gradient":""}},"_joinchat":[]},"product_brand":[],"product_cat":[42],"product_tag":[],"class_list":{"0":"post-4915","1":"product","2":"type-product","3":"status-publish","4":"has-post-thumbnail","6":"product_cat-dvd","7":"desktop-align-left","8":"tablet-align-left","9":"mobile-align-left","11":"first","12":"instock","13":"sale","14":"shipping-taxable","15":"purchasable","16":"product-type-simple"},"_links":{"self":[{"href":"https:\/\/cinemasoul.es\/index.php?rest_route=\/wp\/v2\/product\/4915","targetHints":{"allow":["GET"]}}],"collection":[{"href":"https:\/\/cinemasoul.es\/index.php?rest_route=\/wp\/v2\/product"}],"about":[{"href":"https:\/\/cinemasoul.es\/index.php?rest_route=\/wp\/v2\/types\/product"}],"replies":[{"embeddable":true,"href":"https:\/\/cinemasoul.es\/index.php?rest_route=%2Fwp%2Fv2%2Fcomments&post=4915"}],"version-history":[{"count":1,"href":"https:\/\/cinemasoul.es\/index.php?rest_route=\/wp\/v2\/product\/4915\/revisions"}],"predecessor-version":[{"id":4918,"href":"https:\/\/cinemasoul.es\/index.php?rest_route=\/wp\/v2\/product\/4915\/revisions\/4918"}],"wp:featuredmedia":[{"embeddable":true,"href":"https:\/\/cinemasoul.es\/index.php?rest_route=\/wp\/v2\/media\/4916"}],"wp:attachment":[{"href":"https:\/\/cinemasoul.es\/index.php?rest_route=%2Fwp%2Fv2%2Fmedia&parent=4915"}],"wp:term":[{"taxonomy":"product_brand","embeddable":true,"href":"https:\/\/cinemasoul.es\/index.php?rest_route=%2Fwp%2Fv2%2Fproduct_brand&post=4915"},{"taxonomy":"product_cat","embeddable":true,"href":"https:\/\/cinemasoul.es\/index.php?rest_route=%2Fwp%2Fv2%2Fproduct_cat&post=4915"},{"taxonomy":"product_tag","embeddable":true,"href":"https:\/\/cinemasoul.es\/index.php?rest_route=%2Fwp%2Fv2%2Fproduct_tag&post=4915"}],"curies":[{"name":"wp","href":"https:\/\/api.w.org\/{rel}","templated":true}]}}