{"id":4898,"date":"2022-06-09T12:21:43","date_gmt":"2022-06-09T12:21:43","guid":{"rendered":"https:\/\/www.cinemasoul.es\/?post_type=product&#038;p=4898"},"modified":"2022-06-09T12:23:00","modified_gmt":"2022-06-09T12:23:00","slug":"la-ley-del-hampa-lp","status":"publish","type":"product","link":"https:\/\/cinemasoul.es\/?product=la-ley-del-hampa-lp","title":{"rendered":"La ley del Hampa [DVD]"},"content":{"rendered":"","protected":false},"excerpt":{"rendered":"<div id=\"tab-description\" class=\"tab-content\">\n<p><strong>DIRIGIDA<\/strong> POR BUDD BOETTICHER.\u00a0<strong>PRODUCIDA<\/strong> POR MILTON\u00a0SPERLING.\u00a0<strong>ESCRITA<\/strong> POR JOSEPH LANDON.\u00a0<strong>PROTAGONIZADA<\/strong> POR RAY DANTON, KAREN STEELE, ELAINE STEWART, JESSE WHITE, SIMON OAKLAND, ROBERT LOWERY, WARREN OATES.\u00a0<strong>M\u00daSICA<\/strong> DE LEONARD ROSENMAN.\u00a0<strong>FOTOGRAF\u00cdA\u00a0<\/strong> DE \u00a0Lucien Ballard.<\/p>\n<p><strong>T\u00cdTULO ORIGINAL<\/strong>: THE RISE AND FALL OF LEGS DIAMOND.\u00a0<strong>A\u00d1O<\/strong>: 1960.\u00a0<strong>PA\u00cdS<\/strong>: ESTADOS UNIDOS.\u00a0<strong>DURACI\u00d3N<\/strong>: 101 MINUTOS.\u00a0<strong>G\u00c9NERO<\/strong>: CRIMEN.\u00a0<strong>Calificaci\u00f3n<\/strong>: NO RECOMENDADA PARA MENORES DE 12 A\u00d1OS.\u00a0<strong>BLANCO Y NEGRO<\/strong>.\u00a0N\u00ba de Expediente <strong>ICAA<\/strong>: 122.735.\u00a0<strong>IDIOMAS<\/strong>: CASTELLANO, FRANC\u00c9S CON SUBT\u00cdTULOS EN CASTELLANO E INGL\u00c9S.\u00a0<strong>FORMATO<\/strong>: 16X9 1.85.1.\u00a0<strong>ICAA N<\/strong>: 122.735.\u00a0<strong>Duraci\u00f3n<\/strong>: 101 MINUTOS APROX.<\/p>\n<p><em>\u00a1El mat\u00f3n que se code\u00f3 con todos los grandes jefes de la mafia de los a\u00f1os 20 y que construy\u00f3 el m\u00e1s brutal Imperio del vicio de Nueva York!<\/em>. Jack Diamond siempre estuvo en movimiento. A veces en los salones de baile, donde se gan\u00f3 el sobrenombre de \u201cLegs\u201d (Piernas). Otras veces en las calles de Nueva York, donde construy\u00f3 un imperio criminal durante los violentos a\u00f1os veinte y fue objetivo de tantos atentados perpetrados por otras bandas que se le conoci\u00f3 como \u201cel pich\u00f3n\u201d. Realizado en el momento en el que la serie de televisi\u00f3n Los intocables de Elliot Ness estaba en su m\u00e1ximo esplendor, este tenso thriller dirigido por el veterano Budd Boetticher (Tras la pista de los asesinos, Buchanan cabalga de nuevo) nos cuenta su verdadera historia, con estilo, pulso y ametralladoras. El guapo Ray Danton da vida a Legs, un hombre tan fr\u00edo y oportunista que parecer\u00eda que por sus venas no corr\u00eda la sangre. Grandes int\u00e9rpretes y promesas emergentes (como Dyan Cannon que interpreta a Dixie, la chica de Legs) se re\u00fanen en esta pel\u00edcula que rememora los mejores films de g\u00e1ngsters de los a\u00f1os 30.<\/p>\n<\/div>\n","protected":false},"featured_media":4899,"comment_status":"open","ping_status":"closed","template":"","meta":{"site-sidebar-layout":"default","site-content-layout":"default","ast-site-content-layout":"default","site-content-style":"default","site-sidebar-style":"default","ast-global-header-display":"","ast-banner-title-visibility":"","ast-main-header-display":"","ast-hfb-above-header-display":"","ast-hfb-below-header-display":"","ast-hfb-mobile-header-display":"","site-post-title":"","ast-breadcrumbs-content":"","ast-featured-img":"","footer-sml-layout":"","ast-disable-related-posts":"","theme-transparent-header-meta":"","adv-header-id-meta":"","stick-header-meta":"","header-above-stick-meta":"","header-main-stick-meta":"","header-below-stick-meta":"","astra-migrate-meta-layouts":"default","ast-page-background-enabled":"default","ast-page-background-meta":{"desktop":{"background-color":"","background-image":"","background-repeat":"repeat","background-position":"center center","background-size":"auto","background-attachment":"scroll","background-type":"","background-media":"","overlay-type":"","overlay-color":"","overlay-opacity":"","overlay-gradient":""},"tablet":{"background-color":"","background-image":"","background-repeat":"repeat","background-position":"center center","background-size":"auto","background-attachment":"scroll","background-type":"","background-media":"","overlay-type":"","overlay-color":"","overlay-opacity":"","overlay-gradient":""},"mobile":{"background-color":"","background-image":"","background-repeat":"repeat","background-position":"center center","background-size":"auto","background-attachment":"scroll","background-type":"","background-media":"","overlay-type":"","overlay-color":"","overlay-opacity":"","overlay-gradient":""}},"ast-content-background-meta":{"desktop":{"background-color":"var(--ast-global-color-5)","background-image":"","background-repeat":"repeat","background-position":"center center","background-size":"auto","background-attachment":"scroll","background-type":"","background-media":"","overlay-type":"","overlay-color":"","overlay-opacity":"","overlay-gradient":""},"tablet":{"background-color":"var(--ast-global-color-5)","background-image":"","background-repeat":"repeat","background-position":"center center","background-size":"auto","background-attachment":"scroll","background-type":"","background-media":"","overlay-type":"","overlay-color":"","overlay-opacity":"","overlay-gradient":""},"mobile":{"background-color":"var(--ast-global-color-5)","background-image":"","background-repeat":"repeat","background-position":"center center","background-size":"auto","background-attachment":"scroll","background-type":"","background-media":"","overlay-type":"","overlay-color":"","overlay-opacity":"","overlay-gradient":""}},"_joinchat":[]},"product_brand":[],"product_cat":[42],"product_tag":[],"class_list":{"0":"post-4898","1":"product","2":"type-product","3":"status-publish","4":"has-post-thumbnail","6":"product_cat-dvd","7":"desktop-align-left","8":"tablet-align-left","9":"mobile-align-left","11":"first","12":"instock","13":"sale","14":"shipping-taxable","15":"purchasable","16":"product-type-simple"},"_links":{"self":[{"href":"https:\/\/cinemasoul.es\/index.php?rest_route=\/wp\/v2\/product\/4898","targetHints":{"allow":["GET"]}}],"collection":[{"href":"https:\/\/cinemasoul.es\/index.php?rest_route=\/wp\/v2\/product"}],"about":[{"href":"https:\/\/cinemasoul.es\/index.php?rest_route=\/wp\/v2\/types\/product"}],"replies":[{"embeddable":true,"href":"https:\/\/cinemasoul.es\/index.php?rest_route=%2Fwp%2Fv2%2Fcomments&post=4898"}],"version-history":[{"count":2,"href":"https:\/\/cinemasoul.es\/index.php?rest_route=\/wp\/v2\/product\/4898\/revisions"}],"predecessor-version":[{"id":4903,"href":"https:\/\/cinemasoul.es\/index.php?rest_route=\/wp\/v2\/product\/4898\/revisions\/4903"}],"wp:featuredmedia":[{"embeddable":true,"href":"https:\/\/cinemasoul.es\/index.php?rest_route=\/wp\/v2\/media\/4899"}],"wp:attachment":[{"href":"https:\/\/cinemasoul.es\/index.php?rest_route=%2Fwp%2Fv2%2Fmedia&parent=4898"}],"wp:term":[{"taxonomy":"product_brand","embeddable":true,"href":"https:\/\/cinemasoul.es\/index.php?rest_route=%2Fwp%2Fv2%2Fproduct_brand&post=4898"},{"taxonomy":"product_cat","embeddable":true,"href":"https:\/\/cinemasoul.es\/index.php?rest_route=%2Fwp%2Fv2%2Fproduct_cat&post=4898"},{"taxonomy":"product_tag","embeddable":true,"href":"https:\/\/cinemasoul.es\/index.php?rest_route=%2Fwp%2Fv2%2Fproduct_tag&post=4898"}],"curies":[{"name":"wp","href":"https:\/\/api.w.org\/{rel}","templated":true}]}}