{"id":4885,"date":"2022-06-08T19:06:33","date_gmt":"2022-06-08T19:06:33","guid":{"rendered":"https:\/\/www.cinemasoul.es\/?post_type=product&#038;p=4885"},"modified":"2022-06-08T19:06:33","modified_gmt":"2022-06-08T19:06:33","slug":"la-confesion-dvd","status":"publish","type":"product","link":"https:\/\/cinemasoul.es\/?product=la-confesion-dvd","title":{"rendered":"La Confesi\u00f3n [DVD]"},"content":{"rendered":"","protected":false},"excerpt":{"rendered":"<div id=\"tab-description\" class=\"tab-content\">\n<p><strong>T\u00cdTULO ORIGINAL<\/strong>:\u00a0<em>L&#8217;Aveu\u00a0<\/em><strong>DIRIGIDA<\/strong> POR\u00a0<a href=\"http:\/\/www.filmaffinity.com\/es\/search.php?stype=director&amp;stext=Constantin+Costa-Gavras\">Constantin Costa-Gavras<\/a>\u00a0<strong>PRODUCIDA<\/strong> POR\u00a0<a href=\"http:\/\/www.imdb.com\/name\/nm0233587\/?ref_=ttfc_fc_cr2\">Robert Dorfmann<\/a>\u00a0y\u00a0<a href=\"http:\/\/www.imdb.com\/name\/nm0419470\/?ref_=ttfc_fc_cr3\">Bertrand Javal<\/a>\u00a0<strong>GUI\u00d3N<\/strong> DE\u00a0Jorge Sempr\u00fan\u00a0<strong>B<\/strong>ASADO EN UNA <strong>HISTORIA<\/strong> DE\u00a0Artur London\u00a0<strong>M\u00daSICA<\/strong> DE\u00a0Giovanni Fusco\u00a0<strong>FOTOGRAF\u00cdA<\/strong> DE\u00a0Raoul Coutard\u00a0<strong>REPARTO<\/strong>:\u00a0<a href=\"http:\/\/www.filmaffinity.com\/es\/search.php?stype=cast&amp;stext=Yves+Montand\">Yves Montand<\/a>,<a href=\"http:\/\/www.filmaffinity.com\/es\/search.php?stype=cast&amp;stext=Simone+Signoret\">Simone Signoret<\/a>,<a href=\"http:\/\/www.filmaffinity.com\/es\/search.php?stype=cast&amp;stext=Gabriele+Ferzetti\">Gabriele Ferzetti<\/a>,<a href=\"http:\/\/www.filmaffinity.com\/es\/search.php?stype=cast&amp;stext=Michel+Vitold\">Michel Vitold<\/a>,<a href=\"http:\/\/www.filmaffinity.com\/es\/search.php?stype=cast&amp;stext=Jean+Blouise\">Jean Blouise<\/a>,<a href=\"http:\/\/www.filmaffinity.com\/es\/search.php?stype=cast&amp;stext=L%C3%A1szl%C3%B3+Szab%C3%B3\">L\u00e1szl\u00f3 Szab\u00f3<\/a>,<a href=\"http:\/\/www.filmaffinity.com\/es\/search.php?stype=cast&amp;stext=Monique+Chaumette\">Monique Chaumette<\/a>,<a href=\"http:\/\/www.filmaffinity.com\/es\/search.php?stype=cast&amp;stext=Guy+Mairesse\">Guy Mairesse<\/a><\/p>\n<p><strong>A\u00d1O<\/strong>: 1940\u00a0<strong>NACIONALIDAD<\/strong>: FRANCIA,ITALIA\u00a0<strong>GENERO<\/strong>: DRAMA,THRILLER\u00a0<strong>COLOR<\/strong>: COLOR\u00a0<strong>IDIOMAS:<\/strong>\u00a0ESPA\u00d1OL y FRANC\u00c9S\u00a0<strong>SUBT\u00cdTULOS:<\/strong>\u00a0ESPA\u00d1OL\u00a0<strong>DURACI\u00d3N:<\/strong>\u00a0128 MIN. APROX.\u00a0<strong>FORMATO DE PANTALLA:<\/strong>\u00a016\/9(1.77:1) <strong>N\u00ba DE EXPEDIENTE:<\/strong>\u00a0133.190\u00a0<strong>CLASIFICACI\u00d3N:<\/strong>\u00a0NO RECOMENDADA PARA MENORES DE 7 A\u00d1OS<\/p>\n<\/div>\n<div id=\"tab-description-2\" class=\"tab-content\">\n<p>\u201c<em>Un thiller dram\u00e1tico sublime<\/em>\u201d\u00a0Basado en el libro hom\u00f3nimo del mismo t\u00edtulo de Artur London, narra en primera persona las purgas estalinistas de las que fueron v\u00edctimas los disidentes del Partido Comunista checoslovaco, entre ellos el propio London y que tuvieron lugar en el famoso Proceso de Praga de 1952.\u00a0* Nominada al Globo de Oro por Mejor pel\u00edcula extranjera en 1970.<\/p>\n<\/div>\n","protected":false},"featured_media":4886,"comment_status":"open","ping_status":"closed","template":"","meta":{"site-sidebar-layout":"default","site-content-layout":"default","ast-site-content-layout":"default","site-content-style":"default","site-sidebar-style":"default","ast-global-header-display":"","ast-banner-title-visibility":"","ast-main-header-display":"","ast-hfb-above-header-display":"","ast-hfb-below-header-display":"","ast-hfb-mobile-header-display":"","site-post-title":"","ast-breadcrumbs-content":"","ast-featured-img":"","footer-sml-layout":"","ast-disable-related-posts":"","theme-transparent-header-meta":"","adv-header-id-meta":"","stick-header-meta":"","header-above-stick-meta":"","header-main-stick-meta":"","header-below-stick-meta":"","astra-migrate-meta-layouts":"default","ast-page-background-enabled":"default","ast-page-background-meta":{"desktop":{"background-color":"","background-image":"","background-repeat":"repeat","background-position":"center center","background-size":"auto","background-attachment":"scroll","background-type":"","background-media":"","overlay-type":"","overlay-color":"","overlay-opacity":"","overlay-gradient":""},"tablet":{"background-color":"","background-image":"","background-repeat":"repeat","background-position":"center center","background-size":"auto","background-attachment":"scroll","background-type":"","background-media":"","overlay-type":"","overlay-color":"","overlay-opacity":"","overlay-gradient":""},"mobile":{"background-color":"","background-image":"","background-repeat":"repeat","background-position":"center center","background-size":"auto","background-attachment":"scroll","background-type":"","background-media":"","overlay-type":"","overlay-color":"","overlay-opacity":"","overlay-gradient":""}},"ast-content-background-meta":{"desktop":{"background-color":"var(--ast-global-color-5)","background-image":"","background-repeat":"repeat","background-position":"center center","background-size":"auto","background-attachment":"scroll","background-type":"","background-media":"","overlay-type":"","overlay-color":"","overlay-opacity":"","overlay-gradient":""},"tablet":{"background-color":"var(--ast-global-color-5)","background-image":"","background-repeat":"repeat","background-position":"center center","background-size":"auto","background-attachment":"scroll","background-type":"","background-media":"","overlay-type":"","overlay-color":"","overlay-opacity":"","overlay-gradient":""},"mobile":{"background-color":"var(--ast-global-color-5)","background-image":"","background-repeat":"repeat","background-position":"center center","background-size":"auto","background-attachment":"scroll","background-type":"","background-media":"","overlay-type":"","overlay-color":"","overlay-opacity":"","overlay-gradient":""}},"_joinchat":[]},"product_brand":[],"product_cat":[42],"product_tag":[],"class_list":{"0":"post-4885","1":"product","2":"type-product","3":"status-publish","4":"has-post-thumbnail","6":"product_cat-dvd","7":"desktop-align-left","8":"tablet-align-left","9":"mobile-align-left","11":"first","12":"instock","13":"sale","14":"shipping-taxable","15":"purchasable","16":"product-type-simple"},"_links":{"self":[{"href":"https:\/\/cinemasoul.es\/index.php?rest_route=\/wp\/v2\/product\/4885","targetHints":{"allow":["GET"]}}],"collection":[{"href":"https:\/\/cinemasoul.es\/index.php?rest_route=\/wp\/v2\/product"}],"about":[{"href":"https:\/\/cinemasoul.es\/index.php?rest_route=\/wp\/v2\/types\/product"}],"replies":[{"embeddable":true,"href":"https:\/\/cinemasoul.es\/index.php?rest_route=%2Fwp%2Fv2%2Fcomments&post=4885"}],"version-history":[{"count":1,"href":"https:\/\/cinemasoul.es\/index.php?rest_route=\/wp\/v2\/product\/4885\/revisions"}],"predecessor-version":[{"id":4887,"href":"https:\/\/cinemasoul.es\/index.php?rest_route=\/wp\/v2\/product\/4885\/revisions\/4887"}],"wp:featuredmedia":[{"embeddable":true,"href":"https:\/\/cinemasoul.es\/index.php?rest_route=\/wp\/v2\/media\/4886"}],"wp:attachment":[{"href":"https:\/\/cinemasoul.es\/index.php?rest_route=%2Fwp%2Fv2%2Fmedia&parent=4885"}],"wp:term":[{"taxonomy":"product_brand","embeddable":true,"href":"https:\/\/cinemasoul.es\/index.php?rest_route=%2Fwp%2Fv2%2Fproduct_brand&post=4885"},{"taxonomy":"product_cat","embeddable":true,"href":"https:\/\/cinemasoul.es\/index.php?rest_route=%2Fwp%2Fv2%2Fproduct_cat&post=4885"},{"taxonomy":"product_tag","embeddable":true,"href":"https:\/\/cinemasoul.es\/index.php?rest_route=%2Fwp%2Fv2%2Fproduct_tag&post=4885"}],"curies":[{"name":"wp","href":"https:\/\/api.w.org\/{rel}","templated":true}]}}