{"id":4882,"date":"2022-06-08T19:01:20","date_gmt":"2022-06-08T19:01:20","guid":{"rendered":"https:\/\/www.cinemasoul.es\/?post_type=product&#038;p=4882"},"modified":"2022-06-08T19:02:45","modified_gmt":"2022-06-08T19:02:45","slug":"la-formula-dvd","status":"publish","type":"product","link":"https:\/\/cinemasoul.es\/?product=la-formula-dvd","title":{"rendered":"La f\u00f3rmula [DVD]"},"content":{"rendered":"","protected":false},"excerpt":{"rendered":"<div id=\"tab-description\" class=\"tab-content\">\n<p>METRO- GOLDWING-MAYER PRESENTA\u00a0GEORGE C. SCOTT, MARLON BRANDO, MARTHE KELLER\u00a0EN\u00a0UNA <strong>PEL\u00cdCULA<\/strong>\u00a0DE\u00a0JOHN G. AVILDSEN\u00a0EN\u00a0\u201cLA F\u00d3RMULA\u201d\u00a0CON\u00a0JOHN GIELGUD, G.D. SPRADLIN, BEATRICE STRAIGHT\u00a0<strong>M\u00daSICA<\/strong> ORIGINAL DE\u00a0\u00a0BILL CONTI\u00a0DIRECTOR DE\u00a0 <strong>FOTOGRAF\u00cdA<\/strong>\u00a0JAMES CRABE, A.S.C.\u00a0<strong>ESCRITA<\/strong> Y\u00a0 <strong>PRODUCIDA<\/strong> POR\u00a0STEVE SHAGAN\u00a0A PARTIR DE SU\u00a0<strong>NOVELA<\/strong>.<strong>\u00a0<\/strong><strong>DIRIGIDA<\/strong>\u00a0POR\u00a0JOHN G. AVILDS\u00a0EN UNA <strong>PRODUCCI\u00d3N<\/strong> DE\u00a0STEVE SHAGAN\u00a0UNA <strong>PEL\u00cdCULA<\/strong> DE\u00a0CIP METROCOLOR\u00ae<\/p>\n<p><strong>IDIOMAS<\/strong>:\u00a0CASTELLANO E INGL\u00c9S CON SUBT\u00cdTULOS EN CASTELLANO\u00a0<strong>NACIONALIDAD<\/strong>: Estados Unidos\u00a0<strong>A\u00d1O<\/strong>: 1980\u00a0<strong>COLOR\u00a0<\/strong><strong>G\u00c9NERO<\/strong>: CRIMEN\u00a0<strong>DURACI\u00d3N<\/strong>: 117\u2019\u00a0<strong>FORMATO<\/strong>: 4\/3 1.8 5:1\u00a0<strong>REFERENCIA<\/strong>: DVDY25630\u00a0<strong>EAN<\/strong>: 5051893009378\u00a0<strong>DEP\u00d3SITO LEGAL<\/strong>: TF: 996-2009\u00a0<strong>N\u00ba DE EXPEDIENTE<\/strong>: 112.471\u00a0<strong>CLASIFICACI\u00d3N<\/strong>: NO RECOMENDADA PARA MENORES DE 13 A\u00d1OS<\/p>\n<p><em>\u00abEn un mundo falto de energ\u00eda, ning\u00fan secreto resulta m\u00e1s valioso.\u201d\u00a0\u201cMUCHO PETR\u00d3LEO. MUCHO DINERO. MUCHO MISTERIO.Todos est\u00e1n dispuestos a matar.\u201d\u00a0<\/em><\/p>\n<p>All\u00e1 donde va el inspector de polic\u00eda Barney Caine, se comete un asesinato: alguien est\u00e1 liquidando a sus contactos. Cuando Caine encaja las piezas del rompecabezas y se libra de la muerte, descubre que su investigaci\u00f3n se relaciona con la f\u00f3rmula secreta de un combustible sint\u00e9tico no contaminante que no s\u00f3lo revolucionar\u00eda la industria petrol\u00edfera, sino que acabar\u00eda con ella. El petr\u00f3leo (y una conspiraci\u00f3n a gran escala) determina los vericuetos argumentales de <em>La f\u00f3rmula,<\/em> un <em>thriller<\/em> dirigido por John G. Avildsen <em>(Rocky)<\/em>. George C. Scott interpreta a Caine, quien cree estar haciendo progresos en el caso; pero conforme se desarrollan los acontecimientos, parece que no puede llegar m\u00e1s all\u00e1 de donde determinados poderes le permiten. Marlon Brando es el poderoso magnate petrolero Adam Steiffel, que mueve voluntades a su antojo. Y Marthe Keller es una mujer misteriosa que manipula y es manipulada a la vez. \u201cUsted no hace negocio con el petr\u00f3leo, sino con la escasez de petr\u00f3leo\u201d, le dice Caine a Steiffel. \u00bfTiene raz\u00f3n el detective? Dec\u00eddalo el espectador.<\/p>\n<\/div>\n","protected":false},"featured_media":4883,"comment_status":"open","ping_status":"closed","template":"","meta":{"site-sidebar-layout":"default","site-content-layout":"default","ast-site-content-layout":"default","site-content-style":"default","site-sidebar-style":"default","ast-global-header-display":"","ast-banner-title-visibility":"","ast-main-header-display":"","ast-hfb-above-header-display":"","ast-hfb-below-header-display":"","ast-hfb-mobile-header-display":"","site-post-title":"","ast-breadcrumbs-content":"","ast-featured-img":"","footer-sml-layout":"","ast-disable-related-posts":"","theme-transparent-header-meta":"","adv-header-id-meta":"","stick-header-meta":"","header-above-stick-meta":"","header-main-stick-meta":"","header-below-stick-meta":"","astra-migrate-meta-layouts":"default","ast-page-background-enabled":"default","ast-page-background-meta":{"desktop":{"background-color":"","background-image":"","background-repeat":"repeat","background-position":"center center","background-size":"auto","background-attachment":"scroll","background-type":"","background-media":"","overlay-type":"","overlay-color":"","overlay-opacity":"","overlay-gradient":""},"tablet":{"background-color":"","background-image":"","background-repeat":"repeat","background-position":"center center","background-size":"auto","background-attachment":"scroll","background-type":"","background-media":"","overlay-type":"","overlay-color":"","overlay-opacity":"","overlay-gradient":""},"mobile":{"background-color":"","background-image":"","background-repeat":"repeat","background-position":"center center","background-size":"auto","background-attachment":"scroll","background-type":"","background-media":"","overlay-type":"","overlay-color":"","overlay-opacity":"","overlay-gradient":""}},"ast-content-background-meta":{"desktop":{"background-color":"var(--ast-global-color-5)","background-image":"","background-repeat":"repeat","background-position":"center center","background-size":"auto","background-attachment":"scroll","background-type":"","background-media":"","overlay-type":"","overlay-color":"","overlay-opacity":"","overlay-gradient":""},"tablet":{"background-color":"var(--ast-global-color-5)","background-image":"","background-repeat":"repeat","background-position":"center center","background-size":"auto","background-attachment":"scroll","background-type":"","background-media":"","overlay-type":"","overlay-color":"","overlay-opacity":"","overlay-gradient":""},"mobile":{"background-color":"var(--ast-global-color-5)","background-image":"","background-repeat":"repeat","background-position":"center center","background-size":"auto","background-attachment":"scroll","background-type":"","background-media":"","overlay-type":"","overlay-color":"","overlay-opacity":"","overlay-gradient":""}},"_joinchat":[]},"product_brand":[],"product_cat":[42],"product_tag":[],"class_list":{"0":"post-4882","1":"product","2":"type-product","3":"status-publish","4":"has-post-thumbnail","6":"product_cat-dvd","7":"desktop-align-left","8":"tablet-align-left","9":"mobile-align-left","11":"first","12":"instock","13":"sale","14":"shipping-taxable","15":"purchasable","16":"product-type-simple"},"_links":{"self":[{"href":"https:\/\/cinemasoul.es\/index.php?rest_route=\/wp\/v2\/product\/4882","targetHints":{"allow":["GET"]}}],"collection":[{"href":"https:\/\/cinemasoul.es\/index.php?rest_route=\/wp\/v2\/product"}],"about":[{"href":"https:\/\/cinemasoul.es\/index.php?rest_route=\/wp\/v2\/types\/product"}],"replies":[{"embeddable":true,"href":"https:\/\/cinemasoul.es\/index.php?rest_route=%2Fwp%2Fv2%2Fcomments&post=4882"}],"version-history":[{"count":1,"href":"https:\/\/cinemasoul.es\/index.php?rest_route=\/wp\/v2\/product\/4882\/revisions"}],"predecessor-version":[{"id":4884,"href":"https:\/\/cinemasoul.es\/index.php?rest_route=\/wp\/v2\/product\/4882\/revisions\/4884"}],"wp:featuredmedia":[{"embeddable":true,"href":"https:\/\/cinemasoul.es\/index.php?rest_route=\/wp\/v2\/media\/4883"}],"wp:attachment":[{"href":"https:\/\/cinemasoul.es\/index.php?rest_route=%2Fwp%2Fv2%2Fmedia&parent=4882"}],"wp:term":[{"taxonomy":"product_brand","embeddable":true,"href":"https:\/\/cinemasoul.es\/index.php?rest_route=%2Fwp%2Fv2%2Fproduct_brand&post=4882"},{"taxonomy":"product_cat","embeddable":true,"href":"https:\/\/cinemasoul.es\/index.php?rest_route=%2Fwp%2Fv2%2Fproduct_cat&post=4882"},{"taxonomy":"product_tag","embeddable":true,"href":"https:\/\/cinemasoul.es\/index.php?rest_route=%2Fwp%2Fv2%2Fproduct_tag&post=4882"}],"curies":[{"name":"wp","href":"https:\/\/api.w.org\/{rel}","templated":true}]}}