{"id":4866,"date":"2022-06-08T18:30:42","date_gmt":"2022-06-08T18:30:42","guid":{"rendered":"https:\/\/www.cinemasoul.es\/?post_type=product&#038;p=4866"},"modified":"2022-06-08T18:30:42","modified_gmt":"2022-06-08T18:30:42","slug":"klute-dvd","status":"publish","type":"product","link":"https:\/\/cinemasoul.es\/?product=klute-dvd","title":{"rendered":"Klute [DVD]"},"content":{"rendered":"","protected":false},"excerpt":{"rendered":"<div id=\"tab-description\" class=\"tab-content\">\n<p>WARNER BROS. PICTURES PRESENTA\u00a0UNA <strong>PRODUCI\u00d3N<\/strong> DE\u00a0 ALAN J. PAKULA, JANE FONDA, DONALD\u00a0 SUTHERLAND\u00a0EN\u00a0\u201cKLUTE\u201d\u00a0<strong>COPROTAGONISTA<\/strong>S CHARLES CIOFFI, NATHAN GEORGE, DOROTHY TRISTAN, ROY R. SCHEIDER, RITA GAM\u00a0<strong>M\u00daSICA<\/strong>\u00a0DE\u00a0MICHAEL SMALL\u00a0<strong>ESCRITA<\/strong>\u00a0POR\u00a0ANDY\u00a0Y\u00a0DAVE LEWIS\u00a0<strong>COPRODUCIDA<\/strong> POR\u00a0 DAVID LANGE\u00a0<strong>PRODUCIDA<\/strong> Y <strong>DIRIGIDA<\/strong>\u00a0POR\u00a0ALAN J. PAKULA.<\/p>\n<p><strong>IDIOMAS<\/strong>: CASTELLANO E INGL\u00c9S <strong>SUBT\u00cdTULOS<\/strong>: CASTELLANO\u00a0<strong>NACIONALIDAD<\/strong>:<strong>\u00a0<\/strong>ESTADOS UNIDOS\u00a0<strong>A\u00d1O<\/strong>:\u00a01971\u00a0<strong>COLOR<\/strong>: COLOR\u00a0<strong>G\u00c9NERO<\/strong>: MISTERIO\u00a0<strong>DURACI\u00d3N<\/strong>: 114 MIN. APRX.\u00a0<strong>FORMATO<\/strong>: 4\/3 2.35:1\u00a0<strong>DEP\u00d3SITO LEGAL<\/strong>: TF: 991-2009\u00a0<strong>N\u00ba DE EXPEDIENTE<\/strong>: 112.487\u00a0<strong>CLASIFICACI\u00d3N<\/strong>: NO RECOMENDADA PARA MENORES DE 13 A\u00d1OS<\/p>\n<p>\u201c<em>Muchos tipos solicitan por tel\u00e9fono los servicios de una prostituta como Bree. Pero hay uno que s\u00f3lo quiere matarla.\u201d\u00a0\u201cFonda se revela aqu\u00ed, probablemente, como la mejor actriz de cine de su generaci\u00f3n<\/em>.\u201d <em>&#8211; Richard Schickel, TIME.<\/em><\/p>\n<p>\u201cMe encantan las inhibiciones por lo bueno que es deshacerse de ellas\u201d, dice la prostituta neoyorquina Bree Daniels. Su vida ordenada se ver\u00e1 pronto violentamente fuera de control. El hombre que escucha el mensaje de su contestador ha superado todas las inhibiciones. Es un asesino. Dirigida por Alan J. Pakula (<em>El informe Pel\u00edcano, Presunto inocente<\/em>), <em>Klute<\/em> es a la vez una historia de amor y un tenso <em>thriller<\/em>. Al dar vida al inspector de polic\u00eda John Klute, Donald Sutherland compone una sobria interpretaci\u00f3n que nunca cae en los t\u00f3picos de las pel\u00edculas de detectives. Y Jane Fonda, en la piel de Bree, realiz\u00f3 un <em>tour-de-force<\/em> interpretativo que le hizo copar los principales galardones a Mejor Actriz en 1971, entre ellos el Oscar\u00ae, el Globo de Oro\u00ae y el Premio de los Cr\u00edticos Cinematogr\u00e1ficos de Nueva York. \u201cNo existe en el cine norteamericano ninguna otra actriz dram\u00e1tica joven que la iguale\u201d, escribi\u00f3 Pauline Kael. Y para los seguidores de la extraordinaria carrera de Fonda, sigue sin haberla.<\/p>\n<\/div>\n","protected":false},"featured_media":4867,"comment_status":"open","ping_status":"closed","template":"","meta":{"site-sidebar-layout":"default","site-content-layout":"default","ast-site-content-layout":"default","site-content-style":"default","site-sidebar-style":"default","ast-global-header-display":"","ast-banner-title-visibility":"","ast-main-header-display":"","ast-hfb-above-header-display":"","ast-hfb-below-header-display":"","ast-hfb-mobile-header-display":"","site-post-title":"","ast-breadcrumbs-content":"","ast-featured-img":"","footer-sml-layout":"","ast-disable-related-posts":"","theme-transparent-header-meta":"","adv-header-id-meta":"","stick-header-meta":"","header-above-stick-meta":"","header-main-stick-meta":"","header-below-stick-meta":"","astra-migrate-meta-layouts":"default","ast-page-background-enabled":"default","ast-page-background-meta":{"desktop":{"background-color":"","background-image":"","background-repeat":"repeat","background-position":"center center","background-size":"auto","background-attachment":"scroll","background-type":"","background-media":"","overlay-type":"","overlay-color":"","overlay-opacity":"","overlay-gradient":""},"tablet":{"background-color":"","background-image":"","background-repeat":"repeat","background-position":"center center","background-size":"auto","background-attachment":"scroll","background-type":"","background-media":"","overlay-type":"","overlay-color":"","overlay-opacity":"","overlay-gradient":""},"mobile":{"background-color":"","background-image":"","background-repeat":"repeat","background-position":"center center","background-size":"auto","background-attachment":"scroll","background-type":"","background-media":"","overlay-type":"","overlay-color":"","overlay-opacity":"","overlay-gradient":""}},"ast-content-background-meta":{"desktop":{"background-color":"var(--ast-global-color-5)","background-image":"","background-repeat":"repeat","background-position":"center center","background-size":"auto","background-attachment":"scroll","background-type":"","background-media":"","overlay-type":"","overlay-color":"","overlay-opacity":"","overlay-gradient":""},"tablet":{"background-color":"var(--ast-global-color-5)","background-image":"","background-repeat":"repeat","background-position":"center center","background-size":"auto","background-attachment":"scroll","background-type":"","background-media":"","overlay-type":"","overlay-color":"","overlay-opacity":"","overlay-gradient":""},"mobile":{"background-color":"var(--ast-global-color-5)","background-image":"","background-repeat":"repeat","background-position":"center center","background-size":"auto","background-attachment":"scroll","background-type":"","background-media":"","overlay-type":"","overlay-color":"","overlay-opacity":"","overlay-gradient":""}},"_joinchat":[]},"product_brand":[],"product_cat":[42],"product_tag":[],"class_list":{"0":"post-4866","1":"product","2":"type-product","3":"status-publish","4":"has-post-thumbnail","6":"product_cat-dvd","7":"desktop-align-left","8":"tablet-align-left","9":"mobile-align-left","11":"first","12":"instock","13":"sale","14":"shipping-taxable","15":"purchasable","16":"product-type-simple"},"_links":{"self":[{"href":"https:\/\/cinemasoul.es\/index.php?rest_route=\/wp\/v2\/product\/4866","targetHints":{"allow":["GET"]}}],"collection":[{"href":"https:\/\/cinemasoul.es\/index.php?rest_route=\/wp\/v2\/product"}],"about":[{"href":"https:\/\/cinemasoul.es\/index.php?rest_route=\/wp\/v2\/types\/product"}],"replies":[{"embeddable":true,"href":"https:\/\/cinemasoul.es\/index.php?rest_route=%2Fwp%2Fv2%2Fcomments&post=4866"}],"version-history":[{"count":1,"href":"https:\/\/cinemasoul.es\/index.php?rest_route=\/wp\/v2\/product\/4866\/revisions"}],"predecessor-version":[{"id":4868,"href":"https:\/\/cinemasoul.es\/index.php?rest_route=\/wp\/v2\/product\/4866\/revisions\/4868"}],"wp:featuredmedia":[{"embeddable":true,"href":"https:\/\/cinemasoul.es\/index.php?rest_route=\/wp\/v2\/media\/4867"}],"wp:attachment":[{"href":"https:\/\/cinemasoul.es\/index.php?rest_route=%2Fwp%2Fv2%2Fmedia&parent=4866"}],"wp:term":[{"taxonomy":"product_brand","embeddable":true,"href":"https:\/\/cinemasoul.es\/index.php?rest_route=%2Fwp%2Fv2%2Fproduct_brand&post=4866"},{"taxonomy":"product_cat","embeddable":true,"href":"https:\/\/cinemasoul.es\/index.php?rest_route=%2Fwp%2Fv2%2Fproduct_cat&post=4866"},{"taxonomy":"product_tag","embeddable":true,"href":"https:\/\/cinemasoul.es\/index.php?rest_route=%2Fwp%2Fv2%2Fproduct_tag&post=4866"}],"curies":[{"name":"wp","href":"https:\/\/api.w.org\/{rel}","templated":true}]}}