{"id":4862,"date":"2022-06-08T17:54:58","date_gmt":"2022-06-08T17:54:58","guid":{"rendered":"https:\/\/www.cinemasoul.es\/?post_type=product&#038;p=4862"},"modified":"2022-06-08T17:54:58","modified_gmt":"2022-06-08T17:54:58","slug":"el-hermano-orquidea-dvd","status":"publish","type":"product","link":"https:\/\/cinemasoul.es\/?product=el-hermano-orquidea-dvd","title":{"rendered":"El hermano orqu\u00eddea [DVD]"},"content":{"rendered":"","protected":false},"excerpt":{"rendered":"<p><strong>T\u00cdTULO ORIGINAL<\/strong>: BROTHER ORCHID\u00a0<strong>DIRIGIDA POR<\/strong> LLOYD BACON\u00a0<strong>GUI\u00d3N DE<\/strong> EARL BALDWIN\u00a0BASADO EN UNA<strong> HISTORIA <\/strong>DE RICHARD CONNELL\u00a0<strong>M\u00daSICA DE<\/strong> HEINZ ROEMHELD\u00a0<strong>FOTOGRAF\u00cdA DE<\/strong> TONY GAUDIO\u00a0<strong>REPARTO<\/strong>: EDWARD G. ROBINSON, ANN SOTHERN, HUMPHREY BOGART, DONALD CRISP, RALPH BELLAMY, ALLEN JENKINS<\/p>\n<p><strong>A\u00d1O<\/strong>: 1940\u00a0<strong>NACIONALIDAD<\/strong>: ESTADOS UNIDOS\u00a0<strong>GENERO<\/strong>: COMEDIA &#8211; CRIMEN\u00a0<strong>COLOR<\/strong>: BLANCO Y NEGRO\u00a0<strong>IDIOMAS<\/strong>: ESPA\u00d1OL, INGL\u00c9S \u00a0<strong>SUBT\u00cdTULOS<\/strong>: ESPA\u00d1OL Y PORTUGU\u00c9S\u00a0<strong>DURACI\u00d3N<\/strong>: 87 MIN. APROX.\u00a0<strong>FORMATO<\/strong>: 4\/3 1:37.1.\u00a0<strong>N\u00ba DE EXPEDIENTE<\/strong>: 130.796\u00a0<strong>CLASIFICACI\u00d3N<\/strong>: APTA PARA TODOS LOS P\u00daBLICOS<\/p>\n<p><em>Entretenida. Una de las mejores parodias sobre gansterismo salidas de Hollywood. \u2013<\/em> <em>Clive Hirschhorn. THE WARNER BROS. STORY.<\/em><\/p>\n<p>Llena de charlas elegantes y surtida de extravagantes arquetipos del hampa, <em>Hermano Orqu\u00eddea<\/em> se burla del g\u00e9nero de g\u00e1nsters, ya que su icono del crimen m\u00e1s experimentado es servido como un huevo frito.\u00a0 Edward G. Robinson (<em>Hampa dorada<\/em>, 1931) interpreta al mafioso John Sarto, quien ante el recrudecimiento de las luchas territoriales, se ocultar\u00e1 en un monasterio haci\u00e9ndose pasar por el Hermano Orqu\u00eddea. Humphrey Bogart, al borde del estrellato por <em>El Halc\u00f3n Malt\u00e9s<\/em>, interpreta de nuevo a un capo con pistola, y planea apoderarse de la mafia de Sarto. Y en el papel de la mu\u00f1eca fiel de Sarto, Ann Sothern est\u00e1 deliciosamente atolondrada. Lloyd Bacon dirige los chascarrillos, los rev\u00f3lveres y las genuflexiones con un estilo alegremente bullicioso. Oye, hermano, qu\u00e9 gran diversi\u00f3n.<\/p>\n","protected":false},"featured_media":4863,"comment_status":"open","ping_status":"closed","template":"","meta":{"site-sidebar-layout":"default","site-content-layout":"default","ast-site-content-layout":"default","site-content-style":"default","site-sidebar-style":"default","ast-global-header-display":"","ast-banner-title-visibility":"","ast-main-header-display":"","ast-hfb-above-header-display":"","ast-hfb-below-header-display":"","ast-hfb-mobile-header-display":"","site-post-title":"","ast-breadcrumbs-content":"","ast-featured-img":"","footer-sml-layout":"","ast-disable-related-posts":"","theme-transparent-header-meta":"","adv-header-id-meta":"","stick-header-meta":"","header-above-stick-meta":"","header-main-stick-meta":"","header-below-stick-meta":"","astra-migrate-meta-layouts":"default","ast-page-background-enabled":"default","ast-page-background-meta":{"desktop":{"background-color":"","background-image":"","background-repeat":"repeat","background-position":"center center","background-size":"auto","background-attachment":"scroll","background-type":"","background-media":"","overlay-type":"","overlay-color":"","overlay-opacity":"","overlay-gradient":""},"tablet":{"background-color":"","background-image":"","background-repeat":"repeat","background-position":"center center","background-size":"auto","background-attachment":"scroll","background-type":"","background-media":"","overlay-type":"","overlay-color":"","overlay-opacity":"","overlay-gradient":""},"mobile":{"background-color":"","background-image":"","background-repeat":"repeat","background-position":"center center","background-size":"auto","background-attachment":"scroll","background-type":"","background-media":"","overlay-type":"","overlay-color":"","overlay-opacity":"","overlay-gradient":""}},"ast-content-background-meta":{"desktop":{"background-color":"var(--ast-global-color-5)","background-image":"","background-repeat":"repeat","background-position":"center center","background-size":"auto","background-attachment":"scroll","background-type":"","background-media":"","overlay-type":"","overlay-color":"","overlay-opacity":"","overlay-gradient":""},"tablet":{"background-color":"var(--ast-global-color-5)","background-image":"","background-repeat":"repeat","background-position":"center center","background-size":"auto","background-attachment":"scroll","background-type":"","background-media":"","overlay-type":"","overlay-color":"","overlay-opacity":"","overlay-gradient":""},"mobile":{"background-color":"var(--ast-global-color-5)","background-image":"","background-repeat":"repeat","background-position":"center center","background-size":"auto","background-attachment":"scroll","background-type":"","background-media":"","overlay-type":"","overlay-color":"","overlay-opacity":"","overlay-gradient":""}},"_joinchat":[]},"product_brand":[],"product_cat":[42],"product_tag":[],"class_list":{"0":"post-4862","1":"product","2":"type-product","3":"status-publish","4":"has-post-thumbnail","6":"product_cat-dvd","7":"desktop-align-left","8":"tablet-align-left","9":"mobile-align-left","11":"first","12":"instock","13":"sale","14":"shipping-taxable","15":"purchasable","16":"product-type-simple"},"_links":{"self":[{"href":"https:\/\/cinemasoul.es\/index.php?rest_route=\/wp\/v2\/product\/4862","targetHints":{"allow":["GET"]}}],"collection":[{"href":"https:\/\/cinemasoul.es\/index.php?rest_route=\/wp\/v2\/product"}],"about":[{"href":"https:\/\/cinemasoul.es\/index.php?rest_route=\/wp\/v2\/types\/product"}],"replies":[{"embeddable":true,"href":"https:\/\/cinemasoul.es\/index.php?rest_route=%2Fwp%2Fv2%2Fcomments&post=4862"}],"version-history":[{"count":1,"href":"https:\/\/cinemasoul.es\/index.php?rest_route=\/wp\/v2\/product\/4862\/revisions"}],"predecessor-version":[{"id":4865,"href":"https:\/\/cinemasoul.es\/index.php?rest_route=\/wp\/v2\/product\/4862\/revisions\/4865"}],"wp:featuredmedia":[{"embeddable":true,"href":"https:\/\/cinemasoul.es\/index.php?rest_route=\/wp\/v2\/media\/4863"}],"wp:attachment":[{"href":"https:\/\/cinemasoul.es\/index.php?rest_route=%2Fwp%2Fv2%2Fmedia&parent=4862"}],"wp:term":[{"taxonomy":"product_brand","embeddable":true,"href":"https:\/\/cinemasoul.es\/index.php?rest_route=%2Fwp%2Fv2%2Fproduct_brand&post=4862"},{"taxonomy":"product_cat","embeddable":true,"href":"https:\/\/cinemasoul.es\/index.php?rest_route=%2Fwp%2Fv2%2Fproduct_cat&post=4862"},{"taxonomy":"product_tag","embeddable":true,"href":"https:\/\/cinemasoul.es\/index.php?rest_route=%2Fwp%2Fv2%2Fproduct_tag&post=4862"}],"curies":[{"name":"wp","href":"https:\/\/api.w.org\/{rel}","templated":true}]}}