{"id":4858,"date":"2022-06-08T17:49:27","date_gmt":"2022-06-08T17:49:27","guid":{"rendered":"https:\/\/www.cinemasoul.es\/?post_type=product&#038;p=4858"},"modified":"2022-06-08T17:49:27","modified_gmt":"2022-06-08T17:49:27","slug":"el-demonio-de-las-armas-dvd","status":"publish","type":"product","link":"https:\/\/cinemasoul.es\/?product=el-demonio-de-las-armas-dvd","title":{"rendered":"El demonio de las armas [DVD]"},"content":{"rendered":"","protected":false},"excerpt":{"rendered":"<p><strong>ACTORES<\/strong>: PEGGY CUMMINS, JOHN DALL <strong>CON<\/strong> BERRY KROEGER, MORRIS CARNOVSKY.\u00a0<strong>DIRECTOR<\/strong>: Joseph H. Lewis <strong>GUI\u00d3N:<\/strong> MacKinlay Kantor, Dalton Trumbo (como Millard Kaufman)\u00a0<strong>ARGUMENTO<\/strong>: Basada en la novela de MacKinlay Kantor\u00a0<strong>PRODUCTORES<\/strong>: Frank King y Maurice King<\/p>\n<p><strong>FORMATO<\/strong>: 4\/3 1.37.1.\u00a0<strong>EXTRAS:<\/strong> FICHA T\u00c9CNICA, ART\u00cdSTICA Y GALER\u00cdA FOTOGR\u00c1FICA.\u00a0<strong>IDIOMAS:<\/strong> CASTELLANO E INGL\u00c9S CON SUBT\u00cdTULOS EN CASTELLANO.\u00a0<strong>A\u00d1O:\u00a0<\/strong>1960.\u00a0<strong>G\u00c9NERO<\/strong>: DRAMA.\u00a0<strong>NACIONALIDAD:<\/strong> ESTADOS UNIDOS.\u00a0<strong>BLANCO Y NEGRO<\/strong>.<strong>\u00a0<\/strong><strong>DURACI\u00d3N:<\/strong> 83 Minutos.\u00a0<strong>CERTIFICADO DE CALIFICACI\u00d3N<\/strong> N\u00ba 107.884.\u00a0<strong>CLASIFICACI\u00d3N:<\/strong> NO RECOMENDADA PARA MENORES DE 13 A\u00d1OS.\u00a0<strong>DEP\u00d3SITO LEGAL<\/strong>: 848-2008<\/p>\n<p><em>\u201cSobrealimentada de energ\u00eda, acci\u00f3n\u00a0ininterrumpida, violencia, pasi\u00f3n y sexo. Notablemente contempor\u00e1nea\u201d\u00a0<\/em>&#8211; Danny Peary, GUIDE FOR THE FILM FANATIC. <em>El demonio de las armas<\/em> es una obra maestra de suspense del director Joseph H. Lewis y seleccionada como tal por el Registro Nacional de Pel\u00edculas estadounidenses, siendo a menudo citada como precursora de otras grandes pel\u00edculas del g\u00e9nero, como <em>Bonnie and Clyde<\/em>. Un veterano de la Segunda Guerra Mundial, Bart Tare (John Dall), emocionalmente desequilibrado y obsesionado desde ni\u00f1o con las armas, conoce en una competici\u00f3n de tiro carnavalesca a una\u00a0 mujer fatal, Annie Laurie Starr (Peggy Cummins) que, dej\u00e1ndose llevar por sus instintos, lo arrastra a un camino criminal sin retorno. Unidos por su afici\u00f3n\u00a0 a las armas, la relaci\u00f3n de la pareja desemboca, entre atraco y atraco, en un torbellino de pasiones y situaciones peligrosas que les conduce irremediablemente a un tr\u00e1gico final. Gun Grazy, es un ejemplo de narraci\u00f3n <em>film-noir<\/em> que saca provecho a la l\u00f3gica de los <em>road movies<\/em> constituyendo una de las primeras parejas malditas del cine negro, incapaces de gobernar sus propios destinos y que casi nunca encuentran el camino de salida.<\/p>\n","protected":false},"featured_media":4859,"comment_status":"open","ping_status":"closed","template":"","meta":{"site-sidebar-layout":"default","site-content-layout":"default","ast-site-content-layout":"default","site-content-style":"default","site-sidebar-style":"default","ast-global-header-display":"","ast-banner-title-visibility":"","ast-main-header-display":"","ast-hfb-above-header-display":"","ast-hfb-below-header-display":"","ast-hfb-mobile-header-display":"","site-post-title":"","ast-breadcrumbs-content":"","ast-featured-img":"","footer-sml-layout":"","ast-disable-related-posts":"","theme-transparent-header-meta":"","adv-header-id-meta":"","stick-header-meta":"","header-above-stick-meta":"","header-main-stick-meta":"","header-below-stick-meta":"","astra-migrate-meta-layouts":"default","ast-page-background-enabled":"default","ast-page-background-meta":{"desktop":{"background-color":"","background-image":"","background-repeat":"repeat","background-position":"center center","background-size":"auto","background-attachment":"scroll","background-type":"","background-media":"","overlay-type":"","overlay-color":"","overlay-opacity":"","overlay-gradient":""},"tablet":{"background-color":"","background-image":"","background-repeat":"repeat","background-position":"center center","background-size":"auto","background-attachment":"scroll","background-type":"","background-media":"","overlay-type":"","overlay-color":"","overlay-opacity":"","overlay-gradient":""},"mobile":{"background-color":"","background-image":"","background-repeat":"repeat","background-position":"center center","background-size":"auto","background-attachment":"scroll","background-type":"","background-media":"","overlay-type":"","overlay-color":"","overlay-opacity":"","overlay-gradient":""}},"ast-content-background-meta":{"desktop":{"background-color":"var(--ast-global-color-5)","background-image":"","background-repeat":"repeat","background-position":"center center","background-size":"auto","background-attachment":"scroll","background-type":"","background-media":"","overlay-type":"","overlay-color":"","overlay-opacity":"","overlay-gradient":""},"tablet":{"background-color":"var(--ast-global-color-5)","background-image":"","background-repeat":"repeat","background-position":"center center","background-size":"auto","background-attachment":"scroll","background-type":"","background-media":"","overlay-type":"","overlay-color":"","overlay-opacity":"","overlay-gradient":""},"mobile":{"background-color":"var(--ast-global-color-5)","background-image":"","background-repeat":"repeat","background-position":"center center","background-size":"auto","background-attachment":"scroll","background-type":"","background-media":"","overlay-type":"","overlay-color":"","overlay-opacity":"","overlay-gradient":""}},"_joinchat":[]},"product_brand":[],"product_cat":[42],"product_tag":[],"class_list":{"0":"post-4858","1":"product","2":"type-product","3":"status-publish","4":"has-post-thumbnail","6":"product_cat-dvd","7":"desktop-align-left","8":"tablet-align-left","9":"mobile-align-left","11":"first","12":"instock","13":"sale","14":"shipping-taxable","15":"purchasable","16":"product-type-simple"},"_links":{"self":[{"href":"https:\/\/cinemasoul.es\/index.php?rest_route=\/wp\/v2\/product\/4858","targetHints":{"allow":["GET"]}}],"collection":[{"href":"https:\/\/cinemasoul.es\/index.php?rest_route=\/wp\/v2\/product"}],"about":[{"href":"https:\/\/cinemasoul.es\/index.php?rest_route=\/wp\/v2\/types\/product"}],"replies":[{"embeddable":true,"href":"https:\/\/cinemasoul.es\/index.php?rest_route=%2Fwp%2Fv2%2Fcomments&post=4858"}],"version-history":[{"count":1,"href":"https:\/\/cinemasoul.es\/index.php?rest_route=\/wp\/v2\/product\/4858\/revisions"}],"predecessor-version":[{"id":4861,"href":"https:\/\/cinemasoul.es\/index.php?rest_route=\/wp\/v2\/product\/4858\/revisions\/4861"}],"wp:featuredmedia":[{"embeddable":true,"href":"https:\/\/cinemasoul.es\/index.php?rest_route=\/wp\/v2\/media\/4859"}],"wp:attachment":[{"href":"https:\/\/cinemasoul.es\/index.php?rest_route=%2Fwp%2Fv2%2Fmedia&parent=4858"}],"wp:term":[{"taxonomy":"product_brand","embeddable":true,"href":"https:\/\/cinemasoul.es\/index.php?rest_route=%2Fwp%2Fv2%2Fproduct_brand&post=4858"},{"taxonomy":"product_cat","embeddable":true,"href":"https:\/\/cinemasoul.es\/index.php?rest_route=%2Fwp%2Fv2%2Fproduct_cat&post=4858"},{"taxonomy":"product_tag","embeddable":true,"href":"https:\/\/cinemasoul.es\/index.php?rest_route=%2Fwp%2Fv2%2Fproduct_tag&post=4858"}],"curies":[{"name":"wp","href":"https:\/\/api.w.org\/{rel}","templated":true}]}}