{"id":4846,"date":"2022-06-08T17:28:47","date_gmt":"2022-06-08T17:28:47","guid":{"rendered":"https:\/\/www.cinemasoul.es\/?post_type=product&#038;p=4846"},"modified":"2022-06-08T17:28:47","modified_gmt":"2022-06-08T17:28:47","slug":"el-ultimo-gangster-dvd","status":"publish","type":"product","link":"https:\/\/cinemasoul.es\/?product=el-ultimo-gangster-dvd","title":{"rendered":"El \u00faltimo g\u00e1ngster [DVD]"},"content":{"rendered":"","protected":false},"excerpt":{"rendered":"<div id=\"tab-description\" class=\"tab-content\">\n<p><strong>T\u00cdTULO ORIGINAL<\/strong>: THE LAST GANGSTER.\u00a0<strong>A\u00d1O<\/strong>: 1937.\u00a0<strong>PA\u00cdS<\/strong>: ESTADOS UNIDOS.\u00a0<strong>G\u00c9NERO<\/strong>: CRIMEN.\u00a0<strong>Calificaci\u00f3n<\/strong>: APTA PARA TODOS LOS P\u00daBLICOS.\u00a0<strong>BLANCO Y NEGRO.\u00a0<\/strong><strong>N\u00ba de Expediente ICAA<\/strong>: 121.472.\u00a0<strong>IDIOMAS<\/strong>: CASTELLANO E INGL\u00c9S CON SUBT\u00cdTULOS EN CASTELLANO.\u00a0<strong>Duraci\u00f3n<\/strong>: 81 MIN.\u00a0<strong>Formato de pantalla<\/strong>: 4\/3 1.33.1<\/p>\n<p>EDWARD G. ROBINSON EN \u201cEL \u00daLTIMO G\u00c1NSTER\u201d CON JAMES STEWART, ROSE STRADNER, LIONEL STANDER, DOUGLAS SCOTT, JOHN CARRADINE, SIDNEY BLACKMER.\u00a0<strong>DIRIGIDA<\/strong> POR EDWARD LUDWING.\u00a0<strong>GUI\u00d3N<\/strong> DE JOHN LEE MAHIN.\u00a0A PARTIR DE UNA <strong>HISTORIA<\/strong> DE WILLIAM A.WELLMAN Y ROBERT CARSON.\u00a0<strong>FOTOGRAF\u00cdA<\/strong> DE WILLIAM DANIELS.\u00a0<strong>M\u00daSICA<\/strong> DE EDWARD WARD.<\/p>\n<p><em>Uno de de los mejores t\u00edtulos de suspense desde \u00abHampa Dorada\u00bb. \u201cEdward G. Robinson realiza un esforzado trabajo, recreando el papel del hombre duro, violento y patol\u00f3gico\u201d.<\/em> &#8211; &#8211; Howard Barnes, NEW YORK HERALD TRIBUNE. De tal padre, tal hijo. El capo de la mafia Joe Krozac s\u00f3lo espera el d\u00eda que su a\u00fan peque\u00f1o hijo le siga los pasos en su sangriento camino y comience su carrera criminal. Los agentes federales tienen otras ideas. Acusan a Joe de evasi\u00f3n de impuestos y\u00a0 lo condenan a pasar 10 a\u00f1os tras las rejas. Durante ese tiempo, la mujer de Joe se divorcia de \u00e9l, y se construye una nueva vida en otra ciudad y con un nuevo marido, viendo crecer a su hijo y temiendo el d\u00eda en que Joe pueda encontrarlos. Y lo hace. El \u00faltimo g\u00e1ngster est\u00e1 protagonizado por uno de los primerosg\u00e1ngsteresde la pantalla: Edward G.: <strong>Robinson<\/strong> repitiendo el tipo de papel duro que tan buen resultado le dio en Hampa Dorada. James Stewart, en la c\u00faspide de la fama, coprotagoniza el film. Y William A. Wellman, cuyo \u201cEnemigo P\u00fablico\u201d fue todo un hito en la historia de pel\u00edculas de g\u00e1ngster, colabora en la escritura del gui\u00f3n.<\/p>\n<\/div>\n","protected":false},"featured_media":4847,"comment_status":"open","ping_status":"closed","template":"","meta":{"site-sidebar-layout":"default","site-content-layout":"default","ast-site-content-layout":"default","site-content-style":"default","site-sidebar-style":"default","ast-global-header-display":"","ast-banner-title-visibility":"","ast-main-header-display":"","ast-hfb-above-header-display":"","ast-hfb-below-header-display":"","ast-hfb-mobile-header-display":"","site-post-title":"","ast-breadcrumbs-content":"","ast-featured-img":"","footer-sml-layout":"","ast-disable-related-posts":"","theme-transparent-header-meta":"","adv-header-id-meta":"","stick-header-meta":"","header-above-stick-meta":"","header-main-stick-meta":"","header-below-stick-meta":"","astra-migrate-meta-layouts":"default","ast-page-background-enabled":"default","ast-page-background-meta":{"desktop":{"background-color":"","background-image":"","background-repeat":"repeat","background-position":"center center","background-size":"auto","background-attachment":"scroll","background-type":"","background-media":"","overlay-type":"","overlay-color":"","overlay-opacity":"","overlay-gradient":""},"tablet":{"background-color":"","background-image":"","background-repeat":"repeat","background-position":"center center","background-size":"auto","background-attachment":"scroll","background-type":"","background-media":"","overlay-type":"","overlay-color":"","overlay-opacity":"","overlay-gradient":""},"mobile":{"background-color":"","background-image":"","background-repeat":"repeat","background-position":"center center","background-size":"auto","background-attachment":"scroll","background-type":"","background-media":"","overlay-type":"","overlay-color":"","overlay-opacity":"","overlay-gradient":""}},"ast-content-background-meta":{"desktop":{"background-color":"var(--ast-global-color-5)","background-image":"","background-repeat":"repeat","background-position":"center center","background-size":"auto","background-attachment":"scroll","background-type":"","background-media":"","overlay-type":"","overlay-color":"","overlay-opacity":"","overlay-gradient":""},"tablet":{"background-color":"var(--ast-global-color-5)","background-image":"","background-repeat":"repeat","background-position":"center center","background-size":"auto","background-attachment":"scroll","background-type":"","background-media":"","overlay-type":"","overlay-color":"","overlay-opacity":"","overlay-gradient":""},"mobile":{"background-color":"var(--ast-global-color-5)","background-image":"","background-repeat":"repeat","background-position":"center center","background-size":"auto","background-attachment":"scroll","background-type":"","background-media":"","overlay-type":"","overlay-color":"","overlay-opacity":"","overlay-gradient":""}},"_joinchat":[]},"product_brand":[],"product_cat":[42],"product_tag":[],"class_list":{"0":"post-4846","1":"product","2":"type-product","3":"status-publish","4":"has-post-thumbnail","6":"product_cat-dvd","7":"desktop-align-left","8":"tablet-align-left","9":"mobile-align-left","11":"first","12":"instock","13":"shipping-taxable","14":"purchasable","15":"product-type-simple"},"_links":{"self":[{"href":"https:\/\/cinemasoul.es\/index.php?rest_route=\/wp\/v2\/product\/4846","targetHints":{"allow":["GET"]}}],"collection":[{"href":"https:\/\/cinemasoul.es\/index.php?rest_route=\/wp\/v2\/product"}],"about":[{"href":"https:\/\/cinemasoul.es\/index.php?rest_route=\/wp\/v2\/types\/product"}],"replies":[{"embeddable":true,"href":"https:\/\/cinemasoul.es\/index.php?rest_route=%2Fwp%2Fv2%2Fcomments&post=4846"}],"version-history":[{"count":1,"href":"https:\/\/cinemasoul.es\/index.php?rest_route=\/wp\/v2\/product\/4846\/revisions"}],"predecessor-version":[{"id":4849,"href":"https:\/\/cinemasoul.es\/index.php?rest_route=\/wp\/v2\/product\/4846\/revisions\/4849"}],"wp:featuredmedia":[{"embeddable":true,"href":"https:\/\/cinemasoul.es\/index.php?rest_route=\/wp\/v2\/media\/4847"}],"wp:attachment":[{"href":"https:\/\/cinemasoul.es\/index.php?rest_route=%2Fwp%2Fv2%2Fmedia&parent=4846"}],"wp:term":[{"taxonomy":"product_brand","embeddable":true,"href":"https:\/\/cinemasoul.es\/index.php?rest_route=%2Fwp%2Fv2%2Fproduct_brand&post=4846"},{"taxonomy":"product_cat","embeddable":true,"href":"https:\/\/cinemasoul.es\/index.php?rest_route=%2Fwp%2Fv2%2Fproduct_cat&post=4846"},{"taxonomy":"product_tag","embeddable":true,"href":"https:\/\/cinemasoul.es\/index.php?rest_route=%2Fwp%2Fv2%2Fproduct_tag&post=4846"}],"curies":[{"name":"wp","href":"https:\/\/api.w.org\/{rel}","templated":true}]}}