{"id":4842,"date":"2022-06-08T17:24:18","date_gmt":"2022-06-08T17:24:18","guid":{"rendered":"https:\/\/www.cinemasoul.es\/?post_type=product&#038;p=4842"},"modified":"2022-06-08T17:24:18","modified_gmt":"2022-06-08T17:24:18","slug":"el-tren-de-los-espias-dvd","status":"publish","type":"product","link":"https:\/\/cinemasoul.es\/?product=el-tren-de-los-espias-dvd","title":{"rendered":"El tren de los esp\u00edas [DVD]"},"content":{"rendered":"","protected":false},"excerpt":{"rendered":"<p><strong>T\u00edtulo original<\/strong> Avalanche Express\u00a0<strong>A\u00f1o<\/strong> 1979 <strong>Duraci\u00f3n<\/strong> 88 min. <strong>Pa\u00eds<\/strong> Estados Unidos <strong>Direcci\u00f3n <\/strong>Mark Robson, Monte Hellman\u00a0<strong>Guion<\/strong> Abraham Polonsky. <strong>Novela<\/strong>: Colin Forbes\u00a0<strong>M\u00fasica<\/strong> Allyn Ferguson\u00a0<strong>Fotograf\u00eda<\/strong> Jack Cardiff\u00a0<strong>Reparto<\/strong> Lee Marvin, Robert Shaw, Linda Evans, Maximilian Schell, Horst Buchholz, Joe Namath, Mike Connors, Claudio Cassinelli, G\u00fcnter Meisner, Sylva Langova, Kristina Nel, David Alexander Hess, Cyril Shaps, Vladek Sheybal, Arthur Brauss\u00a0<strong>Productora<\/strong> Lorimar Productions <strong>G\u00e9nero<\/strong> Thriller. Acci\u00f3n<\/p>\n<p><strong>Sinopsis<\/strong> El jefe de la polic\u00eda secreta de la Uni\u00f3n Sovi\u00e9tica ha estado trabajando durante mucho tiempo como &#8216;topo&#8217; para las potencias occidentales. Cuando se da cuenta de que est\u00e1 a punto de ser descubierto, decide pedir ayuda al gobierno de los Estados Unidos. Para protegerlo se crea una organizaci\u00f3n especial: \u00abEl c\u00edrculo Sparta\u00bb, que se encargar\u00e1 de su seguridad en un largo y peligroso viaje en tren a trav\u00e9s de toda Europa.<\/p>\n","protected":false},"featured_media":4843,"comment_status":"open","ping_status":"closed","template":"","meta":{"site-sidebar-layout":"default","site-content-layout":"default","ast-site-content-layout":"default","site-content-style":"default","site-sidebar-style":"default","ast-global-header-display":"","ast-banner-title-visibility":"","ast-main-header-display":"","ast-hfb-above-header-display":"","ast-hfb-below-header-display":"","ast-hfb-mobile-header-display":"","site-post-title":"","ast-breadcrumbs-content":"","ast-featured-img":"","footer-sml-layout":"","ast-disable-related-posts":"","theme-transparent-header-meta":"","adv-header-id-meta":"","stick-header-meta":"","header-above-stick-meta":"","header-main-stick-meta":"","header-below-stick-meta":"","astra-migrate-meta-layouts":"default","ast-page-background-enabled":"default","ast-page-background-meta":{"desktop":{"background-color":"","background-image":"","background-repeat":"repeat","background-position":"center center","background-size":"auto","background-attachment":"scroll","background-type":"","background-media":"","overlay-type":"","overlay-color":"","overlay-opacity":"","overlay-gradient":""},"tablet":{"background-color":"","background-image":"","background-repeat":"repeat","background-position":"center center","background-size":"auto","background-attachment":"scroll","background-type":"","background-media":"","overlay-type":"","overlay-color":"","overlay-opacity":"","overlay-gradient":""},"mobile":{"background-color":"","background-image":"","background-repeat":"repeat","background-position":"center center","background-size":"auto","background-attachment":"scroll","background-type":"","background-media":"","overlay-type":"","overlay-color":"","overlay-opacity":"","overlay-gradient":""}},"ast-content-background-meta":{"desktop":{"background-color":"var(--ast-global-color-5)","background-image":"","background-repeat":"repeat","background-position":"center center","background-size":"auto","background-attachment":"scroll","background-type":"","background-media":"","overlay-type":"","overlay-color":"","overlay-opacity":"","overlay-gradient":""},"tablet":{"background-color":"var(--ast-global-color-5)","background-image":"","background-repeat":"repeat","background-position":"center center","background-size":"auto","background-attachment":"scroll","background-type":"","background-media":"","overlay-type":"","overlay-color":"","overlay-opacity":"","overlay-gradient":""},"mobile":{"background-color":"var(--ast-global-color-5)","background-image":"","background-repeat":"repeat","background-position":"center center","background-size":"auto","background-attachment":"scroll","background-type":"","background-media":"","overlay-type":"","overlay-color":"","overlay-opacity":"","overlay-gradient":""}},"_joinchat":[]},"product_brand":[],"product_cat":[42],"product_tag":[],"class_list":{"0":"post-4842","1":"product","2":"type-product","3":"status-publish","4":"has-post-thumbnail","6":"product_cat-dvd","7":"desktop-align-left","8":"tablet-align-left","9":"mobile-align-left","11":"first","12":"instock","13":"sale","14":"shipping-taxable","15":"purchasable","16":"product-type-simple"},"_links":{"self":[{"href":"https:\/\/cinemasoul.es\/index.php?rest_route=\/wp\/v2\/product\/4842","targetHints":{"allow":["GET"]}}],"collection":[{"href":"https:\/\/cinemasoul.es\/index.php?rest_route=\/wp\/v2\/product"}],"about":[{"href":"https:\/\/cinemasoul.es\/index.php?rest_route=\/wp\/v2\/types\/product"}],"replies":[{"embeddable":true,"href":"https:\/\/cinemasoul.es\/index.php?rest_route=%2Fwp%2Fv2%2Fcomments&post=4842"}],"version-history":[{"count":1,"href":"https:\/\/cinemasoul.es\/index.php?rest_route=\/wp\/v2\/product\/4842\/revisions"}],"predecessor-version":[{"id":4845,"href":"https:\/\/cinemasoul.es\/index.php?rest_route=\/wp\/v2\/product\/4842\/revisions\/4845"}],"wp:featuredmedia":[{"embeddable":true,"href":"https:\/\/cinemasoul.es\/index.php?rest_route=\/wp\/v2\/media\/4843"}],"wp:attachment":[{"href":"https:\/\/cinemasoul.es\/index.php?rest_route=%2Fwp%2Fv2%2Fmedia&parent=4842"}],"wp:term":[{"taxonomy":"product_brand","embeddable":true,"href":"https:\/\/cinemasoul.es\/index.php?rest_route=%2Fwp%2Fv2%2Fproduct_brand&post=4842"},{"taxonomy":"product_cat","embeddable":true,"href":"https:\/\/cinemasoul.es\/index.php?rest_route=%2Fwp%2Fv2%2Fproduct_cat&post=4842"},{"taxonomy":"product_tag","embeddable":true,"href":"https:\/\/cinemasoul.es\/index.php?rest_route=%2Fwp%2Fv2%2Fproduct_tag&post=4842"}],"curies":[{"name":"wp","href":"https:\/\/api.w.org\/{rel}","templated":true}]}}