{"id":4824,"date":"2022-06-08T12:55:07","date_gmt":"2022-06-08T12:55:07","guid":{"rendered":"https:\/\/www.cinemasoul.es\/?post_type=product&#038;p=4824"},"modified":"2022-06-08T12:55:07","modified_gmt":"2022-06-08T12:55:07","slug":"el-regreso-del-gangster-dvd","status":"publish","type":"product","link":"https:\/\/cinemasoul.es\/?product=el-regreso-del-gangster-dvd","title":{"rendered":"El regreso del g\u00e1ngster [DVD]"},"content":{"rendered":"","protected":false},"excerpt":{"rendered":"<p><strong>T\u00edtulo original<\/strong> A Bullet for Joey <strong>A\u00f1o<\/strong> 1955\u00a0<strong>Duraci\u00f3n<\/strong> 83 min.\u00a0<strong>Pa\u00eds<\/strong> Estados Unidos <strong>Direcci\u00f3n<\/strong> Lewis Allen\u00a0<strong>Guion<\/strong> Daniel Mainwaring, A.I. Bezzerides.\u00a0<strong>Historia<\/strong>: James Benson Nablo\u00a0<strong>M\u00fasica<\/strong> Harry Sukman <strong>Fotograf\u00eda<\/strong> Harry Neumann (B&amp;W)\u00a0<strong>Reparto<\/strong> Edward G. Robinson, George Raft, Audrey Totter, George Dolenz, Peter van Eyck, Toni Gerry, William Bryant, John Cliff, Steven Geray, Joseph Vitale, Sally Blane, Peter Hansen, Kaaren Verne, Henri Letondal, Stan Malotte, Ralph Smiley\u00a0<strong>Productora<\/strong> United Artists <strong>G\u00e9nero<\/strong> Cine negro. Intriga. Thriller<\/p>\n<p><strong>Sinopsis<\/strong> Eric Hartman, un esp\u00eda que trabaja para los comunistas, recibe el encargo de secuestrar al doctor Macklin, un f\u00edsico nuclear canadiense, para llevarlo al otro lado del Tel\u00f3n de Acero.<\/p>\n","protected":false},"featured_media":4825,"comment_status":"open","ping_status":"closed","template":"","meta":{"site-sidebar-layout":"default","site-content-layout":"default","ast-site-content-layout":"default","site-content-style":"default","site-sidebar-style":"default","ast-global-header-display":"","ast-banner-title-visibility":"","ast-main-header-display":"","ast-hfb-above-header-display":"","ast-hfb-below-header-display":"","ast-hfb-mobile-header-display":"","site-post-title":"","ast-breadcrumbs-content":"","ast-featured-img":"","footer-sml-layout":"","ast-disable-related-posts":"","theme-transparent-header-meta":"","adv-header-id-meta":"","stick-header-meta":"","header-above-stick-meta":"","header-main-stick-meta":"","header-below-stick-meta":"","astra-migrate-meta-layouts":"default","ast-page-background-enabled":"default","ast-page-background-meta":{"desktop":{"background-color":"","background-image":"","background-repeat":"repeat","background-position":"center center","background-size":"auto","background-attachment":"scroll","background-type":"","background-media":"","overlay-type":"","overlay-color":"","overlay-opacity":"","overlay-gradient":""},"tablet":{"background-color":"","background-image":"","background-repeat":"repeat","background-position":"center center","background-size":"auto","background-attachment":"scroll","background-type":"","background-media":"","overlay-type":"","overlay-color":"","overlay-opacity":"","overlay-gradient":""},"mobile":{"background-color":"","background-image":"","background-repeat":"repeat","background-position":"center center","background-size":"auto","background-attachment":"scroll","background-type":"","background-media":"","overlay-type":"","overlay-color":"","overlay-opacity":"","overlay-gradient":""}},"ast-content-background-meta":{"desktop":{"background-color":"var(--ast-global-color-5)","background-image":"","background-repeat":"repeat","background-position":"center center","background-size":"auto","background-attachment":"scroll","background-type":"","background-media":"","overlay-type":"","overlay-color":"","overlay-opacity":"","overlay-gradient":""},"tablet":{"background-color":"var(--ast-global-color-5)","background-image":"","background-repeat":"repeat","background-position":"center center","background-size":"auto","background-attachment":"scroll","background-type":"","background-media":"","overlay-type":"","overlay-color":"","overlay-opacity":"","overlay-gradient":""},"mobile":{"background-color":"var(--ast-global-color-5)","background-image":"","background-repeat":"repeat","background-position":"center center","background-size":"auto","background-attachment":"scroll","background-type":"","background-media":"","overlay-type":"","overlay-color":"","overlay-opacity":"","overlay-gradient":""}},"_joinchat":[]},"product_brand":[],"product_cat":[42],"product_tag":[],"class_list":{"0":"post-4824","1":"product","2":"type-product","3":"status-publish","4":"has-post-thumbnail","6":"product_cat-dvd","7":"desktop-align-left","8":"tablet-align-left","9":"mobile-align-left","11":"first","12":"instock","13":"sale","14":"shipping-taxable","15":"purchasable","16":"product-type-simple"},"_links":{"self":[{"href":"https:\/\/cinemasoul.es\/index.php?rest_route=\/wp\/v2\/product\/4824","targetHints":{"allow":["GET"]}}],"collection":[{"href":"https:\/\/cinemasoul.es\/index.php?rest_route=\/wp\/v2\/product"}],"about":[{"href":"https:\/\/cinemasoul.es\/index.php?rest_route=\/wp\/v2\/types\/product"}],"replies":[{"embeddable":true,"href":"https:\/\/cinemasoul.es\/index.php?rest_route=%2Fwp%2Fv2%2Fcomments&post=4824"}],"version-history":[{"count":1,"href":"https:\/\/cinemasoul.es\/index.php?rest_route=\/wp\/v2\/product\/4824\/revisions"}],"predecessor-version":[{"id":4827,"href":"https:\/\/cinemasoul.es\/index.php?rest_route=\/wp\/v2\/product\/4824\/revisions\/4827"}],"wp:featuredmedia":[{"embeddable":true,"href":"https:\/\/cinemasoul.es\/index.php?rest_route=\/wp\/v2\/media\/4825"}],"wp:attachment":[{"href":"https:\/\/cinemasoul.es\/index.php?rest_route=%2Fwp%2Fv2%2Fmedia&parent=4824"}],"wp:term":[{"taxonomy":"product_brand","embeddable":true,"href":"https:\/\/cinemasoul.es\/index.php?rest_route=%2Fwp%2Fv2%2Fproduct_brand&post=4824"},{"taxonomy":"product_cat","embeddable":true,"href":"https:\/\/cinemasoul.es\/index.php?rest_route=%2Fwp%2Fv2%2Fproduct_cat&post=4824"},{"taxonomy":"product_tag","embeddable":true,"href":"https:\/\/cinemasoul.es\/index.php?rest_route=%2Fwp%2Fv2%2Fproduct_tag&post=4824"}],"curies":[{"name":"wp","href":"https:\/\/api.w.org\/{rel}","templated":true}]}}