{"id":4820,"date":"2022-06-08T12:52:57","date_gmt":"2022-06-08T12:52:57","guid":{"rendered":"https:\/\/www.cinemasoul.es\/?post_type=product&#038;p=4820"},"modified":"2022-06-08T12:52:57","modified_gmt":"2022-06-08T12:52:57","slug":"el-rey-del-hampa-dvd","status":"publish","type":"product","link":"https:\/\/cinemasoul.es\/?product=el-rey-del-hampa-dvd","title":{"rendered":"El Rey del Hampa [DVD]"},"content":{"rendered":"","protected":false},"excerpt":{"rendered":"<div id=\"tab-description\" class=\"tab-content\">\n<p>EL REY DEL HAMPA\u00a0<strong>T\u00cdTULO ORIGINAL<\/strong>: KING OF THE UNDERWORLD<em>\u00a0<\/em><strong>DIRIGIDA<\/strong> POR LEWIS SEILER <strong>PRODUCIDA<\/strong> POR BRYAN FOY\u00a0<strong>GUI\u00d3N<\/strong> DE GEORGE BRICKER y VINCENT SHERMAN\u00a0BASADO EN UNA <strong>HISTORIA<\/strong> DE W.R. BURNETT\u00a0<strong>M\u00daSICA<\/strong> DE HEINZ ROEMHELD <strong>FOTOGRAF\u00cdA<\/strong> DE SIDNEY HICKO\u00a0<strong>REPARTO<\/strong>: HUMPHREY BOGART, KAY FRANCIS, JAMES STEPHENSON, JOHN ELDREDGE, JESSIE BUSLEY, ARTHUR AYLESWORTH, RAYMOND BROWN<\/p>\n<p><strong>A\u00d1O:<\/strong>\u00a01939\u00a0<strong>NACIONALIDAD:<\/strong>\u00a0ESTADOS UNIDOS\u00a0<strong>GENERO<\/strong>: DRAMA &#8211; CRIMEN\u00a0<strong>Color<\/strong>:\u00a0Blanco y negro\u00a0<strong>IDIOMAS<\/strong>\u00a0CASTELLANO E INGL\u00c9S CON SUBT\u00cdTULOS EN CASTELLANO Y PORTUGU\u00c9S\u00a0<strong>N\u00ba DE EXPEDIENTE<\/strong>\u00a0130.797\u00a0<strong>CLASIFICACI\u00d3N<\/strong>\u00a0APTA PARA TODOS LOS P\u00daBLICOS\u00a0<strong>DURACI\u00d3N<\/strong>\u00a067 MIN. APROX.\u00a0<strong>FORMATO<\/strong>\u00a04\/3 1:37.1<\/p>\n<p><em>\u00a1<strong>Acorralado<\/strong>!\u00a0\u00a1<strong>El rey de los asesinos est\u00e1 muerto de miedo<\/strong>! \u00a1Enredado en los trucos de una intr\u00e9pida mujer, la pistola que lleva en su cadera es in\u00fatil! \u00a0<\/em>El primer papel de Bogart con su nombre sobre el t\u00edtulo de la pel\u00edcula<em>. \u00a0<\/em>\u00bfHa conocido el sedicente Napole\u00f3n del Crimen, Joe Gurney (Humphrey\u00a0 Bogart), su Waterloo? La doctora Carol Nelson (Kay Francis), sospechosa de tener lazos con el infame asesino, deber\u00e1 demostrar su inocencia antes de que el colegio de m\u00e9dicos le retire la licencia. Cuando tras recibir un disparo Gurney la busca para un tratamiento, esa podr\u00eda ser la oportunidad que Nelson necesita. Ahora ella tiene la ocasi\u00f3n de poner en pr\u00e1ctica sus conocimientos m\u00e9dicos para aventajar a Gurney y sus matones y reestablecer su reputaci\u00f3n profesional.<\/p>\n<p>&nbsp;<\/p>\n<\/div>\n","protected":false},"featured_media":4821,"comment_status":"open","ping_status":"closed","template":"","meta":{"site-sidebar-layout":"default","site-content-layout":"default","ast-site-content-layout":"default","site-content-style":"default","site-sidebar-style":"default","ast-global-header-display":"","ast-banner-title-visibility":"","ast-main-header-display":"","ast-hfb-above-header-display":"","ast-hfb-below-header-display":"","ast-hfb-mobile-header-display":"","site-post-title":"","ast-breadcrumbs-content":"","ast-featured-img":"","footer-sml-layout":"","ast-disable-related-posts":"","theme-transparent-header-meta":"","adv-header-id-meta":"","stick-header-meta":"","header-above-stick-meta":"","header-main-stick-meta":"","header-below-stick-meta":"","astra-migrate-meta-layouts":"default","ast-page-background-enabled":"default","ast-page-background-meta":{"desktop":{"background-color":"","background-image":"","background-repeat":"repeat","background-position":"center center","background-size":"auto","background-attachment":"scroll","background-type":"","background-media":"","overlay-type":"","overlay-color":"","overlay-opacity":"","overlay-gradient":""},"tablet":{"background-color":"","background-image":"","background-repeat":"repeat","background-position":"center center","background-size":"auto","background-attachment":"scroll","background-type":"","background-media":"","overlay-type":"","overlay-color":"","overlay-opacity":"","overlay-gradient":""},"mobile":{"background-color":"","background-image":"","background-repeat":"repeat","background-position":"center center","background-size":"auto","background-attachment":"scroll","background-type":"","background-media":"","overlay-type":"","overlay-color":"","overlay-opacity":"","overlay-gradient":""}},"ast-content-background-meta":{"desktop":{"background-color":"var(--ast-global-color-5)","background-image":"","background-repeat":"repeat","background-position":"center center","background-size":"auto","background-attachment":"scroll","background-type":"","background-media":"","overlay-type":"","overlay-color":"","overlay-opacity":"","overlay-gradient":""},"tablet":{"background-color":"var(--ast-global-color-5)","background-image":"","background-repeat":"repeat","background-position":"center center","background-size":"auto","background-attachment":"scroll","background-type":"","background-media":"","overlay-type":"","overlay-color":"","overlay-opacity":"","overlay-gradient":""},"mobile":{"background-color":"var(--ast-global-color-5)","background-image":"","background-repeat":"repeat","background-position":"center center","background-size":"auto","background-attachment":"scroll","background-type":"","background-media":"","overlay-type":"","overlay-color":"","overlay-opacity":"","overlay-gradient":""}},"_joinchat":[]},"product_brand":[],"product_cat":[42],"product_tag":[],"class_list":{"0":"post-4820","1":"product","2":"type-product","3":"status-publish","4":"has-post-thumbnail","6":"product_cat-dvd","7":"desktop-align-left","8":"tablet-align-left","9":"mobile-align-left","11":"first","12":"instock","13":"sale","14":"shipping-taxable","15":"purchasable","16":"product-type-simple"},"_links":{"self":[{"href":"https:\/\/cinemasoul.es\/index.php?rest_route=\/wp\/v2\/product\/4820","targetHints":{"allow":["GET"]}}],"collection":[{"href":"https:\/\/cinemasoul.es\/index.php?rest_route=\/wp\/v2\/product"}],"about":[{"href":"https:\/\/cinemasoul.es\/index.php?rest_route=\/wp\/v2\/types\/product"}],"replies":[{"embeddable":true,"href":"https:\/\/cinemasoul.es\/index.php?rest_route=%2Fwp%2Fv2%2Fcomments&post=4820"}],"version-history":[{"count":1,"href":"https:\/\/cinemasoul.es\/index.php?rest_route=\/wp\/v2\/product\/4820\/revisions"}],"predecessor-version":[{"id":4823,"href":"https:\/\/cinemasoul.es\/index.php?rest_route=\/wp\/v2\/product\/4820\/revisions\/4823"}],"wp:featuredmedia":[{"embeddable":true,"href":"https:\/\/cinemasoul.es\/index.php?rest_route=\/wp\/v2\/media\/4821"}],"wp:attachment":[{"href":"https:\/\/cinemasoul.es\/index.php?rest_route=%2Fwp%2Fv2%2Fmedia&parent=4820"}],"wp:term":[{"taxonomy":"product_brand","embeddable":true,"href":"https:\/\/cinemasoul.es\/index.php?rest_route=%2Fwp%2Fv2%2Fproduct_brand&post=4820"},{"taxonomy":"product_cat","embeddable":true,"href":"https:\/\/cinemasoul.es\/index.php?rest_route=%2Fwp%2Fv2%2Fproduct_cat&post=4820"},{"taxonomy":"product_tag","embeddable":true,"href":"https:\/\/cinemasoul.es\/index.php?rest_route=%2Fwp%2Fv2%2Fproduct_tag&post=4820"}],"curies":[{"name":"wp","href":"https:\/\/api.w.org\/{rel}","templated":true}]}}