{"id":4804,"date":"2022-06-07T18:57:35","date_gmt":"2022-06-07T18:57:35","guid":{"rendered":"https:\/\/www.cinemasoul.es\/?post_type=product&#038;p=4804"},"modified":"2022-06-07T18:57:35","modified_gmt":"2022-06-07T18:57:35","slug":"el-misterio-de-fiske-manor-dvd","status":"publish","type":"product","link":"https:\/\/cinemasoul.es\/?product=el-misterio-de-fiske-manor-dvd","title":{"rendered":"El misterio de Fiske Manor [DVD]"},"content":{"rendered":"","protected":false},"excerpt":{"rendered":"<div id=\"tab-description\" class=\"tab-content\">\n<p><em>\u00a1EL GRAN MELODRAMA DE BROADWAY LLEGA A LA PANTALLA! &#8230;<\/em><\/p>\n<p>COLUMBIA PICTURES PRESENTA A UNA PRODUCCI\u00d3N DE LESTER COWAN EN ASOCIACI\u00d3N CON GILBERT MILLER \u201cEL MISTERIO DE FISKE MANOR\u201d (<em>LADIES IN RETIREMENT<\/em>) <strong>PROTAGONIZADA<\/strong> POR IDA LUPINO Y LOUIS HAYWARD CON\u00a0EVELYN KEYES, ELSA LANCHESTER, EDITH BARRETT, ISOBEL ELSOM, EMMA DUNN, CLYDE COOKE, QUEENIE LEONARD. BASADO EN LA <strong>OBRA DE TEATRO<\/strong> DE EDWARD PERCY Y REGINALD DENHAM. <strong>GUI\u00d3N<\/strong> DE GARRETT FORT Y REGINALD DENHAM. <strong>DIRIGIDA<\/strong> POR CHARLES VIDOR.<\/p>\n<p><strong>G\u00c9NERO<\/strong>: DRAMA <strong>A\u00d1O<\/strong>: 1941 <strong>NACIONALIDAD<\/strong>: ESTADOS UNIDOS. <strong>COLOR:<\/strong> BLANCO Y NEGRO <strong>DURACI\u00d3N<\/strong>: 91 MINUTOS APROX.\u00a0<strong>IDIOMAS<\/strong>: CASTELLANO E INGL\u00c9S CON SUBT\u00cdTULOS EN CASTELLANO <strong>FORMATO DE PANTALLA<\/strong>: 4&#215;3 1.33 CERTIFICADO DE CLASIFICACI\u00d3N <strong>ICAA N\u00ba<\/strong>: 123.953 <strong>CLASIFICACI\u00d3N<\/strong>: NO RECOMENDADA PARA MENORES DE 7 A\u00d1OS. <strong>DEP\u00d3SITO LEGAL<\/strong>:TF: 275-2012.<\/p>\n<p>Leonora Fiske (Isobel Elsom), una antigua actriz retirada, vive en una aislada mansi\u00f3n en el campo junto a Ellen (Ida Lupino), su dama de compa\u00f1\u00eda, y otra joven criada. Un d\u00eda, Ellen decide traer a sus dos hermanas de visita y convence a su se\u00f1ora para que puedan quedarse por un tiempo en la casa, ya que han sido expulsadas de su anterior vivienda debido a su extra\u00f1o comportamiento. A partir de entonces la vida de la se\u00f1ora Fiske cambia por completo y, poco a poco, las tres hermanas comienzan a hacerse due\u00f1as de la situaci\u00f3n. Estupenda pel\u00edcula de suspense, aunque algo desconocida, que obtuvo nominaci\u00f3n al Oscar\u00ae para la mejor decoraci\u00f3n de interiores (Lionel Banks y George Montgomery) y banda sonora de pel\u00edcula dram\u00e1tica (Morris Stoloff y Ernst Toch).<\/p>\n<\/div>\n","protected":false},"featured_media":4805,"comment_status":"open","ping_status":"closed","template":"","meta":{"site-sidebar-layout":"default","site-content-layout":"default","ast-site-content-layout":"default","site-content-style":"default","site-sidebar-style":"default","ast-global-header-display":"","ast-banner-title-visibility":"","ast-main-header-display":"","ast-hfb-above-header-display":"","ast-hfb-below-header-display":"","ast-hfb-mobile-header-display":"","site-post-title":"","ast-breadcrumbs-content":"","ast-featured-img":"","footer-sml-layout":"","ast-disable-related-posts":"","theme-transparent-header-meta":"","adv-header-id-meta":"","stick-header-meta":"","header-above-stick-meta":"","header-main-stick-meta":"","header-below-stick-meta":"","astra-migrate-meta-layouts":"default","ast-page-background-enabled":"default","ast-page-background-meta":{"desktop":{"background-color":"","background-image":"","background-repeat":"repeat","background-position":"center center","background-size":"auto","background-attachment":"scroll","background-type":"","background-media":"","overlay-type":"","overlay-color":"","overlay-opacity":"","overlay-gradient":""},"tablet":{"background-color":"","background-image":"","background-repeat":"repeat","background-position":"center center","background-size":"auto","background-attachment":"scroll","background-type":"","background-media":"","overlay-type":"","overlay-color":"","overlay-opacity":"","overlay-gradient":""},"mobile":{"background-color":"","background-image":"","background-repeat":"repeat","background-position":"center center","background-size":"auto","background-attachment":"scroll","background-type":"","background-media":"","overlay-type":"","overlay-color":"","overlay-opacity":"","overlay-gradient":""}},"ast-content-background-meta":{"desktop":{"background-color":"var(--ast-global-color-5)","background-image":"","background-repeat":"repeat","background-position":"center center","background-size":"auto","background-attachment":"scroll","background-type":"","background-media":"","overlay-type":"","overlay-color":"","overlay-opacity":"","overlay-gradient":""},"tablet":{"background-color":"var(--ast-global-color-5)","background-image":"","background-repeat":"repeat","background-position":"center center","background-size":"auto","background-attachment":"scroll","background-type":"","background-media":"","overlay-type":"","overlay-color":"","overlay-opacity":"","overlay-gradient":""},"mobile":{"background-color":"var(--ast-global-color-5)","background-image":"","background-repeat":"repeat","background-position":"center center","background-size":"auto","background-attachment":"scroll","background-type":"","background-media":"","overlay-type":"","overlay-color":"","overlay-opacity":"","overlay-gradient":""}},"_joinchat":[]},"product_brand":[],"product_cat":[42],"product_tag":[],"class_list":{"0":"post-4804","1":"product","2":"type-product","3":"status-publish","4":"has-post-thumbnail","6":"product_cat-dvd","7":"desktop-align-left","8":"tablet-align-left","9":"mobile-align-left","11":"first","12":"instock","13":"shipping-taxable","14":"purchasable","15":"product-type-simple"},"_links":{"self":[{"href":"https:\/\/cinemasoul.es\/index.php?rest_route=\/wp\/v2\/product\/4804","targetHints":{"allow":["GET"]}}],"collection":[{"href":"https:\/\/cinemasoul.es\/index.php?rest_route=\/wp\/v2\/product"}],"about":[{"href":"https:\/\/cinemasoul.es\/index.php?rest_route=\/wp\/v2\/types\/product"}],"replies":[{"embeddable":true,"href":"https:\/\/cinemasoul.es\/index.php?rest_route=%2Fwp%2Fv2%2Fcomments&post=4804"}],"version-history":[{"count":1,"href":"https:\/\/cinemasoul.es\/index.php?rest_route=\/wp\/v2\/product\/4804\/revisions"}],"predecessor-version":[{"id":4807,"href":"https:\/\/cinemasoul.es\/index.php?rest_route=\/wp\/v2\/product\/4804\/revisions\/4807"}],"wp:featuredmedia":[{"embeddable":true,"href":"https:\/\/cinemasoul.es\/index.php?rest_route=\/wp\/v2\/media\/4805"}],"wp:attachment":[{"href":"https:\/\/cinemasoul.es\/index.php?rest_route=%2Fwp%2Fv2%2Fmedia&parent=4804"}],"wp:term":[{"taxonomy":"product_brand","embeddable":true,"href":"https:\/\/cinemasoul.es\/index.php?rest_route=%2Fwp%2Fv2%2Fproduct_brand&post=4804"},{"taxonomy":"product_cat","embeddable":true,"href":"https:\/\/cinemasoul.es\/index.php?rest_route=%2Fwp%2Fv2%2Fproduct_cat&post=4804"},{"taxonomy":"product_tag","embeddable":true,"href":"https:\/\/cinemasoul.es\/index.php?rest_route=%2Fwp%2Fv2%2Fproduct_tag&post=4804"}],"curies":[{"name":"wp","href":"https:\/\/api.w.org\/{rel}","templated":true}]}}