{"id":4796,"date":"2022-06-07T18:40:41","date_gmt":"2022-06-07T18:40:41","guid":{"rendered":"https:\/\/www.cinemasoul.es\/?post_type=product&#038;p=4796"},"modified":"2022-06-07T18:41:20","modified_gmt":"2022-06-07T18:41:20","slug":"el-kimono-rojo-dvd","status":"publish","type":"product","link":"https:\/\/cinemasoul.es\/?product=el-kimono-rojo-dvd","title":{"rendered":"El kimono rojo [DVD]"},"content":{"rendered":"","protected":false},"excerpt":{"rendered":"<p><strong>T\u00edtulo original <\/strong>The Crimson Kimono\u00a0<strong>A\u00f1o<\/strong> 1959\u00a0<strong>Duraci\u00f3n<\/strong> 82 min.\u00a0<strong>Pa\u00eds<\/strong> Estados Unidos\u00a0<strong>Direcci\u00f3n<\/strong> Samuel Fuller\u00a0<strong>Guion<\/strong> Samuel Fuller\u00a0<strong>M\u00fasica<\/strong> Harry Sukman <strong>Fotograf\u00eda<\/strong> Sam Leavitt (B&amp;W) <strong>Reparto<\/strong> Victoria Shaw, Glenn Corbett, James Shigeta, Anna Lee, Paul Dubov, Gloria Pall, Jaclynne Greene, Neyle Morrow, Walter Burke, Edo Mita, Stafford Repp, Pat Silver, George Yoshinaga\u00a0<strong>Productora<\/strong> Columbia Pictures, Globe Enterprises\u00a0<strong>G\u00e9nero<\/strong> Drama. Cine negro. Intriga<\/p>\n<p><strong>Sinopsis<\/strong> Dos agentes de Los \u00c1ngeles, uno estadounidense y otro japon\u00e9s, que fueron compa\u00f1eros en la guerra de Corea, deben investigar el asesinato de una bailarina de streaptease. Su amistad se ver\u00e1 puesta a prueba por culpa de una pintora implicada en el caso.<\/p>\n","protected":false},"featured_media":4797,"comment_status":"open","ping_status":"closed","template":"","meta":{"site-sidebar-layout":"default","site-content-layout":"default","ast-site-content-layout":"default","site-content-style":"default","site-sidebar-style":"default","ast-global-header-display":"","ast-banner-title-visibility":"","ast-main-header-display":"","ast-hfb-above-header-display":"","ast-hfb-below-header-display":"","ast-hfb-mobile-header-display":"","site-post-title":"","ast-breadcrumbs-content":"","ast-featured-img":"","footer-sml-layout":"","ast-disable-related-posts":"","theme-transparent-header-meta":"","adv-header-id-meta":"","stick-header-meta":"","header-above-stick-meta":"","header-main-stick-meta":"","header-below-stick-meta":"","astra-migrate-meta-layouts":"default","ast-page-background-enabled":"default","ast-page-background-meta":{"desktop":{"background-color":"","background-image":"","background-repeat":"repeat","background-position":"center center","background-size":"auto","background-attachment":"scroll","background-type":"","background-media":"","overlay-type":"","overlay-color":"","overlay-opacity":"","overlay-gradient":""},"tablet":{"background-color":"","background-image":"","background-repeat":"repeat","background-position":"center center","background-size":"auto","background-attachment":"scroll","background-type":"","background-media":"","overlay-type":"","overlay-color":"","overlay-opacity":"","overlay-gradient":""},"mobile":{"background-color":"","background-image":"","background-repeat":"repeat","background-position":"center center","background-size":"auto","background-attachment":"scroll","background-type":"","background-media":"","overlay-type":"","overlay-color":"","overlay-opacity":"","overlay-gradient":""}},"ast-content-background-meta":{"desktop":{"background-color":"var(--ast-global-color-5)","background-image":"","background-repeat":"repeat","background-position":"center center","background-size":"auto","background-attachment":"scroll","background-type":"","background-media":"","overlay-type":"","overlay-color":"","overlay-opacity":"","overlay-gradient":""},"tablet":{"background-color":"var(--ast-global-color-5)","background-image":"","background-repeat":"repeat","background-position":"center center","background-size":"auto","background-attachment":"scroll","background-type":"","background-media":"","overlay-type":"","overlay-color":"","overlay-opacity":"","overlay-gradient":""},"mobile":{"background-color":"var(--ast-global-color-5)","background-image":"","background-repeat":"repeat","background-position":"center center","background-size":"auto","background-attachment":"scroll","background-type":"","background-media":"","overlay-type":"","overlay-color":"","overlay-opacity":"","overlay-gradient":""}},"_joinchat":[]},"product_brand":[],"product_cat":[42],"product_tag":[],"class_list":{"0":"post-4796","1":"product","2":"type-product","3":"status-publish","4":"has-post-thumbnail","6":"product_cat-dvd","7":"desktop-align-left","8":"tablet-align-left","9":"mobile-align-left","11":"first","12":"instock","13":"sale","14":"shipping-taxable","15":"purchasable","16":"product-type-simple"},"_links":{"self":[{"href":"https:\/\/cinemasoul.es\/index.php?rest_route=\/wp\/v2\/product\/4796","targetHints":{"allow":["GET"]}}],"collection":[{"href":"https:\/\/cinemasoul.es\/index.php?rest_route=\/wp\/v2\/product"}],"about":[{"href":"https:\/\/cinemasoul.es\/index.php?rest_route=\/wp\/v2\/types\/product"}],"replies":[{"embeddable":true,"href":"https:\/\/cinemasoul.es\/index.php?rest_route=%2Fwp%2Fv2%2Fcomments&post=4796"}],"version-history":[{"count":1,"href":"https:\/\/cinemasoul.es\/index.php?rest_route=\/wp\/v2\/product\/4796\/revisions"}],"predecessor-version":[{"id":4799,"href":"https:\/\/cinemasoul.es\/index.php?rest_route=\/wp\/v2\/product\/4796\/revisions\/4799"}],"wp:featuredmedia":[{"embeddable":true,"href":"https:\/\/cinemasoul.es\/index.php?rest_route=\/wp\/v2\/media\/4797"}],"wp:attachment":[{"href":"https:\/\/cinemasoul.es\/index.php?rest_route=%2Fwp%2Fv2%2Fmedia&parent=4796"}],"wp:term":[{"taxonomy":"product_brand","embeddable":true,"href":"https:\/\/cinemasoul.es\/index.php?rest_route=%2Fwp%2Fv2%2Fproduct_brand&post=4796"},{"taxonomy":"product_cat","embeddable":true,"href":"https:\/\/cinemasoul.es\/index.php?rest_route=%2Fwp%2Fv2%2Fproduct_cat&post=4796"},{"taxonomy":"product_tag","embeddable":true,"href":"https:\/\/cinemasoul.es\/index.php?rest_route=%2Fwp%2Fv2%2Fproduct_tag&post=4796"}],"curies":[{"name":"wp","href":"https:\/\/api.w.org\/{rel}","templated":true}]}}