{"id":4792,"date":"2022-06-07T18:35:20","date_gmt":"2022-06-07T18:35:20","guid":{"rendered":"https:\/\/www.cinemasoul.es\/?post_type=product&#038;p=4792"},"modified":"2022-06-07T18:35:20","modified_gmt":"2022-06-07T18:35:20","slug":"el-gato-conoce-al-asesino-dvd","status":"publish","type":"product","link":"https:\/\/cinemasoul.es\/?product=el-gato-conoce-al-asesino-dvd","title":{"rendered":"El gato conoce al asesino [DVD]"},"content":{"rendered":"","protected":false},"excerpt":{"rendered":"<div id=\"tab-description\" class=\"tab-content\">\n<p>WARNER BROS. PICTURES \u00a0PRESENTA ART CARNEY Y LILY TOMLIN EN \u201cEL GATO CONOCE AL ASESINO\u201d\u00a0<strong>COPROTAGONISTAS<\/strong> BILL MACY Y\u00a0 EUGENE ROCHE\u00a0<strong>PRODUCIDA<\/strong> POR ROBERT ALTMAN\u00a0<strong>ESCRITA<\/strong> Y <strong>DIRIGIDA<\/strong> POR ROBERT BENTON <strong>PANAVISION\u00ae<\/strong><\/p>\n<p><strong>IDIOMAS:<\/strong> CASTELLANO E INGL\u00c9S CON SUBT\u00cdTULOS EN CASTELLANO\u00a0<strong>NACIONALIDAD:<\/strong>\u00a0ESTADOS UNIDOS\u00a0<strong>A\u00d1O<\/strong>: 1976\u00a0<strong>COLOR.<\/strong> <strong>G\u00c9NERO<\/strong>: CRIMEN\u00a0<strong>DURACI\u00d3N<\/strong>: 94\u2019\u00a0<strong>FORMATO<\/strong>: 4\/3 1.85:1\u00a0<strong>REFERENCIA<\/strong>: DVDY25628\u00a0<strong>EAN<\/strong>: 5051893009408\u00a0<strong>DEP\u00d3SITO LEGAL<\/strong>: TF: 992-2009\u00a0<strong>N\u00ba DE EXPEDIENTE<\/strong>: 112.474\u00a0<strong>CLASIFICACI\u00d3N<\/strong>: NO RECOMENDADA PARA MENORES DE 7 A\u00d1OS<\/p>\n<p><em>\u201cLa pel\u00edcula m\u00e1s simp\u00e1tica, c\u00e1lida, divertida y conmovedora jam\u00e1s vista sobre chantaje, intriga y asesinato.\u201d\u00a0\u201cUn entretenimiento de primera. Inteligente y cautivadora.\u201d &#8211; Richard Schickel, TIME<\/em>. El detective privado Ira Wells (Art Cartney, ganador* de un Oscar\u00ae), ya bien entrado en a\u00f1os, ha aceptado el encargo de ayudar a una chiflada de Hollywood llamada Margo (Lily Tomlin) a encontrar a su gato perdido. Pero no se le ocurre pensar que tiene a un tigre agarrado por la cola.Escrita y dirigida por Robert Benton (<em>Kramer contra Kramer<\/em>), ganador* de tres Oscar\u00ae, <em>El gato conoce al asesino<\/em> es un brillante, divertido y visceral homenaje moderno a los <em>thrillers<\/em> de detectives de los a\u00f1os cuarenta. Al igual que sus contempor\u00e1neos Philip Marlowe y Sam Spade, el cojo Ira es uno de los grandes. (Cartney gan\u00f3 en 1977 el premio al Mejor Actor de la Sociedad Nacional de Cr\u00edticos de Cine de EE. UU. por su trabajo en esta pel\u00edcula.) \u00bfLe conceder\u00e1 este \u00faltimo caso \u2013y esta exc\u00e9ntrica mujer \u2013 una \u00faltima oportunidad para demostrarlo? Hay que ver <em>El gato conoce al asesino<\/em> para resolver el misterio.<\/p>\n<\/div>\n","protected":false},"featured_media":4793,"comment_status":"open","ping_status":"closed","template":"","meta":{"site-sidebar-layout":"default","site-content-layout":"default","ast-site-content-layout":"default","site-content-style":"default","site-sidebar-style":"default","ast-global-header-display":"","ast-banner-title-visibility":"","ast-main-header-display":"","ast-hfb-above-header-display":"","ast-hfb-below-header-display":"","ast-hfb-mobile-header-display":"","site-post-title":"","ast-breadcrumbs-content":"","ast-featured-img":"","footer-sml-layout":"","ast-disable-related-posts":"","theme-transparent-header-meta":"","adv-header-id-meta":"","stick-header-meta":"","header-above-stick-meta":"","header-main-stick-meta":"","header-below-stick-meta":"","astra-migrate-meta-layouts":"default","ast-page-background-enabled":"default","ast-page-background-meta":{"desktop":{"background-color":"","background-image":"","background-repeat":"repeat","background-position":"center center","background-size":"auto","background-attachment":"scroll","background-type":"","background-media":"","overlay-type":"","overlay-color":"","overlay-opacity":"","overlay-gradient":""},"tablet":{"background-color":"","background-image":"","background-repeat":"repeat","background-position":"center center","background-size":"auto","background-attachment":"scroll","background-type":"","background-media":"","overlay-type":"","overlay-color":"","overlay-opacity":"","overlay-gradient":""},"mobile":{"background-color":"","background-image":"","background-repeat":"repeat","background-position":"center center","background-size":"auto","background-attachment":"scroll","background-type":"","background-media":"","overlay-type":"","overlay-color":"","overlay-opacity":"","overlay-gradient":""}},"ast-content-background-meta":{"desktop":{"background-color":"var(--ast-global-color-5)","background-image":"","background-repeat":"repeat","background-position":"center center","background-size":"auto","background-attachment":"scroll","background-type":"","background-media":"","overlay-type":"","overlay-color":"","overlay-opacity":"","overlay-gradient":""},"tablet":{"background-color":"var(--ast-global-color-5)","background-image":"","background-repeat":"repeat","background-position":"center center","background-size":"auto","background-attachment":"scroll","background-type":"","background-media":"","overlay-type":"","overlay-color":"","overlay-opacity":"","overlay-gradient":""},"mobile":{"background-color":"var(--ast-global-color-5)","background-image":"","background-repeat":"repeat","background-position":"center center","background-size":"auto","background-attachment":"scroll","background-type":"","background-media":"","overlay-type":"","overlay-color":"","overlay-opacity":"","overlay-gradient":""}},"_joinchat":[]},"product_brand":[],"product_cat":[42],"product_tag":[],"class_list":{"0":"post-4792","1":"product","2":"type-product","3":"status-publish","4":"has-post-thumbnail","6":"product_cat-dvd","7":"desktop-align-left","8":"tablet-align-left","9":"mobile-align-left","11":"first","12":"instock","13":"sale","14":"shipping-taxable","15":"purchasable","16":"product-type-simple"},"_links":{"self":[{"href":"https:\/\/cinemasoul.es\/index.php?rest_route=\/wp\/v2\/product\/4792","targetHints":{"allow":["GET"]}}],"collection":[{"href":"https:\/\/cinemasoul.es\/index.php?rest_route=\/wp\/v2\/product"}],"about":[{"href":"https:\/\/cinemasoul.es\/index.php?rest_route=\/wp\/v2\/types\/product"}],"replies":[{"embeddable":true,"href":"https:\/\/cinemasoul.es\/index.php?rest_route=%2Fwp%2Fv2%2Fcomments&post=4792"}],"version-history":[{"count":1,"href":"https:\/\/cinemasoul.es\/index.php?rest_route=\/wp\/v2\/product\/4792\/revisions"}],"predecessor-version":[{"id":4795,"href":"https:\/\/cinemasoul.es\/index.php?rest_route=\/wp\/v2\/product\/4792\/revisions\/4795"}],"wp:featuredmedia":[{"embeddable":true,"href":"https:\/\/cinemasoul.es\/index.php?rest_route=\/wp\/v2\/media\/4793"}],"wp:attachment":[{"href":"https:\/\/cinemasoul.es\/index.php?rest_route=%2Fwp%2Fv2%2Fmedia&parent=4792"}],"wp:term":[{"taxonomy":"product_brand","embeddable":true,"href":"https:\/\/cinemasoul.es\/index.php?rest_route=%2Fwp%2Fv2%2Fproduct_brand&post=4792"},{"taxonomy":"product_cat","embeddable":true,"href":"https:\/\/cinemasoul.es\/index.php?rest_route=%2Fwp%2Fv2%2Fproduct_cat&post=4792"},{"taxonomy":"product_tag","embeddable":true,"href":"https:\/\/cinemasoul.es\/index.php?rest_route=%2Fwp%2Fv2%2Fproduct_tag&post=4792"}],"curies":[{"name":"wp","href":"https:\/\/api.w.org\/{rel}","templated":true}]}}