{"id":4782,"date":"2022-06-07T18:23:02","date_gmt":"2022-06-07T18:23:02","guid":{"rendered":"https:\/\/www.cinemasoul.es\/?post_type=product&#038;p=4782"},"modified":"2022-06-07T18:23:29","modified_gmt":"2022-06-07T18:23:29","slug":"cagliostro-dvd","status":"publish","type":"product","link":"https:\/\/cinemasoul.es\/?product=cagliostro-dvd","title":{"rendered":"Cagliostro [DVD]"},"content":{"rendered":"","protected":false},"excerpt":{"rendered":"<p><strong>T\u00edtulo original<\/strong> Black Magic (Cagliostro)\u00a0<strong>A\u00f1o<\/strong> 1949\u00a0<strong>Duraci\u00f3n<\/strong> 105 min.\u00a0<strong>Pa\u00eds<\/strong> Estados Unidos\u00a0<strong>Direcci\u00f3n<\/strong> Gregory Ratoff, Orson Welles\u00a0<strong>Guion<\/strong> Charles Bennett, Richard Schayer. <strong><em>Novela<\/em><\/strong><em>:<\/em> Alejandro Dumas <strong>M\u00fasica<\/strong> Paul Sawtell\u00a0<strong>Fotograf\u00eda<\/strong> Ubaldo Arata, Anchise Brizzi\u00a0<strong>Reparto<\/strong> Orson Welles, Nancy Guild, Akim Tamiroff, Frank Latimore, Valentina Cortese, Silvana Mangano, Raymond Burr, Annielo Mele, Berry Kroeger, Tamara Shayne, Margot Grahame, Robert Atkins, Lee Kresel, Tatyana Pavlova, Stephen Bekassy\u00a0<strong>Productora<\/strong> Coproducci\u00f3n Estados Unidos-Italia; Edward Small Productions, United Artists\u00a0<strong>G\u00e9nero<\/strong> Intriga. Drama. Romance\u00a0<strong>Sinopsis<\/strong> El siniestro mago Jos\u00e9 Balsamo (Orson Welles), m\u00e1s conocido por el sobrenombre de Cagliostro, se ver\u00e1 envuelto en una trama de intrigas palaciegas a trav\u00e9s de la cual de piensa reemplazar a la Reina Mar\u00eda Antonieta con una doble, para as\u00ed poder tener acceso al poder. Adaptaci\u00f3n de la novela de Alejandro Dumas.<\/p>\n","protected":false},"featured_media":4783,"comment_status":"open","ping_status":"closed","template":"","meta":{"site-sidebar-layout":"default","site-content-layout":"default","ast-site-content-layout":"default","site-content-style":"default","site-sidebar-style":"default","ast-global-header-display":"","ast-banner-title-visibility":"","ast-main-header-display":"","ast-hfb-above-header-display":"","ast-hfb-below-header-display":"","ast-hfb-mobile-header-display":"","site-post-title":"","ast-breadcrumbs-content":"","ast-featured-img":"","footer-sml-layout":"","ast-disable-related-posts":"","theme-transparent-header-meta":"","adv-header-id-meta":"","stick-header-meta":"","header-above-stick-meta":"","header-main-stick-meta":"","header-below-stick-meta":"","astra-migrate-meta-layouts":"default","ast-page-background-enabled":"default","ast-page-background-meta":{"desktop":{"background-color":"","background-image":"","background-repeat":"repeat","background-position":"center center","background-size":"auto","background-attachment":"scroll","background-type":"","background-media":"","overlay-type":"","overlay-color":"","overlay-opacity":"","overlay-gradient":""},"tablet":{"background-color":"","background-image":"","background-repeat":"repeat","background-position":"center center","background-size":"auto","background-attachment":"scroll","background-type":"","background-media":"","overlay-type":"","overlay-color":"","overlay-opacity":"","overlay-gradient":""},"mobile":{"background-color":"","background-image":"","background-repeat":"repeat","background-position":"center center","background-size":"auto","background-attachment":"scroll","background-type":"","background-media":"","overlay-type":"","overlay-color":"","overlay-opacity":"","overlay-gradient":""}},"ast-content-background-meta":{"desktop":{"background-color":"var(--ast-global-color-5)","background-image":"","background-repeat":"repeat","background-position":"center center","background-size":"auto","background-attachment":"scroll","background-type":"","background-media":"","overlay-type":"","overlay-color":"","overlay-opacity":"","overlay-gradient":""},"tablet":{"background-color":"var(--ast-global-color-5)","background-image":"","background-repeat":"repeat","background-position":"center center","background-size":"auto","background-attachment":"scroll","background-type":"","background-media":"","overlay-type":"","overlay-color":"","overlay-opacity":"","overlay-gradient":""},"mobile":{"background-color":"var(--ast-global-color-5)","background-image":"","background-repeat":"repeat","background-position":"center center","background-size":"auto","background-attachment":"scroll","background-type":"","background-media":"","overlay-type":"","overlay-color":"","overlay-opacity":"","overlay-gradient":""}},"_joinchat":[]},"product_brand":[],"product_cat":[42],"product_tag":[],"class_list":{"0":"post-4782","1":"product","2":"type-product","3":"status-publish","4":"has-post-thumbnail","6":"product_cat-dvd","7":"desktop-align-left","8":"tablet-align-left","9":"mobile-align-left","11":"first","12":"instock","13":"shipping-taxable","14":"purchasable","15":"product-type-simple"},"_links":{"self":[{"href":"https:\/\/cinemasoul.es\/index.php?rest_route=\/wp\/v2\/product\/4782","targetHints":{"allow":["GET"]}}],"collection":[{"href":"https:\/\/cinemasoul.es\/index.php?rest_route=\/wp\/v2\/product"}],"about":[{"href":"https:\/\/cinemasoul.es\/index.php?rest_route=\/wp\/v2\/types\/product"}],"replies":[{"embeddable":true,"href":"https:\/\/cinemasoul.es\/index.php?rest_route=%2Fwp%2Fv2%2Fcomments&post=4782"}],"version-history":[{"count":2,"href":"https:\/\/cinemasoul.es\/index.php?rest_route=\/wp\/v2\/product\/4782\/revisions"}],"predecessor-version":[{"id":4786,"href":"https:\/\/cinemasoul.es\/index.php?rest_route=\/wp\/v2\/product\/4782\/revisions\/4786"}],"wp:featuredmedia":[{"embeddable":true,"href":"https:\/\/cinemasoul.es\/index.php?rest_route=\/wp\/v2\/media\/4783"}],"wp:attachment":[{"href":"https:\/\/cinemasoul.es\/index.php?rest_route=%2Fwp%2Fv2%2Fmedia&parent=4782"}],"wp:term":[{"taxonomy":"product_brand","embeddable":true,"href":"https:\/\/cinemasoul.es\/index.php?rest_route=%2Fwp%2Fv2%2Fproduct_brand&post=4782"},{"taxonomy":"product_cat","embeddable":true,"href":"https:\/\/cinemasoul.es\/index.php?rest_route=%2Fwp%2Fv2%2Fproduct_cat&post=4782"},{"taxonomy":"product_tag","embeddable":true,"href":"https:\/\/cinemasoul.es\/index.php?rest_route=%2Fwp%2Fv2%2Fproduct_tag&post=4782"}],"curies":[{"name":"wp","href":"https:\/\/api.w.org\/{rel}","templated":true}]}}