{"id":4778,"date":"2022-06-07T18:13:56","date_gmt":"2022-06-07T18:13:56","guid":{"rendered":"https:\/\/www.cinemasoul.es\/?post_type=product&#038;p=4778"},"modified":"2022-06-07T18:14:15","modified_gmt":"2022-06-07T18:14:15","slug":"autostop-sangriento-dvd","status":"publish","type":"product","link":"https:\/\/cinemasoul.es\/?product=autostop-sangriento-dvd","title":{"rendered":"Autostop sangriento [DVD]"},"content":{"rendered":"","protected":false},"excerpt":{"rendered":"<p><strong>T\u00cdTULO ORIGINAL<\/strong>: <em>AUTOSTOP ROSSO SANGUE<\/em> <strong>\u00a0DIRIGIDA<\/strong> POR PASQUALE FESTA CAMPANILE <strong>PRODUCIDA POR<\/strong> MARIO MONTANARI y BRUNO TURCHETTO BASADO EN LA <strong>NOVELA<\/strong> DE PETER KANE <strong>GUI\u00d3N<\/strong> DE OTTAVIO JEMMA, ALDO CRUDO, PASQUALE FESTA CAMPANILE <strong>M\u00daSICA<\/strong> DE ENNIO MORRICONE <strong>FOTOGRAFIA<\/strong> DE FRANCO DI GIACOMO y GIUSEPPE RUZZOLINI <strong>REPARTO<\/strong> FRANCO NERO y CORINNE CL\u00c9RY, DAVID HESS, JOSHUA SINCLAIR, CARLO PURI, IGNAZIO SPALLA, LEONARDO SCAVINO, MONICA ZANCHI<\/p>\n<p><strong>AUDIO<\/strong>: DOLBY DIGITAL 2.0 <strong>A\u00d1O<\/strong>: 1977 <strong>GENERO<\/strong>: CRIMEN-SUSPENSE\u00a0 <strong>NACIONALIDAD<\/strong>: ITALIA COLOR <strong>ICAA<\/strong> N\u00ba: 24.973 NO RECOMENDADA PARA MENORES DE 18 A\u00d1OS\u00a0 <strong>DURACI\u00d3N<\/strong>: 103 MIN. APROX. <strong>IDIOMAS<\/strong>: ESPA\u00d1OL e INGL\u00c9S\u00a0 <strong>SUBT\u00cdTULOS<\/strong>: ESPA\u00d1OL <strong>FORMATO DE PANTALLA<\/strong>: 1.85:1 FULL HD 1080<\/p>\n<p>Una pareja en crisis viaja a California en una caravana y de regreso de unas vacaciones, tendr\u00e1n la mala suerte de cruzarse en el camino con un autoestopista que finalmente es un criminal en fuga, que escapa con un importante bot\u00edn. El recorrido contin\u00faa con una tensi\u00f3n creciente, hasta un final inesperado y sorprendente.<\/p>\n","protected":false},"featured_media":4779,"comment_status":"open","ping_status":"closed","template":"","meta":{"site-sidebar-layout":"default","site-content-layout":"default","ast-site-content-layout":"default","site-content-style":"default","site-sidebar-style":"default","ast-global-header-display":"","ast-banner-title-visibility":"","ast-main-header-display":"","ast-hfb-above-header-display":"","ast-hfb-below-header-display":"","ast-hfb-mobile-header-display":"","site-post-title":"","ast-breadcrumbs-content":"","ast-featured-img":"","footer-sml-layout":"","ast-disable-related-posts":"","theme-transparent-header-meta":"","adv-header-id-meta":"","stick-header-meta":"","header-above-stick-meta":"","header-main-stick-meta":"","header-below-stick-meta":"","astra-migrate-meta-layouts":"default","ast-page-background-enabled":"default","ast-page-background-meta":{"desktop":{"background-color":"","background-image":"","background-repeat":"repeat","background-position":"center center","background-size":"auto","background-attachment":"scroll","background-type":"","background-media":"","overlay-type":"","overlay-color":"","overlay-opacity":"","overlay-gradient":""},"tablet":{"background-color":"","background-image":"","background-repeat":"repeat","background-position":"center center","background-size":"auto","background-attachment":"scroll","background-type":"","background-media":"","overlay-type":"","overlay-color":"","overlay-opacity":"","overlay-gradient":""},"mobile":{"background-color":"","background-image":"","background-repeat":"repeat","background-position":"center center","background-size":"auto","background-attachment":"scroll","background-type":"","background-media":"","overlay-type":"","overlay-color":"","overlay-opacity":"","overlay-gradient":""}},"ast-content-background-meta":{"desktop":{"background-color":"var(--ast-global-color-5)","background-image":"","background-repeat":"repeat","background-position":"center center","background-size":"auto","background-attachment":"scroll","background-type":"","background-media":"","overlay-type":"","overlay-color":"","overlay-opacity":"","overlay-gradient":""},"tablet":{"background-color":"var(--ast-global-color-5)","background-image":"","background-repeat":"repeat","background-position":"center center","background-size":"auto","background-attachment":"scroll","background-type":"","background-media":"","overlay-type":"","overlay-color":"","overlay-opacity":"","overlay-gradient":""},"mobile":{"background-color":"var(--ast-global-color-5)","background-image":"","background-repeat":"repeat","background-position":"center center","background-size":"auto","background-attachment":"scroll","background-type":"","background-media":"","overlay-type":"","overlay-color":"","overlay-opacity":"","overlay-gradient":""}},"_joinchat":[]},"product_brand":[],"product_cat":[42],"product_tag":[],"class_list":{"0":"post-4778","1":"product","2":"type-product","3":"status-publish","4":"has-post-thumbnail","6":"product_cat-dvd","7":"desktop-align-left","8":"tablet-align-left","9":"mobile-align-left","11":"first","12":"instock","13":"sale","14":"shipping-taxable","15":"purchasable","16":"product-type-simple"},"_links":{"self":[{"href":"https:\/\/cinemasoul.es\/index.php?rest_route=\/wp\/v2\/product\/4778","targetHints":{"allow":["GET"]}}],"collection":[{"href":"https:\/\/cinemasoul.es\/index.php?rest_route=\/wp\/v2\/product"}],"about":[{"href":"https:\/\/cinemasoul.es\/index.php?rest_route=\/wp\/v2\/types\/product"}],"replies":[{"embeddable":true,"href":"https:\/\/cinemasoul.es\/index.php?rest_route=%2Fwp%2Fv2%2Fcomments&post=4778"}],"version-history":[{"count":2,"href":"https:\/\/cinemasoul.es\/index.php?rest_route=\/wp\/v2\/product\/4778\/revisions"}],"predecessor-version":[{"id":4781,"href":"https:\/\/cinemasoul.es\/index.php?rest_route=\/wp\/v2\/product\/4778\/revisions\/4781"}],"wp:featuredmedia":[{"embeddable":true,"href":"https:\/\/cinemasoul.es\/index.php?rest_route=\/wp\/v2\/media\/4779"}],"wp:attachment":[{"href":"https:\/\/cinemasoul.es\/index.php?rest_route=%2Fwp%2Fv2%2Fmedia&parent=4778"}],"wp:term":[{"taxonomy":"product_brand","embeddable":true,"href":"https:\/\/cinemasoul.es\/index.php?rest_route=%2Fwp%2Fv2%2Fproduct_brand&post=4778"},{"taxonomy":"product_cat","embeddable":true,"href":"https:\/\/cinemasoul.es\/index.php?rest_route=%2Fwp%2Fv2%2Fproduct_cat&post=4778"},{"taxonomy":"product_tag","embeddable":true,"href":"https:\/\/cinemasoul.es\/index.php?rest_route=%2Fwp%2Fv2%2Fproduct_tag&post=4778"}],"curies":[{"name":"wp","href":"https:\/\/api.w.org\/{rel}","templated":true}]}}