{"id":4759,"date":"2022-04-20T17:56:05","date_gmt":"2022-04-20T17:56:05","guid":{"rendered":"https:\/\/www.cinemasoul.es\/?post_type=product&#038;p=4759"},"modified":"2022-04-20T18:00:46","modified_gmt":"2022-04-20T18:00:46","slug":"el-valle-del-arco-iris-dvd","status":"publish","type":"product","link":"https:\/\/cinemasoul.es\/?product=el-valle-del-arco-iris-dvd","title":{"rendered":"El valle del arco iris [DVD]"},"content":{"rendered":"","protected":false},"excerpt":{"rendered":"<p>Warner Bros y Seven Arts presentan a Fred Astaire y Peluca Clark <strong>en<\/strong> \u201cFinian\u2019s Rainbow\u201d<strong> Coprotagonizada por<\/strong> Don Francks, Keenan Wynn, Al Freeman, Jr <strong>Presentando a<\/strong> Barbara Hancock y Tommy Steele <strong>Libro de<\/strong> E.Y.Harburg y Fred Saidy <strong>Letras de<\/strong> E.Y.Harburg <strong>M\u00fasica de<\/strong> Burton Lane <strong>M\u00fasica supervisada por<\/strong> RayHeindorf <strong>Gui\u00f3n de<\/strong> E.Y.Harburg y Fred Saidy\u00a0 <strong>Producida por<\/strong> Joseph Landon <strong>Dirigida por<\/strong> Francis Ford Coppola <strong>Technicolor\u00ae Panavision\u00ae<\/strong><\/p>\n<p><strong><em>\u201cHaci\u00e9ndolo todo tremendamente bien, El valle del Arco Iris transciende en el tiempo. Como el propio Fred Astaire, parece eterno\u201d<\/em><\/strong>&#8211; Arthur Knight, Saturday Review<\/p>\n<p>Lleva un viejo y mugriento abrigo en vez de uno de cola, un arrugado sombrero de fieltro en lugar de uno de copa, pero con un solo atisbo de esos \u00e1giles pies ya sabes que \u00e9l es Fred Astaire. Este gran artista cant\u00f3 y bail\u00f3 en el \u00e9xito de Broadway de 1947 dirigido por Francis Ford Coppola. Astaire es un p\u00edcaro irland\u00e9s que planta una vasija robada de oro lo que \u00e9l piensa ser\u00e1 una rica cosecha. Remolcados est\u00e1n su fogosa hija (Petula Clark), un duende (Tommy Steele) y un intolerante senador sure\u00f1o (Keen Wynn) transformado por una magia descabellada. La valorada calificaci\u00f3n de Burton Lane \/ E.Y. Harburg incluyen How are things in Glocca Morra? Look to the Rainbow, If This Isn\u2019t Love y Old Devil Moon.\u00a0 Vi\u00e9ndola te sentir\u00e1s como en un tr\u00e9bol. Con cuatro hojas desde el principio.<\/p>\n<p><strong>Caracter\u00edsticas especiales:<\/strong>\u00a0 Viendo \u201cEl valle del Arco Iris\u201d con Francis Ford Coppola: Nueva Introducci\u00f3n y comentario del director. \u2013\u00a0 Premier Mundial \u201cEl valle del Arco Iris\u201d.<\/p>\n<p><strong>Idiomas:<\/strong> (2.0 Dolby Surround) Castellano, Alem\u00e1n, (5.1 Dolby Digital) Ingl\u00e9s.<strong>Subt\u00edtulos:<\/strong> Castellano, Ingl\u00e9s, Alem\u00e1n, Portugu\u00e9s, Dan\u00e9s, Finland\u00e9s, Sueco, Polaco, Checo, Griego, H\u00fangaro.<strong> Codificado para sordos:<\/strong> Ingl\u00e9s, Alem\u00e1n.\u00a0Para \u00e1mbito dom\u00e9stico. Autorizada todos los p\u00fablicos. Formato dos capas de lectura<\/p>\n<p><strong>Duraci\u00f3n:<\/strong>139\u2019 aprox.<strong> Certificado de calificaci\u00f3n:<\/strong> N\u00ba 86.440 <strong>Dep\u00f3sito legal:<\/strong> TF. 1585-2008 Compatible con todos los formatos de Pantalla de televisi\u00f3n. <strong>Formato de pantalla:<\/strong> 16:9 (2.40:1)<\/p>\n","protected":false},"featured_media":4760,"comment_status":"open","ping_status":"closed","template":"","meta":{"site-sidebar-layout":"default","site-content-layout":"default","ast-site-content-layout":"default","site-content-style":"default","site-sidebar-style":"default","ast-global-header-display":"","ast-banner-title-visibility":"","ast-main-header-display":"","ast-hfb-above-header-display":"","ast-hfb-below-header-display":"","ast-hfb-mobile-header-display":"","site-post-title":"","ast-breadcrumbs-content":"","ast-featured-img":"","footer-sml-layout":"","ast-disable-related-posts":"","theme-transparent-header-meta":"","adv-header-id-meta":"","stick-header-meta":"","header-above-stick-meta":"","header-main-stick-meta":"","header-below-stick-meta":"","astra-migrate-meta-layouts":"default","ast-page-background-enabled":"default","ast-page-background-meta":{"desktop":{"background-color":"","background-image":"","background-repeat":"repeat","background-position":"center center","background-size":"auto","background-attachment":"scroll","background-type":"","background-media":"","overlay-type":"","overlay-color":"","overlay-opacity":"","overlay-gradient":""},"tablet":{"background-color":"","background-image":"","background-repeat":"repeat","background-position":"center center","background-size":"auto","background-attachment":"scroll","background-type":"","background-media":"","overlay-type":"","overlay-color":"","overlay-opacity":"","overlay-gradient":""},"mobile":{"background-color":"","background-image":"","background-repeat":"repeat","background-position":"center center","background-size":"auto","background-attachment":"scroll","background-type":"","background-media":"","overlay-type":"","overlay-color":"","overlay-opacity":"","overlay-gradient":""}},"ast-content-background-meta":{"desktop":{"background-color":"var(--ast-global-color-5)","background-image":"","background-repeat":"repeat","background-position":"center center","background-size":"auto","background-attachment":"scroll","background-type":"","background-media":"","overlay-type":"","overlay-color":"","overlay-opacity":"","overlay-gradient":""},"tablet":{"background-color":"var(--ast-global-color-5)","background-image":"","background-repeat":"repeat","background-position":"center center","background-size":"auto","background-attachment":"scroll","background-type":"","background-media":"","overlay-type":"","overlay-color":"","overlay-opacity":"","overlay-gradient":""},"mobile":{"background-color":"var(--ast-global-color-5)","background-image":"","background-repeat":"repeat","background-position":"center center","background-size":"auto","background-attachment":"scroll","background-type":"","background-media":"","overlay-type":"","overlay-color":"","overlay-opacity":"","overlay-gradient":""}},"_joinchat":[]},"product_brand":[],"product_cat":[42],"product_tag":[],"class_list":{"0":"post-4759","1":"product","2":"type-product","3":"status-publish","4":"has-post-thumbnail","6":"product_cat-dvd","7":"desktop-align-left","8":"tablet-align-left","9":"mobile-align-left","11":"first","12":"instock","13":"shipping-taxable","14":"purchasable","15":"product-type-simple"},"_links":{"self":[{"href":"https:\/\/cinemasoul.es\/index.php?rest_route=\/wp\/v2\/product\/4759","targetHints":{"allow":["GET"]}}],"collection":[{"href":"https:\/\/cinemasoul.es\/index.php?rest_route=\/wp\/v2\/product"}],"about":[{"href":"https:\/\/cinemasoul.es\/index.php?rest_route=\/wp\/v2\/types\/product"}],"replies":[{"embeddable":true,"href":"https:\/\/cinemasoul.es\/index.php?rest_route=%2Fwp%2Fv2%2Fcomments&post=4759"}],"version-history":[{"count":2,"href":"https:\/\/cinemasoul.es\/index.php?rest_route=\/wp\/v2\/product\/4759\/revisions"}],"predecessor-version":[{"id":4763,"href":"https:\/\/cinemasoul.es\/index.php?rest_route=\/wp\/v2\/product\/4759\/revisions\/4763"}],"wp:featuredmedia":[{"embeddable":true,"href":"https:\/\/cinemasoul.es\/index.php?rest_route=\/wp\/v2\/media\/4760"}],"wp:attachment":[{"href":"https:\/\/cinemasoul.es\/index.php?rest_route=%2Fwp%2Fv2%2Fmedia&parent=4759"}],"wp:term":[{"taxonomy":"product_brand","embeddable":true,"href":"https:\/\/cinemasoul.es\/index.php?rest_route=%2Fwp%2Fv2%2Fproduct_brand&post=4759"},{"taxonomy":"product_cat","embeddable":true,"href":"https:\/\/cinemasoul.es\/index.php?rest_route=%2Fwp%2Fv2%2Fproduct_cat&post=4759"},{"taxonomy":"product_tag","embeddable":true,"href":"https:\/\/cinemasoul.es\/index.php?rest_route=%2Fwp%2Fv2%2Fproduct_tag&post=4759"}],"curies":[{"name":"wp","href":"https:\/\/api.w.org\/{rel}","templated":true}]}}