{"id":4754,"date":"2022-04-20T12:52:40","date_gmt":"2022-04-20T12:52:40","guid":{"rendered":"https:\/\/www.cinemasoul.es\/?post_type=product&#038;p=4754"},"modified":"2022-04-20T12:54:43","modified_gmt":"2022-04-20T12:54:43","slug":"4754","status":"publish","type":"product","link":"https:\/\/cinemasoul.es\/?product=4754","title":{"rendered":"El trompetista [DVD]"},"content":{"rendered":"","protected":false},"excerpt":{"rendered":"<p>Kirk Douglas, Lauren Bacall, Doris Day \u201cYoung Man with a Horn\u201d con Hoagy Carmichael y Juano Hernandez <strong>Dirigida por<\/strong> Michael Curtiz\u00a0<strong>Producida por<\/strong> Jerry Wald\u00a0<strong>Gui\u00f3n de<\/strong> Carl Foreman y Edmund H. North\u00a0<strong>De la novela de<\/strong> Dorothy Baker\u00a0<strong>Direcci\u00f3n musical de<\/strong> Ray Heindorf<\/p>\n<p><strong>Un candente drama sobre una controvertida estrella del jazz.\u00a0<\/strong>Con una trompeta de segunda mano y siguiendo los pasos de un brillante m\u00fasico de blues, un chaval se convierte en un m\u00fasico excelente cuyo talento le lleva de los m\u00e1s l\u00fagubre tugurios a los clubs con m\u00e1s clase de la ciudad. Pero su desesperada b\u00fasqueda por la melod\u00eda atrapada en su mente pero que le es imposible tocar le lleva al tortuoso mundo de la bebida. Con las interpretaciones sublimes de Kirk Douglas, Doris Day y Lauren Bacall y la direcci\u00f3n magistral de Michael Curtiz, esta pel\u00edcula es un festival de y para la mejor, m\u00e1s v\u00edvia y m\u00e1gica m\u00fasica jazz. El legendario Harry James dobl\u00f3 las escenas de Douglas con la trompeta. Day a\u00f1ade otro si cabe m\u00e1s fino instrumento musical, su voz. Los amantes del cine y de la m\u00fasica celebrar\u00e1n haberse encontrado con este trompetista.<\/p>\n<p><strong>Caracter\u00edsticas especiales<\/strong>:\u00a0 \u2013 Trailer cinematogr\u00e1fico \u2013 <strong>Idiomas<\/strong>: (1.0 Mono) Ingl\u00e9s, Castellano, Alem\u00e1n. \u2013 <strong>Subt\u00edtulos<\/strong>: Ingl\u00e9s, Alem\u00e1n, Castellano, Finland\u00e9s, Sueco, Hebreo, Polaco, Checo, H\u00fangaro, Portugu\u00e9s, \u2013 <strong>Codificado para sordos<\/strong>: Ingl\u00e9s, Alem\u00e1n. Para \u00e1mbito dom\u00e9stico. No recomendada para menores de 13 a\u00f1os. Formato dos capas de lectura\u00a0<strong>Duraci\u00f3n<\/strong>:108\u2019 aprox.\u00a0<strong>Certificado de calificaci\u00f3n<\/strong>: N\u00ba 86.893\u00a0<strong>Dep\u00f3sito legal<\/strong>: TF. 1588-2008 Compatible con todos los formatos de Pantalla de televisi\u00f3n.\u00a0<strong>Formato de pantalla<\/strong>: 4:3 1.37:1<\/p>\n","protected":false},"featured_media":4755,"comment_status":"open","ping_status":"closed","template":"","meta":{"site-sidebar-layout":"default","site-content-layout":"default","ast-site-content-layout":"default","site-content-style":"default","site-sidebar-style":"default","ast-global-header-display":"","ast-banner-title-visibility":"","ast-main-header-display":"","ast-hfb-above-header-display":"","ast-hfb-below-header-display":"","ast-hfb-mobile-header-display":"","site-post-title":"","ast-breadcrumbs-content":"","ast-featured-img":"","footer-sml-layout":"","ast-disable-related-posts":"","theme-transparent-header-meta":"","adv-header-id-meta":"","stick-header-meta":"","header-above-stick-meta":"","header-main-stick-meta":"","header-below-stick-meta":"","astra-migrate-meta-layouts":"default","ast-page-background-enabled":"default","ast-page-background-meta":{"desktop":{"background-color":"","background-image":"","background-repeat":"repeat","background-position":"center center","background-size":"auto","background-attachment":"scroll","background-type":"","background-media":"","overlay-type":"","overlay-color":"","overlay-opacity":"","overlay-gradient":""},"tablet":{"background-color":"","background-image":"","background-repeat":"repeat","background-position":"center center","background-size":"auto","background-attachment":"scroll","background-type":"","background-media":"","overlay-type":"","overlay-color":"","overlay-opacity":"","overlay-gradient":""},"mobile":{"background-color":"","background-image":"","background-repeat":"repeat","background-position":"center center","background-size":"auto","background-attachment":"scroll","background-type":"","background-media":"","overlay-type":"","overlay-color":"","overlay-opacity":"","overlay-gradient":""}},"ast-content-background-meta":{"desktop":{"background-color":"var(--ast-global-color-5)","background-image":"","background-repeat":"repeat","background-position":"center center","background-size":"auto","background-attachment":"scroll","background-type":"","background-media":"","overlay-type":"","overlay-color":"","overlay-opacity":"","overlay-gradient":""},"tablet":{"background-color":"var(--ast-global-color-5)","background-image":"","background-repeat":"repeat","background-position":"center center","background-size":"auto","background-attachment":"scroll","background-type":"","background-media":"","overlay-type":"","overlay-color":"","overlay-opacity":"","overlay-gradient":""},"mobile":{"background-color":"var(--ast-global-color-5)","background-image":"","background-repeat":"repeat","background-position":"center center","background-size":"auto","background-attachment":"scroll","background-type":"","background-media":"","overlay-type":"","overlay-color":"","overlay-opacity":"","overlay-gradient":""}},"_joinchat":[]},"product_brand":[],"product_cat":[42],"product_tag":[],"class_list":{"0":"post-4754","1":"product","2":"type-product","3":"status-publish","4":"has-post-thumbnail","6":"product_cat-dvd","7":"desktop-align-left","8":"tablet-align-left","9":"mobile-align-left","11":"first","12":"instock","13":"shipping-taxable","14":"purchasable","15":"product-type-simple"},"_links":{"self":[{"href":"https:\/\/cinemasoul.es\/index.php?rest_route=\/wp\/v2\/product\/4754","targetHints":{"allow":["GET"]}}],"collection":[{"href":"https:\/\/cinemasoul.es\/index.php?rest_route=\/wp\/v2\/product"}],"about":[{"href":"https:\/\/cinemasoul.es\/index.php?rest_route=\/wp\/v2\/types\/product"}],"replies":[{"embeddable":true,"href":"https:\/\/cinemasoul.es\/index.php?rest_route=%2Fwp%2Fv2%2Fcomments&post=4754"}],"version-history":[{"count":3,"href":"https:\/\/cinemasoul.es\/index.php?rest_route=\/wp\/v2\/product\/4754\/revisions"}],"predecessor-version":[{"id":4758,"href":"https:\/\/cinemasoul.es\/index.php?rest_route=\/wp\/v2\/product\/4754\/revisions\/4758"}],"wp:featuredmedia":[{"embeddable":true,"href":"https:\/\/cinemasoul.es\/index.php?rest_route=\/wp\/v2\/media\/4755"}],"wp:attachment":[{"href":"https:\/\/cinemasoul.es\/index.php?rest_route=%2Fwp%2Fv2%2Fmedia&parent=4754"}],"wp:term":[{"taxonomy":"product_brand","embeddable":true,"href":"https:\/\/cinemasoul.es\/index.php?rest_route=%2Fwp%2Fv2%2Fproduct_brand&post=4754"},{"taxonomy":"product_cat","embeddable":true,"href":"https:\/\/cinemasoul.es\/index.php?rest_route=%2Fwp%2Fv2%2Fproduct_cat&post=4754"},{"taxonomy":"product_tag","embeddable":true,"href":"https:\/\/cinemasoul.es\/index.php?rest_route=%2Fwp%2Fv2%2Fproduct_tag&post=4754"}],"curies":[{"name":"wp","href":"https:\/\/api.w.org\/{rel}","templated":true}]}}