{"id":4745,"date":"2022-04-20T12:25:25","date_gmt":"2022-04-20T12:25:25","guid":{"rendered":"https:\/\/www.cinemasoul.es\/?post_type=product&#038;p=4745"},"modified":"2022-04-20T12:28:35","modified_gmt":"2022-04-20T12:28:35","slug":"el-mago-de-oz-dvd","status":"publish","type":"product","link":"https:\/\/cinemasoul.es\/?product=el-mago-de-oz-dvd","title":{"rendered":"El mago de oz [DVD]"},"content":{"rendered":"","protected":false},"excerpt":{"rendered":"<p>Una producci\u00f3n de Victor Fleming\u00a0<strong>Gui\u00f3n<\/strong> de Noel Langley, Florence Ryerson y Edgar Allan Woolf. <strong>Dirigida<\/strong> por Victor Fleming <strong>Producida<\/strong> por Mervyn LeRoy Una <strong>pel\u00edcula<\/strong> de Metro Goldwyn Mayer<\/p>\n<p>\u00a1La mejor pel\u00edcula de fantas\u00eda de todos los tiempos! Uno de los grandes cl\u00e1sicos del cine musical y una pel\u00edcula legendaria que contin\u00faa conmoviendo, generaci\u00f3n tras generaci\u00f3n, a ni\u00f1os y mayores de todas la edades. La maravillosa tierra de Oz nos traslada a un mundo de fantas\u00eda de brujas y hadas, bosques encantados, espantap\u00e1jaros que bailan y leones que cantan, que nos envuelven con su magia en una aventura repleta de canciones inolvidables.<\/p>\n<p>Un tesoro cinematogr\u00e1fico basado en los preciosos cuentos de L. Frank Baum, El Mago de Oz ha sido aclamada como \u201cla mejor pel\u00edcula familiar de todos los tiempos\u201d por el Instituto Cinematogr\u00e1fico Americano. Te invitamos a seguir el camino de baldosas amarillas m\u00e1s famoso de la historia del cine que nos conduce a la Ciudad Esmeralda, hogar del poderoso Mago de Oz. Dorothy (Judy Garland), el Espantap\u00e1jaros en busca de un cerebro (Ray Bolger), el Hombre de Hojalata en busca de un coraz\u00f3n (Jack Haley) y un Le\u00f3n Cobarde en busca de coraje (Bert Lahr), te esperan\u2026m\u00e1s all\u00e1 del arco iris.<\/p>\n<p><strong>CARACTER\u00cdSTICAS ESPECIALES<\/strong>:\u00a0<strong>Documental<\/strong>: \u201cEl Maravillosos Mago de Oz: C\u00f3mo se hizo un cl\u00e1sico del cine\u201d, presentado por Angela Lansbury. <strong>Trailers Cinematogr\u00e1ficos<\/strong>: La historia de OZ \u2013 M\u00e1s all\u00e1 de Oz- \u201cDetr\u00e1s de las c\u00e1maras\u201d. <strong>Escenas y secuencias adicionales<\/strong>: Extractos de la pel\u00edcula- El rodaje \u2013 Suplementos en audio \u2013 Entrevistas \u2013 Programa en audio de las sesiones de grabaciones originales y emisiones de radio.<\/p>\n<p><strong>Idiomas<\/strong>: Dolby Digital 5.1: Ingl\u00e9s\/ Mono: Castellano\/Alem\u00e1n <strong>Subt\u00edtulos<\/strong>: Ingl\u00e9s\/ Alem\u00e1n\/ Castellano\/ Holand\u00e9s\/ Sueco\/ Noruego\/ Dan\u00e9s\/ Finland\u00e9s\/ Portugu\u00e9s\/ Hebreo\/ Polaco\/ Griego\/ Checo\/ Turco\/ H\u00fangaro\/ Island\u00e9s\/ Croata\/ Franc\u00e9s\/ Italiano\/\u00a0Ingl\u00e9s para sordos\/ Alem\u00e1n para sordos.<\/p>\n<p><strong>DURACI\u00d3N<\/strong>: 98\u2019 APROX. <strong>CERTIFICACI\u00d3N DE CALIFICACI\u00d3N<\/strong>: N\u00ba 40.615 Formato dos capas de lectura <strong>DEP\u00d3SITO LEGAL<\/strong>: TF:153-2008 COMPATIBLE CON TODOS LOS FORMATOS DE PANTALLA DE TELEVISI\u00d3N\u00a0<strong>Formato de pantalla<\/strong>: 4:3 (1.33:1) \u201cThe Wizard of Oz\u201d con Judy Garland, Frank Morgan, Ray Bolger, Bert Lahr, Jack Haley, Billie Burke, Margaret Hamilton, Charley Grapewin y The Munchkins<\/p>\n","protected":false},"featured_media":4746,"comment_status":"open","ping_status":"closed","template":"","meta":{"site-sidebar-layout":"default","site-content-layout":"default","ast-site-content-layout":"default","site-content-style":"default","site-sidebar-style":"default","ast-global-header-display":"","ast-banner-title-visibility":"","ast-main-header-display":"","ast-hfb-above-header-display":"","ast-hfb-below-header-display":"","ast-hfb-mobile-header-display":"","site-post-title":"","ast-breadcrumbs-content":"","ast-featured-img":"","footer-sml-layout":"","ast-disable-related-posts":"","theme-transparent-header-meta":"","adv-header-id-meta":"","stick-header-meta":"","header-above-stick-meta":"","header-main-stick-meta":"","header-below-stick-meta":"","astra-migrate-meta-layouts":"default","ast-page-background-enabled":"default","ast-page-background-meta":{"desktop":{"background-color":"","background-image":"","background-repeat":"repeat","background-position":"center center","background-size":"auto","background-attachment":"scroll","background-type":"","background-media":"","overlay-type":"","overlay-color":"","overlay-opacity":"","overlay-gradient":""},"tablet":{"background-color":"","background-image":"","background-repeat":"repeat","background-position":"center center","background-size":"auto","background-attachment":"scroll","background-type":"","background-media":"","overlay-type":"","overlay-color":"","overlay-opacity":"","overlay-gradient":""},"mobile":{"background-color":"","background-image":"","background-repeat":"repeat","background-position":"center center","background-size":"auto","background-attachment":"scroll","background-type":"","background-media":"","overlay-type":"","overlay-color":"","overlay-opacity":"","overlay-gradient":""}},"ast-content-background-meta":{"desktop":{"background-color":"var(--ast-global-color-5)","background-image":"","background-repeat":"repeat","background-position":"center center","background-size":"auto","background-attachment":"scroll","background-type":"","background-media":"","overlay-type":"","overlay-color":"","overlay-opacity":"","overlay-gradient":""},"tablet":{"background-color":"var(--ast-global-color-5)","background-image":"","background-repeat":"repeat","background-position":"center center","background-size":"auto","background-attachment":"scroll","background-type":"","background-media":"","overlay-type":"","overlay-color":"","overlay-opacity":"","overlay-gradient":""},"mobile":{"background-color":"var(--ast-global-color-5)","background-image":"","background-repeat":"repeat","background-position":"center center","background-size":"auto","background-attachment":"scroll","background-type":"","background-media":"","overlay-type":"","overlay-color":"","overlay-opacity":"","overlay-gradient":""}},"_joinchat":[]},"product_brand":[],"product_cat":[42],"product_tag":[],"class_list":{"0":"post-4745","1":"product","2":"type-product","3":"status-publish","4":"has-post-thumbnail","6":"product_cat-dvd","7":"desktop-align-left","8":"tablet-align-left","9":"mobile-align-left","11":"first","12":"instock","13":"shipping-taxable","14":"purchasable","15":"product-type-simple"},"_links":{"self":[{"href":"https:\/\/cinemasoul.es\/index.php?rest_route=\/wp\/v2\/product\/4745","targetHints":{"allow":["GET"]}}],"collection":[{"href":"https:\/\/cinemasoul.es\/index.php?rest_route=\/wp\/v2\/product"}],"about":[{"href":"https:\/\/cinemasoul.es\/index.php?rest_route=\/wp\/v2\/types\/product"}],"replies":[{"embeddable":true,"href":"https:\/\/cinemasoul.es\/index.php?rest_route=%2Fwp%2Fv2%2Fcomments&post=4745"}],"version-history":[{"count":2,"href":"https:\/\/cinemasoul.es\/index.php?rest_route=\/wp\/v2\/product\/4745\/revisions"}],"predecessor-version":[{"id":4749,"href":"https:\/\/cinemasoul.es\/index.php?rest_route=\/wp\/v2\/product\/4745\/revisions\/4749"}],"wp:featuredmedia":[{"embeddable":true,"href":"https:\/\/cinemasoul.es\/index.php?rest_route=\/wp\/v2\/media\/4746"}],"wp:attachment":[{"href":"https:\/\/cinemasoul.es\/index.php?rest_route=%2Fwp%2Fv2%2Fmedia&parent=4745"}],"wp:term":[{"taxonomy":"product_brand","embeddable":true,"href":"https:\/\/cinemasoul.es\/index.php?rest_route=%2Fwp%2Fv2%2Fproduct_brand&post=4745"},{"taxonomy":"product_cat","embeddable":true,"href":"https:\/\/cinemasoul.es\/index.php?rest_route=%2Fwp%2Fv2%2Fproduct_cat&post=4745"},{"taxonomy":"product_tag","embeddable":true,"href":"https:\/\/cinemasoul.es\/index.php?rest_route=%2Fwp%2Fv2%2Fproduct_tag&post=4745"}],"curies":[{"name":"wp","href":"https:\/\/api.w.org\/{rel}","templated":true}]}}