{"id":4741,"date":"2022-04-20T11:56:36","date_gmt":"2022-04-20T11:56:36","guid":{"rendered":"https:\/\/www.cinemasoul.es\/?post_type=product&#038;p=4741"},"modified":"2022-04-20T12:03:55","modified_gmt":"2022-04-20T12:03:55","slug":"siete-novias-para-siete-hermanos-dvd","status":"publish","type":"product","link":"https:\/\/cinemasoul.es\/?product=siete-novias-para-siete-hermanos-dvd","title":{"rendered":"Siete novias para siete hermanos [DVD]"},"content":{"rendered":"","protected":false},"excerpt":{"rendered":"<p>\u201cTodo el espect\u00e1culo del cine americano en un magn\u00edfico musical\u201d.<\/p>\n<p>MGM presenta \u201cSeven Bride for Seven Brothers\u201d protagonizada por Jane Powell, Howard Keel con Jeff Richards, Russ Tamblyn, Tommy Rall Gui\u00f3n Albert Hackett y Frances Goodrich y Dorothy Kingsley Basado en la novela de \u201cThe Sobbin\u2019 Women\u201d por Stephen Vincent Benet Letras de Johnny Mercer M\u00fasica de Gene dePaul Coreograf\u00eda Michael Kidd Dirigida por Stanley Donen Producida por Jack Cummings en Cinemascope\u00ae Color Ansco Un filme de Metro Goldwyn Mayer<\/p>\n<p>Idiomas en Dolby Digital 5.1: Ingl\u00e9s\/ Castellano\/ en mono: Alem\u00e1n. Subt\u00edtulos: Ingl\u00e9s\/Alem\u00e1n\/Castellano\/Holand\u00e9s\/Sueco\/Noruego\/Dan\u00e9s\/Finland\u00e9s\/Portugu\u00e9s\/Hebreo\/Polaco\/Griego\/Checo\/ Turco\/H\u00fangaro\/Island\u00e9s\/Croata\/Franc\u00e9s\/Italiano\/ Ingl\u00e9s para sordos\/ Alem\u00e1n para sordos. Duraci\u00f3n: 98\u00b4 aprox. Formato de pantalla: 4:3\/ (2.55:1) Caracter\u00edsticas Especiales Disponibles: Trailer de cine. Documental: \u201cC\u00f3mo se hizo Siete novias para siete hermanos\u201d. Certificado de Calificaci\u00f3n: N\u00ba 39.676 Dep\u00f3sito legal: TF: 2346-2007. Compatible con todos los formatos de pantalla de televisi\u00f3n. Para \u00e1mbito dom\u00e9stico. Autorizada para todos los p\u00fablicos.<\/p>\n<p>Jane Powell y Howard Keel protagonizan uno de los musicales m\u00e1s famosos de Hollywood, repleto de espectaculares canciones de amor y maravillosos n\u00fameros musicales. Ganador del Oscar\u00ae de la Academia en 1954 a la Mejor Banda Sonora en filme musical, fue adem\u00e1s nominado a cuatro premios de la Academia incluidos el relativo a la Mejor Pel\u00edcula y Mejor Gui\u00f3n. Interpretando melod\u00edas tan memorables como \u201cBendita sea tu hermosura\u201d y \u201cGalanteos\u201d, \u201cSiete novias para siete hermanos\u201d es un maravilloso espect\u00e1culo en todos los sentidos\u201d. (Los Angeles Times).<\/p>\n<p>Narra la historia de siete hermanos de Oreg\u00f3n, que emplean un singular procedimiento para conseguir esposa. Cuando el rudo le\u00f1ador Adam (Keel) se casa con la hermosa Milly (Powell), la ciudad entera se conmociona. Pero nadie resulta m\u00e1s sorprendida que la propia Milly al descubrir que su nuevo hogar es tambi\u00e9n la casa de los seis toscos y solterones hermanos de Adam. La aventura comienza cuando los seis hermanos le\u00f1adores conocen a seis bellas chicas a las que conquistar.<\/p>\n","protected":false},"featured_media":4742,"comment_status":"open","ping_status":"closed","template":"","meta":{"site-sidebar-layout":"default","site-content-layout":"default","ast-site-content-layout":"default","site-content-style":"default","site-sidebar-style":"default","ast-global-header-display":"","ast-banner-title-visibility":"","ast-main-header-display":"","ast-hfb-above-header-display":"","ast-hfb-below-header-display":"","ast-hfb-mobile-header-display":"","site-post-title":"","ast-breadcrumbs-content":"","ast-featured-img":"","footer-sml-layout":"","ast-disable-related-posts":"","theme-transparent-header-meta":"","adv-header-id-meta":"","stick-header-meta":"","header-above-stick-meta":"","header-main-stick-meta":"","header-below-stick-meta":"","astra-migrate-meta-layouts":"default","ast-page-background-enabled":"default","ast-page-background-meta":{"desktop":{"background-color":"","background-image":"","background-repeat":"repeat","background-position":"center center","background-size":"auto","background-attachment":"scroll","background-type":"","background-media":"","overlay-type":"","overlay-color":"","overlay-opacity":"","overlay-gradient":""},"tablet":{"background-color":"","background-image":"","background-repeat":"repeat","background-position":"center center","background-size":"auto","background-attachment":"scroll","background-type":"","background-media":"","overlay-type":"","overlay-color":"","overlay-opacity":"","overlay-gradient":""},"mobile":{"background-color":"","background-image":"","background-repeat":"repeat","background-position":"center center","background-size":"auto","background-attachment":"scroll","background-type":"","background-media":"","overlay-type":"","overlay-color":"","overlay-opacity":"","overlay-gradient":""}},"ast-content-background-meta":{"desktop":{"background-color":"var(--ast-global-color-5)","background-image":"","background-repeat":"repeat","background-position":"center center","background-size":"auto","background-attachment":"scroll","background-type":"","background-media":"","overlay-type":"","overlay-color":"","overlay-opacity":"","overlay-gradient":""},"tablet":{"background-color":"var(--ast-global-color-5)","background-image":"","background-repeat":"repeat","background-position":"center center","background-size":"auto","background-attachment":"scroll","background-type":"","background-media":"","overlay-type":"","overlay-color":"","overlay-opacity":"","overlay-gradient":""},"mobile":{"background-color":"var(--ast-global-color-5)","background-image":"","background-repeat":"repeat","background-position":"center center","background-size":"auto","background-attachment":"scroll","background-type":"","background-media":"","overlay-type":"","overlay-color":"","overlay-opacity":"","overlay-gradient":""}},"_joinchat":[]},"product_brand":[],"product_cat":[42],"product_tag":[],"class_list":{"0":"post-4741","1":"product","2":"type-product","3":"status-publish","4":"has-post-thumbnail","6":"product_cat-dvd","7":"desktop-align-left","8":"tablet-align-left","9":"mobile-align-left","11":"first","12":"instock","13":"shipping-taxable","14":"purchasable","15":"product-type-simple"},"_links":{"self":[{"href":"https:\/\/cinemasoul.es\/index.php?rest_route=\/wp\/v2\/product\/4741","targetHints":{"allow":["GET"]}}],"collection":[{"href":"https:\/\/cinemasoul.es\/index.php?rest_route=\/wp\/v2\/product"}],"about":[{"href":"https:\/\/cinemasoul.es\/index.php?rest_route=\/wp\/v2\/types\/product"}],"replies":[{"embeddable":true,"href":"https:\/\/cinemasoul.es\/index.php?rest_route=%2Fwp%2Fv2%2Fcomments&post=4741"}],"version-history":[{"count":1,"href":"https:\/\/cinemasoul.es\/index.php?rest_route=\/wp\/v2\/product\/4741\/revisions"}],"predecessor-version":[{"id":4744,"href":"https:\/\/cinemasoul.es\/index.php?rest_route=\/wp\/v2\/product\/4741\/revisions\/4744"}],"wp:featuredmedia":[{"embeddable":true,"href":"https:\/\/cinemasoul.es\/index.php?rest_route=\/wp\/v2\/media\/4742"}],"wp:attachment":[{"href":"https:\/\/cinemasoul.es\/index.php?rest_route=%2Fwp%2Fv2%2Fmedia&parent=4741"}],"wp:term":[{"taxonomy":"product_brand","embeddable":true,"href":"https:\/\/cinemasoul.es\/index.php?rest_route=%2Fwp%2Fv2%2Fproduct_brand&post=4741"},{"taxonomy":"product_cat","embeddable":true,"href":"https:\/\/cinemasoul.es\/index.php?rest_route=%2Fwp%2Fv2%2Fproduct_cat&post=4741"},{"taxonomy":"product_tag","embeddable":true,"href":"https:\/\/cinemasoul.es\/index.php?rest_route=%2Fwp%2Fv2%2Fproduct_tag&post=4741"}],"curies":[{"name":"wp","href":"https:\/\/api.w.org\/{rel}","templated":true}]}}