{"id":4737,"date":"2022-04-20T11:50:45","date_gmt":"2022-04-20T11:50:45","guid":{"rendered":"https:\/\/www.cinemasoul.es\/?post_type=product&#038;p=4737"},"modified":"2022-04-20T11:50:45","modified_gmt":"2022-04-20T11:50:45","slug":"vuelve-a-mi-dvd","status":"publish","type":"product","link":"https:\/\/cinemasoul.es\/?product=vuelve-a-mi-dvd","title":{"rendered":"Vuelve a m\u00ed [DVD]"},"content":{"rendered":"","protected":false},"excerpt":{"rendered":"<p><strong>T\u00edtulo original<\/strong>\u00a0 The Barkleys of Broadway <strong>A\u00f1o<\/strong>\u00a01949\u00a0<strong>Duraci\u00f3n<\/strong>\u00a0105 min.\u00a0<strong>Pa\u00eds<\/strong>\u00a0Estados Unidos\u00a0<strong>Direcci\u00f3n<\/strong> Charles Walters <strong>Guion<\/strong> Betty Comden, Adolph Green, Sidney Sheldon <strong>M\u00fasica<\/strong> \u00a0\u00a0 Harry Warren.\u00a0<strong>Fotograf\u00eda<\/strong> Harry Stradling Sr. <strong>Reparto<\/strong> Fred Astaire, Ginger Rogers, Oscar Levant, Jacques Fran\u00e7ois, Clinton Sundberg, Billie Burke, Gale Robbins, George Zucco, Kenner G. Kemp, Carol Brewster, Inez Cooper, Wilson Wood, John Albright, Dee Turnell, Claire Carleton, Bess Flowers <strong>Productora<\/strong>\u00a0 Metro-Goldwyn-Mayer (MGM) <strong>G\u00e9nero <\/strong>Musical. Drama | Baile. Ballet. Comedia rom\u00e1ntica<\/p>\n<p><strong>Sinopsis<\/strong>\u00a0 Josh Barkley (Astaire) es un bailar\u00edn de claqu\u00e9 que act\u00faa con su mujer Dinah (Rogers) en el club Bouncin&#8217; the Blues, pero ella est\u00e1 decidida a abandonar los n\u00fameros musicales para ser actriz de teatro, su verdadera pasi\u00f3n. Esta situaci\u00f3n provoca en la pareja tensiones tales que deciden separarse; sin embargo, Josh luchar\u00e1 por recuperar a su mujer. Fred Astaire y Ginger Rogers vuelven a reunirse, despu\u00e9s de diez a\u00f1os, por casualidad: en principio la actriz elegida para este papel hab\u00eda sido Judy Garland, pero tuvo que ser sustituida por problemas de salud.<\/p>\n","protected":false},"featured_media":4738,"comment_status":"open","ping_status":"closed","template":"","meta":{"site-sidebar-layout":"default","site-content-layout":"default","ast-site-content-layout":"default","site-content-style":"default","site-sidebar-style":"default","ast-global-header-display":"","ast-banner-title-visibility":"","ast-main-header-display":"","ast-hfb-above-header-display":"","ast-hfb-below-header-display":"","ast-hfb-mobile-header-display":"","site-post-title":"","ast-breadcrumbs-content":"","ast-featured-img":"","footer-sml-layout":"","ast-disable-related-posts":"","theme-transparent-header-meta":"","adv-header-id-meta":"","stick-header-meta":"","header-above-stick-meta":"","header-main-stick-meta":"","header-below-stick-meta":"","astra-migrate-meta-layouts":"default","ast-page-background-enabled":"default","ast-page-background-meta":{"desktop":{"background-color":"","background-image":"","background-repeat":"repeat","background-position":"center center","background-size":"auto","background-attachment":"scroll","background-type":"","background-media":"","overlay-type":"","overlay-color":"","overlay-opacity":"","overlay-gradient":""},"tablet":{"background-color":"","background-image":"","background-repeat":"repeat","background-position":"center center","background-size":"auto","background-attachment":"scroll","background-type":"","background-media":"","overlay-type":"","overlay-color":"","overlay-opacity":"","overlay-gradient":""},"mobile":{"background-color":"","background-image":"","background-repeat":"repeat","background-position":"center center","background-size":"auto","background-attachment":"scroll","background-type":"","background-media":"","overlay-type":"","overlay-color":"","overlay-opacity":"","overlay-gradient":""}},"ast-content-background-meta":{"desktop":{"background-color":"var(--ast-global-color-5)","background-image":"","background-repeat":"repeat","background-position":"center center","background-size":"auto","background-attachment":"scroll","background-type":"","background-media":"","overlay-type":"","overlay-color":"","overlay-opacity":"","overlay-gradient":""},"tablet":{"background-color":"var(--ast-global-color-5)","background-image":"","background-repeat":"repeat","background-position":"center center","background-size":"auto","background-attachment":"scroll","background-type":"","background-media":"","overlay-type":"","overlay-color":"","overlay-opacity":"","overlay-gradient":""},"mobile":{"background-color":"var(--ast-global-color-5)","background-image":"","background-repeat":"repeat","background-position":"center center","background-size":"auto","background-attachment":"scroll","background-type":"","background-media":"","overlay-type":"","overlay-color":"","overlay-opacity":"","overlay-gradient":""}},"_joinchat":[]},"product_brand":[],"product_cat":[42],"product_tag":[],"class_list":{"0":"post-4737","1":"product","2":"type-product","3":"status-publish","4":"has-post-thumbnail","6":"product_cat-dvd","7":"desktop-align-left","8":"tablet-align-left","9":"mobile-align-left","11":"first","12":"instock","13":"shipping-taxable","14":"purchasable","15":"product-type-simple"},"_links":{"self":[{"href":"https:\/\/cinemasoul.es\/index.php?rest_route=\/wp\/v2\/product\/4737","targetHints":{"allow":["GET"]}}],"collection":[{"href":"https:\/\/cinemasoul.es\/index.php?rest_route=\/wp\/v2\/product"}],"about":[{"href":"https:\/\/cinemasoul.es\/index.php?rest_route=\/wp\/v2\/types\/product"}],"replies":[{"embeddable":true,"href":"https:\/\/cinemasoul.es\/index.php?rest_route=%2Fwp%2Fv2%2Fcomments&post=4737"}],"version-history":[{"count":1,"href":"https:\/\/cinemasoul.es\/index.php?rest_route=\/wp\/v2\/product\/4737\/revisions"}],"predecessor-version":[{"id":4740,"href":"https:\/\/cinemasoul.es\/index.php?rest_route=\/wp\/v2\/product\/4737\/revisions\/4740"}],"wp:featuredmedia":[{"embeddable":true,"href":"https:\/\/cinemasoul.es\/index.php?rest_route=\/wp\/v2\/media\/4738"}],"wp:attachment":[{"href":"https:\/\/cinemasoul.es\/index.php?rest_route=%2Fwp%2Fv2%2Fmedia&parent=4737"}],"wp:term":[{"taxonomy":"product_brand","embeddable":true,"href":"https:\/\/cinemasoul.es\/index.php?rest_route=%2Fwp%2Fv2%2Fproduct_brand&post=4737"},{"taxonomy":"product_cat","embeddable":true,"href":"https:\/\/cinemasoul.es\/index.php?rest_route=%2Fwp%2Fv2%2Fproduct_cat&post=4737"},{"taxonomy":"product_tag","embeddable":true,"href":"https:\/\/cinemasoul.es\/index.php?rest_route=%2Fwp%2Fv2%2Fproduct_tag&post=4737"}],"curies":[{"name":"wp","href":"https:\/\/api.w.org\/{rel}","templated":true}]}}