{"id":4727,"date":"2022-04-20T10:40:19","date_gmt":"2022-04-20T10:40:19","guid":{"rendered":"https:\/\/www.cinemasoul.es\/?post_type=product&#038;p=4727"},"modified":"2022-04-20T10:40:20","modified_gmt":"2022-04-20T10:40:20","slug":"brigada-de-mujeres-dvd","status":"publish","type":"product","link":"https:\/\/cinemasoul.es\/?product=brigada-de-mujeres-dvd","title":{"rendered":"Brigada de mujeres [DVD]"},"content":{"rendered":"","protected":false},"excerpt":{"rendered":"<p><strong>T\u00edtulo original<\/strong> The Guns of Fort Petticoat\u00a0<strong>A\u00f1o<\/strong> 1957\u00a0<strong>Duraci\u00f3n<\/strong> 82 min.\u00a0<strong>Pa\u00eds<\/strong> Estados Unidos\u00a0<strong>Direcci\u00f3n<\/strong> George Marshall\u00a0<strong>Guion<\/strong> Walter Doniger. Relato: C. William Harrison\u00a0<strong>M\u00fasica<\/strong> Mischa Bakaleinikoff\u00a0<strong>Fotograf\u00eda<\/strong> Ray Rennahan\u00a0<strong>Reparto<\/strong> Audie Murphy, Kathryn Grant, Hope Emerson, Jeff Donnell, Jeanette Nolan, Sean McClory, Ernestine Wade, Peggy Maley, Isobel Elsom, Patricia Tiernan, Ray Teal\u00a0<strong>Productora<\/strong> Columbia Pictures <strong>G\u00e9nero<\/strong> Western<\/p>\n<p><strong>Sinopsis<\/strong> Un soldado (Murphy) deserta del ej\u00e9rcito de la Uni\u00f3n para avisar y proteger a un grupo de mujeres texanas de un inminente ataque de los indios. Al principio, las mujeres, cuyos maridos est\u00e1n luchando con los confederados, no le creen, pero acaba convenci\u00e9ndolas para que se refugien en una misi\u00f3n abandonada.<\/p>\n","protected":false},"featured_media":4728,"comment_status":"open","ping_status":"closed","template":"","meta":{"site-sidebar-layout":"default","site-content-layout":"default","ast-site-content-layout":"default","site-content-style":"default","site-sidebar-style":"default","ast-global-header-display":"","ast-banner-title-visibility":"","ast-main-header-display":"","ast-hfb-above-header-display":"","ast-hfb-below-header-display":"","ast-hfb-mobile-header-display":"","site-post-title":"","ast-breadcrumbs-content":"","ast-featured-img":"","footer-sml-layout":"","ast-disable-related-posts":"","theme-transparent-header-meta":"","adv-header-id-meta":"","stick-header-meta":"","header-above-stick-meta":"","header-main-stick-meta":"","header-below-stick-meta":"","astra-migrate-meta-layouts":"default","ast-page-background-enabled":"default","ast-page-background-meta":{"desktop":{"background-color":"","background-image":"","background-repeat":"repeat","background-position":"center center","background-size":"auto","background-attachment":"scroll","background-type":"","background-media":"","overlay-type":"","overlay-color":"","overlay-opacity":"","overlay-gradient":""},"tablet":{"background-color":"","background-image":"","background-repeat":"repeat","background-position":"center center","background-size":"auto","background-attachment":"scroll","background-type":"","background-media":"","overlay-type":"","overlay-color":"","overlay-opacity":"","overlay-gradient":""},"mobile":{"background-color":"","background-image":"","background-repeat":"repeat","background-position":"center center","background-size":"auto","background-attachment":"scroll","background-type":"","background-media":"","overlay-type":"","overlay-color":"","overlay-opacity":"","overlay-gradient":""}},"ast-content-background-meta":{"desktop":{"background-color":"var(--ast-global-color-5)","background-image":"","background-repeat":"repeat","background-position":"center center","background-size":"auto","background-attachment":"scroll","background-type":"","background-media":"","overlay-type":"","overlay-color":"","overlay-opacity":"","overlay-gradient":""},"tablet":{"background-color":"var(--ast-global-color-5)","background-image":"","background-repeat":"repeat","background-position":"center center","background-size":"auto","background-attachment":"scroll","background-type":"","background-media":"","overlay-type":"","overlay-color":"","overlay-opacity":"","overlay-gradient":""},"mobile":{"background-color":"var(--ast-global-color-5)","background-image":"","background-repeat":"repeat","background-position":"center center","background-size":"auto","background-attachment":"scroll","background-type":"","background-media":"","overlay-type":"","overlay-color":"","overlay-opacity":"","overlay-gradient":""}},"_joinchat":[]},"product_brand":[],"product_cat":[42],"product_tag":[],"class_list":{"0":"post-4727","1":"product","2":"type-product","3":"status-publish","4":"has-post-thumbnail","6":"product_cat-dvd","7":"desktop-align-left","8":"tablet-align-left","9":"mobile-align-left","11":"first","12":"instock","13":"sale","14":"shipping-taxable","15":"purchasable","16":"product-type-simple"},"_links":{"self":[{"href":"https:\/\/cinemasoul.es\/index.php?rest_route=\/wp\/v2\/product\/4727","targetHints":{"allow":["GET"]}}],"collection":[{"href":"https:\/\/cinemasoul.es\/index.php?rest_route=\/wp\/v2\/product"}],"about":[{"href":"https:\/\/cinemasoul.es\/index.php?rest_route=\/wp\/v2\/types\/product"}],"replies":[{"embeddable":true,"href":"https:\/\/cinemasoul.es\/index.php?rest_route=%2Fwp%2Fv2%2Fcomments&post=4727"}],"version-history":[{"count":1,"href":"https:\/\/cinemasoul.es\/index.php?rest_route=\/wp\/v2\/product\/4727\/revisions"}],"predecessor-version":[{"id":4729,"href":"https:\/\/cinemasoul.es\/index.php?rest_route=\/wp\/v2\/product\/4727\/revisions\/4729"}],"wp:featuredmedia":[{"embeddable":true,"href":"https:\/\/cinemasoul.es\/index.php?rest_route=\/wp\/v2\/media\/4728"}],"wp:attachment":[{"href":"https:\/\/cinemasoul.es\/index.php?rest_route=%2Fwp%2Fv2%2Fmedia&parent=4727"}],"wp:term":[{"taxonomy":"product_brand","embeddable":true,"href":"https:\/\/cinemasoul.es\/index.php?rest_route=%2Fwp%2Fv2%2Fproduct_brand&post=4727"},{"taxonomy":"product_cat","embeddable":true,"href":"https:\/\/cinemasoul.es\/index.php?rest_route=%2Fwp%2Fv2%2Fproduct_cat&post=4727"},{"taxonomy":"product_tag","embeddable":true,"href":"https:\/\/cinemasoul.es\/index.php?rest_route=%2Fwp%2Fv2%2Fproduct_tag&post=4727"}],"curies":[{"name":"wp","href":"https:\/\/api.w.org\/{rel}","templated":true}]}}